{"id":6694,"date":"2023-11-06T10:18:10","date_gmt":"2023-11-06T16:18:10","guid":{"rendered":"https:\/\/www.ssaver.gob.mx\/adquisiciones\/?page_id=6694"},"modified":"2026-04-01T11:13:16","modified_gmt":"2026-04-01T17:13:16","slug":"licitacion-publica-nacional-lpn-103t00000-031-2023","status":"publish","type":"page","link":"https:\/\/www.ssaver.gob.mx\/adquisiciones\/licitaciones-2023\/licitaciones-publicas-nacionales-2023\/licitacion-publica-nacional-lpn-103t00000-031-2023\/","title":{"rendered":"Licitaci\u00f3n P\u00fablica Nacional LPN-103T00000-031-2023"},"content":{"rendered":"\n<div class=\"wp-block-group is-layout-constrained wp-container-core-group-is-layout-9517baca wp-block-group-is-layout-constrained\">\n<hr class=\"wp-block-separator has-text-color has-alpha-channel-opacity has-background is-style-wide\" style=\"background-color:#d8bf31;color:#d8bf31\" \/>\n\n\n\n<ul style=\"color:#5b4c0d;background-color:#fff4e0\" class=\"wp-block-list has-text-color has-background\">\n<li><strong>Relativa&nbsp; a&nbsp; la \u00abAdquisici\u00f3n&nbsp; de&nbsp; Mobiliario, Bienes&nbsp; Inform\u00e1ticos,&nbsp; Equipo&nbsp; e&nbsp; Instrumental M\u00e9dico&nbsp; y&nbsp; de&nbsp; Laboratorio,&nbsp; Equipo Administrativo,&nbsp; as\u00ed&nbsp; como&nbsp; Equipos&nbsp; y Aparatos Audiovisuales&nbsp; a&nbsp; Cargo&nbsp; de&nbsp; la&nbsp; Fuente&nbsp; de Financiamiento&nbsp; Bono&nbsp; Cup\u00f3n&nbsp; Cero&nbsp; 2023,&nbsp; de&nbsp; las Unidades&nbsp; del&nbsp; Primer&nbsp; Nivel&nbsp; y&nbsp; Segundo&nbsp; Nivel&nbsp; de Atenci\u00f3n,&nbsp; pertenecientes&nbsp; a&nbsp; Servicios&nbsp; de Salud&nbsp; de&nbsp; Veracruz\u00bb.<\/strong>\n<ul class=\"wp-block-list\">\n<li><a href=\"https:\/\/www.ssaver.gob.mx\/adquisiciones\/wp-content\/uploads\/sites\/5\/2023\/11\/CONVOCATORIA-No.-31.pdf\" target=\"_blank\" rel=\"noreferrer noopener\">Convocatoria<\/a><\/li>\n\n\n\n<li><a href=\"https:\/\/www.ssaver.gob.mx\/adquisiciones\/wp-content\/uploads\/sites\/5\/2023\/11\/LPN-103T00000-031-2023_compressed.pdf\">Bases y <\/a><a href=\"https:\/\/www.ssaver.gob.mx\/adquisiciones\/wp-content\/uploads\/sites\/5\/2023\/11\/LPN-103T00000-031-2023_compressed.pdf\" target=\"_blank\" rel=\"noreferrer noopener\">A<\/a><a href=\"https:\/\/www.ssaver.gob.mx\/adquisiciones\/wp-content\/uploads\/sites\/5\/2023\/11\/LPN-103T00000-031-2023_compressed.pdf\">nexos<\/a><\/li>\n\n\n\n<li><a href=\"https:\/\/www.ssaver.gob.mx\/adquisiciones\/wp-content\/uploads\/sites\/5\/2023\/11\/FICHAS-BONO-CERO_compressed.pdf\" target=\"_blank\" rel=\"noreferrer noopener\">Fichas T\u00e9cnicas<\/a><\/li>\n\n\n\n<li><a href=\"https:\/\/www.ssaver.gob.mx\/adquisiciones\/wp-content\/uploads\/sites\/5\/2023\/11\/Acta-de-junta-de-aclaraciones-LPN-103T00000-031-2023_0001_compressed.pdf\" target=\"_blank\" rel=\"noreferrer noopener\">Acta de junta de aclaraciones<\/a><\/li>\n\n\n\n<li><a href=\"https:\/\/www.ssaver.gob.mx\/adquisiciones\/wp-content\/uploads\/sites\/5\/2024\/01\/Acta-de-apertura-de-proposiciones-LPN-103T00000-031-2023_compressed.pdf\">Acta de apertura de proposiciones<\/a><\/li>\n\n\n\n<li><a href=\"https:\/\/www.ssaver.gob.mx\/adquisiciones\/wp-content\/uploads\/sites\/5\/2023\/11\/Acta-de-diferimiento-de-la-evaluacion-tecnica-y-economica-y-emision-del-fallo-LPN-103T00000-031-2023_0001.pdf\" target=\"_blank\" rel=\"noreferrer noopener\">Acta de diferimiento de la evaluaci\u00f3n t\u00e9cnica y econ\u00f3mica y emisi\u00f3n del fallo<\/a><\/li>\n\n\n\n<li><a href=\"https:\/\/www.ssaver.gob.mx\/adquisiciones\/wp-content\/uploads\/sites\/5\/2024\/03\/Dictamen-tecnico-economico-Acta-de-fallo-LPN-103T00000-031-2023_compressed-1.pdf\" target=\"_blank\" rel=\"noreferrer noopener\">Dictamen t\u00e9cnico-econ\u00f3mico (Acta de fallo)<\/a><\/li>\n\n\n\n<li><a href=\"https:\/\/www.ssaver.gob.mx\/adquisiciones\/wp-content\/uploads\/sites\/5\/2024\/01\/Fe-de-erratas-al-acta-del-resultado-de-la-evaluacion-tecnica-y-economica-y-emision-del-fallo-LPN-103T00000-031-2023_0001.pdf\" target=\"_blank\" rel=\"noreferrer noopener\">Fe de erratas al acta del resultado de la evaluaci\u00f3n t\u00e9cnica y econ\u00f3mica y emisi\u00f3n del fallo -LPN-103T00000-031-2023<\/a><\/li>\n\n\n\n<li><a href=\"https:\/\/www.ssaver.gob.mx\/adquisiciones\/wp-content\/uploads\/sites\/5\/2024\/03\/Notificacion-de-fallo-LPN-103T00000-031-2023_compressed.pdf\" target=\"_blank\" rel=\"noreferrer noopener\">Notificaci\u00f3n de fallo<\/a><\/li>\n\n\n\n<li>Contratos Noa. <a href=\"https:\/\/www.ssaver.gob.mx\/adquisiciones\/wp-content\/uploads\/sites\/5\/2024\/01\/SESVER_DA_C-230_2023-AFECTADO-C.pdf\" target=\"_blank\" rel=\"noreferrer noopener\">230<\/a>, <a href=\"https:\/\/www.ssaver.gob.mx\/adquisiciones\/wp-content\/uploads\/sites\/5\/2024\/01\/SESVER_DA_C-231_2023-AFECTADO-C.pdf\" target=\"_blank\" rel=\"noreferrer noopener\">231<\/a>, <a href=\"https:\/\/www.ssaver.gob.mx\/adquisiciones\/wp-content\/uploads\/sites\/5\/2024\/01\/SESVER_DA_C-232_2023-AFECTADO-C.pdf\" target=\"_blank\" rel=\"noreferrer noopener\">232<\/a>, <a href=\"https:\/\/www.ssaver.gob.mx\/adquisiciones\/wp-content\/uploads\/sites\/5\/2024\/01\/SESVER_DA_C-233_2023-AFECTADO-C.pdf\" target=\"_blank\" rel=\"noreferrer noopener\">233<\/a>, <a href=\"https:\/\/www.ssaver.gob.mx\/adquisiciones\/wp-content\/uploads\/sites\/5\/2024\/01\/SESVER_DA_C-234_2023-AFECTADO-C.pdf\" target=\"_blank\" rel=\"noreferrer noopener\">234<\/a>, <a href=\"https:\/\/www.ssaver.gob.mx\/adquisiciones\/wp-content\/uploads\/sites\/5\/2024\/01\/SESVER_DA_C-235_2023-AFECTADO-C.pdf\" target=\"_blank\" rel=\"noreferrer noopener\">235<\/a>, <a href=\"https:\/\/www.ssaver.gob.mx\/adquisiciones\/wp-content\/uploads\/sites\/5\/2024\/01\/SESVER_DA_C-236_2023-AFECTADO-C.pdf\" target=\"_blank\" rel=\"noreferrer noopener\">236<\/a>, <a href=\"https:\/\/www.ssaver.gob.mx\/adquisiciones\/wp-content\/uploads\/sites\/5\/2024\/01\/SESVER_DA_C-237_2023-AFECTADO-C.pdf\" target=\"_blank\" rel=\"noreferrer noopener\">237<\/a>, <a href=\"https:\/\/www.ssaver.gob.mx\/adquisiciones\/wp-content\/uploads\/sites\/5\/2024\/01\/SESVER_DA_C-238_2023-AFECTADO-C.pdf\" target=\"_blank\" rel=\"noreferrer noopener\">238<\/a>, <a href=\"https:\/\/www.ssaver.gob.mx\/adquisiciones\/wp-content\/uploads\/sites\/5\/2024\/01\/SESVER_DA_C-239_2023-AFECTADO-C.pdf\" target=\"_blank\" rel=\"noreferrer noopener\">239<\/a>, <a href=\"https:\/\/www.ssaver.gob.mx\/adquisiciones\/wp-content\/uploads\/sites\/5\/2024\/01\/SESVER_DA_C-240_2023-AFECTADO-C.pdf\" target=\"_blank\" rel=\"noreferrer noopener\">240<\/a>, <a href=\"https:\/\/www.ssaver.gob.mx\/adquisiciones\/wp-content\/uploads\/sites\/5\/2024\/01\/SESVER_DA_C-241_2023-AFECTADO-C.pdf\" target=\"_blank\" rel=\"noreferrer noopener\">241<\/a>, <a href=\"https:\/\/www.ssaver.gob.mx\/adquisiciones\/wp-content\/uploads\/sites\/5\/2024\/01\/SESVER_DA_C-242_2023-AFECTADO-C.pdf\" target=\"_blank\" rel=\"noreferrer noopener\">242<\/a>, <a href=\"https:\/\/www.ssaver.gob.mx\/adquisiciones\/wp-content\/uploads\/sites\/5\/2024\/01\/SESVER_DA_C-243_2023-AFECTADO-C.pdf\" target=\"_blank\" rel=\"noreferrer noopener\">243<\/a>, <a href=\"https:\/\/www.ssaver.gob.mx\/adquisiciones\/wp-content\/uploads\/sites\/5\/2024\/01\/SESVER_DA_C-244_2023-AFECTADO-C.pdf\" target=\"_blank\" rel=\"noreferrer noopener\">244<\/a><\/li>\n\n\n\n<li>Pedido No. <a href=\"https:\/\/www.ssaver.gob.mx\/adquisiciones\/wp-content\/uploads\/sites\/5\/2024\/01\/SESVER_DA_P-021_2023-AFECTADO-C.pdf\" target=\"_blank\" rel=\"noreferrer noopener\">21<\/a> de 2023<\/li>\n<\/ul>\n<\/li>\n<\/ul>\n\n\n\n<p><\/p>\n<\/div>\n","protected":false},"excerpt":{"rendered":"","protected":false},"author":6,"featured_media":0,"parent":4526,"menu_order":31,"comment_status":"closed","ping_status":"closed","template":"","meta":{"colormag_page_container_layout":"default_layout","colormag_page_sidebar_layout":"default_layout","footnotes":""},"class_list":["post-6694","page","type-page","status-publish","hentry"],"_links":{"self":[{"href":"https:\/\/www.ssaver.gob.mx\/adquisiciones\/wp-json\/wp\/v2\/pages\/6694","targetHints":{"allow":["GET"]}}],"collection":[{"href":"https:\/\/www.ssaver.gob.mx\/adquisiciones\/wp-json\/wp\/v2\/pages"}],"about":[{"href":"https:\/\/www.ssaver.gob.mx\/adquisiciones\/wp-json\/wp\/v2\/types\/page"}],"author":[{"embeddable":true,"href":"https:\/\/www.ssaver.gob.mx\/adquisiciones\/wp-json\/wp\/v2\/users\/6"}],"replies":[{"embeddable":true,"href":"https:\/\/www.ssaver.gob.mx\/adquisiciones\/wp-json\/wp\/v2\/comments?post=6694"}],"version-history":[{"count":17,"href":"https:\/\/www.ssaver.gob.mx\/adquisiciones\/wp-json\/wp\/v2\/pages\/6694\/revisions"}],"predecessor-version":[{"id":12217,"href":"https:\/\/www.ssaver.gob.mx\/adquisiciones\/wp-json\/wp\/v2\/pages\/6694\/revisions\/12217"}],"up":[{"embeddable":true,"href":"https:\/\/www.ssaver.gob.mx\/adquisiciones\/wp-json\/wp\/v2\/pages\/4526"}],"wp:attachment":[{"href":"https:\/\/www.ssaver.gob.mx\/adquisiciones\/wp-json\/wp\/v2\/media?parent=6694"}],"curies":[{"name":"wp","href":"https:\/\/api.w.org\/{rel}","templated":true}]}}