{"id":6857,"date":"2023-12-22T19:57:01","date_gmt":"2023-12-23T01:57:01","guid":{"rendered":"https:\/\/www.ssaver.gob.mx\/adquisiciones\/?page_id=6857"},"modified":"2026-03-31T10:05:48","modified_gmt":"2026-03-31T16:05:48","slug":"invitacion-a-cuando-menos-tres-personas-ia-89-y23-930010996-n-5-2023","status":"publish","type":"page","link":"https:\/\/www.ssaver.gob.mx\/adquisiciones\/licitaciones-2023\/licitaciones-invitacion-a-cuando-menos-tres-proveedores-2023\/invitacion-a-cuando-menos-tres-personas-ia-89-y23-930010996-n-5-2023\/","title":{"rendered":"Invitaci\u00f3n a cuando menos tres personas : IA-89-Y23-930010996-N-5-2023"},"content":{"rendered":"\n<div class=\"wp-block-group is-layout-constrained wp-container-core-group-is-layout-9517baca wp-block-group-is-layout-constrained\">\n<hr class=\"wp-block-separator has-text-color has-alpha-channel-opacity has-background is-style-wide\" style=\"background-color:#d8bf31;color:#d8bf31\" \/>\n\n\n\n<ul style=\"color:#5b4c0d;background-color:#fff4e0\" class=\"wp-block-list has-text-color has-background has-medium-font-size\">\n<li><strong>Relativa a la Adquisici\u00f3n de Diversos Bienes e Insumos para el Programa Fortalecimiento a la Atenci\u00f3n M\u00e9dica.<\/strong>\n<ul class=\"wp-block-list\">\n<li><a href=\"https:\/\/www.ssaver.gob.mx\/adquisiciones\/wp-content\/uploads\/sites\/5\/2024\/01\/Oficios-de-invitacion-IA-89-Y23-930010996-N-5-2023_0001_compressed.pdf\" target=\"_blank\" rel=\"noreferrer noopener\">Oficios de Invitaci\u00f3n<\/a><\/li>\n\n\n\n<li><a href=\"https:\/\/www.ssaver.gob.mx\/adquisiciones\/wp-content\/uploads\/sites\/5\/2024\/01\/Convocatoria-IA-89-Y23-930010996-N-5-2023_0001_compressed.pdf\" target=\"_blank\" rel=\"noreferrer noopener\">Bases y Anexos<\/a><\/li>\n\n\n\n<li><a href=\"https:\/\/www.ssaver.gob.mx\/adquisiciones\/wp-content\/uploads\/sites\/5\/2024\/01\/FICHAS-TECNICAS-IA-89-Y23-930010996-N-5-2023_compressed.pdf\" target=\"_blank\" rel=\"noreferrer noopener\">Fichas T\u00e9cnicas<\/a><\/li>\n\n\n\n<li><a href=\"https:\/\/www.ssaver.gob.mx\/adquisiciones\/wp-content\/uploads\/sites\/5\/2024\/01\/Acta-de-junta-de-aclaraciones-IA-89-Y23-930010996-N-5-2023_0001.pdf\" target=\"_blank\" rel=\"noreferrer noopener\">Acta de junta de aclaraciones<\/a><\/li>\n\n\n\n<li><a href=\"https:\/\/www.ssaver.gob.mx\/adquisiciones\/wp-content\/uploads\/sites\/5\/2024\/01\/Acta-de-apertura-de-proposiciones-IA-89-Y23-930010996-N-5-2023_0001_compressed.pdf\">Acta de apertura de proposiciones<\/a><\/li>\n\n\n\n<li><a href=\"https:\/\/www.ssaver.gob.mx\/adquisiciones\/wp-content\/uploads\/sites\/5\/2024\/01\/Dictamen-tecnico-economico-Acta-de-fallo-IA-89-Y23-930010996-N-5-2023_0001_compressed.pdf\">Dictamen t\u00e9cnico-econ\u00f3mico (Acta de fallo)<\/a><\/li>\n\n\n\n<li><a href=\"https:\/\/www.ssaver.gob.mx\/adquisiciones\/wp-content\/uploads\/sites\/5\/2024\/01\/SESVER_DA_C-260_2023-AFECTADO-C.pdf\">Contrato No. 260 de 2023<\/a><\/li>\n<\/ul>\n<\/li>\n<\/ul>\n\n\n\n<p><\/p>\n\n\n\n<p><\/p>\n<\/div>\n","protected":false},"excerpt":{"rendered":"","protected":false},"author":6,"featured_media":0,"parent":6637,"menu_order":3,"comment_status":"closed","ping_status":"closed","template":"","meta":{"colormag_page_container_layout":"default_layout","colormag_page_sidebar_layout":"default_layout","footnotes":""},"class_list":["post-6857","page","type-page","status-publish","hentry"],"_links":{"self":[{"href":"https:\/\/www.ssaver.gob.mx\/adquisiciones\/wp-json\/wp\/v2\/pages\/6857","targetHints":{"allow":["GET"]}}],"collection":[{"href":"https:\/\/www.ssaver.gob.mx\/adquisiciones\/wp-json\/wp\/v2\/pages"}],"about":[{"href":"https:\/\/www.ssaver.gob.mx\/adquisiciones\/wp-json\/wp\/v2\/types\/page"}],"author":[{"embeddable":true,"href":"https:\/\/www.ssaver.gob.mx\/adquisiciones\/wp-json\/wp\/v2\/users\/6"}],"replies":[{"embeddable":true,"href":"https:\/\/www.ssaver.gob.mx\/adquisiciones\/wp-json\/wp\/v2\/comments?post=6857"}],"version-history":[{"count":6,"href":"https:\/\/www.ssaver.gob.mx\/adquisiciones\/wp-json\/wp\/v2\/pages\/6857\/revisions"}],"predecessor-version":[{"id":11832,"href":"https:\/\/www.ssaver.gob.mx\/adquisiciones\/wp-json\/wp\/v2\/pages\/6857\/revisions\/11832"}],"up":[{"embeddable":true,"href":"https:\/\/www.ssaver.gob.mx\/adquisiciones\/wp-json\/wp\/v2\/pages\/6637"}],"wp:attachment":[{"href":"https:\/\/www.ssaver.gob.mx\/adquisiciones\/wp-json\/wp\/v2\/media?parent=6857"}],"curies":[{"name":"wp","href":"https:\/\/api.w.org\/{rel}","templated":true}]}}