{"id":6932,"date":"2024-01-04T14:59:39","date_gmt":"2024-01-04T20:59:39","guid":{"rendered":"https:\/\/www.ssaver.gob.mx\/adquisiciones\/?page_id=6932"},"modified":"2026-03-31T10:53:28","modified_gmt":"2026-03-31T16:53:28","slug":"licitaciones-simplificadas-2023-041-060","status":"publish","type":"page","link":"https:\/\/www.ssaver.gob.mx\/adquisiciones\/licitaciones-2023\/licitaciones-simplificadas-2023\/licitaciones-simplificadas-2023-041-060\/","title":{"rendered":"Licitaciones Simplificadas 2023 041-060"},"content":{"rendered":"\n<div class=\"wp-block-group is-layout-constrained wp-container-core-group-is-layout-9517baca wp-block-group-is-layout-constrained\">\n<hr class=\"wp-block-separator has-text-color has-alpha-channel-opacity has-background is-style-wide\" style=\"background-color:#d8bf31;color:#d8bf31\" \/>\n\n\n\n<div class=\"wp-block-columns is-layout-flex wp-container-core-columns-is-layout-28f84493 wp-block-columns-is-layout-flex\">\n<div class=\"wp-block-column has-background is-layout-flow wp-block-column-is-layout-flow\" style=\"background-color:#fff4e0\">\n<ul class=\"wp-block-list has-medium-font-size\">\n<li><a href=\"https:\/\/www.ssaver.gob.mx\/adquisiciones\/licitaciones-2023\/licitaciones-simplificadas-2023\/licitaciones-simplificadas-2023-041-060\/licitacion-simplificada-ls-103t00000-060-2023\/\" target=\"_blank\" rel=\"noreferrer noopener\">Licitaci\u00f3n Simplificada LS-103T00000-060-2023<\/a><br>Relativa&nbsp; a&nbsp; la \u00bbAdquisici\u00f3n&nbsp; de&nbsp; Accesorios&nbsp; y&nbsp; Consumibles&nbsp; para&nbsp; los Equipos&nbsp; de&nbsp; Craneotom\u00eda&nbsp; del&nbsp; Centro&nbsp; de&nbsp; Alta&nbsp; Especialidad Dr.&nbsp; Rafael&nbsp; Lucio,&nbsp; Hospital&nbsp; de&nbsp; Alta&nbsp; Especialidad&nbsp; de Veracruz&nbsp; y&nbsp; Hospital&nbsp; Regional&nbsp; Poza&nbsp; Rica&nbsp; de&nbsp; Hidalgo\u00bb<\/li>\n<\/ul>\n\n\n\n<ul class=\"wp-block-list has-medium-font-size\">\n<li><a href=\"https:\/\/www.ssaver.gob.mx\/adquisiciones\/licitaciones-2023\/licitaciones-simplificadas-2023\/licitaciones-simplificadas-2023-041-060\/licitacion-simplificada-ls-103t00000-059-2023\/\" target=\"_blank\" rel=\"noreferrer noopener\">Licitaci\u00f3n Simplificada LS-103T00000-059-2023<\/a><br>Relativa&nbsp; a&nbsp; la \u00abContrataci\u00f3n&nbsp; del&nbsp; Mantenimiento&nbsp; y&nbsp; Adquisici\u00f3n&nbsp; de&nbsp; Equipo para&nbsp; la&nbsp; Sala&nbsp; de&nbsp; Tomograf\u00eda,&nbsp; donde&nbsp; se&nbsp; Instalara&nbsp; el&nbsp; Tom\u00f3grafo de&nbsp; 128&nbsp; Cortes,&nbsp; Donado&nbsp; por&nbsp; el&nbsp; Patrimonio&nbsp; de&nbsp; la&nbsp; Beneficencia Publica&nbsp; Federal,&nbsp; para&nbsp; el&nbsp; Hospital&nbsp; de&nbsp; Alta&nbsp; Especialidad&nbsp; de Veracruz\u00bb.<\/li>\n<\/ul>\n\n\n\n<ul class=\"wp-block-list has-medium-font-size\">\n<li><a href=\"https:\/\/www.ssaver.gob.mx\/adquisiciones\/licitaciones-2023\/licitaciones-simplificadas-2023\/licitaciones-simplificadas-2023-041-060\/licitacion-simplificada-ls-103t00000-058-2023\/\" target=\"_blank\" rel=\"noreferrer noopener\">Licitaci\u00f3n Simplificada LS-103T00000-058-2023<\/a><br>Relativa&nbsp; a&nbsp; la \u00abAdquisici\u00f3n&nbsp; de&nbsp; Aires&nbsp; Acondicionados&nbsp; Tipo&nbsp; Minisplit&nbsp; y Sistema&nbsp; de&nbsp; Aire,&nbsp; para&nbsp; las&nbsp; Unidades&nbsp; Hospitalarias&nbsp; y el Laboratorio&nbsp; Estatal&nbsp; de&nbsp; Salud&nbsp; P\u00fablica,&nbsp; pertenecientes&nbsp; a SESVER\u00bb.<\/li>\n<\/ul>\n\n\n\n<ul class=\"wp-block-list has-medium-font-size\">\n<li><a href=\"https:\/\/www.ssaver.gob.mx\/adquisiciones\/licitaciones-2023\/licitaciones-simplificadas-2023\/licitaciones-simplificadas-2023-041-060\/licitacion-simplificada-ls-103t00000-057-2023\/\">Licitaci\u00f3n Simplificada LS-103T00000-057-2023<\/a><br>Relativa&nbsp; a&nbsp; la \u00bbAdquisici\u00f3n&nbsp; de&nbsp; Equipo&nbsp; e&nbsp; Instrumental&nbsp; M\u00e9dico&nbsp; y&nbsp; de&nbsp; Laboratorio, as\u00ed&nbsp; como&nbsp; Refacciones&nbsp; y&nbsp; Accesorios&nbsp; Menores&nbsp; de&nbsp; Equipo&nbsp; e Instrumental&nbsp; M\u00e9dico&nbsp; y&nbsp; de&nbsp; Laboratorio,&nbsp; para&nbsp; Diversas&nbsp; Unidades Hospitalarias&nbsp; pertenecientes&nbsp; a&nbsp; Servicios&nbsp; de&nbsp; Salud&nbsp; de&nbsp; Veracruz\u00bb.<\/li>\n<\/ul>\n\n\n\n<ul class=\"wp-block-list has-medium-font-size\">\n<li><a href=\"https:\/\/www.ssaver.gob.mx\/adquisiciones\/licitaciones-2023\/licitaciones-simplificadas-2023\/licitaciones-simplificadas-2023-041-060\/licitacion-simplificada-ls-103t00000-056-2023\/\" target=\"_blank\" rel=\"noreferrer noopener\">Licitaci\u00f3n Simplificada LS-103T00000-056-2023<\/a><br>Relativa a la Conservaci\u00f3n&nbsp; y&nbsp; Mantenimiento&nbsp; de&nbsp; Equipos Electromedicos&nbsp; y&nbsp; Electromecanicos&nbsp; de la&nbsp; Red Hospitalaria&nbsp; de SESVER.<\/li>\n<\/ul>\n\n\n\n<ul class=\"wp-block-list has-medium-font-size\">\n<li><a href=\"https:\/\/www.ssaver.gob.mx\/adquisiciones\/licitaciones-2023\/licitaciones-simplificadas-2023\/licitaciones-simplificadas-2023-041-060\/licitacion-simplificada-ls-103t00000-055-2023\/\">Licitaci\u00f3n Simplificada LS-103T00000-055-2023<\/a><br>Relativa&nbsp; a&nbsp; la&nbsp; Adquisici\u00f3n&nbsp; de \u00abDiversos&nbsp; Bienes&nbsp; para&nbsp; \u00e1reas&nbsp; pertenecientes&nbsp; a&nbsp; la Direcci\u00f3n&nbsp; de&nbsp; Atenci\u00f3n&nbsp; M\u00e9dica\u00bb<\/li>\n<\/ul>\n\n\n\n<ul class=\"wp-block-list has-medium-font-size\">\n<li><a href=\"https:\/\/www.ssaver.gob.mx\/adquisiciones\/licitaciones-2023\/licitaciones-simplificadas-2023\/licitaciones-simplificadas-2023-041-060\/licitacion-simplificada-ls-103t00000-054-2023\/\" target=\"_blank\" rel=\"noreferrer noopener\">Licitaci\u00f3n Simplificada LS-103T00000-054-2023<\/a><br>Relativa&nbsp; a&nbsp; la Adquisici\u00f3n,&nbsp; Instalaci\u00f3n,&nbsp; puesta&nbsp; en&nbsp; Marcha&nbsp; y Capacitaci\u00f3n&nbsp; al&nbsp; Personal&nbsp; Usuario&nbsp; de&nbsp; La&nbsp; Licencia Inform\u00e1tica&nbsp; y&nbsp; Servidor&nbsp; Rack&nbsp; para&nbsp; la&nbsp; Implementaci\u00f3n&nbsp; del Sistema&nbsp; Inform\u00e1tico&nbsp; de&nbsp; Insumos&nbsp; para&nbsp; la&nbsp; Salud&nbsp; del Departamento&nbsp; de&nbsp; Almacenaje&nbsp; y&nbsp; Distribuci\u00f3n.<\/li>\n<\/ul>\n\n\n\n<ul class=\"wp-block-list has-medium-font-size\">\n<li><a href=\"https:\/\/www.ssaver.gob.mx\/adquisiciones\/licitaciones-2023\/licitaciones-simplificadas-2023\/licitaciones-simplificadas-2023-041-060\/licitacion-simplificada-ls-103t00000-053-2023\/\" target=\"_blank\" rel=\"noreferrer noopener\">Licitaci\u00f3n Simplificada LS-103T00000-053-2023<\/a><br>Relativa&nbsp; a&nbsp; la Adquisici\u00f3n&nbsp; de&nbsp; \u00bbProductos&nbsp; Qu\u00edmicos,&nbsp; Materiales, Accesorios&nbsp; y&nbsp; Suministros&nbsp; de&nbsp; Laboratorio&nbsp; para&nbsp; la Direcci\u00f3n&nbsp; de&nbsp; Salud&nbsp; P\u00fablica, &nbsp;2023,&nbsp; Correspondiente&nbsp; a&nbsp; los Renglones&nbsp; Desiertos&nbsp; de&nbsp; la Licitaci\u00f3n&nbsp; P\u00fablica&nbsp; Nacional &nbsp;No.&nbsp; LPN-103t00000-018-2023&#8243;<\/li>\n<\/ul>\n\n\n\n<ul class=\"wp-block-list has-medium-font-size\">\n<li><a href=\"https:\/\/www.ssaver.gob.mx\/adquisiciones\/licitaciones-2023\/licitaciones-simplificadas-2023\/licitaciones-simplificadas-2023-041-060\/licitacion-simplificada-ls-103t00000-052-2023\/\">Licitaci\u00f3n Simplificada LS-103T00000-052-2023<\/a><br>Relativa&nbsp; a&nbsp; la \u00abAdquisici\u00f3n&nbsp; de&nbsp; Equipo&nbsp; e&nbsp; Instrumental&nbsp; M\u00e9dico&nbsp; para&nbsp; el Programa&nbsp; M\u00e9dico&nbsp; Amigo\u00bb<\/li>\n<\/ul>\n\n\n\n<ul class=\"wp-block-list has-medium-font-size\">\n<li><a href=\"https:\/\/www.ssaver.gob.mx\/adquisiciones\/licitaciones-2023\/licitaciones-simplificadas-2023\/licitaciones-simplificadas-2023-041-060\/licitacion-simplificada-ls-103t00000-051-2023\/\">Licitaci\u00f3n Simplificada LS-103T00000-051-2023<\/a><br>Relativa&nbsp; a&nbsp; la Adquisici\u00f3n&nbsp; de&nbsp; Material&nbsp; de Curaci\u00f3n&nbsp; para&nbsp; el Laboratorio&nbsp; Estatal&nbsp; de Salud&nbsp; P\u00fablica<\/li>\n<\/ul>\n\n\n\n<ul class=\"wp-block-list has-medium-font-size\">\n<li><a href=\"https:\/\/www.ssaver.gob.mx\/adquisiciones\/licitaciones-2023\/licitaciones-simplificadas-2023\/licitaciones-simplificadas-2023-041-060\/licitacion-simplificada-ls-103t00000-050-2023\/\">Licitaci\u00f3n Simplificada LS-103T000<\/a><a href=\"https:\/\/www.ssaver.gob.mx\/adquisiciones\/licitaciones-2023\/licitaciones-simplificadas-2023\/licitaciones-simplificadas-2023-041-060\/licitacion-simplificada-ls-103t00000-050-2023\/\" target=\"_blank\" rel=\"noreferrer noopener\">0<\/a><a href=\"https:\/\/www.ssaver.gob.mx\/adquisiciones\/licitaciones-2023\/licitaciones-simplificadas-2023\/licitaciones-simplificadas-2023-041-060\/licitacion-simplificada-ls-103t00000-050-2023\/\">0-050-2023<\/a><br>Relativa&nbsp; a&nbsp; la Adquisici\u00f3n&nbsp; de&nbsp; Bienes&nbsp; e&nbsp; Insumos Diversos&nbsp; para&nbsp; la&nbsp; Direcci\u00f3n&nbsp; de&nbsp; Protecci\u00f3n&nbsp; Contra Riesgos&nbsp; Sanitarios<\/li>\n<\/ul>\n\n\n\n<ul class=\"wp-block-list has-medium-font-size\">\n<li><a href=\"https:\/\/www.ssaver.gob.mx\/adquisiciones\/licitaciones-2023\/licitaciones-simplificadas-2023\/licitaciones-simplificadas-2023-041-060\/licitacion-simplificada-ls-103t00000-049-2023\/\">Licitaci\u00f3n Simplificada LS-103T00000-049-2023<\/a><br>Relativa&nbsp; a la&nbsp; Adquisici\u00f3n&nbsp; de&nbsp; un&nbsp; Quirofano Veterinario&nbsp; Movil&nbsp; con&nbsp; Copete&nbsp; Adaptable<\/li>\n<\/ul>\n\n\n\n<ul class=\"wp-block-list has-medium-font-size\">\n<li><a href=\"https:\/\/www.ssaver.gob.mx\/adquisiciones\/licitaciones-2023\/licitaciones-simplificadas-2023\/licitaciones-simplificadas-2023-041-060\/licitacion-simplificada-ls-103t00000-048-2023\/\">Licitaci\u00f3n Simplificada LS-103T00000-048-2023<\/a><br>Relativa&nbsp; a&nbsp; la Adquisici\u00f3n&nbsp; de \u00abProductos&nbsp; Qu\u00edmicos,&nbsp; Materiales, Accesorios&nbsp; y Suministros&nbsp; de&nbsp; Laboratorio&nbsp; para&nbsp; el Laboratorio&nbsp; Estatal&nbsp; de Salud&nbsp; P\u00fablica,&nbsp; correspondiente&nbsp; a los&nbsp; Renglones&nbsp; Desiertos&nbsp; de&nbsp; La Licitaci\u00f3n&nbsp; P\u00fablica&nbsp; Nacional No.LPN-103t00000-033-2023\u00bb<\/li>\n<\/ul>\n\n\n\n<ul class=\"wp-block-list has-medium-font-size\">\n<li><a href=\"https:\/\/www.ssaver.gob.mx\/adquisiciones\/licitaciones-2023\/licitaciones-simplificadas-2023\/licitaciones-simplificadas-2023-041-060\/licitacion-simplificada-ls-103t00000-047-2023\/\">Licitaci\u00f3n Simplificada LS-103T00000-047-2023<\/a><br>Relativa&nbsp; a&nbsp; la Adquisici\u00f3n&nbsp; de&nbsp; Agua&nbsp; Bidestilada<\/li>\n<\/ul>\n\n\n\n<ul class=\"wp-block-list has-medium-font-size\">\n<li><a href=\"https:\/\/www.ssaver.gob.mx\/adquisiciones\/licitaciones-2023\/licitaciones-simplificadas-2023\/licitaciones-simplificadas-2023-041-060\/licitacion-simplificada-ls-103t00000-046-2023\/\" target=\"_blank\" rel=\"noreferrer noopener\">Licitaci\u00f3n Simplificada LS-103T00000-046-2023<\/a><br>Relativa&nbsp; a&nbsp; la \u00abAdquisici\u00f3n&nbsp; de&nbsp; Uniformes&nbsp; para&nbsp; el&nbsp; Departamento&nbsp; de Supervisi\u00f3n&nbsp; y&nbsp; Control&nbsp; de \u00c1reas&nbsp; de Salud&nbsp; Mental&nbsp; y&nbsp; para M\u00e9dicos&nbsp; Internos&nbsp; de&nbsp; Pregrado&nbsp; y&nbsp; M\u00e9dicos&nbsp; Residentes Adscritos&nbsp; a&nbsp; Hospitales&nbsp; de Servicios&nbsp; de Salud&nbsp; de Veracruz\u00bb<\/li>\n<\/ul>\n\n\n\n<ul class=\"wp-block-list has-medium-font-size\">\n<li><a href=\"https:\/\/www.ssaver.gob.mx\/adquisiciones\/licitaciones-2023\/licitaciones-simplificadas-2023\/licitaciones-simplificadas-2023-041-060\/licitacion-simplificada-ls-103t00000-045-2023\/\">Licitaci\u00f3n Simplificada LS-103T00000-045-2023<\/a><br>Relativa&nbsp; a&nbsp; la Adquisici\u00f3n&nbsp; de \u00abTarjetas&nbsp; Electr\u00f3nicas&nbsp; con&nbsp; Chip&nbsp; para&nbsp; el&nbsp; Servicio&nbsp; de Dispersi\u00f3n&nbsp; de&nbsp; Fondos&nbsp; al&nbsp; Personal&nbsp; de&nbsp; Servicios&nbsp; de&nbsp; Salud de&nbsp; Veracruz&nbsp; por&nbsp; Concepto&nbsp; de&nbsp; Otorgamiento&nbsp; de&nbsp; la Medida&nbsp; de&nbsp; Fin&nbsp; de&nbsp; A\u00f1o\u00bb.<\/li>\n<\/ul>\n\n\n\n<ul class=\"wp-block-list has-medium-font-size\">\n<li><a href=\"https:\/\/www.ssaver.gob.mx\/adquisiciones\/licitaciones-2023\/licitaciones-simplificadas-2023\/licitaciones-simplificadas-2023-041-060\/licitacion-simplificada-ls-103t00000-044-2023\/\">Licitaci\u00f3n Simplificada LS-103T00000-044-2023<\/a><br>Relativa&nbsp; a la adquisici\u00f3n&nbsp; de \u00bbRacks&nbsp; de un&nbsp; M\u00f3dulo&nbsp; de 5 Niveles&nbsp; que ser\u00e1n&nbsp; Instalados&nbsp; en las&nbsp; Naves&nbsp; 1,&nbsp; 4&nbsp; Y&nbsp; 5 pertenecientes a&nbsp; Servicios&nbsp; de Salud&nbsp; de Veracruz\u00bb.<\/li>\n<\/ul>\n\n\n\n<ul class=\"wp-block-list has-medium-font-size\">\n<li><a href=\"https:\/\/www.ssaver.gob.mx\/adquisiciones\/licitaciones-2023\/licitaciones-simplificadas-2023\/licitaciones-simplificadas-2023-041-060\/licitacion-simplificada-ls-103t00000-043-2023\/\" target=\"_blank\" rel=\"noreferrer noopener\">Licitaci\u00f3n Simplificada LS-103T00000-043-2023<\/a><br>Adquisici\u00f3n&nbsp; e&nbsp; Instalaci\u00f3n&nbsp; de 40&nbsp; Torretas para&nbsp; el Equipamiento&nbsp; de Ambulancias&nbsp; y&nbsp; un&nbsp; Flasheo IPE&nbsp; 65&nbsp; y SAE CLASS 1&nbsp; \u00c1mbar&nbsp; para&nbsp; el Suministro&nbsp; de una&nbsp; Gr\u00faa&#8217;.<\/li>\n<\/ul>\n\n\n\n<ul class=\"wp-block-list has-medium-font-size\">\n<li><a href=\"https:\/\/www.ssaver.gob.mx\/adquisiciones\/licitaciones-2023\/licitaciones-simplificadas-2023\/licitaciones-simplificadas-2023-041-060\/licitacion-simplificada-ls-103t00000-042-2023\/\" target=\"_blank\" rel=\"noreferrer noopener\">Licitaci\u00f3n Simplificada LS-103T00000-042-2023<\/a><br>Relativa&nbsp; a&nbsp; la&nbsp; Adquisici\u00f3n&nbsp; de Materiales,&nbsp; Accesorios&nbsp; y&nbsp; Suministros&nbsp; de&nbsp; Laboratorio, para&nbsp; el Equipo&nbsp; \u00abCITOMETRO&nbsp; de&nbsp; FLUJO\u00bb.<\/li>\n<\/ul>\n\n\n\n<ul class=\"wp-block-list has-medium-font-size\">\n<li><a href=\"https:\/\/www.ssaver.gob.mx\/adquisiciones\/licitaciones-2023\/licitaciones-simplificadas-2023\/licitaciones-simplificadas-2023-041-060\/licitacion-simplificada-ls-103t00000-041-2023\/\">Licitaci\u00f3n Simplificada LS-103T00000-041-2023<\/a><br>Relativa a la Adquisici\u00f3n&nbsp; de&nbsp; Equipo M\u00e9dico, Mobiliario&nbsp; y&nbsp; Equipo&nbsp; de Administraci\u00f3n&nbsp; para&nbsp; el Centro&nbsp; Regional&nbsp; de Desarrollo Infantil y Estimulaci\u00f3n&nbsp; T\u00e9mprana&nbsp; (CEREDI)&nbsp; y&nbsp; Adquisici\u00f3n&nbsp; de Videolaringoscopio&nbsp; para&nbsp; el Hospital General&nbsp; de Tarimoya, pertenecientes&nbsp; a Servicios &nbsp;de Salud&nbsp; de Veracruz.<\/li>\n<\/ul>\n<\/div>\n<\/div>\n<\/div>\n","protected":false},"excerpt":{"rendered":"","protected":false},"author":6,"featured_media":0,"parent":4776,"menu_order":3,"comment_status":"closed","ping_status":"closed","template":"","meta":{"colormag_page_container_layout":"default_layout","colormag_page_sidebar_layout":"default_layout","footnotes":""},"class_list":["post-6932","page","type-page","status-publish","hentry"],"_links":{"self":[{"href":"https:\/\/www.ssaver.gob.mx\/adquisiciones\/wp-json\/wp\/v2\/pages\/6932","targetHints":{"allow":["GET"]}}],"collection":[{"href":"https:\/\/www.ssaver.gob.mx\/adquisiciones\/wp-json\/wp\/v2\/pages"}],"about":[{"href":"https:\/\/www.ssaver.gob.mx\/adquisiciones\/wp-json\/wp\/v2\/types\/page"}],"author":[{"embeddable":true,"href":"https:\/\/www.ssaver.gob.mx\/adquisiciones\/wp-json\/wp\/v2\/users\/6"}],"replies":[{"embeddable":true,"href":"https:\/\/www.ssaver.gob.mx\/adquisiciones\/wp-json\/wp\/v2\/comments?post=6932"}],"version-history":[{"count":44,"href":"https:\/\/www.ssaver.gob.mx\/adquisiciones\/wp-json\/wp\/v2\/pages\/6932\/revisions"}],"predecessor-version":[{"id":11929,"href":"https:\/\/www.ssaver.gob.mx\/adquisiciones\/wp-json\/wp\/v2\/pages\/6932\/revisions\/11929"}],"up":[{"embeddable":true,"href":"https:\/\/www.ssaver.gob.mx\/adquisiciones\/wp-json\/wp\/v2\/pages\/4776"}],"wp:attachment":[{"href":"https:\/\/www.ssaver.gob.mx\/adquisiciones\/wp-json\/wp\/v2\/media?parent=6932"}],"curies":[{"name":"wp","href":"https:\/\/api.w.org\/{rel}","templated":true}]}}