{"id":7286,"date":"2024-01-25T13:57:28","date_gmt":"2024-01-25T19:57:28","guid":{"rendered":"https:\/\/www.ssaver.gob.mx\/adquisiciones\/?page_id=7286"},"modified":"2026-03-31T10:57:47","modified_gmt":"2026-03-31T16:57:47","slug":"licitacion-simplificada-ls-103t00000-050-2023","status":"publish","type":"page","link":"https:\/\/www.ssaver.gob.mx\/adquisiciones\/licitaciones-2023\/licitaciones-simplificadas-2023\/licitaciones-simplificadas-2023-041-060\/licitacion-simplificada-ls-103t00000-050-2023\/","title":{"rendered":"Licitaci\u00f3n Simplificada LS-103T00000-050-2023"},"content":{"rendered":"\n<div class=\"wp-block-group is-layout-constrained wp-container-core-group-is-layout-9517baca wp-block-group-is-layout-constrained\">\n<hr class=\"wp-block-separator has-text-color has-alpha-channel-opacity has-background is-style-wide\" style=\"background-color:#d8bf31;color:#d8bf31\" \/>\n\n\n\n<ul style=\"color:#5b4c0d;background-color:#fff4e0\" class=\"wp-block-list has-text-color has-background has-medium-font-size\">\n<li><strong>Relativa&nbsp; a&nbsp; la Adquisici\u00f3n&nbsp; de&nbsp; Bienes&nbsp; e&nbsp; Insumos Diversos&nbsp; para&nbsp; la&nbsp; Direcci\u00f3n&nbsp; de&nbsp; Protecci\u00f3n&nbsp; Contra Riesgos&nbsp; Sanitarios<\/strong>\n<ul class=\"wp-block-list\">\n<li><a href=\"https:\/\/www.ssaver.gob.mx\/adquisiciones\/wp-content\/uploads\/sites\/5\/2024\/01\/Oficios-de-invitacion-LS-103T00000-050-2023_0001_compressed.pdf\" target=\"_blank\" rel=\"noreferrer noopener\">Oficios de Invitaci\u00f3n<\/a><\/li>\n\n\n\n<li><a href=\"https:\/\/www.ssaver.gob.mx\/adquisiciones\/wp-content\/uploads\/sites\/5\/2024\/01\/BASES-Y-ANEXOS-LS-103T00000-050-2023_0001_compressed.pdf\" target=\"_blank\" rel=\"noreferrer noopener\">Bases y Anexos<\/a><\/li>\n\n\n\n<li><a href=\"https:\/\/www.ssaver.gob.mx\/adquisiciones\/wp-content\/uploads\/sites\/5\/2024\/01\/Acta-de-apertura-de-proposiciones-LS-103T00000-050-2023_0001_compressed.pdf\" target=\"_blank\" rel=\"noreferrer noopener\">Acta de apertura de proposiciones<\/a><\/li>\n\n\n\n<li><a href=\"https:\/\/www.ssaver.gob.mx\/adquisiciones\/wp-content\/uploads\/sites\/5\/2024\/01\/Dictamen-tecnico-economico-Acta-de-fallo-LS-103T00000-050-2023_0001_compressed.pdf\" target=\"_blank\" rel=\"noreferrer noopener\">Dictamen t\u00e9cnico &#8211; econ\u00f3mico (Acta de fallo)<\/a><\/li>\n\n\n\n<li><a href=\"https:\/\/www.ssaver.gob.mx\/adquisiciones\/wp-content\/uploads\/sites\/5\/2024\/01\/Notificacion-de-fallo-LS-103T00000-050-2023_0001_compressed.pdf\" target=\"_blank\" rel=\"noreferrer noopener\">Notificaci\u00f3n de fallo<\/a><\/li>\n\n\n\n<li><a href=\"https:\/\/www.ssaver.gob.mx\/adquisiciones\/wp-content\/uploads\/sites\/5\/2024\/01\/SESVER_DA_C-285_2023-AFECTADO-C.pdf\">Contrato No. 285 de 2023<\/a><\/li>\n<\/ul>\n<\/li>\n<\/ul>\n\n\n\n<p><\/p>\n\n\n\n<p><\/p>\n<\/div>\n","protected":false},"excerpt":{"rendered":"","protected":false},"author":6,"featured_media":0,"parent":6932,"menu_order":10,"comment_status":"closed","ping_status":"closed","template":"","meta":{"colormag_page_container_layout":"default_layout","colormag_page_sidebar_layout":"default_layout","footnotes":""},"class_list":["post-7286","page","type-page","status-publish","hentry"],"_links":{"self":[{"href":"https:\/\/www.ssaver.gob.mx\/adquisiciones\/wp-json\/wp\/v2\/pages\/7286","targetHints":{"allow":["GET"]}}],"collection":[{"href":"https:\/\/www.ssaver.gob.mx\/adquisiciones\/wp-json\/wp\/v2\/pages"}],"about":[{"href":"https:\/\/www.ssaver.gob.mx\/adquisiciones\/wp-json\/wp\/v2\/types\/page"}],"author":[{"embeddable":true,"href":"https:\/\/www.ssaver.gob.mx\/adquisiciones\/wp-json\/wp\/v2\/users\/6"}],"replies":[{"embeddable":true,"href":"https:\/\/www.ssaver.gob.mx\/adquisiciones\/wp-json\/wp\/v2\/comments?post=7286"}],"version-history":[{"count":10,"href":"https:\/\/www.ssaver.gob.mx\/adquisiciones\/wp-json\/wp\/v2\/pages\/7286\/revisions"}],"predecessor-version":[{"id":11939,"href":"https:\/\/www.ssaver.gob.mx\/adquisiciones\/wp-json\/wp\/v2\/pages\/7286\/revisions\/11939"}],"up":[{"embeddable":true,"href":"https:\/\/www.ssaver.gob.mx\/adquisiciones\/wp-json\/wp\/v2\/pages\/6932"}],"wp:attachment":[{"href":"https:\/\/www.ssaver.gob.mx\/adquisiciones\/wp-json\/wp\/v2\/media?parent=7286"}],"curies":[{"name":"wp","href":"https:\/\/api.w.org\/{rel}","templated":true}]}}