{"id":7354,"date":"2024-01-26T09:39:56","date_gmt":"2024-01-26T15:39:56","guid":{"rendered":"https:\/\/www.ssaver.gob.mx\/adquisiciones\/?page_id=7354"},"modified":"2026-03-31T10:59:07","modified_gmt":"2026-03-31T16:59:07","slug":"licitacion-simplificada-ls-103t00000-054-2023","status":"publish","type":"page","link":"https:\/\/www.ssaver.gob.mx\/adquisiciones\/licitaciones-2023\/licitaciones-simplificadas-2023\/licitaciones-simplificadas-2023-041-060\/licitacion-simplificada-ls-103t00000-054-2023\/","title":{"rendered":"Licitaci\u00f3n Simplificada LS-103T00000-054-2023"},"content":{"rendered":"\n<div class=\"wp-block-group is-layout-constrained wp-container-core-group-is-layout-99939dce wp-block-group-is-layout-constrained\">\n<hr class=\"wp-block-separator has-text-color has-alpha-channel-opacity has-background is-style-wide\" style=\"background-color:#d8bf31;color:#d8bf31\" \/>\n\n\n\n<ul style=\"color:#5b4c0d;background-color:#fff4e0\" class=\"wp-block-list has-text-color has-background has-medium-font-size\">\n<li><strong>Relativa&nbsp; a&nbsp; la Adquisici\u00f3n,&nbsp; Instalaci\u00f3n,&nbsp; puesta&nbsp; en&nbsp; Marcha&nbsp; y Capacitaci\u00f3n&nbsp; al&nbsp; Personal&nbsp; Usuario&nbsp; de&nbsp; La&nbsp; Licencia Inform\u00e1tica&nbsp; y&nbsp; Servidor&nbsp; Rack&nbsp; para&nbsp; la&nbsp; Implementaci\u00f3n&nbsp; del Sistema&nbsp; Inform\u00e1tico&nbsp; de&nbsp; Insumos&nbsp; para&nbsp; la&nbsp; Salud&nbsp; del Departamento&nbsp; de&nbsp; Almacenaje&nbsp; y&nbsp; Distribuci\u00f3n<\/strong><\/li>\n\n\n\n<li><a href=\"https:\/\/www.ssaver.gob.mx\/adquisiciones\/wp-content\/uploads\/sites\/5\/2024\/01\/Oficios-de-invitacion-LS-103T00000-054-2023_0001_compressed.pdf\" target=\"_blank\" rel=\"noreferrer noopener\">Oficios de Invitaci\u00f3n<\/a><\/li>\n\n\n\n<li><a href=\"https:\/\/www.ssaver.gob.mx\/adquisiciones\/wp-content\/uploads\/sites\/5\/2024\/01\/BASES-Y-ANEXOS-LS-103T00000-054-2023_0001_compressed.pdf\" target=\"_blank\" rel=\"noreferrer noopener\">Bases y Anexos<\/a><\/li>\n\n\n\n<li><a href=\"https:\/\/www.ssaver.gob.mx\/adquisiciones\/wp-content\/uploads\/sites\/5\/2024\/01\/ACTA-DE-APERTURA-DE-PROPOSICIONES-LS-103T00000-054-2023_0001_compressed.pdf\" target=\"_blank\" rel=\"noreferrer noopener\">Acta de apertura de proposiciones<\/a><\/li>\n<\/ul>\n\n\n\n<p><\/p>\n\n\n\n<p><\/p>\n<\/div>\n","protected":false},"excerpt":{"rendered":"","protected":false},"author":6,"featured_media":0,"parent":6932,"menu_order":14,"comment_status":"closed","ping_status":"closed","template":"","meta":{"colormag_page_container_layout":"default_layout","colormag_page_sidebar_layout":"default_layout","footnotes":""},"class_list":["post-7354","page","type-page","status-publish","hentry"],"_links":{"self":[{"href":"https:\/\/www.ssaver.gob.mx\/adquisiciones\/wp-json\/wp\/v2\/pages\/7354","targetHints":{"allow":["GET"]}}],"collection":[{"href":"https:\/\/www.ssaver.gob.mx\/adquisiciones\/wp-json\/wp\/v2\/pages"}],"about":[{"href":"https:\/\/www.ssaver.gob.mx\/adquisiciones\/wp-json\/wp\/v2\/types\/page"}],"author":[{"embeddable":true,"href":"https:\/\/www.ssaver.gob.mx\/adquisiciones\/wp-json\/wp\/v2\/users\/6"}],"replies":[{"embeddable":true,"href":"https:\/\/www.ssaver.gob.mx\/adquisiciones\/wp-json\/wp\/v2\/comments?post=7354"}],"version-history":[{"count":5,"href":"https:\/\/www.ssaver.gob.mx\/adquisiciones\/wp-json\/wp\/v2\/pages\/7354\/revisions"}],"predecessor-version":[{"id":11943,"href":"https:\/\/www.ssaver.gob.mx\/adquisiciones\/wp-json\/wp\/v2\/pages\/7354\/revisions\/11943"}],"up":[{"embeddable":true,"href":"https:\/\/www.ssaver.gob.mx\/adquisiciones\/wp-json\/wp\/v2\/pages\/6932"}],"wp:attachment":[{"href":"https:\/\/www.ssaver.gob.mx\/adquisiciones\/wp-json\/wp\/v2\/media?parent=7354"}],"curies":[{"name":"wp","href":"https:\/\/api.w.org\/{rel}","templated":true}]}}