{"id":7455,"date":"2024-01-29T15:09:37","date_gmt":"2024-01-29T21:09:37","guid":{"rendered":"https:\/\/www.ssaver.gob.mx\/adquisiciones\/?page_id=7455"},"modified":"2026-03-31T11:01:38","modified_gmt":"2026-03-31T17:01:38","slug":"licitaciones-simplificadas-2023-061-080","status":"publish","type":"page","link":"https:\/\/www.ssaver.gob.mx\/adquisiciones\/licitaciones-2023\/licitaciones-simplificadas-2023\/licitaciones-simplificadas-2023-061-080\/","title":{"rendered":"Licitaciones Simplificadas 2023 061-074"},"content":{"rendered":"\n<div class=\"wp-block-group is-layout-constrained wp-container-core-group-is-layout-9517baca wp-block-group-is-layout-constrained\">\n<hr class=\"wp-block-separator has-text-color has-alpha-channel-opacity has-background is-style-wide\" style=\"background-color:#d8bf31;color:#d8bf31\" \/>\n\n\n\n<div class=\"wp-block-columns is-layout-flex wp-container-core-columns-is-layout-28f84493 wp-block-columns-is-layout-flex\">\n<div class=\"wp-block-column has-background is-layout-flow wp-block-column-is-layout-flow\" style=\"background-color:#fff4e0\">\n<ul class=\"wp-block-list has-medium-font-size\">\n<li><a href=\"https:\/\/www.ssaver.gob.mx\/adquisiciones\/licitaciones-2023\/licitaciones-simplificadas-2023\/licitaciones-simplificadas-2023-061-080\/licitacion-simplificada-ls-103t00000-074-2023\/\">Licitaci\u00f3n Simplificada LS-103T00000-074-2023<\/a><br>Relativa&nbsp; a&nbsp; la \u00bbContrataci\u00f3n&nbsp; del&nbsp; Servicio&nbsp; de&nbsp; Mantenimiento&nbsp; a&nbsp; los&nbsp; Sistemas de&nbsp; Videograbaci\u00f3n&nbsp; IP&nbsp; para&nbsp; las&nbsp; Unidades&nbsp; Hospitalarias&nbsp; de SESVER\u00bb.<\/li>\n<\/ul>\n\n\n\n<ul class=\"wp-block-list has-medium-font-size\">\n<li><a href=\"https:\/\/www.ssaver.gob.mx\/adquisiciones\/licitaciones-2023\/licitaciones-simplificadas-2023\/licitaciones-simplificadas-2023-061-080\/licitacion-simplificada-ls-103t00000-073-2023\/\">Licitaci\u00f3n Simplificada LS-103T00000-073-2023<\/a><br>Relativa&nbsp; a&nbsp; la \u00bbAdquisici\u00f3n&nbsp; de&nbsp; Material&nbsp; El\u00e9ctrico&nbsp; para&nbsp; la&nbsp; Red&nbsp; Hospitalaria de&nbsp; Servicios&nbsp; de&nbsp; Salud&nbsp; de&nbsp; Veracruz\u00bb.<\/li>\n<\/ul>\n\n\n\n<ul class=\"wp-block-list has-medium-font-size\">\n<li><a href=\"https:\/\/www.ssaver.gob.mx\/adquisiciones\/licitaciones-2023\/licitaciones-simplificadas-2023\/licitaciones-simplificadas-2023-061-080\/licitacion-simplificada-ls-103t00000-072-2023\/\" target=\"_blank\" rel=\"noreferrer noopener\">Licitaci\u00f3n Simplificada LS-103T00000-072-2023<\/a><br>\u00abSuministro&nbsp; de&nbsp; Herramienta&nbsp; Menor&nbsp; para&nbsp; Mantenimiento&nbsp; de&nbsp; las Unidades&nbsp; Aplicativas,&nbsp; tanto&nbsp; Jurisdicciones&nbsp; Sanitarias,&nbsp; as\u00ed como&nbsp; Hospitales&nbsp; y&nbsp; Oficinas&nbsp; Centrales&nbsp; de&nbsp; SESVER\u00bb<\/li>\n<\/ul>\n\n\n\n<ul class=\"wp-block-list has-medium-font-size\">\n<li><a href=\"https:\/\/www.ssaver.gob.mx\/adquisiciones\/licitaciones-2023\/licitaciones-simplificadas-2023\/licitaciones-simplificadas-2023-061-080\/licitacion-simplificada-ls-103t00000-071-2023\/\" target=\"_blank\" rel=\"noreferrer noopener\">Licitaci\u00f3n Simplificada LS-103T00000-071-2023<\/a><br>Relativa&nbsp; a&nbsp; la \u00abAdquisici\u00f3n&nbsp; de&nbsp; Materiales&nbsp; varios&nbsp; para&nbsp; el Mantenimiento&nbsp; e&nbsp; Impermeabilizaci\u00f3n&nbsp; de&nbsp; las Jurisdicciones&nbsp; Sanitarias&nbsp; II,&nbsp; III,&nbsp; V,&nbsp; VII,&nbsp; VIII&nbsp; as\u00ed&nbsp; como Oficina&nbsp; Central&nbsp; de&nbsp; SESVER\u00bb<\/li>\n<\/ul>\n\n\n\n<ul class=\"wp-block-list has-medium-font-size\">\n<li><a href=\"https:\/\/www.ssaver.gob.mx\/adquisiciones\/licitaciones-2023\/licitaciones-simplificadas-2023\/licitaciones-simplificadas-2023-061-080\/licitacion-simplificada-ls-103t00000-070-2023\/\" target=\"_blank\" rel=\"noreferrer noopener\">Licitaci\u00f3n Simplificada LS-103T00000-070-2023<\/a><br>Relativa&nbsp; a&nbsp; la&nbsp; Adquisici\u00f3n&nbsp; de \u00bbdos&nbsp; Montacargas&nbsp; para las&nbsp; Naves&nbsp; 1,&nbsp; 2,&nbsp; 3,&nbsp; 4&nbsp; Y&nbsp; 5&nbsp; Pertenecientes&nbsp; a&nbsp; los Almacenes Estatales&nbsp; A,&nbsp; B y&nbsp; Activo&nbsp; Fijo&nbsp; de&nbsp; Servicios&nbsp; de&nbsp; Salud&nbsp; de Veracruz\u00bb<\/li>\n<\/ul>\n\n\n\n<ul class=\"wp-block-list has-medium-font-size\">\n<li><a href=\"https:\/\/www.ssaver.gob.mx\/adquisiciones\/licitaciones-2023\/licitaciones-simplificadas-2023\/licitaciones-simplificadas-2023-061-080\/licitacion-simplificada-ls-103t00000-069-2023\/\" target=\"_blank\" rel=\"noreferrer noopener\">Licitaci\u00f3n Simplificada LS-103T00000-069-2023<\/a><br>Relativa&nbsp; a&nbsp; la \u00abContrataci\u00f3n&nbsp; del&nbsp; Servicio&nbsp; de&nbsp; Escaneo para&nbsp; las&nbsp; Diversas&nbsp; \u00c1reas&nbsp; de&nbsp; la&nbsp; Direcci\u00f3n Administrativa&nbsp; y&nbsp; \u00d3rgano&nbsp; Interno&nbsp; de&nbsp; Control\u00bb<\/li>\n<\/ul>\n\n\n\n<ul class=\"wp-block-list has-medium-font-size\">\n<li><a href=\"https:\/\/www.ssaver.gob.mx\/adquisiciones\/licitaciones-2023\/licitaciones-simplificadas-2023\/licitaciones-simplificadas-2023-061-080\/licitacion-simplificada-ls-103t00000-068-2023\/\" target=\"_blank\" rel=\"noreferrer noopener\">Licitaci\u00f3n Simplificada LS-103T00000-068-2023<\/a><br>Relativa&nbsp; a&nbsp; la Adquisici\u00f3n&nbsp; de \u00bbMateriales&nbsp; y&nbsp; \u00datiles&nbsp; de&nbsp; Oficina,&nbsp; de&nbsp; Impresi\u00f3n&nbsp; y Consumibles&nbsp; para&nbsp; Diversas&nbsp; \u00c1reas&nbsp; Dependientes&nbsp; de &nbsp;la&nbsp; Direcci\u00f3n&nbsp; Administrativa\u00bb.<\/li>\n<\/ul>\n\n\n\n<ul class=\"wp-block-list has-medium-font-size\">\n<li><a href=\"https:\/\/www.ssaver.gob.mx\/adquisiciones\/licitaciones-2023\/licitaciones-simplificadas-2023\/licitaciones-simplificadas-2023-061-080\/licitacion-simplificada-ls-103t00000-067-2023\/\" target=\"_blank\" rel=\"noreferrer noopener\">Licitaci\u00f3n Simplificada LS-103T00000-067-2023<\/a><br>Relativa&nbsp; a&nbsp; la&nbsp; Contrataci\u00f3n&nbsp; del Servicio&nbsp; Integral&nbsp; Administrativo&nbsp; y&nbsp; Estrat\u00e9gico&nbsp; para&nbsp; el Fortalecimiento&nbsp; del&nbsp; Control&nbsp; Interno.<\/li>\n<\/ul>\n\n\n\n<ul class=\"wp-block-list has-medium-font-size\">\n<li><a href=\"https:\/\/www.ssaver.gob.mx\/adquisiciones\/licitaciones-2023\/licitaciones-simplificadas-2023\/licitaciones-simplificadas-2023-061-080\/licitacion-simplificada-ls-103t00000-066-2023\/\" target=\"_blank\" rel=\"noreferrer noopener\">Licitaci\u00f3n Simplificada LS-103T00000-066-2023<\/a><br>Relativa&nbsp; a&nbsp; la&nbsp; Adquisici\u00f3n&nbsp; de&nbsp; Bienes&nbsp; e&nbsp; Insumos Diversos&nbsp; para&nbsp; la&nbsp; Direcci\u00f3n&nbsp; Planeaci\u00f3n&nbsp; y&nbsp; Desarrollo, Correspondiente&nbsp; a&nbsp; los&nbsp; Renglones&nbsp; Desiertos&nbsp; de&nbsp; la Licitaci\u00f3n&nbsp; Publica&nbsp; Nacional&nbsp; Numero&nbsp; LPN-103T00000-032-2023.<\/li>\n<\/ul>\n\n\n\n<ul class=\"wp-block-list has-medium-font-size\">\n<li><a href=\"https:\/\/www.ssaver.gob.mx\/adquisiciones\/licitaciones-2023\/licitaciones-simplificadas-2023\/licitaciones-simplificadas-2023-061-080\/licitacion-simplificada-ls-103t00000-065-2023\/\" target=\"_blank\" rel=\"noreferrer noopener\">Licitaci\u00f3n Simplificada LS-103T00000-065-2023<\/a><br>Relativa&nbsp; a&nbsp; la Adquisici\u00f3n&nbsp; de&nbsp; un&nbsp; \u00bbProcesador&nbsp; Externo, Marca&nbsp; Advance&nbsp; Bionics,&nbsp; Compatible&nbsp; con&nbsp; un&nbsp; Implante Coclear\u00bb<\/li>\n<\/ul>\n\n\n\n<ul class=\"wp-block-list has-medium-font-size\">\n<li><a href=\"https:\/\/www.ssaver.gob.mx\/adquisiciones\/licitaciones-2023\/licitaciones-simplificadas-2023\/licitaciones-simplificadas-2023-061-080\/licitacion-simplificada-ls-103t00000-064-2023\/\" target=\"_blank\" rel=\"noreferrer noopener\">Licitaci\u00f3n Simplificada LS-103T00000-064-2023<\/a><br>Relativa&nbsp; al \u00abMantenimiento&nbsp; y&nbsp; Calibraci\u00f3n&nbsp; a&nbsp; Equipos&nbsp; del&nbsp; Laboratorio&nbsp; Estatal de&nbsp; Salud&nbsp; P\u00fablica\u00bb.<\/li>\n<\/ul>\n\n\n\n<ul class=\"wp-block-list has-medium-font-size\">\n<li><a href=\"https:\/\/www.ssaver.gob.mx\/adquisiciones\/licitaciones-2023\/licitaciones-simplificadas-2023\/licitaciones-simplificadas-2023-061-080\/licitacion-simplificada-ls-103t00000-063-2023\/\" target=\"_blank\" rel=\"noreferrer noopener\">Licitaci\u00f3n Simplificada LS-103T00000-063-2023<\/a><br>Relativa&nbsp; a&nbsp; la&nbsp; Adquisici\u00f3n&nbsp; de \u00abAgendas,&nbsp; Lapiceros,&nbsp; Formatos&nbsp; de&nbsp; Notas&nbsp; y&nbsp; Registros, para&nbsp; Diversas&nbsp; \u00c1reas&nbsp; de SESVER\u00bb.<\/li>\n<\/ul>\n\n\n\n<ul class=\"wp-block-list has-medium-font-size\">\n<li><a href=\"https:\/\/www.ssaver.gob.mx\/adquisiciones\/licitaciones-2023\/licitaciones-simplificadas-2023\/licitaciones-simplificadas-2023-061-080\/licitacion-simplificada-ls-103t00000-062-2023\/\" target=\"_blank\" rel=\"noreferrer noopener\">Licitaci\u00f3n Simplificada LS-103T00000-062-2023<\/a><br>Relativa&nbsp; a&nbsp; la \u00abAdquisici\u00f3n&nbsp; de&nbsp; Bienes&nbsp; Diversos&nbsp; para&nbsp; el&nbsp; Departamento&nbsp; de Tecnolog\u00edas&nbsp; de&nbsp; la Informaci\u00f3n,&nbsp; que&nbsp; ser\u00e1n&nbsp; destinados&nbsp; al Programa&nbsp; Telesalud&nbsp; de&nbsp; Servicios&nbsp; de&nbsp; Salud&nbsp; de&nbsp; Veracruz\u00bb.<\/li>\n<\/ul>\n\n\n\n<ul class=\"wp-block-list has-medium-font-size\">\n<li><a href=\"https:\/\/www.ssaver.gob.mx\/adquisiciones\/licitaciones-2023\/licitaciones-simplificadas-2023\/licitaciones-simplificadas-2023-061-080\/licitacion-simplificada-ls-103t00000-061-2023\/\" target=\"_blank\" rel=\"noreferrer noopener\">Licitaci\u00f3n Simplificada LS-103T00000-061-2023<\/a><br>Relativa&nbsp; a&nbsp; la \u00abAdquisici\u00f3n&nbsp; de&nbsp; Mobiliario,&nbsp; Equipo&nbsp; e Instrumental&nbsp; M\u00e9dico&nbsp; y&nbsp; de&nbsp; Laboratorio,&nbsp; Equipo Administrativo,&nbsp; as\u00ed&nbsp; como&nbsp; Equipos&nbsp; y &nbsp;Aparatos Audiovisuales&nbsp; a&nbsp; Cargo&nbsp; de&nbsp; la&nbsp; Fuente&nbsp; de Financiamiento&nbsp; Bono&nbsp; Cup\u00f3n&nbsp; Cero&nbsp; 2023,&nbsp; de&nbsp; las Unidades&nbsp; del&nbsp; Primer&nbsp; Nivel&nbsp; y&nbsp; Segundo&nbsp; Nivel&nbsp; de Atenci\u00f3n,&nbsp; pertenecientes&nbsp; a&nbsp; Servicios&nbsp; de&nbsp; Salud de&nbsp; Veracruz&nbsp; correspondiente&nbsp; a&nbsp; los&nbsp; Renglones Desiertos&nbsp; de&nbsp; la Licitaci\u00f3n&nbsp; P\u00fablica&nbsp; Nacional N\u00famero&nbsp; LPN-103T00000-031-2023.<\/li>\n<\/ul>\n<\/div>\n<\/div>\n<\/div>\n","protected":false},"excerpt":{"rendered":"","protected":false},"author":6,"featured_media":0,"parent":4776,"menu_order":4,"comment_status":"closed","ping_status":"closed","template":"","meta":{"colormag_page_container_layout":"default_layout","colormag_page_sidebar_layout":"default_layout","footnotes":""},"class_list":["post-7455","page","type-page","status-publish","hentry"],"_links":{"self":[{"href":"https:\/\/www.ssaver.gob.mx\/adquisiciones\/wp-json\/wp\/v2\/pages\/7455","targetHints":{"allow":["GET"]}}],"collection":[{"href":"https:\/\/www.ssaver.gob.mx\/adquisiciones\/wp-json\/wp\/v2\/pages"}],"about":[{"href":"https:\/\/www.ssaver.gob.mx\/adquisiciones\/wp-json\/wp\/v2\/types\/page"}],"author":[{"embeddable":true,"href":"https:\/\/www.ssaver.gob.mx\/adquisiciones\/wp-json\/wp\/v2\/users\/6"}],"replies":[{"embeddable":true,"href":"https:\/\/www.ssaver.gob.mx\/adquisiciones\/wp-json\/wp\/v2\/comments?post=7455"}],"version-history":[{"count":26,"href":"https:\/\/www.ssaver.gob.mx\/adquisiciones\/wp-json\/wp\/v2\/pages\/7455\/revisions"}],"predecessor-version":[{"id":11950,"href":"https:\/\/www.ssaver.gob.mx\/adquisiciones\/wp-json\/wp\/v2\/pages\/7455\/revisions\/11950"}],"up":[{"embeddable":true,"href":"https:\/\/www.ssaver.gob.mx\/adquisiciones\/wp-json\/wp\/v2\/pages\/4776"}],"wp:attachment":[{"href":"https:\/\/www.ssaver.gob.mx\/adquisiciones\/wp-json\/wp\/v2\/media?parent=7455"}],"curies":[{"name":"wp","href":"https:\/\/api.w.org\/{rel}","templated":true}]}}