{"id":7681,"date":"2024-02-06T19:18:13","date_gmt":"2024-02-07T01:18:13","guid":{"rendered":"https:\/\/www.ssaver.gob.mx\/adquisiciones\/?page_id=7681"},"modified":"2026-03-31T10:35:50","modified_gmt":"2026-03-31T16:35:50","slug":"adjudicaciones-estatales-directas-por-excepcion-de-ley-261-280","status":"publish","type":"page","link":"https:\/\/www.ssaver.gob.mx\/adquisiciones\/licitaciones-2023\/adjudicaciones-estatales-directas-por-excepcion-de-ley\/adjudicaciones-estatales-directas-por-excepcion-de-ley-261-280\/","title":{"rendered":"Adjudicaciones Estatales Directas por Excepci\u00f3n de Ley 261-280"},"content":{"rendered":"\n<div class=\"wp-block-group is-layout-constrained wp-container-core-group-is-layout-9517baca wp-block-group-is-layout-constrained\">\n<hr class=\"wp-block-separator has-text-color has-alpha-channel-opacity has-background is-style-wide\" style=\"background-color:#d8bf31;color:#d8bf31\" \/>\n\n\n\n<div class=\"wp-block-columns is-layout-flex wp-container-core-columns-is-layout-28f84493 wp-block-columns-is-layout-flex\">\n<div class=\"wp-block-column has-background is-layout-flow wp-block-column-is-layout-flow\" style=\"background-color:#fff4e0;flex-basis:100%\">\n<p class=\"has-text-color has-background has-medium-font-size\" style=\"color:#5b4c0d;background-color:#fff4e0\"><strong><strong><strong>Contratos Adjudicados de acuerdo a la modalida<\/strong><\/strong>d<\/strong><\/p>\n\n\n\n<ul class=\"wp-block-list has-medium-font-size\">\n<li><strong><a href=\"https:\/\/www.ssaver.gob.mx\/adquisiciones\/wp-content\/uploads\/sites\/5\/2024\/02\/SESVER_DA_C-280_2023-AFECTADO-C.pdf\">2023-SESVER_DA_C-280-2023<\/a><\/strong><br>Adquisici\u00f3n&nbsp; de&nbsp; Equipo&nbsp; M\u00e9dico&nbsp; y&nbsp; de&nbsp; Laboratorio&nbsp; e&nbsp; Instrumental M\u00e9dico&nbsp; y&nbsp; de&nbsp; Laboratorio&nbsp; para&nbsp; las&nbsp; Unidades&nbsp; de&nbsp; Primer&nbsp; y&nbsp; Segundo&nbsp; Nivel&nbsp; que&nbsp; Ser\u00e1n Sometidas&nbsp; al Proceso&nbsp; de&nbsp; Acreditaci\u00f3n&nbsp; y Reacreditaci\u00f3n&nbsp; 2023.<\/li>\n<\/ul>\n\n\n\n<ul class=\"wp-block-list has-medium-font-size\">\n<li><strong><a href=\"https:\/\/www.ssaver.gob.mx\/adquisiciones\/wp-content\/uploads\/sites\/5\/2024\/02\/SESVER_DA_C-279_2023-AFECTADO-C.pdf\">2023-SESVER_DA_C-279-2023<\/a><\/strong><br>Adquisici\u00f3n de&nbsp; Instrumental&nbsp; M\u00e9dico&nbsp; y&nbsp; de&nbsp; Laboratorio&nbsp; para&nbsp; las Unidades&nbsp; de&nbsp; Primer&nbsp; y Segundo Nivel&nbsp; que&nbsp; ser\u00e1n&nbsp; sometidas&nbsp; al&nbsp; Proceso&nbsp; de Acreditaci\u00f3n&nbsp; y Reacreditaci\u00f3n&nbsp; 2023.<\/li>\n<\/ul>\n\n\n\n<p><br><\/p>\n<\/div>\n<\/div>\n<\/div>\n","protected":false},"excerpt":{"rendered":"<p>Contratos Adjudicados de acuerdo a la modalidad<\/p>\n","protected":false},"author":6,"featured_media":0,"parent":4748,"menu_order":14,"comment_status":"closed","ping_status":"closed","template":"","meta":{"colormag_page_container_layout":"default_layout","colormag_page_sidebar_layout":"default_layout","footnotes":""},"class_list":["post-7681","page","type-page","status-publish","hentry"],"_links":{"self":[{"href":"https:\/\/www.ssaver.gob.mx\/adquisiciones\/wp-json\/wp\/v2\/pages\/7681","targetHints":{"allow":["GET"]}}],"collection":[{"href":"https:\/\/www.ssaver.gob.mx\/adquisiciones\/wp-json\/wp\/v2\/pages"}],"about":[{"href":"https:\/\/www.ssaver.gob.mx\/adquisiciones\/wp-json\/wp\/v2\/types\/page"}],"author":[{"embeddable":true,"href":"https:\/\/www.ssaver.gob.mx\/adquisiciones\/wp-json\/wp\/v2\/users\/6"}],"replies":[{"embeddable":true,"href":"https:\/\/www.ssaver.gob.mx\/adquisiciones\/wp-json\/wp\/v2\/comments?post=7681"}],"version-history":[{"count":5,"href":"https:\/\/www.ssaver.gob.mx\/adquisiciones\/wp-json\/wp\/v2\/pages\/7681\/revisions"}],"predecessor-version":[{"id":11883,"href":"https:\/\/www.ssaver.gob.mx\/adquisiciones\/wp-json\/wp\/v2\/pages\/7681\/revisions\/11883"}],"up":[{"embeddable":true,"href":"https:\/\/www.ssaver.gob.mx\/adquisiciones\/wp-json\/wp\/v2\/pages\/4748"}],"wp:attachment":[{"href":"https:\/\/www.ssaver.gob.mx\/adquisiciones\/wp-json\/wp\/v2\/media?parent=7681"}],"curies":[{"name":"wp","href":"https:\/\/api.w.org\/{rel}","templated":true}]}}