{"id":7823,"date":"2024-02-21T13:21:01","date_gmt":"2024-02-21T19:21:01","guid":{"rendered":"https:\/\/www.ssaver.gob.mx\/adquisiciones\/?page_id=7823"},"modified":"2026-03-31T11:10:10","modified_gmt":"2026-03-31T17:10:10","slug":"licitaciones-publicas-nacionales-2024","status":"publish","type":"page","link":"https:\/\/www.ssaver.gob.mx\/adquisiciones\/licitaciones-2024\/licitaciones-publicas-nacionales-2024\/","title":{"rendered":"Licitaciones P\u00fablicas Nacionales 2024"},"content":{"rendered":"\n<div class=\"wp-block-group is-layout-constrained wp-container-core-group-is-layout-9517baca wp-block-group-is-layout-constrained\">\n<hr class=\"wp-block-separator has-text-color has-alpha-channel-opacity has-background is-style-wide\" style=\"background-color:#d8bf31;color:#d8bf31\" \/>\n\n\n\n<div class=\"wp-block-columns is-layout-flex wp-container-core-columns-is-layout-28f84493 wp-block-columns-is-layout-flex\">\n<div class=\"wp-block-column has-background is-layout-flow wp-block-column-is-layout-flow\" style=\"background-color:#fff4e0\">\n<ul class=\"wp-block-list\">\n<li><a href=\"https:\/\/www.ssaver.gob.mx\/adquisiciones\/licitaciones-2024\/licitaciones-publicas-nacionales-2024\/licitacion-publica-nacional-lpn-103t00000-030-2024\/\" target=\"_blank\" rel=\"noreferrer noopener\">Licitaci\u00f3n P\u00fablica Nacional LPN-103T00000-030-2024 <\/a><br>Relativa a la Adquisici\u00f3n de \u201cSistemas Fotovoltaicos para el Centro de Alta Especialidad Dr. Rafael Lucio, Hospital Regional de Xalapa Dr. Luis F. Nach\u00f3n, Hospital General de C\u00f3rdoba Yanga y Centro Estatal de Cancerolog\u00eda Dr. Miguel Dorantes Mesa\u201d<\/li>\n<\/ul>\n\n\n\n<ul class=\"wp-block-list\">\n<li><a href=\"https:\/\/www.ssaver.gob.mx\/adquisiciones\/licitaciones-2024\/licitaciones-publicas-nacionales-2024\/licitacion-publica-nacional-lpn-103t00000-029-2024\/\" target=\"_blank\" rel=\"noreferrer noopener\">Licitaci\u00f3n P\u00fablica Nacional LPN-103T00000-029-2024 <\/a><br>Relativa&nbsp; a la&nbsp; Adquisici\u00f3n&nbsp; de \u00abEquipo&nbsp; de&nbsp; Administraci\u00f3n,&nbsp; M\u00e9dico,&nbsp; de Laboratorio,&nbsp; as\u00ed&nbsp; como&nbsp; Mantenimiento, Conservaci\u00f3n&nbsp; de&nbsp; Equipo&nbsp; y&nbsp; Maquinaria&nbsp; para&nbsp; el Laboratorio&nbsp; Estatal&nbsp; de&nbsp; Salud&nbsp; P\u00fablica&nbsp; de SESVER.<\/li>\n<\/ul>\n\n\n\n<ul class=\"wp-block-list\">\n<li><a href=\"https:\/\/www.ssaver.gob.mx\/adquisiciones\/licitaciones-2024\/licitaciones-publicas-nacionales-2024\/licitacion-publica-nacional-lpn-103t00000-028-2024\/\" target=\"_blank\" rel=\"noreferrer noopener\">Licitaci\u00f3n P\u00fablica Nacional LPN-103T00000-028-2024 <\/a><br>Adquisici\u00f3n de Equipos de Comunicaci\u00f3n, Telecomunicaci\u00f3n y de Administraci\u00f3n para Diversas Unidades Hospitalarias de SESVER<\/li>\n<\/ul>\n\n\n\n<ul class=\"wp-block-list\">\n<li><a href=\"https:\/\/www.ssaver.gob.mx\/adquisiciones\/licitaciones-2024\/licitaciones-publicas-nacionales-2024\/licitacion-publica-nacional-lpn-103t00000-027-2024\/\" target=\"_blank\" rel=\"noreferrer noopener\">Licitaci\u00f3n P\u00fablica Nacional LPN-103T00000-027-2024 <\/a><br>Relativa al Servicio de&nbsp; Mantenimiento a Equipos Electrom\u00e9dicos y Electromec\u00e1nicos de las, Unidades Aplicativas de Sesver 2024<\/li>\n<\/ul>\n\n\n\n<ul class=\"wp-block-list\">\n<li><a href=\"https:\/\/www.ssaver.gob.mx\/adquisiciones\/licitaciones-2024\/licitaciones-publicas-nacionales-2024\/licitacion-publica-nacional-lpn-103t00000-026-2024\/\" target=\"_blank\" rel=\"noreferrer noopener\">Licitaci\u00f3n P\u00fablica Nacional LPN-103T00000-026-2024 <\/a><br>Relativa&nbsp; a&nbsp; la \u00bbAdquisici\u00f3n de Equipamiento Electromec\u00e1nico&nbsp; y&nbsp; M\u00e9dico&nbsp; Especializado para&nbsp; Diversas&nbsp; Unidades&nbsp; Hospitalarias pertenecientes&nbsp; a&nbsp; Servicios&nbsp; de&nbsp; Salud&nbsp; de Veracruz,&nbsp; con&nbsp; Recurso&nbsp; FISE&nbsp; 2024\u00bb, Segunda Convocatoria<\/li>\n<\/ul>\n\n\n\n<ul class=\"wp-block-list\">\n<li><a href=\"https:\/\/www.ssaver.gob.mx\/adquisiciones\/licitaciones-2024\/licitaciones-publicas-nacionales-2024\/licitacion-publica-nacional-lpn-103t00000-025-2024\/\" target=\"_blank\" rel=\"noreferrer noopener\">Licitaci\u00f3n P\u00fablica Nacional LPN-103T00000-025-2024 <\/a><br>Relativa a la \u201cAdquisici\u00f3n de Equipamiento para el Hospital de la Comunidad de Naranjos y Hospital de Salud Mental de Orizaba Dr. V\u00edctor M. Concha V\u00e1zquez\u201d, Segunda Convocatoria<\/li>\n<\/ul>\n\n\n\n<ul class=\"wp-block-list\">\n<li><a href=\"https:\/\/www.ssaver.gob.mx\/adquisiciones\/licitaciones-2024\/licitaciones-publicas-nacionales-2024\/licitacion-publica-nacional-lpn-103t00000-024-2024\/\" target=\"_blank\" rel=\"noreferrer noopener\">Licitaci\u00f3n P\u00fablica Nacional LPN-103T00000-024-2024 <\/a><br>Relativa&nbsp; a la Adquisici\u00f3n&nbsp; de&nbsp; reactivos&nbsp; con&nbsp; equipo&nbsp; en&nbsp; comodato&nbsp; para&nbsp; el proceso&nbsp; anal\u00edtico&nbsp; correspondiente&nbsp; a&nbsp; los&nbsp; programas&nbsp; Estatales&nbsp; de&nbsp; Control,&nbsp; de Vectores,&nbsp; VIH Sida&nbsp; e ITS,&nbsp; Tuberculosis,&nbsp; Chagas, Rubiola, Sarampion y Rotavirus<\/li>\n<\/ul>\n\n\n\n<ul class=\"wp-block-list\">\n<li><a href=\"https:\/\/www.ssaver.gob.mx\/adquisiciones\/licitaciones-2024\/licitaciones-publicas-nacionales-2024\/licitacion-publica-nacional-lpn-103t00000-023-2024\/\" target=\"_blank\" rel=\"noreferrer noopener\">Licitaci\u00f3n P\u00fablica Nacional LPN-103T00000-023-2024 <\/a><br>Adquisici\u00f3n&nbsp; de Medicamento y Material de Curaci\u00f3n para las Unidades de Primero y Segundo Nivel de SESVER<\/li>\n<\/ul>\n\n\n\n<ul class=\"wp-block-list\">\n<li><a href=\"https:\/\/www.ssaver.gob.mx\/adquisiciones\/licitaciones-2024\/licitaciones-publicas-nacionales-2024\/licitacion-publica-nacional-lpn-103t00000-022-2024\/\" target=\"_blank\" rel=\"noreferrer noopener\">Licitaci\u00f3n P\u00fablica Nacional LPN-103T00000-022-2024 <\/a><br>Adquisici\u00f3n de Sistema Fotovoltaico, Planta de Emergencia y Sistema de Almacenamiento para el Hospital Regional de Coatzacoalcos y Hospital de Alta Especialidad de Veracruz.<\/li>\n<\/ul>\n\n\n\n<ul class=\"wp-block-list\">\n<li><a href=\"https:\/\/www.ssaver.gob.mx\/adquisiciones\/licitaciones-2024\/licitaciones-publicas-nacionales-2024\/licitacion-publica-nacional-lpn-103t00000-021-2024\/\" target=\"_blank\" rel=\"noreferrer noopener\">Licitaci\u00f3n P\u00fablica Nacional LPN-103T00000-021-2024 <\/a><br>Relativa a la Adquisici\u00f3n de \u201cVeh\u00edculos Terrestres Destinados a Servicios P\u00fablicos y Operaci\u00f3n de Programas P\u00fablicos, Segunda Convocatoria<\/li>\n<\/ul>\n\n\n\n<ul class=\"wp-block-list\">\n<li><a href=\"https:\/\/www.ssaver.gob.mx\/adquisiciones\/licitaciones-2024\/licitaciones-publicas-nacionales-2024\/licitacion-publica-nacional-lpn-103t00000-020-2024\/\" target=\"_blank\" rel=\"noreferrer noopener\">Licitaci\u00f3n P\u00fablica Nacional LPN-103T00000-020-2024 <\/a><br>Relativa a la Contrataci\u00f3n Abierta del Servicio M\u00f3vil de Estudios de Gabinete, Laboratorio Cl\u00ednico y Servicio Dental B\u00e1sico<\/li>\n<\/ul>\n\n\n\n<ul class=\"wp-block-list\">\n<li><a href=\"https:\/\/www.ssaver.gob.mx\/adquisiciones\/licitaciones-2024\/licitaciones-publicas-nacionales-2024\/licitacion-publica-nacional-lpn-103t00000-019-2024\/\" target=\"_blank\" rel=\"noreferrer noopener\">Licitaci\u00f3n P\u00fablica Nacional LPN-103T00000-019-2024 <\/a><br>Relativa&nbsp; a&nbsp; la \u00bbAdquisici\u00f3n de Equipamiento Electromec\u00e1nico&nbsp; y&nbsp; M\u00e9dico&nbsp; Especializado para&nbsp; Diversas&nbsp; Unidades&nbsp; Hospitalarias pertenecientes&nbsp; a&nbsp; Servicios&nbsp; de&nbsp; Salud&nbsp; de Veracruz,&nbsp; con&nbsp; Recurso&nbsp; FISE&nbsp; 2024\u00bb  <\/li>\n<\/ul>\n\n\n\n<ul class=\"wp-block-list\">\n<li><a href=\"https:\/\/www.ssaver.gob.mx\/adquisiciones\/licitaciones-2024\/licitaciones-publicas-nacionales-2024\/licitacion-publica-nacional-lpn-103t00000-018-2024\/\" target=\"_blank\" rel=\"noreferrer noopener\">Licitaci\u00f3n P\u00fablica Nacional LPN-103T00000-018-2024 <\/a><br>Relativa&nbsp; a&nbsp; la&nbsp; \u00abAdquisici\u00f3n&nbsp; de Equipamiento&nbsp; para&nbsp; el&nbsp; Hospital&nbsp; de&nbsp; la Comunidad&nbsp; de&nbsp; Naranjos&nbsp; y&nbsp; Hospital&nbsp; de&nbsp; Salud Mental&nbsp; de&nbsp; Orizaba&nbsp; Dr.&nbsp; Victor&nbsp; M.&nbsp; Concha V\u00e1zquez\u00bb<\/li>\n<\/ul>\n\n\n\n<ul class=\"wp-block-list\">\n<li><a href=\"https:\/\/www.ssaver.gob.mx\/adquisiciones\/licitaciones-2024\/licitaciones-publicas-nacionales-2024\/licitacion-publica-nacional-lpn-103t00000-017-2024\/\" target=\"_blank\" rel=\"noreferrer noopener\">Licitaci\u00f3n P\u00fablica Nacional LPN-103T00000-017-2024 <\/a><br>Relativa a la Adquisici\u00f3n de \u201cVeh\u00edculos Terrestres Destinados a Servicios P\u00fablicos y Operaci\u00f3n de Programas P\u00fablicos\u201d<\/li>\n<\/ul>\n\n\n\n<ul class=\"wp-block-list\">\n<li><a href=\"https:\/\/www.ssaver.gob.mx\/adquisiciones\/licitaciones-2024\/licitaciones-publicas-nacionales-2024\/licitacion-publica-nacional-lpn-103t00000-016-2024\/\" target=\"_blank\" rel=\"noreferrer noopener\">Licitaci\u00f3n P\u00fablica Nacional LPN-103T00000-016-2024 <\/a><br>Relativa a la Adquisici\u00f3n de Bienes e Insumos Diversos para la Direcci\u00f3n de Salud P\u00fablica de SESVER.<\/li>\n<\/ul>\n\n\n\n<ul class=\"wp-block-list\">\n<li><a href=\"https:\/\/www.ssaver.gob.mx\/adquisiciones\/licitaciones-2024\/licitaciones-publicas-nacionales-2024\/licitacion-publica-nacional-lpn-103t00000-015-2024\/\">Licitaci\u00f3n P\u00fablica Nacional LPN-103T00000-015-2024 <\/a><br>Relativa a la Contrataci\u00f3n del Servicio de Fletes y Maniobras de Carga y Descarga<\/li>\n<\/ul>\n\n\n\n<ul class=\"wp-block-list\">\n<li><a href=\"https:\/\/www.ssaver.gob.mx\/adquisiciones\/licitaciones-2024\/licitaciones-publicas-nacionales-2024\/licitacion-publica-nacional-lpn-103t00000-014-2024\/\" target=\"_blank\" rel=\"noreferrer noopener\">Licitaci\u00f3n P\u00fablica Nacional LPN-103T00000-014-2024 <\/a><br>Relativa a la Contrataci\u00f3n del \u201cServicio Subrogado de Alimentos y Bebidas para Servicios de Salud de Veracruz\u201d<\/li>\n<\/ul>\n\n\n\n<ul class=\"wp-block-list\">\n<li><a href=\"https:\/\/www.ssaver.gob.mx\/adquisiciones\/licitaciones-2024\/licitaciones-publicas-nacionales-2024\/licitacion-publica-nacional-lpn-103t00000-013-2024\/\" target=\"_blank\" rel=\"noreferrer noopener\">Licitaci\u00f3n P\u00fablica Nacional LPN-103T00000-013-2024 <\/a><br>Relativa a la \u201cContrataci\u00f3n del Servicio Subrogado de Lavander\u00eda para la Red Hospitalaria de Servicios de Salud de Veracruz, el cual Comprende el&nbsp; Lavado y Suministro de Ropa\u201d<\/li>\n<\/ul>\n\n\n\n<ul class=\"wp-block-list\">\n<li><a href=\"https:\/\/www.ssaver.gob.mx\/adquisiciones\/licitaciones-2024\/licitaciones-publicas-nacionales-2024\/licitacion-publica-nacional-lpn-103t00000-012-2024\/\" target=\"_blank\" rel=\"noreferrer noopener\">Licitaci\u00f3n P\u00fablica Nacional LPN-103T00000-012-2024 <\/a><br>Contrataci\u00f3n del Servicio Subrogado de Recolecci\u00f3n, Transporte Externo, Tratamiento y Disposici\u00f3n Final de Residuos Peligrosos Biol\u00f3gico Infecciosos, Recolecci\u00f3n de L\u00edquidos Cansados de Rayos X, Soluciones Gastadas de Laboratorio, Placas Radiogr\u00e1ficas Usadas, L\u00e1mparas Fluorescentes y de Vapor de Mercurio, Medicamentos Caducos y Personal de Recolecci\u00f3n Interna de los Residuos Peligrosos Generados en los Hospitales de SESVER<\/li>\n<\/ul>\n\n\n\n<ul class=\"wp-block-list\">\n<li><a href=\"https:\/\/www.ssaver.gob.mx\/adquisiciones\/licitaciones-2024\/licitaciones-publicas-nacionales-2024\/licitacion-publica-nacional-lpn-103t00000-011-2024\/\" target=\"_blank\" rel=\"noreferrer noopener\">Licitaci\u00f3n P\u00fablica Nacional LPN-103T00000-011-2024<\/a> <br>Relativa a la Contrataci\u00f3n del Servicio Subrogado de: \u00abLimpieza de Oficinas Centrales, Jurisdicciones Sanitarias, Hospitales, Laboratorio Estatal de Salud P\u00fablica, Centro Estatal de Transfusi\u00f3n Sangu\u00ednea, Asilos, Hogar del Ni\u00f1o, Capasits y Centros de Salud Dependientes de SESVER\u00bb<\/li>\n<\/ul>\n\n\n\n<ul class=\"wp-block-list\">\n<li><a href=\"https:\/\/www.ssaver.gob.mx\/adquisiciones\/licitaciones-2024\/licitaciones-publicas-nacionales-2024\/licitacion-publica-nacional-lpn-103t00000-010-2024\/\">Licitaci\u00f3n P\u00fablica Nacional LPN-103T00000-010-2024 <\/a><br>Relativa a la \u201cContrataci\u00f3n Abierta del Suministro de Material de Osteos\u00edntesis y Endopr\u00f3tesis para Unidades Hospitalarias Pertenecientes a Servicios de Salud de Veracruz\u201d<\/li>\n<\/ul>\n\n\n\n<ul class=\"wp-block-list\">\n<li><a href=\"https:\/\/www.ssaver.gob.mx\/adquisiciones\/licitaciones-2024\/licitaciones-publicas-nacionales-2024\/licitacion-publica-nacional-lpn-103t00000-009-2024\/\" target=\"_blank\" rel=\"noreferrer noopener\">Licitaci\u00f3n P\u00fablica Nacional LPN-103T00000-009-2024 <\/a><br>Contrataci\u00f3n Abierta del Servicio de Hemodinamia para Diversas Unidades Hospitalarias Pertenecientes a Servicios de Salud de Veracruz para el Periodo Mayo \u2013 Diciembre 2024\u201d<\/li>\n<\/ul>\n\n\n\n<ul class=\"wp-block-list\">\n<li><a href=\"https:\/\/www.ssaver.gob.mx\/adquisiciones\/licitaciones-2024\/licitaciones-publicas-nacionales-2024\/licitacion-publica-nacional-lpn-103t00000-008-2024\/\" target=\"_blank\" rel=\"noreferrer noopener\">Licitaci\u00f3n P\u00fablica Nacional LPN-103T00000-008-2024<\/a> <br>Relativa a la Contrataci\u00f3n Abierta del \u201cServicio de Laparoscop\u00eda, Endoscop\u00eda y Artroscop\u00eda para Diversas Unidades Hospitalarias Pertenecientes a Servicios de Salud de Veracruz\u201d<\/li>\n<\/ul>\n\n\n\n<ul class=\"wp-block-list\">\n<li><a href=\"https:\/\/www.ssaver.gob.mx\/adquisiciones\/licitaciones-2024\/licitaciones-publicas-nacionales-2024\/licitacion-publica-nacional-lpn-103t00000-007-2024\/\" target=\"_blank\" rel=\"noreferrer noopener\">Licitaci\u00f3n P\u00fablica Nacional LPN-103T00000-007-2024 <\/a><br>Relativa a la Contrataci\u00f3n Abierta del Servicio de Arrendamiento de Equipo de Imagenolog\u00eda para Diversas Unidades Hospitalarias Pertenecientes a Servicios de Salud de Veracruz<\/li>\n<\/ul>\n\n\n\n<ul class=\"wp-block-list\">\n<li><a href=\"https:\/\/www.ssaver.gob.mx\/adquisiciones\/licitaciones-2024\/licitaciones-publicas-nacionales-2024\/licitacion-publica-nacional-lpn-103t00000-006-2024\/\">Licitaci\u00f3n P\u00fablica Nacional LPN-103T00000-006-2024 <\/a><br>Relativa a la Contrataci\u00f3n Abierta del Servicio de Suministro de Insumos de Laboratorio de Patolog\u00eda y Gen\u00e9tica para Diversas Unidades Hospitalarias Pertenecientes a Servicios de Salud de Veracruz<\/li>\n<\/ul>\n\n\n\n<ul class=\"wp-block-list\">\n<li><a href=\"https:\/\/www.ssaver.gob.mx\/adquisiciones\/licitaciones-2024\/licitaciones-publicas-nacionales-2024\/licitacion-publica-nacional-lpn-103t00000-005-2024\/\" target=\"_blank\" rel=\"noreferrer noopener\">Licitaci\u00f3n P\u00fablica Nacional LPN-103T00000-005-2024 <\/a><br>Relativa a la Contrataci\u00f3n Abierta del Servicio de Anestesia para las Unidades Hospitalarias Pertenecientes a Servicios de Salud de Veracruz<\/li>\n<\/ul>\n\n\n\n<ul class=\"wp-block-list\">\n<li><a href=\"https:\/\/www.ssaver.gob.mx\/adquisiciones\/licitaciones-2024\/licitaciones-publicas-nacionales-2024\/licitacion-publica-nacional-lpn-103t00000-004-2024\/\" target=\"_blank\" rel=\"noreferrer noopener\">Licitaci\u00f3n P\u00fablica Nacional LPN-103T00000-004-2024 <\/a><br>Relativa a la Contrataci\u00f3n Abierta del Suministro de Pruebas de Bancos de Sangre, Centros de Colecta y Transfusi\u00f3n Sangu\u00ednea para Diversas Unidades Hospitalarias, pertenecientes a Servicios de Salud de Veracruz y Centro Estatal de la Transfusi\u00f3n Sangu\u00ednea<\/li>\n<\/ul>\n\n\n\n<ul class=\"wp-block-list\">\n<li><a href=\"https:\/\/www.ssaver.gob.mx\/adquisiciones\/licitaciones-2024\/licitaciones-publicas-nacionales-2024\/licitacion-publica-nacional-lpn-103t00000-003-2024\/\" target=\"_blank\" rel=\"noreferrer noopener\">Licitaci\u00f3n P\u00fablica Nacional LPN-103T00000-003-2024 <\/a><br>Relativa&nbsp; a la Contrataci\u00f3n&nbsp; Abierta&nbsp; del&nbsp; \u00bbServicio&nbsp; de&nbsp; Hemodi\u00e1lisis&nbsp; y Terapia&nbsp; de&nbsp; Reemplazo&nbsp; Renal&nbsp; Continuo&nbsp; para&nbsp; Diversas Unidades&nbsp; Hospitalarias&nbsp; pertenecientes&nbsp; a&nbsp; Servicios&nbsp; de Salud&nbsp; de&nbsp; Veracruz\u00bb<\/li>\n<\/ul>\n\n\n\n<ul class=\"wp-block-list\">\n<li><a href=\"https:\/\/www.ssaver.gob.mx\/adquisiciones\/licitaciones-2024\/licitaciones-publicas-nacionales-2024\/licitacion-publica-nacional-lpn-103t00000-002-2024\/\" target=\"_blank\" rel=\"noreferrer noopener\">Licitaci\u00f3n P\u00fablica Nacional LPN-103T00000-002-2024 <\/a><br>Relativa a la Contrataci\u00f3n Abierta del Suministro de Pruebas de Laboratorio Cl\u00ednico para las Unidades M\u00e9dicas pertenecientes a Servicios de Salud de Veracruz<\/li>\n<\/ul>\n\n\n\n<ul class=\"wp-block-list\">\n<li><a href=\"https:\/\/www.ssaver.gob.mx\/adquisiciones\/licitaciones-2024\/licitaciones-publicas-nacionales-2024\/licitacion-publica-nacional-lpn-103t00000-001-2024\/\">Licitaci\u00f3n P\u00fablica Nacional LPN-103T00000-001-2024 <\/a><br>Relativa a la Contrataci\u00f3n de P\u00f3liza de Seguro \u201cVida B\u00e1sica\u201d (40 Meses de sueldo base) para Trabajadores Adscritos a Servicios de Salud de Veracruz<\/li>\n<\/ul>\n<\/div>\n<\/div>\n\n\n\n<p><\/p>\n<\/div>\n","protected":false},"excerpt":{"rendered":"","protected":false},"author":6,"featured_media":0,"parent":7806,"menu_order":1,"comment_status":"closed","ping_status":"closed","template":"","meta":{"colormag_page_container_layout":"default_layout","colormag_page_sidebar_layout":"default_layout","footnotes":""},"class_list":["post-7823","page","type-page","status-publish","hentry"],"_links":{"self":[{"href":"https:\/\/www.ssaver.gob.mx\/adquisiciones\/wp-json\/wp\/v2\/pages\/7823","targetHints":{"allow":["GET"]}}],"collection":[{"href":"https:\/\/www.ssaver.gob.mx\/adquisiciones\/wp-json\/wp\/v2\/pages"}],"about":[{"href":"https:\/\/www.ssaver.gob.mx\/adquisiciones\/wp-json\/wp\/v2\/types\/page"}],"author":[{"embeddable":true,"href":"https:\/\/www.ssaver.gob.mx\/adquisiciones\/wp-json\/wp\/v2\/users\/6"}],"replies":[{"embeddable":true,"href":"https:\/\/www.ssaver.gob.mx\/adquisiciones\/wp-json\/wp\/v2\/comments?post=7823"}],"version-history":[{"count":48,"href":"https:\/\/www.ssaver.gob.mx\/adquisiciones\/wp-json\/wp\/v2\/pages\/7823\/revisions"}],"predecessor-version":[{"id":11973,"href":"https:\/\/www.ssaver.gob.mx\/adquisiciones\/wp-json\/wp\/v2\/pages\/7823\/revisions\/11973"}],"up":[{"embeddable":true,"href":"https:\/\/www.ssaver.gob.mx\/adquisiciones\/wp-json\/wp\/v2\/pages\/7806"}],"wp:attachment":[{"href":"https:\/\/www.ssaver.gob.mx\/adquisiciones\/wp-json\/wp\/v2\/media?parent=7823"}],"curies":[{"name":"wp","href":"https:\/\/api.w.org\/{rel}","templated":true}]}}