{"id":789,"date":"2022-06-21T18:46:15","date_gmt":"2022-06-21T23:46:15","guid":{"rendered":"https:\/\/www.ssaver.gob.mx\/adquisiciones\/?page_id=789"},"modified":"2026-03-27T12:00:03","modified_gmt":"2026-03-27T18:00:03","slug":"licitacion-simplificada-ls-103t00000-007-2022","status":"publish","type":"page","link":"https:\/\/www.ssaver.gob.mx\/adquisiciones\/licitaciones-2022\/licitaciones-simplificadas-2022\/001-020\/licitacion-simplificada-ls-103t00000-007-2022\/","title":{"rendered":"Licitacion Simplificada LS-103T00000-007-2022"},"content":{"rendered":"\n<div class=\"wp-block-group is-layout-constrained wp-container-core-group-is-layout-9517baca wp-block-group-is-layout-constrained\">\n<hr class=\"wp-block-separator has-text-color has-alpha-channel-opacity has-background is-style-wide\" style=\"background-color:#d8bf31;color:#d8bf31\" \/>\n\n\n\n<ul style=\"color:#5b4c0d;background-color:#fff4e0\" class=\"wp-block-list has-text-color has-background has-medium-font-size\">\n<li><strong><strong><strong><strong><strong><strong><strong><strong><strong><strong>Relativa a la Contrataci\u00f3n Abierta del Servicio Subrogado de Agua Purificada a Oficinas Centrales, Subdirecci\u00f3n de Ense\u00f1anza, Investigaci\u00f3n y Capacitaci\u00f3n, \u00d3rgano Interno de Control, Plaza Macuilt\u00e9petl, Administraci\u00f3n del Patrimonio de la Beneficencia P\u00fablica (PBP), Departamento de Vigilancia Epidemiol\u00f3gica, Comisi\u00f3n Estatal contra las Adicciones, Almac\u00e9n &lt;&lt;A&gt;&gt;, Almac\u00e9n &lt;&lt;B&gt;&gt;, Instituto Veracruzano de Salud Mental &lt;&lt;Dr. Rafael Velasco Fern\u00e1ndez&gt;&gt;, Centro Estatal de Cancerolog\u00eda &lt;&lt;Dr. Miguel Dorantes Mesa&gt;&gt; (CECAN) y Centro de Atenci\u00f3n Infantil (CAI), Dependientes de Servicios de Salud de Veracruz<\/strong><\/strong><\/strong><\/strong><\/strong><\/strong><\/strong><\/strong><\/strong><\/strong>\n<ul class=\"wp-block-list\">\n<li><a href=\"https:\/\/www.ssaver.gob.mx\/adquisiciones\/wp-content\/uploads\/sites\/5\/2022\/06\/Oficios-de-Invitacion-LS-103T00000-007-2022.pdf\" target=\"_blank\" rel=\"noreferrer noopener\">Oficios de Invitaci\u00f3n<\/a><\/li>\n\n\n\n<li><a href=\"https:\/\/www.ssaver.gob.mx\/adquisiciones\/wp-content\/uploads\/sites\/5\/2022\/06\/Bases-de-Participacion-y-Anexos-LS-103T00000-007-2022.pdf\" target=\"_blank\" rel=\"noreferrer noopener\">Bases y Anexos<\/a><\/li>\n\n\n\n<li><a href=\"https:\/\/www.ssaver.gob.mx\/adquisiciones\/wp-content\/uploads\/sites\/5\/2022\/06\/Proposiciones-Tecnicas-y-Economicas-LS-103T00000-007-2022.pdf\" target=\"_blank\" rel=\"noreferrer noopener\">Acta de Apertura de Proposiciones<\/a><\/li>\n\n\n\n<li><a href=\"https:\/\/www.ssaver.gob.mx\/adquisiciones\/wp-content\/uploads\/sites\/5\/2022\/06\/Dictamen-Tecnico-Economico-LS-103T00000-007-2022.pdf\" target=\"_blank\" rel=\"noreferrer noopener\">Dictamen T\u00e9cnico y Econ\u00f3mico (Acta de Fallo)<\/a><\/li>\n\n\n\n<li><a href=\"https:\/\/www.ssaver.gob.mx\/adquisiciones\/wp-content\/uploads\/sites\/5\/2022\/06\/Notificacion-de-Fallo-LS-103T00000-007-2022.pdf\" target=\"_blank\" rel=\"noreferrer noopener\">Notificaci\u00f3n de Fallo<\/a><\/li>\n\n\n\n<li><a href=\"https:\/\/www.ssaver.gob.mx\/adquisiciones\/wp-content\/uploads\/sites\/5\/2022\/07\/SESVER_DA_C-103_2022-AFECTADO-C.pdf\" target=\"_blank\" rel=\"noreferrer noopener\">Contrato No. 0103 de 2022<\/a><\/li>\n<\/ul>\n<\/li>\n<\/ul>\n<\/div>\n","protected":false},"excerpt":{"rendered":"","protected":false},"author":7,"featured_media":0,"parent":3696,"menu_order":7,"comment_status":"closed","ping_status":"closed","template":"","meta":{"colormag_page_container_layout":"default_layout","colormag_page_sidebar_layout":"default_layout","footnotes":""},"class_list":["post-789","page","type-page","status-publish","hentry"],"_links":{"self":[{"href":"https:\/\/www.ssaver.gob.mx\/adquisiciones\/wp-json\/wp\/v2\/pages\/789","targetHints":{"allow":["GET"]}}],"collection":[{"href":"https:\/\/www.ssaver.gob.mx\/adquisiciones\/wp-json\/wp\/v2\/pages"}],"about":[{"href":"https:\/\/www.ssaver.gob.mx\/adquisiciones\/wp-json\/wp\/v2\/types\/page"}],"author":[{"embeddable":true,"href":"https:\/\/www.ssaver.gob.mx\/adquisiciones\/wp-json\/wp\/v2\/users\/7"}],"replies":[{"embeddable":true,"href":"https:\/\/www.ssaver.gob.mx\/adquisiciones\/wp-json\/wp\/v2\/comments?post=789"}],"version-history":[{"count":8,"href":"https:\/\/www.ssaver.gob.mx\/adquisiciones\/wp-json\/wp\/v2\/pages\/789\/revisions"}],"predecessor-version":[{"id":11704,"href":"https:\/\/www.ssaver.gob.mx\/adquisiciones\/wp-json\/wp\/v2\/pages\/789\/revisions\/11704"}],"up":[{"embeddable":true,"href":"https:\/\/www.ssaver.gob.mx\/adquisiciones\/wp-json\/wp\/v2\/pages\/3696"}],"wp:attachment":[{"href":"https:\/\/www.ssaver.gob.mx\/adquisiciones\/wp-json\/wp\/v2\/media?parent=789"}],"curies":[{"name":"wp","href":"https:\/\/api.w.org\/{rel}","templated":true}]}}