{"id":7894,"date":"2024-03-01T12:05:21","date_gmt":"2024-03-01T18:05:21","guid":{"rendered":"https:\/\/www.ssaver.gob.mx\/adquisiciones\/?page_id=7894"},"modified":"2026-03-31T11:08:05","modified_gmt":"2026-03-31T17:08:05","slug":"adjudicacion-directa-federal-2023","status":"publish","type":"page","link":"https:\/\/www.ssaver.gob.mx\/adquisiciones\/licitaciones-2023\/adjudicacion-directa-federal-2023\/","title":{"rendered":"Adjudicaci\u00f3n Directa Federal 2023"},"content":{"rendered":"\n<div class=\"wp-block-group is-layout-constrained wp-container-core-group-is-layout-9517baca wp-block-group-is-layout-constrained\">\n<hr class=\"wp-block-separator has-text-color has-alpha-channel-opacity has-background is-style-wide\" style=\"background-color:#d8bf31;color:#d8bf31\" \/>\n\n\n\n<ul style=\"background-color:#fff4e0\" class=\"wp-block-list has-background\">\n<li><strong><strong><strong>Contratos Adjudicados de acuerdo a la modalidad<\/strong><\/strong><\/strong><a rel=\"noreferrer noopener\" href=\"https:\/\/www.ssaver.gob.mx\/pae\/wp-content\/uploads\/sites\/18\/2022\/07\/2TdR_FASSA_2022.pdf\" target=\"_blank\"><\/a><a rel=\"noreferrer noopener\" href=\"https:\/\/www.ssaver.gob.mx\/adquisiciones\/wp-content\/uploads\/sites\/5\/2022\/08\/Resumen-de-Convocatoria-LA-930010996-E1-2022.pdf\" target=\"_blank\"><\/a>\n\n\n\n\n\n\n\n\n\n\n\n\n\n\n\n\n\n\n\n\n\n\n\n\n\n\n\n\n\n\n\n\n\n\n\n\n\n\n\n\n\n\n\n\n\n\n\n\n\n\n\n\n\n\n\n\n\n\n\n\n\n\n\n\n\n\n\n\n<ul class=\"wp-block-list\">\n<li><a href=\"https:\/\/www.ssaver.gob.mx\/adquisiciones\/wp-content\/uploads\/sites\/5\/2022\/08\/Resumen-de-Convocatoria-LA-930010996-E1-2022.pdf\" target=\"_blank\" rel=\"noreferrer noopener\"><\/a><a href=\"https:\/\/www.ssaver.gob.mx\/adquisiciones\/wp-content\/uploads\/sites\/5\/2024\/02\/SESVER_DA_C-309_2023-AFECTADO-C.pdf\"><strong>2023-SESVER-DA-C-309-2023<\/strong> <\/a><br>Diversos&nbsp; Bienes&nbsp; e&nbsp; Insumos&nbsp; para&nbsp; el&nbsp; Programa Fortalecimiento&nbsp; a&nbsp; la Atenci\u00f3n&nbsp; Medica.(N6)<\/li>\n<\/ul>\n\n\n\n<ul class=\"wp-block-list\">\n<li><a href=\"https:\/\/www.ssaver.gob.mx\/adquisiciones\/wp-content\/uploads\/sites\/5\/2022\/08\/Resumen-de-Convocatoria-LA-930010996-E1-2022.pdf\" target=\"_blank\" rel=\"noreferrer noopener\"><\/a><a href=\"https:\/\/www.ssaver.gob.mx\/adquisiciones\/wp-content\/uploads\/sites\/5\/2024\/01\/SESVER_DA_C-255_2023-AFECTADO-C.pdf\"><strong>2023-SESVER-DA-C-255-2023<\/strong> <\/a><br>Adquisici\u00f3n,&nbsp; Instalaci\u00f3n&nbsp; y Puesta&nbsp; en&nbsp; Marcha&nbsp; de&nbsp; Relojes Checadores&nbsp; Biom\u00e9tricos&nbsp; para&nbsp; la&nbsp; Comisi\u00f3n&nbsp; Estatal&nbsp; Contra&nbsp; las&nbsp; Adicciones. (N7)<\/li>\n<\/ul>\n\n\n\n<ul class=\"wp-block-list\">\n<li><a href=\"https:\/\/www.ssaver.gob.mx\/adquisiciones\/wp-content\/uploads\/sites\/5\/2022\/08\/Resumen-de-Convocatoria-LA-930010996-E1-2022.pdf\" target=\"_blank\" rel=\"noreferrer noopener\"><\/a><a href=\"https:\/\/www.ssaver.gob.mx\/adquisiciones\/wp-content\/uploads\/sites\/5\/2024\/01\/SESVER_DA_C-254_2023-AFECTADO-C.pdf\" target=\"_blank\" rel=\"noreferrer noopener\"><strong>2023-SESVER-DA-C-254-2023<\/strong> <\/a><br>Adquisici\u00f3n&nbsp; de&nbsp; Bienes&nbsp; Inform\u00e1ticos&nbsp; para&nbsp; la&nbsp; Comisi\u00f3n Estatal Contra&nbsp; las&nbsp; Adicciones.(N7)<\/li>\n<\/ul>\n\n\n\n<ul class=\"wp-block-list\">\n<li><a href=\"https:\/\/www.ssaver.gob.mx\/adquisiciones\/wp-content\/uploads\/sites\/5\/2022\/08\/Resumen-de-Convocatoria-LA-930010996-E1-2022.pdf\" target=\"_blank\" rel=\"noreferrer noopener\"><\/a><strong><a href=\"https:\/\/www.ssaver.gob.mx\/adquisiciones\/wp-content\/uploads\/sites\/5\/2024\/01\/SESVER_DA_C-223_2023-AFECTADO-C.pdf\" target=\"_blank\" rel=\"noreferrer noopener\">2023-SESVER_DA_C-223-2023<\/a><\/strong><br>Servicio de Mantenimiento Correctivo y Refacciones a las Unidades M\u00e9dicas M\u00f3viles pertenecientes al Programa de Fortalecimiento a la Atenci\u00f3n M\u00e9dica (PFAM) de Servicios de Salud de Veracruz (N4)<\/li>\n<\/ul>\n\n\n\n<ul class=\"wp-block-list\">\n<li><a href=\"https:\/\/www.ssaver.gob.mx\/adquisiciones\/wp-content\/uploads\/sites\/5\/2022\/08\/Resumen-de-Convocatoria-LA-930010996-E1-2022.pdf\" target=\"_blank\" rel=\"noreferrer noopener\"><\/a><strong><a href=\"https:\/\/www.ssaver.gob.mx\/adquisiciones\/wp-content\/uploads\/sites\/5\/2024\/01\/SESVER_DA_C-222_2023-AFECTADO-C.pdf\" target=\"_blank\" rel=\"noreferrer noopener\">2023-SESVER_DA_C-222-2023<\/a><\/strong><br>Servicio de Mantenimiento Correctivo y Refacciones a las Unidades M\u00e9dicas M\u00f3viles pertenecientes al Programa de Fortalecimiento a la Atenci\u00f3n M\u00e9dica (PFAM) de Servicios de Salud de Veracruz (N4)<\/li>\n<\/ul>\n\n\n\n<ul class=\"wp-block-list\">\n<li><a href=\"https:\/\/www.ssaver.gob.mx\/adquisiciones\/wp-content\/uploads\/sites\/5\/2022\/08\/Resumen-de-Convocatoria-LA-930010996-E1-2022.pdf\" target=\"_blank\" rel=\"noreferrer noopener\"><\/a><strong><a href=\"https:\/\/www.ssaver.gob.mx\/adquisiciones\/wp-content\/uploads\/sites\/5\/2024\/01\/SESVER_DA_C-221_2023-AFECTADO-C.pdf\" target=\"_blank\" rel=\"noreferrer noopener\">2023-SESVER_DA_C-221-2023<\/a><\/strong><br>Servicio de Mantenimiento Correctivo y Refacciones a las Unidades M\u00e9dicas M\u00f3viles pertenecientes al Programa de Fortalecimiento a la Atenci\u00f3n M\u00e9dica (PFAM) de Servicios de Salud de Veracruz (N4)<\/li>\n\n\n\n<li><a href=\"https:\/\/www.ssaver.gob.mx\/adquisiciones\/wp-content\/uploads\/sites\/5\/2022\/08\/Resumen-de-Convocatoria-LA-930010996-E1-2022.pdf\" target=\"_blank\" rel=\"noreferrer noopener\"><\/a><a href=\"https:\/\/www.ssaver.gob.mx\/adquisiciones\/wp-content\/uploads\/sites\/5\/2024\/01\/SESVER_DA_P-018_2023-AFECTADO-C.pdf\"><strong>2023-SESVER-DA-P-018-2023<\/strong> <\/a><br>Vestuario&nbsp; y&nbsp; Uniformes&nbsp; para&nbsp; la&nbsp; Comisi\u00f3n Estatal&nbsp; Contra&nbsp; las Adicciones.(N2)<\/li>\n<\/ul>\n<\/li>\n<\/ul>\n<\/div>\n","protected":false},"excerpt":{"rendered":"","protected":false},"author":6,"featured_media":0,"parent":4117,"menu_order":9,"comment_status":"closed","ping_status":"closed","template":"","meta":{"colormag_page_container_layout":"default_layout","colormag_page_sidebar_layout":"default_layout","footnotes":""},"class_list":["post-7894","page","type-page","status-publish","hentry"],"_links":{"self":[{"href":"https:\/\/www.ssaver.gob.mx\/adquisiciones\/wp-json\/wp\/v2\/pages\/7894","targetHints":{"allow":["GET"]}}],"collection":[{"href":"https:\/\/www.ssaver.gob.mx\/adquisiciones\/wp-json\/wp\/v2\/pages"}],"about":[{"href":"https:\/\/www.ssaver.gob.mx\/adquisiciones\/wp-json\/wp\/v2\/types\/page"}],"author":[{"embeddable":true,"href":"https:\/\/www.ssaver.gob.mx\/adquisiciones\/wp-json\/wp\/v2\/users\/6"}],"replies":[{"embeddable":true,"href":"https:\/\/www.ssaver.gob.mx\/adquisiciones\/wp-json\/wp\/v2\/comments?post=7894"}],"version-history":[{"count":11,"href":"https:\/\/www.ssaver.gob.mx\/adquisiciones\/wp-json\/wp\/v2\/pages\/7894\/revisions"}],"predecessor-version":[{"id":11967,"href":"https:\/\/www.ssaver.gob.mx\/adquisiciones\/wp-json\/wp\/v2\/pages\/7894\/revisions\/11967"}],"up":[{"embeddable":true,"href":"https:\/\/www.ssaver.gob.mx\/adquisiciones\/wp-json\/wp\/v2\/pages\/4117"}],"wp:attachment":[{"href":"https:\/\/www.ssaver.gob.mx\/adquisiciones\/wp-json\/wp\/v2\/media?parent=7894"}],"curies":[{"name":"wp","href":"https:\/\/api.w.org\/{rel}","templated":true}]}}