{"id":8150,"date":"2024-03-26T10:10:51","date_gmt":"2024-03-26T16:10:51","guid":{"rendered":"https:\/\/www.ssaver.gob.mx\/adquisiciones\/?page_id=8150"},"modified":"2026-04-01T11:26:49","modified_gmt":"2026-04-01T17:26:49","slug":"licitaciones-publicas-estatales-2024","status":"publish","type":"page","link":"https:\/\/www.ssaver.gob.mx\/adquisiciones\/licitaciones-2024\/licitaciones-publicas-estatales-2024\/","title":{"rendered":"Licitaciones P\u00fablicas Estatales 2024"},"content":{"rendered":"\n<div class=\"wp-block-group is-layout-constrained wp-container-core-group-is-layout-9517baca wp-block-group-is-layout-constrained\">\n<hr class=\"wp-block-separator has-text-color has-alpha-channel-opacity has-background is-style-wide\" style=\"background-color:#d8bf31;color:#d8bf31\" \/>\n\n\n\n<p class=\"has-text-color has-background\" style=\"color:#5b4c0d;background-color:#fff4e0\"><a href=\"https:\/\/www.ssaver.gob.mx\/adquisiciones\/licitaciones-2024\/licitaciones-publicas-nacionales-2024\/licitacion-publica-estatal-lpe-103t00000-001-2024\/\" target=\"_blank\" rel=\"noreferrer noopener\">Licitaci\u00f3n P\u00fablica Estatal LPE-103T00000-001-2024 <\/a><br>Relativa a la Contrataci\u00f3n Abierta del Suministro de Insumos para el Servicio de Terapia de Cierre Asistido por Vacio<\/p>\n<\/div>\n","protected":false},"excerpt":{"rendered":"<p>Licitaci\u00f3n P\u00fablica Estatal LPE-103T00000-001-2024 Relativa a la Contrataci\u00f3n Abierta del Suministro de Insumos para el Servicio de Terapia de Cierre<\/p>\n","protected":false},"author":6,"featured_media":0,"parent":7806,"menu_order":1,"comment_status":"closed","ping_status":"closed","template":"","meta":{"colormag_page_container_layout":"default_layout","colormag_page_sidebar_layout":"default_layout","footnotes":""},"class_list":["post-8150","page","type-page","status-publish","hentry"],"_links":{"self":[{"href":"https:\/\/www.ssaver.gob.mx\/adquisiciones\/wp-json\/wp\/v2\/pages\/8150","targetHints":{"allow":["GET"]}}],"collection":[{"href":"https:\/\/www.ssaver.gob.mx\/adquisiciones\/wp-json\/wp\/v2\/pages"}],"about":[{"href":"https:\/\/www.ssaver.gob.mx\/adquisiciones\/wp-json\/wp\/v2\/types\/page"}],"author":[{"embeddable":true,"href":"https:\/\/www.ssaver.gob.mx\/adquisiciones\/wp-json\/wp\/v2\/users\/6"}],"replies":[{"embeddable":true,"href":"https:\/\/www.ssaver.gob.mx\/adquisiciones\/wp-json\/wp\/v2\/comments?post=8150"}],"version-history":[{"count":6,"href":"https:\/\/www.ssaver.gob.mx\/adquisiciones\/wp-json\/wp\/v2\/pages\/8150\/revisions"}],"predecessor-version":[{"id":12224,"href":"https:\/\/www.ssaver.gob.mx\/adquisiciones\/wp-json\/wp\/v2\/pages\/8150\/revisions\/12224"}],"up":[{"embeddable":true,"href":"https:\/\/www.ssaver.gob.mx\/adquisiciones\/wp-json\/wp\/v2\/pages\/7806"}],"wp:attachment":[{"href":"https:\/\/www.ssaver.gob.mx\/adquisiciones\/wp-json\/wp\/v2\/media?parent=8150"}],"curies":[{"name":"wp","href":"https:\/\/api.w.org\/{rel}","templated":true}]}}