{"id":8285,"date":"2024-04-12T15:05:54","date_gmt":"2024-04-12T20:05:54","guid":{"rendered":"https:\/\/www.ssaver.gob.mx\/adquisiciones\/?page_id=8285"},"modified":"2026-04-01T11:41:57","modified_gmt":"2026-04-01T17:41:57","slug":"licitacion-publica-nacional-lpn-103t00000-011-2024","status":"publish","type":"page","link":"https:\/\/www.ssaver.gob.mx\/adquisiciones\/licitaciones-2024\/licitaciones-publicas-nacionales-2024\/licitacion-publica-nacional-lpn-103t00000-011-2024\/","title":{"rendered":"Licitaci\u00f3n P\u00fablica Nacional LPN-103T00000-011-2024"},"content":{"rendered":"\n<div class=\"wp-block-group is-layout-constrained wp-container-core-group-is-layout-9517baca wp-block-group-is-layout-constrained\">\n<hr class=\"wp-block-separator has-text-color has-alpha-channel-opacity has-background is-style-wide\" style=\"background-color:#d8bf31;color:#d8bf31\" \/>\n\n\n\n<div class=\"wp-block-group has-text-color has-background is-layout-constrained wp-block-group-is-layout-constrained\" style=\"color:#5b4c0d;background-color:#fff4e0\">\n<p><strong><strong><strong>Relativa a la Contrataci\u00f3n del Servicio Subrogado de: \u00abLimpieza de Oficinas Centrales, Jurisdicciones Sanitarias, Hospitales, Laboratorio Estatal de Salud P\u00fablica, Centro Estatal de Transfusi\u00f3n Sangu\u00ednea, Asilos, Hogar del Ni\u00f1o, Capasits y Centros de Salud Dependientes de SESVER\u00bb<\/strong><\/strong><\/strong><\/p>\n\n\n\n<ul class=\"wp-block-list\">\n<li><a href=\"https:\/\/www.ssaver.gob.mx\/adquisiciones\/wp-content\/uploads\/sites\/5\/2024\/04\/CONVOCATORIA-No.-12.pdf\" target=\"_blank\" rel=\"noreferrer noopener\">Convocatoria<\/a><\/li>\n\n\n\n<li><a href=\"https:\/\/www.ssaver.gob.mx\/adquisiciones\/wp-content\/uploads\/sites\/5\/2024\/04\/BASES-Y-ANEXOS-LPN-103T00000-011-2024_0001_compressed.pdf\" target=\"_blank\" rel=\"noreferrer noopener\">Bases y Anexos<\/a><\/li>\n\n\n\n<li><a href=\"https:\/\/www.ssaver.gob.mx\/adquisiciones\/wp-content\/uploads\/sites\/5\/2024\/04\/Acta-de-junta-de-aclaraciones-LPN-103T00000-011-2023_compressed.pdf\" target=\"_blank\" rel=\"noreferrer noopener\">Acta de junta de aclaraciones<\/a> (Cancelada)<\/li>\n<\/ul>\n<\/div>\n<\/div>\n","protected":false},"excerpt":{"rendered":"<p>Relativa a la Contrataci\u00f3n del Servicio Subrogado de: \u00abLimpieza de Oficinas Centrales, Jurisdicciones Sanitarias, Hospitales, Laboratorio Estatal de Salud P\u00fablica,<\/p>\n","protected":false},"author":6,"featured_media":0,"parent":7823,"menu_order":11,"comment_status":"closed","ping_status":"closed","template":"","meta":{"colormag_page_container_layout":"default_layout","colormag_page_sidebar_layout":"default_layout","footnotes":""},"class_list":["post-8285","page","type-page","status-publish","hentry"],"_links":{"self":[{"href":"https:\/\/www.ssaver.gob.mx\/adquisiciones\/wp-json\/wp\/v2\/pages\/8285","targetHints":{"allow":["GET"]}}],"collection":[{"href":"https:\/\/www.ssaver.gob.mx\/adquisiciones\/wp-json\/wp\/v2\/pages"}],"about":[{"href":"https:\/\/www.ssaver.gob.mx\/adquisiciones\/wp-json\/wp\/v2\/types\/page"}],"author":[{"embeddable":true,"href":"https:\/\/www.ssaver.gob.mx\/adquisiciones\/wp-json\/wp\/v2\/users\/6"}],"replies":[{"embeddable":true,"href":"https:\/\/www.ssaver.gob.mx\/adquisiciones\/wp-json\/wp\/v2\/comments?post=8285"}],"version-history":[{"count":7,"href":"https:\/\/www.ssaver.gob.mx\/adquisiciones\/wp-json\/wp\/v2\/pages\/8285\/revisions"}],"predecessor-version":[{"id":12239,"href":"https:\/\/www.ssaver.gob.mx\/adquisiciones\/wp-json\/wp\/v2\/pages\/8285\/revisions\/12239"}],"up":[{"embeddable":true,"href":"https:\/\/www.ssaver.gob.mx\/adquisiciones\/wp-json\/wp\/v2\/pages\/7823"}],"wp:attachment":[{"href":"https:\/\/www.ssaver.gob.mx\/adquisiciones\/wp-json\/wp\/v2\/media?parent=8285"}],"curies":[{"name":"wp","href":"https:\/\/api.w.org\/{rel}","templated":true}]}}