{"id":8357,"date":"2024-04-16T20:53:33","date_gmt":"2024-04-17T01:53:33","guid":{"rendered":"https:\/\/www.ssaver.gob.mx\/adquisiciones\/?page_id=8357"},"modified":"2026-03-31T11:31:56","modified_gmt":"2026-03-31T17:31:56","slug":"adjudicaciones-estatales-directas-por-excepcion-de-ley-001-020","status":"publish","type":"page","link":"https:\/\/www.ssaver.gob.mx\/adquisiciones\/licitaciones-2024\/adjudicaciones-estatales-directas-por-excepcion-de-ley-2\/adjudicaciones-estatales-directas-por-excepcion-de-ley-001-020\/","title":{"rendered":"Adjudicaciones Estatales Directas por Excepci\u00f3n de Ley 001-020"},"content":{"rendered":"\n<div class=\"wp-block-group is-layout-constrained wp-container-core-group-is-layout-9517baca wp-block-group-is-layout-constrained\">\n<hr class=\"wp-block-separator has-text-color has-alpha-channel-opacity has-background is-style-wide\" style=\"background-color:#d8bf31;color:#d8bf31\" \/>\n\n\n\n<div class=\"wp-block-columns is-layout-flex wp-container-core-columns-is-layout-28f84493 wp-block-columns-is-layout-flex\">\n<div class=\"wp-block-column has-background is-layout-flow wp-block-column-is-layout-flow\" style=\"background-color:#fff4e0;flex-basis:100%\">\n<p class=\"has-text-color has-background has-medium-font-size\" style=\"color:#5b4c0d;background-color:#fff4e0\"><strong><strong><strong>Contratos Adjudicados de acuerdo a la modalida<\/strong><\/strong>d<\/strong><\/p>\n\n\n\n<ul class=\"wp-block-list has-medium-font-size\">\n<li><strong><a href=\"https:\/\/www.ssaver.gob.mx\/adquisiciones\/wp-content\/uploads\/sites\/5\/2024\/07\/SESVER_DA_C-020_2024-AFECTADO-C.pdf\" target=\"_blank\" rel=\"noreferrer noopener\">2024-SESVER_DA_C-020-2024<\/a><\/strong><br>Servicio Subrogado de Combustible, a Trav\u00e9s de Monederos Electr\u00f3nicos<\/li>\n<\/ul>\n\n\n\n<ul class=\"wp-block-list has-medium-font-size\">\n<li><strong><a href=\"https:\/\/www.ssaver.gob.mx\/adquisiciones\/wp-content\/uploads\/sites\/5\/2024\/07\/SESVER_DA_C-019_2024-AFECTADO-C.pdf\" target=\"_blank\" rel=\"noreferrer noopener\">2024-SESVER_DA_C-019-2024<\/a><\/strong><br>Servicio Subrogado de Combustible, a Trav\u00e9s de Monederos Electr\u00f3nicos<\/li>\n<\/ul>\n\n\n\n<ul class=\"wp-block-list has-medium-font-size\">\n<li><strong><a href=\"https:\/\/www.ssaver.gob.mx\/adquisiciones\/wp-content\/uploads\/sites\/5\/2024\/04\/SESVER_DA_C-018_2024-AFECTADO-C.pdf\" target=\"_blank\" rel=\"noreferrer noopener\">2024-SESVER_DA_C-018-2024<\/a><\/strong><br>Servicio Subrogado de Oxigeno Domiciliario para la Red Hospitalaria de Servicios de Salud de Veracruz<\/li>\n<\/ul>\n\n\n\n<ul class=\"wp-block-list has-medium-font-size\">\n<li><strong><a href=\"https:\/\/www.ssaver.gob.mx\/adquisiciones\/wp-content\/uploads\/sites\/5\/2024\/05\/SESVER_DA_C-017_2024-AFECTADO-C.pdf\" target=\"_blank\" rel=\"noreferrer noopener\">2024-SESVER_DA_C-017-2024<\/a><\/strong><br>Servicio&nbsp; Subrogado&nbsp; de&nbsp; Agua&nbsp; Purificada&nbsp; en&nbsp; Oficinas Centrales,&nbsp; Subdirecci\u00f3n&nbsp; de&nbsp; Ense\u00f1anza&nbsp; Investigaci\u00f3n&nbsp; y&nbsp; Capacitaci\u00f3n,&nbsp; \u00d3rgano Interno&nbsp; de&nbsp; Control,&nbsp; plaza&nbsp; macuiltepetl,&nbsp; administracion&nbsp; del&nbsp; Patrimonio&nbsp; de&nbsp; la Beneficencia&nbsp; P\u00fablica&nbsp; (PBP),&nbsp; departamento&nbsp; de vigilancia&nbsp; epidemiol\u00f3gica,&nbsp; comisi\u00f3n estatal&nbsp; contra&nbsp; las adicciones,&nbsp; almac\u00e9n&nbsp; \u00abA\u201d,&nbsp; almac\u00e9n \u00abB\u201d,&nbsp; Instituto &nbsp;Veracruzano de&nbsp; Salud&nbsp; Mental&nbsp; Dr.&nbsp; Rafael&nbsp; Velasco&nbsp; Fern\u00e1ndez,&nbsp; Centro&nbsp; Estatal&nbsp; de&nbsp; Cancerolog\u00eda \u00abDr.&nbsp; Miguel&nbsp; Dorantes&nbsp; Mesa\u00bb&nbsp; (CECAN)&nbsp; y&nbsp; Centro&nbsp; de&nbsp; Atenci\u00f3n&nbsp; Infantil&nbsp; (CAI), dependientes&nbsp; de Servicios&nbsp; de Salud&nbsp; de Veracruz.<\/li>\n<\/ul>\n\n\n\n<ul class=\"wp-block-list has-medium-font-size\">\n<li><strong><a href=\"https:\/\/www.ssaver.gob.mx\/adquisiciones\/wp-content\/uploads\/sites\/5\/2024\/04\/SESVER_DA_C-016_2024-AFECTADO-C.pdf\" target=\"_blank\" rel=\"noreferrer noopener\">2024-SESVER_DA_C-016-2024<\/a><\/strong><br>Servicio Subrogado de Recolecci\u00f3n, Transporte Externo, Tratamiento y Disposici\u00f3n Final de Residuos Peligrosos Biol\u00f3gicos Infecciosos, Recolecci\u00f3n de L\u00edquids Cansados de Rayos X, Soluciones Gastadas de Laboratorio, Placas Radiogr\u00e1ficas Caducos y Personal de Recolecci\u00f3n Interna de los Residuos Peligrosos Generados en los Hospitales de SESVER<\/li>\n<\/ul>\n\n\n\n<ul class=\"wp-block-list has-medium-font-size\">\n<li><strong><a href=\"https:\/\/www.ssaver.gob.mx\/adquisiciones\/wp-content\/uploads\/sites\/5\/2024\/04\/SESVER_DA_C-015_2024-AFECTADO-C.pdf\" target=\"_blank\" rel=\"noreferrer noopener\">2024-SESVER_DA_C-015-2024<\/a><\/strong><br>Contrataci\u00f3n Abierta del Servicio Subrogado de Fotocopiado para Diversas Unidades Aplicativas de Servicios de Salud de Veracruz<\/li>\n<\/ul>\n\n\n\n<ul class=\"wp-block-list has-medium-font-size\">\n<li><strong><a href=\"https:\/\/www.ssaver.gob.mx\/adquisiciones\/wp-content\/uploads\/sites\/5\/2024\/04\/SESVER_DA_C-014_2024-AFECTADO-C.pdf\" target=\"_blank\" rel=\"noreferrer noopener\">2024-SESVER_DA_C-014-2024<\/a><\/strong><br>Servicio de Fletes y Maniobras de Carga y Descarga<\/li>\n<\/ul>\n\n\n\n<ul class=\"wp-block-list has-medium-font-size\">\n<li><strong><a href=\"https:\/\/www.ssaver.gob.mx\/adquisiciones\/wp-content\/uploads\/sites\/5\/2024\/04\/SESVER_DA_C-013_2024-AFECTADO-C.pdf\">2024-SESVER_DA_C-013-2024<\/a><\/strong><br>Contrataci\u00f3n Abierta del Suministro de Insumos para el Servicio de Terapia de Cierre Asistido por Vac\u00edo (Vac)<\/li>\n<\/ul>\n\n\n\n<ul class=\"wp-block-list has-medium-font-size\">\n<li><strong><a href=\"https:\/\/www.ssaver.gob.mx\/adquisiciones\/wp-content\/uploads\/sites\/5\/2024\/04\/SESVER_DA_C-012_2024-AFECTADO-C.pdf\" target=\"_blank\" rel=\"noreferrer noopener\">2024-SESVER_DA_C-012-2024<\/a><\/strong><br>Servicio de Suministro de Material de Osteos\u00edntesis y Endopr\u00f3tesis para las Unidades Hospitalarias pertenecientes a Servicios de Salud de Veracruz<\/li>\n<\/ul>\n\n\n\n<ul class=\"wp-block-list has-medium-font-size\">\n<li><strong><a href=\"https:\/\/www.ssaver.gob.mx\/adquisiciones\/wp-content\/uploads\/sites\/5\/2024\/04\/SESVER_DA_C-011_2024-AFECTADO-C.pdf\" target=\"_blank\" rel=\"noreferrer noopener\">2024-SESVER_DA_C-011-2024<\/a><\/strong><br>Contrataci\u00f3n Abierta del Servicio de Hemodinamia en el Centro de Alta Especialidad Dr. Rafael Lucio, Hospital de Alta Especialidad de Veracruz y Hospital Regional de Xalapa, Dr. Luis F. Nachon, pertenecientes a Servicios de Salud de Veracruz<\/li>\n<\/ul>\n\n\n\n<ul class=\"wp-block-list has-medium-font-size\">\n<li><strong><a href=\"https:\/\/www.ssaver.gob.mx\/adquisiciones\/wp-content\/uploads\/sites\/5\/2024\/04\/SESVER_DA_C-010_2024-AFECTADO-C.pdf\" target=\"_blank\" rel=\"noreferrer noopener\">2024-SESVER_DA_C-010-2024<\/a><\/strong><br>Servicio de Laparoscop\u00eda, Endoscop\u00eda y Artroscopia para Diversas Unidades Hospitalarias pertenecientes a Servicios de Salud de Veracruz (Periodo Enero \u2013 Abril &nbsp;2024)<\/li>\n<\/ul>\n\n\n\n<ul class=\"wp-block-list has-medium-font-size\">\n<li><strong><a href=\"https:\/\/www.ssaver.gob.mx\/adquisiciones\/wp-content\/uploads\/sites\/5\/2024\/04\/SESVER_DA_C-009_2024-AFECTADO-C.pdf\" target=\"_blank\" rel=\"noreferrer noopener\">2024-SESVER_DA_C-009-2024<\/a><\/strong><br>Servicio Integral de Hemodi\u00e1lisis para Diversas Unidades Hospitalarias pertenecientes a Servicios de Salud de Veracruz<\/li>\n<\/ul>\n\n\n\n<ul class=\"wp-block-list has-medium-font-size\">\n<li><strong><a href=\"https:\/\/www.ssaver.gob.mx\/adquisiciones\/wp-content\/uploads\/sites\/5\/2024\/04\/SESVER_DA_C-008_2024-AFECTADO-C.pdf\" target=\"_blank\" rel=\"noreferrer noopener\">2024-SESVER_DA_C-008-2024<\/a><\/strong><br>Servicio d Anestesia para los Hospitales pertenecientes a Servicios de Salud de Veracruz (Periodo Enero \u2013 Abril &nbsp;2024).<\/li>\n<\/ul>\n\n\n\n<ul class=\"wp-block-list has-medium-font-size\">\n<li><strong><a href=\"https:\/\/www.ssaver.gob.mx\/adquisiciones\/wp-content\/uploads\/sites\/5\/2024\/04\/SESVER_DA_C-007_2024-AFECTADO-C.pdf\" target=\"_blank\" rel=\"noreferrer noopener\">2024-SESVER_DA_C-007-2024<\/a><\/strong><br>Servicio de Arrendamiento de Equipo para las \u00c1reas de Imagenolog\u00eda de las Unidades Hospitalarias de SESVER<\/li>\n<\/ul>\n\n\n\n<ul class=\"wp-block-list has-medium-font-size\">\n<li><strong><a href=\"https:\/\/www.ssaver.gob.mx\/adquisiciones\/wp-content\/uploads\/sites\/5\/2024\/04\/SESVER_DA_C-006_2024-AFECTADO-C.pdf\" target=\"_blank\" rel=\"noreferrer noopener\">2024-SESVER_DA_C-006-2024<\/a><\/strong><br>Servicio de Arrendamiento de Equipo para las \u00c1reas de Imagenolog\u00eda de las Unidades Hospitalarias de SESVER<\/li>\n<\/ul>\n\n\n\n<ul class=\"wp-block-list has-medium-font-size\">\n<li><strong><a href=\"https:\/\/www.ssaver.gob.mx\/adquisiciones\/wp-content\/uploads\/sites\/5\/2024\/04\/SESVER_DA_C-005_2024-AFECTADO-C.pdf\" target=\"_blank\" rel=\"noreferrer noopener\">2024-SESVER_DA_C-005-2024<\/a><\/strong><br>Contrataci\u00f3n Abierta del Servicio de Suministro de Insumos de Laboratorio de Patolog\u00eda y Gen\u00e9tica para Diversas Unidades Hospitalarias pertenecientes a Servicios de Salud de Veracruz<\/li>\n<\/ul>\n\n\n\n<ul class=\"wp-block-list has-medium-font-size\">\n<li><strong><a href=\"https:\/\/www.ssaver.gob.mx\/adquisiciones\/wp-content\/uploads\/sites\/5\/2024\/04\/SESVER_DA_C-004_2024-AFECTADO-C.pdf\" target=\"_blank\" rel=\"noreferrer noopener\">2024-SESVER_DA_C-004-2024<\/a><\/strong><br>Pruebas&nbsp; de&nbsp; Bancos&nbsp; de&nbsp; Sangre,&nbsp; Centros&nbsp; de&nbsp; Colecta&nbsp; y Servicios&nbsp; de&nbsp; Transfusi\u00f3n&nbsp; de&nbsp; las&nbsp; Unidades&nbsp; M\u00e9dicas&nbsp; y&nbsp; Centro&nbsp; Estatal&nbsp; de Transfusi\u00f3n&nbsp; Sangu\u00ednea&nbsp; pertenecientes&nbsp; a&nbsp; Servicios&nbsp; de&nbsp; Salud&nbsp; de&nbsp; Veracruz (Periodo&nbsp; Enero-Abril 2024).<\/li>\n<\/ul>\n\n\n\n<ul class=\"wp-block-list has-medium-font-size\">\n<li><strong><a href=\"https:\/\/www.ssaver.gob.mx\/adquisiciones\/wp-content\/uploads\/sites\/5\/2024\/04\/SESVER_DA_C-003_2024-AFECTADO-C.pdf\" target=\"_blank\" rel=\"noreferrer noopener\">2024-SESVER_DA_C-003-2024<\/a><\/strong><br>Contrataci\u00f3n&nbsp; Abierta&nbsp; del&nbsp; Suministro&nbsp; de&nbsp; Pruebas&nbsp; de Laboratorio&nbsp; Cl\u00ednico&nbsp; para las&nbsp; Unidades&nbsp; M\u00e9dicas&nbsp; pertenecientes a&nbsp; Servicios&nbsp; de Salud&nbsp; de Veracruz (Periodo&nbsp; Enero-Abril&nbsp; 2024).<\/li>\n<\/ul>\n\n\n\n<ul class=\"wp-block-list has-medium-font-size\">\n<li><strong><a href=\"https:\/\/www.ssaver.gob.mx\/adquisiciones\/wp-content\/uploads\/sites\/5\/2024\/04\/SESVER_DA_C-002_2024-AFECTADO-C.pdf\" target=\"_blank\" rel=\"noreferrer noopener\">2024-SESVER_DA_C-002-2024<\/a><\/strong><br>Servicio&nbsp; Subrogado&nbsp; de&nbsp; Alimentos&nbsp; y Bebidas&nbsp; para Servicios&nbsp; de Salud&nbsp; de Veracruz.<\/li>\n<\/ul>\n\n\n\n<ul class=\"wp-block-list has-medium-font-size\">\n<li><strong><a href=\"https:\/\/www.ssaver.gob.mx\/adquisiciones\/wp-content\/uploads\/sites\/5\/2024\/04\/SESVER_DA_C-001_2024-AFECTADO-C.pdf\" target=\"_blank\" rel=\"noreferrer noopener\">2024-SESVER_DA_C-001-2024<\/a><\/strong><br>Servicio&nbsp; Subrogado&nbsp; de&nbsp; Alimentos&nbsp; y Bebidas&nbsp; para Servicios&nbsp; de Salud&nbsp; de Veracruz.<\/li>\n<\/ul>\n<\/div>\n<\/div>\n<\/div>\n","protected":false},"excerpt":{"rendered":"<p>Contratos Adjudicados de acuerdo a la modalidad<\/p>\n","protected":false},"author":6,"featured_media":0,"parent":7817,"menu_order":1,"comment_status":"closed","ping_status":"closed","template":"","meta":{"colormag_page_container_layout":"default_layout","colormag_page_sidebar_layout":"default_layout","footnotes":""},"class_list":["post-8357","page","type-page","status-publish","hentry"],"_links":{"self":[{"href":"https:\/\/www.ssaver.gob.mx\/adquisiciones\/wp-json\/wp\/v2\/pages\/8357","targetHints":{"allow":["GET"]}}],"collection":[{"href":"https:\/\/www.ssaver.gob.mx\/adquisiciones\/wp-json\/wp\/v2\/pages"}],"about":[{"href":"https:\/\/www.ssaver.gob.mx\/adquisiciones\/wp-json\/wp\/v2\/types\/page"}],"author":[{"embeddable":true,"href":"https:\/\/www.ssaver.gob.mx\/adquisiciones\/wp-json\/wp\/v2\/users\/6"}],"replies":[{"embeddable":true,"href":"https:\/\/www.ssaver.gob.mx\/adquisiciones\/wp-json\/wp\/v2\/comments?post=8357"}],"version-history":[{"count":8,"href":"https:\/\/www.ssaver.gob.mx\/adquisiciones\/wp-json\/wp\/v2\/pages\/8357\/revisions"}],"predecessor-version":[{"id":12018,"href":"https:\/\/www.ssaver.gob.mx\/adquisiciones\/wp-json\/wp\/v2\/pages\/8357\/revisions\/12018"}],"up":[{"embeddable":true,"href":"https:\/\/www.ssaver.gob.mx\/adquisiciones\/wp-json\/wp\/v2\/pages\/7817"}],"wp:attachment":[{"href":"https:\/\/www.ssaver.gob.mx\/adquisiciones\/wp-json\/wp\/v2\/media?parent=8357"}],"curies":[{"name":"wp","href":"https:\/\/api.w.org\/{rel}","templated":true}]}}