{"id":8368,"date":"2024-04-17T13:11:04","date_gmt":"2024-04-17T18:11:04","guid":{"rendered":"https:\/\/www.ssaver.gob.mx\/adquisiciones\/?page_id=8368"},"modified":"2026-03-31T11:32:39","modified_gmt":"2026-03-31T17:32:39","slug":"adjudicaciones-estatales-directas-por-excepcion-de-ley-021-040","status":"publish","type":"page","link":"https:\/\/www.ssaver.gob.mx\/adquisiciones\/licitaciones-2024\/adjudicaciones-estatales-directas-por-excepcion-de-ley-2\/adjudicaciones-estatales-directas-por-excepcion-de-ley-021-040\/","title":{"rendered":"Adjudicaciones Estatales Directas por Excepci\u00f3n de Ley 021-040"},"content":{"rendered":"\n<div class=\"wp-block-group is-layout-constrained wp-container-core-group-is-layout-9517baca wp-block-group-is-layout-constrained\">\n<hr class=\"wp-block-separator has-text-color has-alpha-channel-opacity has-background is-style-wide\" style=\"background-color:#d8bf31;color:#d8bf31\" \/>\n\n\n\n<div class=\"wp-block-columns is-layout-flex wp-container-core-columns-is-layout-28f84493 wp-block-columns-is-layout-flex\">\n<div class=\"wp-block-column has-background is-layout-flow wp-block-column-is-layout-flow\" style=\"background-color:#fff4e0;flex-basis:100%\">\n<p class=\"has-text-color has-background has-medium-font-size\" style=\"color:#5b4c0d;background-color:#fff4e0\"><strong><strong><strong>Contratos Adjudicados de acuerdo a la modalida<\/strong><\/strong>d<\/strong><\/p>\n\n\n\n<ul class=\"wp-block-list has-medium-font-size\">\n<li><strong><a href=\"https:\/\/www.ssaver.gob.mx\/adquisiciones\/wp-content\/uploads\/sites\/5\/2024\/05\/SESVER_DA_C-040_2024-AFECTADO-C.pdf\" target=\"_blank\" rel=\"noreferrer noopener\">2024-SESVER_DA_C-040-2024<\/a><\/strong><br>Poliza&nbsp; para&nbsp; el Servicio&nbsp; de&nbsp; Mantenimiento&nbsp; preventivo&nbsp; y \/o correctivo&nbsp; anual&nbsp; de&nbsp; 8&nbsp; Tom\u00f3grafos&nbsp; de&nbsp; las&nbsp; siguientes&nbsp; unidades:&nbsp; Hospital regional&nbsp; de&nbsp; Poza&nbsp; Rica,&nbsp; Centro&nbsp; Estatal&nbsp; de&nbsp; Cancerolog\u00eda&nbsp; \u00abDr.&nbsp; Miguel&nbsp; Dorantes Mesa\u00bb,&nbsp; centro&nbsp; de&nbsp; Alta&nbsp; Especialidad&nbsp; \u00abDr.&nbsp; Rafael&nbsp; Lucio\u00bb,&nbsp; hospital&nbsp; regional&nbsp; de Xalapa&nbsp; \u00abDr.&nbsp; Luis&nbsp; F.&nbsp; Nach\u00f3n,&nbsp; Hospital&nbsp; Regional&nbsp; de&nbsp; R\u00edo&nbsp; Blanco,&nbsp; Hospital&nbsp; de&nbsp; Alta Especialidad&nbsp; de&nbsp; Veracruz&nbsp; Torre&nbsp; Pedi\u00e1trica,&nbsp; Hospital&nbsp; Regional&nbsp; de Coatzacoalcos&nbsp; \u00abDr.&nbsp; Valent\u00edn&nbsp; G\u00f3mez&nbsp; Far\u00edas\u00bb;&nbsp; y&nbsp; un&nbsp; equipo&nbsp; de&nbsp; angiograf\u00eda&nbsp; del centro&nbsp; de&nbsp; Alta&nbsp; Especialidad&nbsp; \u00abDr.&nbsp; Rafael&nbsp; Lucio\u00bb,&nbsp; pertenecientes&nbsp; a&nbsp; Servicios&nbsp; de Salud&nbsp; de&nbsp; Veracruz.<\/li>\n<\/ul>\n\n\n\n<ul class=\"wp-block-list has-medium-font-size\">\n<li><strong><a href=\"https:\/\/www.ssaver.gob.mx\/adquisiciones\/wp-content\/uploads\/sites\/5\/2024\/07\/SESVER_DA_C-039_2024-AFECTADO-C.pdf\" target=\"_blank\" rel=\"noreferrer noopener\">2024-SESVER_DA_C-039-2024<\/a><\/strong><br>Contrataci\u00f3n de las P\u00f3lizas de Mantenimiento Preventivo y\/o Correctivo a la Resonancia Magn\u00e9tica de Campo Cerrado Marca Philips Modelo Achieva 1.5t, Con N\u00famero de Serie 32813, N\u00famero de Inventario 007784, la P\u00f3liza de Servicio de Mantenimiento Preventivo y\/o Correctivo a la Gammac\u00e1mara de Doble Cabezal Marca Philips, Modelo Bright-View, N\u00famero de Serie An4000694 y N\u00famero de Inventario Cecan38-0137, Ubicada en el \u00c1rea de Medicina&nbsp; Nuclear del Centro Estatal de Cancerolog\u00eda \u201cDr. Miguel Dorantes Mesa\u201d, y la P\u00f3liza de Mantenimiento Correctivo y Preventivo al Equipo de Arco en C, Marca Philips Modelo Allura Xper Fd 10 1200, N\u00famero de Serie 722010120, N\u00famero de Inventario 12695, de la Sala de Hemodinamia Ubicada en Hospital Regional de Xalapa \u201cDr. Luis F. Nach\u00f3n\u201d, pertenecientes a Servicios de Salud de Veracruz para el Periodo Correspondiente de la Firma del Contrato yHasta el 31 De Diciembre Del 2024.<\/li>\n<\/ul>\n\n\n\n<ul class=\"wp-block-list has-medium-font-size\">\n<li><strong><a href=\"https:\/\/www.ssaver.gob.mx\/adquisiciones\/wp-content\/uploads\/sites\/5\/2024\/05\/SESVER_DA_C-038_2024-AFECTADO-C.pdf\" target=\"_blank\" rel=\"noreferrer noopener\">2024-SESVER_DA_C-038-2024<\/a><\/strong><br>Suministro&nbsp; de&nbsp; Helio&nbsp; Liquido&nbsp; de&nbsp; Alta&nbsp; Pureza&nbsp; para&nbsp; los Equipos&nbsp; de&nbsp; Resonancia&nbsp; Magn\u00e9tica&nbsp; del&nbsp; Centro&nbsp; de&nbsp; Alta&nbsp; Especialidad&nbsp; \u00abDr.&nbsp; Rafael Lucio\u00bb&nbsp; y&nbsp; el&nbsp; Centro&nbsp; Estatal&nbsp; de&nbsp; Cancerolog\u00eda&nbsp; \u00abDr.&nbsp; Miguel&nbsp; Dorantes&nbsp; Mesa\u00bb,&nbsp; para&nbsp; el Ejercicio&nbsp; 2024.<\/li>\n\n\n\n<li><strong><a href=\"https:\/\/www.ssaver.gob.mx\/adquisiciones\/wp-content\/uploads\/sites\/5\/2024\/04\/SESVER_DA_C-037_2024-AFECTADO-C.pdf\" target=\"_blank\" rel=\"noreferrer noopener\">2024-SESVER_DA_C-037-2024<\/a><\/strong><br>Servicio Especializado para el Procesamiento de 49,783 Pruebas de Tamiz Metabolico Neonatal (Clave C810800067)<\/li>\n<\/ul>\n\n\n\n<ul class=\"wp-block-list has-medium-font-size\">\n<li><strong><a href=\"https:\/\/www.ssaver.gob.mx\/adquisiciones\/wp-content\/uploads\/sites\/5\/2024\/05\/SESVER_DA_C-036_2024-AFECTADO-C.pdf\" target=\"_blank\" rel=\"noreferrer noopener\">2024-SESVER_DA_C-036-2024<\/a><\/strong><br>P\u00f3liza de Mantenimiento Preventivo y\/o Correctivo Anual al Acelerador Lineal marca (elekta) modelo sinergy platform con n\u00famero de serie \u00ab154010\u00bb y no. de inventario 008110 por cuatro visitas de mantenimiento hasta el 31 de diciembre de 2024 y la contrataci\u00f3n de la p\u00f3liza de mantenimiento preventivo y\/o correctivo anual a equipo braquiterapia marca nucletron de fuentes radiactivas de iridio 192, por tres visitas hasta el 31 de diciembre de 2024, instalados dentro del Centro Estatal de Cancerolog\u00eda \u00abDr. Miguel Dorantes Mesa\u00bb<\/li>\n<\/ul>\n\n\n\n<ul class=\"wp-block-list has-medium-font-size\">\n<li><strong><a href=\"https:\/\/www.ssaver.gob.mx\/adquisiciones\/wp-content\/uploads\/sites\/5\/2024\/07\/SESVER_DA_C-035_2024-AFECTADO-C.pdf\" target=\"_blank\" rel=\"noreferrer noopener\">2024-SESVER_DA_C-035-2024<\/a><\/strong><br>Servicio de la P\u00f3liza de Mantenimiento Preventivo y\/o Correctivo a los Elevadores de Unidades Hospitalarias de SESVER<\/li>\n<\/ul>\n\n\n\n<ul class=\"wp-block-list has-medium-font-size\">\n<li><strong><a href=\"https:\/\/www.ssaver.gob.mx\/adquisiciones\/wp-content\/uploads\/sites\/5\/2024\/07\/SESVER_DA_C-034_2024-AFECTADO-C.pdf\">2024-SESVER_DA_C-034-2024<\/a><\/strong><br>Servicio Subrogado de Limpieza a Oficinas Centrales, Jurisdicciones Sanitarias, Hospitales, Laboratorio Estatal de Salud P\u00fablica, Centro Estatal de Transfusi\u00f3n Sangu\u00ednea, Asilos, Hogar del Ni\u00f1o, Capasits y Centros de Salud Dependientes de SESVER<\/li>\n<\/ul>\n\n\n\n<ul class=\"wp-block-list has-medium-font-size\">\n<li><strong><a href=\"https:\/\/www.ssaver.gob.mx\/adquisiciones\/wp-content\/uploads\/sites\/5\/2024\/06\/SESVER_DA_C-033_2024-AFECTADO-C.pdf\" target=\"_blank\" rel=\"noreferrer noopener\">2024-SESVER_DA_C-033-2024<\/a><\/strong><br>Contrataci\u00f3n&nbsp; de&nbsp; la&nbsp; P\u00f3liza&nbsp; del&nbsp; Servicio&nbsp; de Mantenimiento&nbsp; a&nbsp; un&nbsp; Microscopio&nbsp; para&nbsp; Neurocjrugia&nbsp; de&nbsp; la&nbsp; Marca CARL&nbsp; ZEISS, MODELO&nbsp; OPMI&nbsp; PENTERO&nbsp; 800,&nbsp; Serie&nbsp; 664172.0804,&nbsp; Inventario&nbsp; Haev360035l4,&nbsp; del Hospital&nbsp; de Alta Especialidad&nbsp; de&nbsp; Veracruz<\/li>\n<\/ul>\n\n\n\n<ul class=\"wp-block-list has-medium-font-size\">\n<li><a href=\"https:\/\/www.ssaver.gob.mx\/adquisiciones\/wp-content\/uploads\/sites\/5\/2024\/04\/SESVER_DA_C-032_2024-AFECTADO-C.pdf\" target=\"_blank\" rel=\"noreferrer noopener\"><strong>2024-SESVER_DA_C-032-2024<\/strong><br><\/a>P\u00f3liza de Mantenimiento Preventivo y\/o Correctivo a Ventiladores Volum\u00e9tricos de Unidades Hospitalarias de SESVER<\/li>\n<\/ul>\n\n\n\n<ul class=\"wp-block-list has-medium-font-size\">\n<li><strong><a href=\"https:\/\/www.ssaver.gob.mx\/adquisiciones\/wp-content\/uploads\/sites\/5\/2024\/04\/SESVER_DA_C-031_2024-AFECTACO-C.pdf\" target=\"_blank\" rel=\"noreferrer noopener\">2024-SESVER_DA_C-031-2024<\/a><\/strong><br>Adquisici\u00f3n de Reactivos con Equipo en Comodato para la Realizaci\u00f3n de Pruebas para la Vigilancia Epidemiologica Efe\u00b4S, Chagas, Detecci\u00f3n y Control de Enfermedades de Pacientes con Vih\/Sida y Otras Its, Enfermedades Transmitidas por Vector y Realizaci\u00f3n de Cultivos y Estudios de Farmacosensibilidad de Mycobacterium Tuberculosis<\/li>\n<\/ul>\n\n\n\n<ul class=\"wp-block-list has-medium-font-size\">\n<li><strong><a href=\"https:\/\/www.ssaver.gob.mx\/adquisiciones\/wp-content\/uploads\/sites\/5\/2024\/06\/SESVER_DA_C-030_2024-AFECTADO-C.pdf\" target=\"_blank\" rel=\"noreferrer noopener\">2024-SESVER_DA_C-030-2024<\/a><\/strong><br>Servicio&nbsp; Subrogado&nbsp; de&nbsp; Dosimetr\u00eda&nbsp; para Personal Ocupacionalmente&nbsp; Expuesto&nbsp; a&nbsp; Rayos&nbsp; X&nbsp; en&nbsp; Diversas&nbsp; Unidades&nbsp; Hospitalarias&nbsp; de Servicios&nbsp; de&nbsp; Salud&nbsp; de&nbsp; Veracruz.<\/li>\n<\/ul>\n\n\n\n<ul class=\"wp-block-list has-medium-font-size\">\n<li><strong><a href=\"https:\/\/www.ssaver.gob.mx\/adquisiciones\/wp-content\/uploads\/sites\/5\/2024\/04\/SESVER_DA_C-029_2024-AFECTADO-C.pdf\" target=\"_blank\" rel=\"noreferrer noopener\">2024-SESVER_DA_C-029-2024<\/a><\/strong><br>Servicio Subrogado de Mensajer\u00eda y Paqueter\u00eda Especializada en Oficina Central de Servicios de Salud de Veracruz<\/li>\n<\/ul>\n\n\n\n<ul class=\"wp-block-list has-medium-font-size\">\n<li><strong><a href=\"https:\/\/www.ssaver.gob.mx\/adquisiciones\/wp-content\/uploads\/sites\/5\/2024\/04\/SESVER_DA_C-028_2024-AFECTADO-C.pdf\" target=\"_blank\" rel=\"noreferrer noopener\">2024-SESVER_DA_C-028-2024<\/a><\/strong><br>Servicio Subrogado de Transporte de Personal para el Laboratorio Estatal de Salud P\u00fablica<\/li>\n<\/ul>\n\n\n\n<ul class=\"wp-block-list has-medium-font-size\">\n<li><strong><a href=\"https:\/\/www.ssaver.gob.mx\/adquisiciones\/wp-content\/uploads\/sites\/5\/2024\/07\/SESVER_DA_C-027_2024-AFECTADO-C.pdf\" target=\"_blank\" rel=\"noreferrer noopener\">2024-SESVER_DA_C-027-2024<\/a><\/strong><br>Servicio Subrogado de Suministro de Oxigeno Hospitalario y Gases Medicinales para la Red Hospitalaria de Servicios de Salud de Veracruz<\/li>\n<\/ul>\n\n\n\n<ul class=\"wp-block-list has-medium-font-size\">\n<li><strong><a href=\"https:\/\/www.ssaver.gob.mx\/adquisiciones\/wp-content\/uploads\/sites\/5\/2024\/07\/SESVER_DA_C-026_2024-AFECTADO-C.pdf\" target=\"_blank\" rel=\"noreferrer noopener\">2024-SESVER_DA_C-026-2024<\/a><\/strong><br>Servicio Subrogado de Oxigeno Hospitalario y Gases Medicinales para la Red Hospitalaria de Servicios de Salud de Veracruz<\/li>\n<\/ul>\n\n\n\n<ul class=\"wp-block-list has-medium-font-size\">\n<li><strong><a href=\"https:\/\/www.ssaver.gob.mx\/adquisiciones\/wp-content\/uploads\/sites\/5\/2024\/04\/SESVER_DA_C-025_2024-AFECTADO-C.pdf\" target=\"_blank\" rel=\"noreferrer noopener\">2024-SESVER_DA_C-025-2024<\/a><\/strong><br>Servicio Subrogado de Oxigeno Hospitalario y Gases Medicinales para la Red Hospitalaria de Servicios de Salud de Veracruz<\/li>\n<\/ul>\n\n\n\n<ul class=\"wp-block-list has-medium-font-size\">\n<li><strong><a href=\"https:\/\/www.ssaver.gob.mx\/adquisiciones\/wp-content\/uploads\/sites\/5\/2024\/04\/SESVER_DA_C-024_2024-AFECTADO-C.pdf\">2024-SESVER_DA_C-024-2024<\/a><\/strong><br>Servicio Subrogado de Vigilancia a Hospitales Jurisdicciones Sanitarias, Centros de Salud, Almacenes y Oficinas Centrales de Servicios de Salud de Veracruz, as\u00ed como de los Bienes Muebles e Inmuebles que forman parte de la estructura, dependientes de Servicios de Salud de Veracruz<\/li>\n<\/ul>\n\n\n\n<ul class=\"wp-block-list has-medium-font-size\">\n<li><strong><a href=\"https:\/\/www.ssaver.gob.mx\/adquisiciones\/wp-content\/uploads\/sites\/5\/2024\/04\/SESVER_DA_C-023_2024-AFECTADO-C.pdf\">2024-SESVER_DA_C-023-2024<\/a><\/strong><br>Servicio de Lavander\u00eda para la Red Hospitalaria de Servicios de Salud de Veracruz, el cual comprende el Lavado y Suministro de Ropa<\/li>\n<\/ul>\n\n\n\n<ul class=\"wp-block-list has-medium-font-size\">\n<li><strong><a href=\"https:\/\/www.ssaver.gob.mx\/adquisiciones\/wp-content\/uploads\/sites\/5\/2024\/07\/SESVER_DA_C-022_2024-AFECTADO-C.pdf\" target=\"_blank\" rel=\"noreferrer noopener\">2024-SESVER_DA_C-022-2024<\/a><\/strong><br>Servicio Subrogado de Combustible, a Trav\u00e9s de Monederos Electr\u00f3nicos<\/li>\n<\/ul>\n\n\n\n<ul class=\"wp-block-list has-medium-font-size\">\n<li><strong><a href=\"https:\/\/www.ssaver.gob.mx\/adquisiciones\/wp-content\/uploads\/sites\/5\/2024\/07\/SESVER_DA_C-021_2024-AFECTADO-C.pdf\" target=\"_blank\" rel=\"noreferrer noopener\">2024-SESVER_DA_C-021-2024<\/a><\/strong><br>Servicio Subrogado de Combustible, a Trav\u00e9s de Monederos Electr\u00f3nicos<\/li>\n<\/ul>\n<\/div>\n<\/div>\n<\/div>\n","protected":false},"excerpt":{"rendered":"<p>Contratos Adjudicados de acuerdo a la modalidad<\/p>\n","protected":false},"author":6,"featured_media":0,"parent":7817,"menu_order":2,"comment_status":"closed","ping_status":"closed","template":"","meta":{"colormag_page_container_layout":"default_layout","colormag_page_sidebar_layout":"default_layout","footnotes":""},"class_list":["post-8368","page","type-page","status-publish","hentry"],"_links":{"self":[{"href":"https:\/\/www.ssaver.gob.mx\/adquisiciones\/wp-json\/wp\/v2\/pages\/8368","targetHints":{"allow":["GET"]}}],"collection":[{"href":"https:\/\/www.ssaver.gob.mx\/adquisiciones\/wp-json\/wp\/v2\/pages"}],"about":[{"href":"https:\/\/www.ssaver.gob.mx\/adquisiciones\/wp-json\/wp\/v2\/types\/page"}],"author":[{"embeddable":true,"href":"https:\/\/www.ssaver.gob.mx\/adquisiciones\/wp-json\/wp\/v2\/users\/6"}],"replies":[{"embeddable":true,"href":"https:\/\/www.ssaver.gob.mx\/adquisiciones\/wp-json\/wp\/v2\/comments?post=8368"}],"version-history":[{"count":15,"href":"https:\/\/www.ssaver.gob.mx\/adquisiciones\/wp-json\/wp\/v2\/pages\/8368\/revisions"}],"predecessor-version":[{"id":12019,"href":"https:\/\/www.ssaver.gob.mx\/adquisiciones\/wp-json\/wp\/v2\/pages\/8368\/revisions\/12019"}],"up":[{"embeddable":true,"href":"https:\/\/www.ssaver.gob.mx\/adquisiciones\/wp-json\/wp\/v2\/pages\/7817"}],"wp:attachment":[{"href":"https:\/\/www.ssaver.gob.mx\/adquisiciones\/wp-json\/wp\/v2\/media?parent=8368"}],"curies":[{"name":"wp","href":"https:\/\/api.w.org\/{rel}","templated":true}]}}