{"id":8451,"date":"2024-05-06T14:56:16","date_gmt":"2024-05-06T19:56:16","guid":{"rendered":"https:\/\/www.ssaver.gob.mx\/adquisiciones\/?page_id=8451"},"modified":"2026-04-01T12:04:41","modified_gmt":"2026-04-01T18:04:41","slug":"licitaciones-publicas-nacionales-federales-2024","status":"publish","type":"page","link":"https:\/\/www.ssaver.gob.mx\/adquisiciones\/licitaciones-2024\/licitaciones-publicas-nacionales-federales-2024\/","title":{"rendered":"Licitaciones P\u00fablicas Nacionales Federales 2024"},"content":{"rendered":"\n<div class=\"wp-block-group is-layout-constrained wp-container-core-group-is-layout-9517baca wp-block-group-is-layout-constrained\">\n<hr class=\"wp-block-separator has-text-color has-alpha-channel-opacity has-background is-style-wide\" style=\"background-color:#d8bf31;color:#d8bf31\" \/>\n\n\n\n<div class=\"wp-block-columns has-text-color has-background is-layout-flex wp-container-core-columns-is-layout-28f84493 wp-block-columns-is-layout-flex\" style=\"color:#5b4c0d;background-color:#fff4e0\">\n<div class=\"wp-block-column is-layout-flow wp-block-column-is-layout-flow\">\n<ul class=\"wp-block-list\">\n<li><a href=\"https:\/\/www.ssaver.gob.mx\/adquisiciones\/licitaciones-2024\/licitaciones-publicas-nacionales-federales-2024\/licitacion-publica-nacional-federal-la-89-y23-930010996-n-21-2024\/\" target=\"_blank\" rel=\"noreferrer noopener\">Licitaci\u00f3n P\u00fablica Nacional Federal LA-89-Y23-930010996-N-21-2024<\/a><br><strong>Relativa a la Adquisici\u00f3n de Bienes e Insumos Diversos y Contrataci\u00f3n de Servicios con Recursos del Convenio Cofepris-Cetr-Ver.-30-24.<\/strong><\/li>\n<\/ul>\n\n\n\n<ul class=\"wp-block-list\">\n<li><a href=\"https:\/\/www.ssaver.gob.mx\/adquisiciones\/licitaciones-2024\/licitaciones-publicas-nacionales-federales-2024\/licitacion-publica-nacional-federal-la-89-y23-930010996-n-19-2024\/\" target=\"_blank\" rel=\"noreferrer noopener\">Licitaci\u00f3n P\u00fablica Nacional Federal LA-89-Y23-930010996-N-19-2024<\/a><br><strong><strong><strong><strong>Relativa a la Adquisici\u00f3n de Bienes e Insumos Diversos y Contrataci\u00f3n de Servicios para la Comisi\u00f3n Estatal Contra las Adicciones con Recursos del Convenio Espec\u00edfico CRESCA 2024 Programa E025.<\/strong><\/strong><\/strong><\/strong><\/li>\n<\/ul>\n\n\n\n<ul class=\"wp-block-list\">\n<li><a href=\"https:\/\/www.ssaver.gob.mx\/adquisiciones\/licitaciones-2024\/licitaciones-publicas-nacionales-federales-2024\/licitacion-publica-nacional-federal-la-89-y23-930010996-n-17-2024\/\" target=\"_blank\" rel=\"noreferrer noopener\">Licitaci\u00f3n P\u00fablica Nacional Federal LA-89-Y23-930010996-N-17-2024<\/a><br><strong><strong><strong><strong>Relativa a la Adquisici\u00f3n de Papeler\u00eda y \u00datiles de Oficina para las Unidades Hospitalarias de Servicios de Salud de Veracruz.<\/strong><\/strong><\/strong><\/strong><\/li>\n<\/ul>\n\n\n\n<ul class=\"wp-block-list\">\n<li><a href=\"https:\/\/www.ssaver.gob.mx\/adquisiciones\/licitaciones-2024\/licitaciones-publicas-nacionales-federales-2024\/licitacion-publica-nacional-federal-la-89-y23-930010996-n-15-2024\/\" target=\"_blank\" rel=\"noreferrer noopener\">Licitaci\u00f3n P\u00fablica Nacional Federal LA-89-Y23-930010996-N-15-2024<\/a><br><strong><strong><strong><strong>Servicio Subrogado de Vigilancia a Hospitales y Centros de salud, as\u00ed como de los Bienes Muebles que forman parte de la Estructura, Dependientes de Servicios de Salud de Veracruz<\/strong><\/strong><\/strong><\/strong><\/li>\n<\/ul>\n\n\n\n<ul class=\"wp-block-list\">\n<li><a href=\"https:\/\/www.ssaver.gob.mx\/adquisiciones\/licitaciones-2024\/licitaciones-publicas-nacionales-federales-2024\/licitacion-publica-nacional-federal-la-89-y23-930010996-n-14-2024\/\" target=\"_blank\" rel=\"noreferrer noopener\">Licitaci\u00f3n P\u00fablica Nacional Federal LA-89-Y23-930010996-N-14-2024<\/a><br><strong><strong><strong><strong>Relativa a la Contrataci\u00f3n del Servicio Subrogado de Limpieza a Oficinas Centrales, Jurisdicciones Sanitarias, Hospitales, Laboratorio Estatal de Salud P\u00fablica, Centro Estatal de Transfusi\u00f3n Sangu\u00ednea, Asilos, Hogar del Ni\u00f1o, Capasits y Centros de Salud dependientes de SESVER.<\/strong><\/strong><\/strong><\/strong><\/li>\n<\/ul>\n\n\n\n<ul class=\"wp-block-list\">\n<li><a href=\"https:\/\/www.ssaver.gob.mx\/adquisiciones\/licitaciones-2024\/licitaciones-publicas-nacionales-federales-2024\/licitacion-publica-nacional-federal-la-89-y23-930010996-n-13-2024\/\" target=\"_blank\" rel=\"noreferrer noopener\">Licitaci\u00f3n P\u00fablica Nacional Federal LA-89-Y23-930010996-N-13-2024<\/a><br><strong><strong><strong>Relativa a la Contrataci\u00f3n Abierta del Servicio de Anestesia para Diversas Unidades Hospitalarias pertenecientes a Servicios de Salud de Veracruz.<\/strong><\/strong><\/strong><\/li>\n<\/ul>\n\n\n\n<ul class=\"wp-block-list\">\n<li><a href=\"https:\/\/www.ssaver.gob.mx\/adquisiciones\/licitaciones-2024\/licitaciones-publicas-nacionales-federales-2024\/licitacion-publica-nacional-federal-la-89-y23-930010996-n-12-2024\/\" target=\"_blank\" rel=\"noreferrer noopener\">Licitaci\u00f3n P\u00fablica Nacional Federal LA-89-Y23-930010996-N-12-2024<\/a><br><strong><strong><strong>Relativa a la Contrataci\u00f3n Abierta del \u201cServicio de Laparoscop\u00eda, Endoscop\u00eda y Artroscopia para Diversas Unidades Hospitalarias pertenecientes a Servicios de Salud de Veracruz\u201d<\/strong><\/strong><\/strong><\/li>\n<\/ul>\n\n\n\n<ul class=\"wp-block-list\">\n<li><a href=\"https:\/\/www.ssaver.gob.mx\/adquisiciones\/licitaciones-2024\/licitaciones-publicas-nacionales-federales-2024\/licitacion-publica-nacional-federal-la-89-y23-930010996-n-11-2024\/\" target=\"_blank\" rel=\"noreferrer noopener\">Licitaci\u00f3n P\u00fablica Nacional Federal LA-89-Y23-930010996-N-11-2024<\/a><br><strong><strong>Relativa a la Contrataci\u00f3n Abierta del Suministro de Pruebas de Bancos de Sangre, Centros de Colecta y Servicios de Transfusi\u00f3n de las Unidades M\u00e9dicas y Centro Estatal de Transfusi\u00f3n Sangu\u00ednea pertenecientes a Servicios de Salud de Veracruz<\/strong><\/strong><\/li>\n<\/ul>\n\n\n\n<ul class=\"wp-block-list\">\n<li><a href=\"https:\/\/www.ssaver.gob.mx\/adquisiciones\/licitaciones-2024\/licitaciones-publicas-nacionales-federales-2024\/licitacion-publica-nacional-federal-la-89-y23-930010996-n-10-2024\/\" target=\"_blank\" rel=\"noreferrer noopener\">Licitaci\u00f3n P\u00fablica Nacional Federal LA-89-Y23-930010996-N-10-2024<\/a><br><strong>Relativa a la Contrataci\u00f3n Abierta del Suministro de <strong>Material de Osteos\u00edntesis y Endopr\u00f3tesis<\/strong> para Unidades Hospitalarias pertenecientes a Servicios de Salud de Veracruz<\/strong><\/li>\n<\/ul>\n\n\n\n<ul class=\"wp-block-list\">\n<li><a href=\"https:\/\/www.ssaver.gob.mx\/adquisiciones\/licitaciones-2024\/licitaciones-publicas-nacionales-federales-2024\/licitacion-publica-nacional-federal-la-89-y23-930010996-n-9-2024\/\" target=\"_blank\" rel=\"noreferrer noopener\">Licitaci\u00f3n P\u00fablica Nacional Federal LA-89-Y23-930010996-N-9-2024<\/a><br><strong>Relativa a la Contrataci\u00f3n Abierta del Suministro de Insumos de Laboratorio de Patolog\u00eda y Gen\u00e9tica para Diversas Unidades Hospitalarias pertenecientes a Servicios de Salud de Veracruz<\/strong><\/li>\n<\/ul>\n\n\n\n<ul class=\"wp-block-list\">\n<li><a href=\"https:\/\/www.ssaver.gob.mx\/adquisiciones\/licitaciones-2024\/licitaciones-publicas-nacionales-federales-2024\/licitacion-publica-nacional-federal-la-89-y23-930010996-n-8-2024\/\" target=\"_blank\" rel=\"noreferrer noopener\">Licitaci\u00f3n P\u00fablica Nacional Federal LA-89-Y23-930010996-N-8-2024<\/a><br><strong>Relativa a la Contrataci\u00f3n Abierta del Suministro de Pruebas de Laboratorio Cl\u00ednico para las Unidades M\u00e9dicas pertenecientes a Servicios de Salud de Veracruz<\/strong><\/li>\n<\/ul>\n<\/div>\n<\/div>\n<\/div>\n","protected":false},"excerpt":{"rendered":"","protected":false},"author":6,"featured_media":0,"parent":7806,"menu_order":1,"comment_status":"closed","ping_status":"closed","template":"","meta":{"colormag_page_container_layout":"default_layout","colormag_page_sidebar_layout":"default_layout","footnotes":""},"class_list":["post-8451","page","type-page","status-publish","hentry"],"_links":{"self":[{"href":"https:\/\/www.ssaver.gob.mx\/adquisiciones\/wp-json\/wp\/v2\/pages\/8451","targetHints":{"allow":["GET"]}}],"collection":[{"href":"https:\/\/www.ssaver.gob.mx\/adquisiciones\/wp-json\/wp\/v2\/pages"}],"about":[{"href":"https:\/\/www.ssaver.gob.mx\/adquisiciones\/wp-json\/wp\/v2\/types\/page"}],"author":[{"embeddable":true,"href":"https:\/\/www.ssaver.gob.mx\/adquisiciones\/wp-json\/wp\/v2\/users\/6"}],"replies":[{"embeddable":true,"href":"https:\/\/www.ssaver.gob.mx\/adquisiciones\/wp-json\/wp\/v2\/comments?post=8451"}],"version-history":[{"count":23,"href":"https:\/\/www.ssaver.gob.mx\/adquisiciones\/wp-json\/wp\/v2\/pages\/8451\/revisions"}],"predecessor-version":[{"id":12262,"href":"https:\/\/www.ssaver.gob.mx\/adquisiciones\/wp-json\/wp\/v2\/pages\/8451\/revisions\/12262"}],"up":[{"embeddable":true,"href":"https:\/\/www.ssaver.gob.mx\/adquisiciones\/wp-json\/wp\/v2\/pages\/7806"}],"wp:attachment":[{"href":"https:\/\/www.ssaver.gob.mx\/adquisiciones\/wp-json\/wp\/v2\/media?parent=8451"}],"curies":[{"name":"wp","href":"https:\/\/api.w.org\/{rel}","templated":true}]}}