{"id":8497,"date":"2024-05-16T11:14:35","date_gmt":"2024-05-16T16:14:35","guid":{"rendered":"https:\/\/www.ssaver.gob.mx\/adquisiciones\/?page_id=8497"},"modified":"2026-04-01T12:07:32","modified_gmt":"2026-04-01T18:07:32","slug":"licitacion-publica-nacional-federal-la-89-y23-930010996-n-10-2024","status":"publish","type":"page","link":"https:\/\/www.ssaver.gob.mx\/adquisiciones\/licitaciones-2024\/licitaciones-publicas-nacionales-federales-2024\/licitacion-publica-nacional-federal-la-89-y23-930010996-n-10-2024\/","title":{"rendered":"Licitaci\u00f3n P\u00fablica Nacional Federal LA-89-Y23-930010996-N-10-2024"},"content":{"rendered":"\n<div class=\"wp-block-group is-layout-constrained wp-container-core-group-is-layout-9517baca wp-block-group-is-layout-constrained\">\n<hr class=\"wp-block-separator has-text-color has-alpha-channel-opacity has-background is-style-wide\" style=\"background-color:#d8bf31;color:#d8bf31\" \/>\n\n\n\n<div class=\"wp-block-columns has-text-color has-background is-layout-flex wp-container-core-columns-is-layout-28f84493 wp-block-columns-is-layout-flex\" style=\"color:#5b4c0d;background-color:#fff4e0\">\n<div class=\"wp-block-column is-layout-flow wp-block-column-is-layout-flow\">\n<p><strong><strong>Relativa a la Contrataci\u00f3n Abierta del Suministro de Material de Osteos\u00edntesis y Endopr\u00f3tesis para Unidades Hospitalarias pertenecientes a Servicios de Salud de Veracruz<\/strong><\/strong><\/p>\n\n\n\n<ul class=\"wp-block-list\">\n<li><a href=\"https:\/\/www.ssaver.gob.mx\/adquisiciones\/wp-content\/uploads\/sites\/5\/2024\/05\/Convocatoria-No.-2_0001.pdf\" target=\"_blank\" rel=\"noreferrer noopener\">Resumen de Convocatoria<\/a><\/li>\n\n\n\n<li><a href=\"https:\/\/www.ssaver.gob.mx\/adquisiciones\/wp-content\/uploads\/sites\/5\/2024\/05\/Convocatoria-LA-89-Y23-930010996-N-10-2024_0001_compressed.pdf\" target=\"_blank\" rel=\"noreferrer noopener\">Convocatoria (Bases y anexos )<\/a><\/li>\n\n\n\n<li><a href=\"https:\/\/www.ssaver.gob.mx\/adquisiciones\/wp-content\/uploads\/sites\/5\/2024\/05\/ANEXOS-TECNICOS-LA-89-Y23-930010996-N-10-2024_compressed-1.pdf\" target=\"_blank\" rel=\"noreferrer noopener\">Anexo t\u00e9cnico<\/a><\/li>\n\n\n\n<li><a href=\"https:\/\/www.ssaver.gob.mx\/adquisiciones\/wp-content\/uploads\/sites\/5\/2024\/05\/Acta-de-junta-de-aclaraciones-LA-89-Y23-930010996-N-10-2024.pdf\" target=\"_blank\" rel=\"noreferrer noopener\">Acta de junta de aclaraciones<\/a><\/li>\n\n\n\n<li><a href=\"https:\/\/www.ssaver.gob.mx\/adquisiciones\/wp-content\/uploads\/sites\/5\/2024\/05\/Acta-de-apertura-de-proposiciones-LA-89-Y223-930010996-N-10-2024_0001_compressed.pdf\" target=\"_blank\" rel=\"noreferrer noopener\">Acta de apertura de proposiciones<\/a><\/li>\n\n\n\n<li><a href=\"https:\/\/www.ssaver.gob.mx\/adquisiciones\/wp-content\/uploads\/sites\/5\/2024\/06\/Dictamen-tecnico-economico-Acta-de-fallo-LA-89-Y23-930010996-N-10-2024_0001_compressed-1.pdf\" target=\"_blank\" rel=\"noreferrer noopener\">Dictamen t\u00e9cnico-econ\u00f3mico (Acta de fallo)<\/a><\/li>\n\n\n\n<li><a href=\"https:\/\/www.ssaver.gob.mx\/adquisiciones\/wp-content\/uploads\/sites\/5\/2024\/09\/SESVER_DA_C-094_2024-AFECTADO-C.pdf\" target=\"_blank\" rel=\"noreferrer noopener\">Contrato No. 094 de 2024<\/a><\/li>\n<\/ul>\n<\/div>\n<\/div>\n<\/div>\n","protected":false},"excerpt":{"rendered":"<p>Relativa a la Contrataci\u00f3n Abierta del Suministro de Material de Osteos\u00edntesis y Endopr\u00f3tesis para Unidades Hospitalarias pertenecientes a Servicios de<\/p>\n","protected":false},"author":6,"featured_media":0,"parent":8451,"menu_order":3,"comment_status":"closed","ping_status":"closed","template":"","meta":{"colormag_page_container_layout":"default_layout","colormag_page_sidebar_layout":"default_layout","footnotes":""},"class_list":["post-8497","page","type-page","status-publish","hentry"],"_links":{"self":[{"href":"https:\/\/www.ssaver.gob.mx\/adquisiciones\/wp-json\/wp\/v2\/pages\/8497","targetHints":{"allow":["GET"]}}],"collection":[{"href":"https:\/\/www.ssaver.gob.mx\/adquisiciones\/wp-json\/wp\/v2\/pages"}],"about":[{"href":"https:\/\/www.ssaver.gob.mx\/adquisiciones\/wp-json\/wp\/v2\/types\/page"}],"author":[{"embeddable":true,"href":"https:\/\/www.ssaver.gob.mx\/adquisiciones\/wp-json\/wp\/v2\/users\/6"}],"replies":[{"embeddable":true,"href":"https:\/\/www.ssaver.gob.mx\/adquisiciones\/wp-json\/wp\/v2\/comments?post=8497"}],"version-history":[{"count":11,"href":"https:\/\/www.ssaver.gob.mx\/adquisiciones\/wp-json\/wp\/v2\/pages\/8497\/revisions"}],"predecessor-version":[{"id":12267,"href":"https:\/\/www.ssaver.gob.mx\/adquisiciones\/wp-json\/wp\/v2\/pages\/8497\/revisions\/12267"}],"up":[{"embeddable":true,"href":"https:\/\/www.ssaver.gob.mx\/adquisiciones\/wp-json\/wp\/v2\/pages\/8451"}],"wp:attachment":[{"href":"https:\/\/www.ssaver.gob.mx\/adquisiciones\/wp-json\/wp\/v2\/media?parent=8497"}],"curies":[{"name":"wp","href":"https:\/\/api.w.org\/{rel}","templated":true}]}}