{"id":8555,"date":"2024-05-28T13:20:43","date_gmt":"2024-05-28T18:20:43","guid":{"rendered":"https:\/\/www.ssaver.gob.mx\/adquisiciones\/?page_id=8555"},"modified":"2026-04-01T11:46:46","modified_gmt":"2026-04-01T17:46:46","slug":"licitacion-publica-nacional-lpn-103t00000-016-2024","status":"publish","type":"page","link":"https:\/\/www.ssaver.gob.mx\/adquisiciones\/licitaciones-2024\/licitaciones-publicas-nacionales-2024\/licitacion-publica-nacional-lpn-103t00000-016-2024\/","title":{"rendered":"Licitaci\u00f3n P\u00fablica Nacional LPN-103T00000-016-2024"},"content":{"rendered":"\n<div class=\"wp-block-group is-layout-constrained wp-container-core-group-is-layout-9517baca wp-block-group-is-layout-constrained\">\n<hr class=\"wp-block-separator has-text-color has-alpha-channel-opacity has-background is-style-wide\" style=\"background-color:#d8bf31;color:#d8bf31\" \/>\n\n\n\n<div class=\"wp-block-columns has-text-color has-background is-layout-flex wp-container-core-columns-is-layout-28f84493 wp-block-columns-is-layout-flex\" style=\"color:#5b4c0d;background-color:#fff4e0\">\n<div class=\"wp-block-column is-layout-flow wp-block-column-is-layout-flow\">\n<p><strong><strong><strong><strong><strong>Relativa a la Adquisici\u00f3n de Bienes e Insumos Diversos para la Direcci\u00f3n de Salud P\u00fablica de SESVER.<\/strong><\/strong><\/strong><\/strong><\/strong><\/p>\n\n\n\n<ul class=\"wp-block-list\">\n<li><a href=\"https:\/\/www.ssaver.gob.mx\/adquisiciones\/wp-content\/uploads\/sites\/5\/2024\/05\/CONVOCATORIA-No.-17.pdf\" target=\"_blank\" rel=\"noreferrer noopener\">Convocatoria<\/a><\/li>\n\n\n\n<li><a href=\"https:\/\/www.ssaver.gob.mx\/adquisiciones\/wp-content\/uploads\/sites\/5\/2024\/05\/BASES-Y-ANEXOS-LPN-103T00000-016-2024_0001_compressed.pdf\" target=\"_blank\" rel=\"noreferrer noopener\">Bases y Anexos<\/a><\/li>\n\n\n\n<li><a href=\"https:\/\/www.ssaver.gob.mx\/adquisiciones\/wp-content\/uploads\/sites\/5\/2024\/05\/LOTE-A_compressed.pdf\" target=\"_blank\" rel=\"noreferrer noopener\">Anexo Lote A<\/a><\/li>\n\n\n\n<li><a href=\"https:\/\/www.ssaver.gob.mx\/adquisiciones\/wp-content\/uploads\/sites\/5\/2024\/05\/LOTE-B_compressed.pdf\" target=\"_blank\" rel=\"noreferrer noopener\">Anexo Lote B<\/a><\/li>\n\n\n\n<li><a href=\"https:\/\/www.ssaver.gob.mx\/adquisiciones\/wp-content\/uploads\/sites\/5\/2024\/05\/LOTE-C_compressed.pdf\" target=\"_blank\" rel=\"noreferrer noopener\">Anexo Lote C<\/a><\/li>\n\n\n\n<li><a href=\"https:\/\/www.ssaver.gob.mx\/adquisiciones\/wp-content\/uploads\/sites\/5\/2024\/05\/LOTE-D_compressed.pdf\" target=\"_blank\" rel=\"noreferrer noopener\">Anexo Lote D<\/a><\/li>\n\n\n\n<li><a href=\"https:\/\/www.ssaver.gob.mx\/adquisiciones\/wp-content\/uploads\/sites\/5\/2024\/05\/LOTE-E_compressed.pdf\" target=\"_blank\" rel=\"noreferrer noopener\">Anexo Lote E<\/a><\/li>\n\n\n\n<li><a href=\"https:\/\/www.ssaver.gob.mx\/adquisiciones\/wp-content\/uploads\/sites\/5\/2024\/05\/LOTE-F_compressed.pdf\" target=\"_blank\" rel=\"noreferrer noopener\">Anexo Lote F<\/a><\/li>\n\n\n\n<li><a href=\"https:\/\/www.ssaver.gob.mx\/adquisiciones\/wp-content\/uploads\/sites\/5\/2024\/05\/LOTE-G_compressed.pdf\" target=\"_blank\" rel=\"noreferrer noopener\">Anexo Lote G<\/a><\/li>\n\n\n\n<li><a href=\"https:\/\/www.ssaver.gob.mx\/adquisiciones\/wp-content\/uploads\/sites\/5\/2024\/05\/LOTE-H_compressed.pdf\">Anexo Lote H<\/a><\/li>\n\n\n\n<li><a href=\"https:\/\/www.ssaver.gob.mx\/adquisiciones\/wp-content\/uploads\/sites\/5\/2024\/05\/LOTE-I_compressed.pdf\" target=\"_blank\" rel=\"noreferrer noopener\">Anexo Lote I<\/a><\/li>\n\n\n\n<li><a href=\"https:\/\/www.ssaver.gob.mx\/adquisiciones\/wp-content\/uploads\/sites\/5\/2024\/05\/LOTE-J_compressed.pdf\" target=\"_blank\" rel=\"noreferrer noopener\">Anexo Lote J<\/a><\/li>\n\n\n\n<li><a href=\"https:\/\/www.ssaver.gob.mx\/adquisiciones\/wp-content\/uploads\/sites\/5\/2024\/06\/Acta-de-junta-de-aclaraciones-LPN-103T00000-016-2024_0001_compressed.pdf\" target=\"_blank\" rel=\"noreferrer noopener\">Acta de junta de aclaraciones<\/a><\/li>\n\n\n\n<li><a href=\"https:\/\/www.ssaver.gob.mx\/adquisiciones\/wp-content\/uploads\/sites\/5\/2024\/06\/Acta-de-apertura-de-proposiciones-LPN-103T00000-016-2024_0001_compressed.pdf\" target=\"_blank\" rel=\"noreferrer noopener\">Acta de apertura de proposiciones<\/a><\/li>\n\n\n\n<li><a href=\"https:\/\/www.ssaver.gob.mx\/adquisiciones\/wp-content\/uploads\/sites\/5\/2024\/07\/Acta-de-diferimiento-de-la-evaluacion-tecnica-y-economica-y-emision-del-fallo-LPN-103T00000-016-2024_0001.pdf\" target=\"_blank\" rel=\"noreferrer noopener\">Acta de diferimiento de la evaluaci\u00f3n t\u00e9cnica y econ\u00f3mica y emisi\u00f3n del fallo<\/a><\/li>\n\n\n\n<li><a href=\"https:\/\/www.ssaver.gob.mx\/adquisiciones\/wp-content\/uploads\/sites\/5\/2024\/07\/Dictamen-tecnico-economico-Acta-de-falo-LPN-103T00000-016-2024_0001_compressed-1.pdf\" target=\"_blank\" rel=\"noreferrer noopener\">Dictamen t\u00e9cnico-econ\u00f3mico (Acta de fallo)<\/a><\/li>\n\n\n\n<li><a href=\"https:\/\/www.ssaver.gob.mx\/adquisiciones\/wp-content\/uploads\/sites\/5\/2024\/08\/Fe-de-erratas-al-acta-de-resultado-de-la-evaluacion-tecnica-y-economica-LPN-103T00000-016-2024_0001.pdf\" target=\"_blank\" rel=\"noreferrer noopener\">F\u00e9 de erratas al acta de resultado de la evaluaci\u00f3n t\u00e9cnica y econ\u00f3mica (Acta de Fallo) <\/a><\/li>\n\n\n\n<li><a href=\"https:\/\/www.ssaver.gob.mx\/adquisiciones\/wp-content\/uploads\/sites\/5\/2024\/09\/Notificacion-de-fallo-LPN-103T00000-016-2024_0001_compressed.pdf\" target=\"_blank\" rel=\"noreferrer noopener\">Notificaci\u00f3n de fallo<\/a><\/li>\n\n\n\n<li>Contratos Nos. <a href=\"https:\/\/www.ssaver.gob.mx\/adquisiciones\/wp-content\/uploads\/sites\/5\/2024\/09\/SESVER_DA_C-099_2024-AFECTADO-C.pdf\" target=\"_blank\" rel=\"noreferrer noopener\">99<\/a>, <a href=\"https:\/\/www.ssaver.gob.mx\/adquisiciones\/wp-content\/uploads\/sites\/5\/2024\/09\/SESVER_DA_C-100_024-AFECTADO-C.pdf\" target=\"_blank\" rel=\"noreferrer noopener\">100<\/a>, <a href=\"https:\/\/www.ssaver.gob.mx\/adquisiciones\/wp-content\/uploads\/sites\/5\/2024\/09\/SESVER_DA_C-101_2024-AFECTADO-C.pdf\" target=\"_blank\" rel=\"noreferrer noopener\">101<\/a>, <a href=\"https:\/\/www.ssaver.gob.mx\/adquisiciones\/wp-content\/uploads\/sites\/5\/2024\/09\/SESVER_DA_C-102_2024-AFECTADO-C.pdf\" target=\"_blank\" rel=\"noreferrer noopener\">102<\/a>, <a href=\"https:\/\/www.ssaver.gob.mx\/adquisiciones\/wp-content\/uploads\/sites\/5\/2024\/09\/SESVER_DA_C-103_2024-AFECTADO-C.pdf\" target=\"_blank\" rel=\"noreferrer noopener\">103<\/a>, <a href=\"https:\/\/www.ssaver.gob.mx\/adquisiciones\/wp-content\/uploads\/sites\/5\/2024\/09\/SESVER_DA_C-104_2024-AFECTADO-C.pdf\" target=\"_blank\" rel=\"noreferrer noopener\">104<\/a>, <a href=\"https:\/\/www.ssaver.gob.mx\/adquisiciones\/wp-content\/uploads\/sites\/5\/2024\/09\/SESVER_DA_C-105_2024-AFECTADO-C.pdf\" target=\"_blank\" rel=\"noreferrer noopener\">105<\/a>, <a href=\"https:\/\/www.ssaver.gob.mx\/adquisiciones\/wp-content\/uploads\/sites\/5\/2024\/09\/SESVER_DA_C-106_2024-AFECTADO-C.pdf\">106 <\/a>y <a href=\"https:\/\/www.ssaver.gob.mx\/adquisiciones\/wp-content\/uploads\/sites\/5\/2024\/09\/SESVER_DA_C-107_2024-AFECTADO-C.pdf\" target=\"_blank\" rel=\"noreferrer noopener\">107<\/a> de 2024<\/li>\n\n\n\n<li>Pedidos Nos.<a href=\"https:\/\/www.ssaver.gob.mx\/adquisiciones\/wp-content\/uploads\/sites\/5\/2024\/09\/P-003_2024-AFECTADO-C.pdf\" target=\"_blank\" rel=\"noreferrer noopener\"> 03<\/a> y <a href=\"https:\/\/www.ssaver.gob.mx\/adquisiciones\/wp-content\/uploads\/sites\/5\/2024\/09\/P-004_2024-AFECTADO-C.pdf\" target=\"_blank\" rel=\"noreferrer noopener\">04<\/a> de 2024<\/li>\n<\/ul>\n\n\n\n<p><\/p>\n<\/div>\n<\/div>\n<\/div>\n","protected":false},"excerpt":{"rendered":"<p>Relativa a la Adquisici\u00f3n de Bienes e Insumos Diversos para la Direcci\u00f3n de Salud P\u00fablica de SESVER.<\/p>\n","protected":false},"author":6,"featured_media":0,"parent":7823,"menu_order":16,"comment_status":"closed","ping_status":"closed","template":"","meta":{"colormag_page_container_layout":"default_layout","colormag_page_sidebar_layout":"default_layout","footnotes":""},"class_list":["post-8555","page","type-page","status-publish","hentry"],"_links":{"self":[{"href":"https:\/\/www.ssaver.gob.mx\/adquisiciones\/wp-json\/wp\/v2\/pages\/8555","targetHints":{"allow":["GET"]}}],"collection":[{"href":"https:\/\/www.ssaver.gob.mx\/adquisiciones\/wp-json\/wp\/v2\/pages"}],"about":[{"href":"https:\/\/www.ssaver.gob.mx\/adquisiciones\/wp-json\/wp\/v2\/types\/page"}],"author":[{"embeddable":true,"href":"https:\/\/www.ssaver.gob.mx\/adquisiciones\/wp-json\/wp\/v2\/users\/6"}],"replies":[{"embeddable":true,"href":"https:\/\/www.ssaver.gob.mx\/adquisiciones\/wp-json\/wp\/v2\/comments?post=8555"}],"version-history":[{"count":15,"href":"https:\/\/www.ssaver.gob.mx\/adquisiciones\/wp-json\/wp\/v2\/pages\/8555\/revisions"}],"predecessor-version":[{"id":12245,"href":"https:\/\/www.ssaver.gob.mx\/adquisiciones\/wp-json\/wp\/v2\/pages\/8555\/revisions\/12245"}],"up":[{"embeddable":true,"href":"https:\/\/www.ssaver.gob.mx\/adquisiciones\/wp-json\/wp\/v2\/pages\/7823"}],"wp:attachment":[{"href":"https:\/\/www.ssaver.gob.mx\/adquisiciones\/wp-json\/wp\/v2\/media?parent=8555"}],"curies":[{"name":"wp","href":"https:\/\/api.w.org\/{rel}","templated":true}]}}