{"id":8655,"date":"2024-06-11T13:45:25","date_gmt":"2024-06-11T18:45:25","guid":{"rendered":"https:\/\/www.ssaver.gob.mx\/adquisiciones\/?page_id=8655"},"modified":"2026-03-31T11:37:12","modified_gmt":"2026-03-31T17:37:12","slug":"licitaciones-simplificadas-2024-001-020","status":"publish","type":"page","link":"https:\/\/www.ssaver.gob.mx\/adquisiciones\/licitaciones-2024\/licitaciones-simplificadas-2024\/licitaciones-simplificadas-2024-001-020\/","title":{"rendered":"Licitaciones Simplificadas 2024 001-020"},"content":{"rendered":"\n<div class=\"wp-block-group is-layout-constrained wp-container-core-group-is-layout-9517baca wp-block-group-is-layout-constrained\">\n<hr class=\"wp-block-separator has-text-color has-alpha-channel-opacity has-background is-style-wide\" style=\"background-color:#d8bf31;color:#d8bf31\" \/>\n\n\n\n<div class=\"wp-block-columns is-layout-flex wp-container-core-columns-is-layout-28f84493 wp-block-columns-is-layout-flex\">\n<div class=\"wp-block-column has-background is-layout-flow wp-block-column-is-layout-flow\" style=\"background-color:#fff4e0\">\n<ul class=\"wp-block-list has-medium-font-size\">\n<li><a href=\"https:\/\/www.ssaver.gob.mx\/adquisiciones\/licitaciones-2024\/licitaciones-simplificadas-2024\/licitaciones-simplificadas-2024-001-020\/licitacion-simplificada-ls-103t00000-020-2024\/\" target=\"_blank\" rel=\"noreferrer noopener\">Licitaci\u00f3n Simplificada LS-103T00000-020-2024<\/a><br>Relativa&nbsp; a&nbsp; la&nbsp; Adquisici\u00f3n&nbsp; de Vestuario&nbsp; y Equipo&nbsp; de Protecci\u00f3n&nbsp; para&nbsp; el Personal&nbsp; de Campo&nbsp; Adscrito&nbsp; al&nbsp; Departamento&nbsp; de Control de&nbsp; Enfermedades Transmitidas&nbsp; por Vector perteneciente&nbsp; a&nbsp; la&nbsp; Direcci\u00f3n&nbsp; de Salud P\u00fablica de Servicios&nbsp; de Salud&nbsp; de Veracruz.<\/li>\n<\/ul>\n\n\n\n<ul class=\"wp-block-list has-medium-font-size\">\n<li><a href=\"https:\/\/www.ssaver.gob.mx\/adquisiciones\/licitaciones-2024\/licitaciones-simplificadas-2024\/licitaciones-simplificadas-2024-001-020\/licitacion-simplificada-ls-103t00000-019-2024\/\" target=\"_blank\" rel=\"noreferrer noopener\">Licitaci\u00f3n Simplificada LS-103T00000-019-2024<\/a><br>Relativa a la \u00abAdquisici\u00f3n de Hojas Seguridad para la Impresi\u00f3n de Instrumentos Jur\u00eddicos\u201d<\/li>\n<\/ul>\n\n\n\n<ul class=\"wp-block-list has-medium-font-size\">\n<li><a href=\"https:\/\/www.ssaver.gob.mx\/adquisiciones\/licitaciones-2024\/licitaciones-simplificadas-2024\/licitaciones-simplificadas-2024-001-020\/licitacion-simplificada-ls-103t00000-018-2024\/\" target=\"_blank\" rel=\"noreferrer noopener\">Licitaci\u00f3n Simplificada LS-103T00000-018-2024<\/a><br>Relativa a la Adquisici\u00f3n de \u00bbMedicamento, Material de&nbsp;Curaci\u00f3n, Productos Qu\u00edmicos y Material de Laboratorio para la Direcci\u00f3n de Salud Publica\u00bb<\/li>\n<\/ul>\n\n\n\n<ul class=\"wp-block-list has-medium-font-size\">\n<li><a href=\"https:\/\/www.ssaver.gob.mx\/adquisiciones\/licitaciones-2024\/licitaciones-simplificadas-2024\/licitaciones-simplificadas-2024-001-020\/licitacion-simplificada-ls-103t00000-017-2024\/\" target=\"_blank\" rel=\"noreferrer noopener\">Licitaci\u00f3n Simplificada LS-103T00000-017-2024<\/a><br>Relativa&nbsp; a&nbsp; la Impresi\u00f3n&nbsp; de Documentos Oficiales,&nbsp; Carteles y&nbsp;Material para&nbsp; Diversos&nbsp; Programas de&nbsp;la&nbsp; Coordinaci\u00f3n&nbsp; de Calidad en Salud.<\/li>\n<\/ul>\n\n\n\n<ul class=\"wp-block-list has-medium-font-size\">\n<li><a href=\"https:\/\/www.ssaver.gob.mx\/adquisiciones\/licitaciones-2024\/licitaciones-simplificadas-2024\/licitaciones-simplificadas-2024-001-020\/licitacion-simplificada-ls-103t00000-016-2024\/\" target=\"_blank\" rel=\"noreferrer noopener\">Licitaci\u00f3n Simplificada LS-103T00000-016-2024<\/a><br>Relativa&nbsp; a&nbsp; la \u00abAdquisici\u00f3n&nbsp; de&nbsp; Equipo&nbsp; M\u00e9dico&nbsp; y&nbsp; de&nbsp; Laboratorio,&nbsp; y Materiales,&nbsp; Accesorios&nbsp; y Suministros&nbsp; M\u00e9dicos&nbsp; para&nbsp; el&nbsp; Programa&nbsp; Medico&nbsp; Amigo\u00bb<\/li>\n<\/ul>\n\n\n\n<ul class=\"wp-block-list has-medium-font-size\">\n<li><a href=\"https:\/\/www.ssaver.gob.mx\/adquisiciones\/licitaciones-2024\/licitaciones-simplificadas-2024\/licitaciones-simplificadas-2024-001-020\/licitacion-simplificada-ls-103t00000-015-2024\/\" target=\"_blank\" rel=\"noreferrer noopener\">Licitaci\u00f3n Simplificada LS-103T00000-015-2024<\/a><br>Relativa&nbsp; a&nbsp; la&nbsp; Adquisici\u00f3n&nbsp; de&nbsp; \u00bbMobiliario,&nbsp; Bienes Inform\u00e1ticos&nbsp; e&nbsp; Instrumental&nbsp; para&nbsp; el \u00c1rea&nbsp; de Radioterapia&nbsp; y&nbsp; Medicina&nbsp; Nuclear&nbsp; del Centro Estatal&nbsp; de Cancerolog\u00eda&nbsp; Dr.&nbsp; Miguel&nbsp; Dorantes&nbsp; Mesa,&nbsp; perteneciente a&nbsp; Servicios&nbsp; de Salud&nbsp; de Veracruz\u00bb<\/li>\n<\/ul>\n\n\n\n<ul class=\"wp-block-list has-medium-font-size\">\n<li><a href=\"https:\/\/www.ssaver.gob.mx\/adquisiciones\/licitaciones-2024\/licitaciones-simplificadas-2024\/licitaciones-simplificadas-2024-001-020\/licitacion-simplificada-ls-103t00000-014-2024\/\" target=\"_blank\" rel=\"noreferrer noopener\">Licitaci\u00f3n Simplificada LS-103T00000-014-2024<\/a><br>Relativa&nbsp; a&nbsp; la&nbsp; Contrataci\u00f3n&nbsp; del&nbsp; Servicio&nbsp; de Mantenimiento&nbsp; preventivo&nbsp; y&nbsp; Correctivo&nbsp; a&nbsp; los&nbsp; Equipos de&nbsp; la&nbsp; Red&nbsp; de&nbsp; Frio&nbsp; pertenecientes&nbsp; al&nbsp; Programa&nbsp; de Vacunaci\u00f3n&nbsp; Universal&nbsp; de&nbsp; Oficina&nbsp; Central&nbsp; y&nbsp; las&nbsp; 11 Jurisdicciones&nbsp; Sanitarias&nbsp; de&nbsp; SESVER.<\/li>\n<\/ul>\n\n\n\n<ul class=\"wp-block-list has-medium-font-size\">\n<li><a href=\"https:\/\/www.ssaver.gob.mx\/adquisiciones\/licitaciones-2024\/licitaciones-simplificadas-2024\/licitaciones-simplificadas-2024-001-020\/licitacion-simplificada-ls-103t00000-013-2024\/\" target=\"_blank\" rel=\"noreferrer noopener\">Licitaci\u00f3n Simplificada LS-103T00000-013-2024<\/a><br>Relativa&nbsp; a&nbsp; la \u00abAdquisici\u00f3n&nbsp; de&nbsp; Insumos&nbsp; de&nbsp; Limpieza&nbsp; para&nbsp; las Unidades&nbsp; Hospitalarias\u00bb.<\/li>\n<\/ul>\n\n\n\n<ul class=\"wp-block-list has-medium-font-size\">\n<li><a href=\"https:\/\/www.ssaver.gob.mx\/adquisiciones\/licitaciones-2024\/licitaciones-simplificadas-2024\/licitaciones-simplificadas-2024-001-020\/licitacion-simplificada-ls-103t00000-012-2024\/\" target=\"_blank\" rel=\"noreferrer noopener\">Licitaci\u00f3n Simplificada LS-103T00000-012-2024<\/a><br>Relativa&nbsp; a&nbsp; la Adquisici\u00f3n&nbsp; de&nbsp; Insecticidas Necesarios&nbsp; para&nbsp; Fortalecer&nbsp; las&nbsp; Acciones&nbsp; de Control&nbsp; de&nbsp; Vectores&nbsp; en&nbsp; las&nbsp; 11&nbsp; Jurisdicciones Sanitarias&nbsp; pertenecientes&nbsp; a&nbsp; Servicios&nbsp; de Salud&nbsp; de&nbsp; Veracruz.<\/li>\n<\/ul>\n\n\n\n<ul class=\"wp-block-list has-medium-font-size\">\n<li><a href=\"https:\/\/www.ssaver.gob.mx\/adquisiciones\/licitaciones-2024\/licitaciones-simplificadas-2024\/licitaciones-simplificadas-2024-001-020\/licitacion-simplificada-ls-103t00000-011-2024\/\" target=\"_blank\" rel=\"noreferrer noopener\">Licitaci\u00f3n Simplificada LS-103T00000-011-2024<\/a><br>Relativa&nbsp; a La Adquisici\u00f3n&nbsp; de&nbsp; Impresiones&nbsp; de&nbsp; Formatos&nbsp; del Sistema&nbsp; Nacional de&nbsp; Informaci\u00f3n&nbsp; B\u00e1sica&nbsp; en&nbsp; Materia&nbsp; de&nbsp; Salud&nbsp; en&nbsp; su&nbsp; Versi\u00f3n&nbsp; 2024 (SINBA)<\/li>\n<\/ul>\n\n\n\n<ul class=\"wp-block-list has-medium-font-size\">\n<li><a href=\"https:\/\/www.ssaver.gob.mx\/adquisiciones\/licitaciones-2024\/licitaciones-simplificadas-2024\/licitaciones-simplificadas-2024-001-020\/licitacion-simplificada-ls-103t00000-010-2024\/\" target=\"_blank\" rel=\"noreferrer noopener\">Licitaci\u00f3n Simplificada LS-103T00000-010-2024<\/a><br>Relativa&nbsp; a&nbsp; la &nbsp;\u00abAdquisici\u00f3n&nbsp; de&nbsp; Impresos&nbsp; para&nbsp; la&nbsp; Direcci\u00f3n&nbsp; de Salud&nbsp; Publica&nbsp; y&nbsp; la Unidad&nbsp; de&nbsp; Genero\u00bb<\/li>\n<\/ul>\n\n\n\n<ul class=\"wp-block-list has-medium-font-size\">\n<li><a href=\"https:\/\/www.ssaver.gob.mx\/adquisiciones\/licitaciones-2024\/licitaciones-simplificadas-2024\/licitaciones-simplificadas-2024-001-020\/licitacion-simplificada-ls-103t00000-009-2024\/\" target=\"_blank\" rel=\"noreferrer noopener\">Licitaci\u00f3n Simplificada LS-103T00000-009-2024<\/a><br>Contrataci\u00f3n&nbsp; del Servicio&nbsp; Subrogado&nbsp; de&nbsp; fumigaci\u00f3n&nbsp; para&nbsp; la. Red Hospitalaria, Oficinas&nbsp; Centrales,&nbsp; Unidades&nbsp; Administrativas&nbsp; y Jurisdicciones&nbsp; Sanitarias&nbsp; de&nbsp; SESVER<\/li>\n<\/ul>\n\n\n\n<ul class=\"wp-block-list has-medium-font-size\">\n<li><a href=\"https:\/\/www.ssaver.gob.mx\/adquisiciones\/licitaciones-2024\/licitaciones-simplificadas-2024\/licitaciones-simplificadas-2024-001-020\/licitacion-simplificada-ls-103t00000-008-2024\/\" target=\"_blank\" rel=\"noreferrer noopener\">Licitaci\u00f3n Simplificada LS-103T00000-008-2024<\/a><br>Relativa&nbsp; a&nbsp; la Contrataci\u00f3n&nbsp; del&nbsp; \u00bbServicio&nbsp; Subrogado&nbsp; de&nbsp; Limpieza&nbsp; de Cisternas&nbsp; de&nbsp; la&nbsp; Red&nbsp; Hospitalaria&nbsp; de&nbsp; Servicios&nbsp; de Salud&nbsp; de&nbsp; Veracruz\u00bb<\/li>\n<\/ul>\n\n\n\n<ul class=\"wp-block-list has-medium-font-size\">\n<li><a href=\"https:\/\/www.ssaver.gob.mx\/adquisiciones\/licitaciones-2024\/licitaciones-simplificadas-2024\/licitaciones-simplificadas-2024-001-020\/licitacion-simplificada-ls-103t00000-007-2024\/\" target=\"_blank\" rel=\"noreferrer noopener\">Licitaci\u00f3n Simplificada LS-103T00000-007-2024<\/a><br>Relativa&nbsp; a&nbsp; la&nbsp; Adquisici\u00f3n&nbsp; de&nbsp; \u00abBienes&nbsp; Inform\u00e1ticos&nbsp; para&nbsp; la Direcci\u00f3n&nbsp; General&nbsp; de&nbsp; Servicios&nbsp; de&nbsp; Salud&nbsp; de&nbsp; Veracruz\u00bb.<\/li>\n<\/ul>\n\n\n\n<ul class=\"wp-block-list has-medium-font-size\">\n<li><a href=\"https:\/\/www.ssaver.gob.mx\/adquisiciones\/licitaciones-2024\/licitaciones-simplificadas-2024\/licitaciones-simplificadas-2024-001-020\/licitacion-simplificada-ls-103t00000-006-2024\/\" target=\"_blank\" rel=\"noreferrer noopener\">Licitaci\u00f3n Simplificada LS-103T00000-006-2024<\/a><br>Relativa&nbsp; a&nbsp; la&nbsp; Adquisici\u00f3n&nbsp; de&nbsp; Materiales para&nbsp; la&nbsp; Campana&nbsp; del&nbsp; D\u00eda&nbsp; Mundial&nbsp; de \u00bbHigiene&nbsp; de&nbsp; Manos&nbsp; 2024\u00bb.<\/li>\n<\/ul>\n\n\n\n<ul class=\"wp-block-list has-medium-font-size\">\n<li><a href=\"https:\/\/www.ssaver.gob.mx\/adquisiciones\/licitaciones-2024\/licitaciones-simplificadas-2024\/licitaciones-simplificadas-2024-001-020\/licitacion-simplificada-ls-103t00000-005-2024\/\" target=\"_blank\" rel=\"noreferrer noopener\">Licitaci\u00f3n Simplificada LS-103T00000-005-2024<\/a><br>Relativa&nbsp; a&nbsp; la&nbsp; Adquisici\u00f3n&nbsp; de&nbsp; \u00bbRenovaci\u00f3n&nbsp; de&nbsp; Licencias&nbsp; y Soporte&nbsp; para&nbsp; Equipos&nbsp; de&nbsp; Seguridad&nbsp; Web&nbsp; y&nbsp; Correo Institucional&nbsp; de&nbsp; Servicios&nbsp; de&nbsp; Salud&nbsp; de&nbsp; Veracruz\u00bb.<\/li>\n<\/ul>\n\n\n\n<ul class=\"wp-block-list has-medium-font-size\">\n<li><a href=\"https:\/\/www.ssaver.gob.mx\/adquisiciones\/licitaciones-2024\/licitaciones-simplificadas-2024\/licitaciones-simplificadas-2024-001-020\/licitacion-simplificada-ls-103t00000-004-2024\/\" target=\"_blank\" rel=\"noreferrer noopener\">Licitaci\u00f3n Simplificada LS-103T00000-004-2024<\/a><br>Relativa&nbsp; a&nbsp; la Contrataci\u00f3n del&nbsp; \u00abServicio&nbsp; Subrogado&nbsp; de Transporte&nbsp; de&nbsp; Personal&nbsp; para&nbsp; el&nbsp; Laboratorio&nbsp; Estatal , de Salud Publica<\/li>\n<\/ul>\n\n\n\n<ul class=\"wp-block-list has-medium-font-size\">\n<li><a href=\"https:\/\/www.ssaver.gob.mx\/adquisiciones\/licitaciones-2024\/licitaciones-simplificadas-2024\/licitaciones-simplificadas-2024-001-020\/licitacion-simplificada-ls-103t00000-003-2024\/\" target=\"_blank\" rel=\"noreferrer noopener\">Licitaci\u00f3n Simplificada LS-103T00000-003-2024<\/a><br>Contrataci\u00f3n&nbsp; Abierta&nbsp; del&nbsp; \u00bbServicio&nbsp; Subrogado&nbsp; de&nbsp; Fotocopiado para&nbsp; Diversas&nbsp; Unidades&nbsp; Aplicativas&nbsp; de&nbsp; Servicios&nbsp; de&nbsp; Salud&nbsp; de Veracruz\u00bb<\/li>\n<\/ul>\n\n\n\n<ul class=\"wp-block-list has-medium-font-size\">\n<li><a href=\"https:\/\/www.ssaver.gob.mx\/adquisiciones\/licitaciones-2024\/licitaciones-simplificadas-2024\/licitaciones-simplificadas-2024-001-020\/licitacion-simplificada-ls-103t00000-002-2024\/\">Licitaci\u00f3n Simplificada LS-103T00000-002-2024<\/a><br>Servicio&nbsp; Subrogado&nbsp; de&nbsp; Agua&nbsp; Purificada&nbsp; en&nbsp; Oficinas&nbsp; Centrales, Subdirecci\u00f3n&nbsp; de&nbsp; Ense\u00f1anza,&nbsp; Investigaci\u00f3n&nbsp; y&nbsp; Capacitaci\u00f3n,&nbsp; \u00d3rgano &nbsp;Interno&nbsp; de&nbsp; Control,&nbsp; Plaza&nbsp; Macuiltepetl,&nbsp; Administracion&nbsp; del Patrimonio&nbsp; de&nbsp; la&nbsp; Beneficencia&nbsp; P\u00fablica&nbsp; (PBP),&nbsp; Departamento&nbsp; de Vigilancia&nbsp; Epidemiol\u00f3gica,&nbsp; Comisi\u00f3n&nbsp; Estatal&nbsp; Contra&nbsp; las Adicciones,&nbsp; Almac\u00e9n&nbsp; \u00abA\u00bb,&nbsp; Almac\u00e9n&nbsp; \u00abB\u00bb,&nbsp; Instituto&nbsp; Veracruzano&nbsp; de Salud&nbsp; Mental&nbsp; Dr.&nbsp; Rafael&nbsp; Velasco&nbsp; Fern\u00e1ndez,&nbsp; Centro&nbsp; Estatal&nbsp; de Cancerolog\u00eda&nbsp; Dr.&nbsp; Miguel&nbsp; Dorantes&nbsp; Mesa&nbsp; (CECAN),&nbsp; Unidad&nbsp; de&nbsp; Vida Saludable&nbsp; (UVISA) y&nbsp; Centro&nbsp; de&nbsp; Atenci\u00f3n&nbsp; Infantil&nbsp; (CAI), Dependientes&nbsp; de&nbsp; Servicios&nbsp; de&nbsp; Salud&nbsp; de&nbsp; Veracruz<\/li>\n<\/ul>\n\n\n\n<ul class=\"wp-block-list has-medium-font-size\">\n<li><a href=\"https:\/\/www.ssaver.gob.mx\/adquisiciones\/licitaciones-2024\/licitaciones-simplificadas-2024\/licitaciones-simplificadas-2024-001-020\/licitacion-simplificada-ls-103t00000-001-2024\/\" target=\"_blank\" rel=\"noreferrer noopener\">Licitaci\u00f3n Simplificada LS-103T00000-001-2024<\/a><br>Relativa&nbsp; a&nbsp; la&nbsp; Contrataci\u00f3n&nbsp; Abierta&nbsp; del \u00abServicio&nbsp; Subrogado&nbsp; de&nbsp; Mensajer\u00eda&nbsp; y&nbsp; Paqueter\u00eda<\/li>\n<\/ul>\n<\/div>\n<\/div>\n<\/div>\n","protected":false},"excerpt":{"rendered":"","protected":false},"author":6,"featured_media":0,"parent":7820,"menu_order":1,"comment_status":"closed","ping_status":"closed","template":"","meta":{"colormag_page_container_layout":"default_layout","colormag_page_sidebar_layout":"default_layout","footnotes":""},"class_list":["post-8655","page","type-page","status-publish","hentry"],"_links":{"self":[{"href":"https:\/\/www.ssaver.gob.mx\/adquisiciones\/wp-json\/wp\/v2\/pages\/8655","targetHints":{"allow":["GET"]}}],"collection":[{"href":"https:\/\/www.ssaver.gob.mx\/adquisiciones\/wp-json\/wp\/v2\/pages"}],"about":[{"href":"https:\/\/www.ssaver.gob.mx\/adquisiciones\/wp-json\/wp\/v2\/types\/page"}],"author":[{"embeddable":true,"href":"https:\/\/www.ssaver.gob.mx\/adquisiciones\/wp-json\/wp\/v2\/users\/6"}],"replies":[{"embeddable":true,"href":"https:\/\/www.ssaver.gob.mx\/adquisiciones\/wp-json\/wp\/v2\/comments?post=8655"}],"version-history":[{"count":28,"href":"https:\/\/www.ssaver.gob.mx\/adquisiciones\/wp-json\/wp\/v2\/pages\/8655\/revisions"}],"predecessor-version":[{"id":12033,"href":"https:\/\/www.ssaver.gob.mx\/adquisiciones\/wp-json\/wp\/v2\/pages\/8655\/revisions\/12033"}],"up":[{"embeddable":true,"href":"https:\/\/www.ssaver.gob.mx\/adquisiciones\/wp-json\/wp\/v2\/pages\/7820"}],"wp:attachment":[{"href":"https:\/\/www.ssaver.gob.mx\/adquisiciones\/wp-json\/wp\/v2\/media?parent=8655"}],"curies":[{"name":"wp","href":"https:\/\/api.w.org\/{rel}","templated":true}]}}