{"id":8868,"date":"2024-07-09T11:19:49","date_gmt":"2024-07-09T16:19:49","guid":{"rendered":"https:\/\/www.ssaver.gob.mx\/adquisiciones\/?page_id=8868"},"modified":"2026-04-01T11:49:51","modified_gmt":"2026-04-01T17:49:51","slug":"licitacion-publica-nacional-lpn-103t00000-019-2024","status":"publish","type":"page","link":"https:\/\/www.ssaver.gob.mx\/adquisiciones\/licitaciones-2024\/licitaciones-publicas-nacionales-2024\/licitacion-publica-nacional-lpn-103t00000-019-2024\/","title":{"rendered":"Licitaci\u00f3n P\u00fablica Nacional LPN-103T00000-019-2024"},"content":{"rendered":"\n<div class=\"wp-block-group is-layout-constrained wp-container-core-group-is-layout-9517baca wp-block-group-is-layout-constrained\">\n<hr class=\"wp-block-separator has-text-color has-alpha-channel-opacity has-background is-style-wide\" style=\"background-color:#d8bf31;color:#d8bf31\" \/>\n\n\n\n<div class=\"wp-block-columns has-text-color has-background is-layout-flex wp-container-core-columns-is-layout-28f84493 wp-block-columns-is-layout-flex\" style=\"color:#5b4c0d;background-color:#fff4e0\">\n<div class=\"wp-block-column is-layout-flow wp-block-column-is-layout-flow\">\n<p><strong>Relativa&nbsp; a&nbsp; la \u00bbAdquisici\u00f3n de Equipamiento Electromec\u00e1nico&nbsp; y&nbsp; M\u00e9dico&nbsp; Especializado para&nbsp; Diversas&nbsp; Unidades&nbsp; Hospitalarias pertenecientes&nbsp; a&nbsp; Servicios&nbsp; de&nbsp; Salud&nbsp; de Veracruz,&nbsp; con&nbsp; Recurso&nbsp; FISE&nbsp; 2024\u00bb<\/strong><\/p>\n\n\n\n<ul class=\"wp-block-list\">\n<li><a href=\"https:\/\/www.ssaver.gob.mx\/adquisiciones\/wp-content\/uploads\/sites\/5\/2024\/07\/CONVOCATORIA-NO.-20.pdf\" target=\"_blank\" rel=\"noreferrer noopener\">Convocatoria<\/a><\/li>\n\n\n\n<li><a href=\"https:\/\/www.ssaver.gob.mx\/adquisiciones\/wp-content\/uploads\/sites\/5\/2024\/07\/BASES-Y-ANEXOS-LPN-103T00000-019-2024_0001_compressed.pdf\" target=\"_blank\" rel=\"noreferrer noopener\">Bases y Anexos<\/a><\/li>\n\n\n\n<li><a href=\"https:\/\/www.ssaver.gob.mx\/adquisiciones\/wp-content\/uploads\/sites\/5\/2024\/07\/FICHAS-TECNICAS_compressed.pdf\" target=\"_blank\" rel=\"noreferrer noopener\">Fichas T\u00e9cnicas<\/a><\/li>\n\n\n\n<li><a href=\"https:\/\/www.ssaver.gob.mx\/adquisiciones\/wp-content\/uploads\/sites\/5\/2024\/07\/Acta-de-junta-de-aclaraciones-LPN-103T00000-019-2024-OK.pdf\" target=\"_blank\" rel=\"noreferrer noopener\">Acta de junta de aclaraciones<\/a><\/li>\n\n\n\n<li><a href=\"https:\/\/www.ssaver.gob.mx\/adquisiciones\/wp-content\/uploads\/sites\/5\/2024\/07\/Acta-de-apertura-de-proposiciones-LPN-103T00000-019-2024_0001_compressed.pdf\" target=\"_blank\" rel=\"noreferrer noopener\">Acta de apertura de proposiciones<\/a><\/li>\n\n\n\n<li><a href=\"https:\/\/www.ssaver.gob.mx\/adquisiciones\/wp-content\/uploads\/sites\/5\/2024\/07\/Acta-de-diferimiento-de-la-evaluacion-tecnica-y-economica-y-emision-del-fallo-LPN-103T00000-019-2024_0001.pdf\" target=\"_blank\" rel=\"noreferrer noopener\">Acta de diferimiento de la evaluaci\u00f3n t\u00e9cnica y econ\u00f3mica y emisi\u00f3n del fallo<\/a><\/li>\n\n\n\n<li><a href=\"https:\/\/www.ssaver.gob.mx\/adquisiciones\/wp-content\/uploads\/sites\/5\/2024\/08\/Dictamen-tecnico-economico-Acta-de-fallo-LPN-103T00000-019-2024.pdf\" target=\"_blank\" rel=\"noreferrer noopener\">Dictamen t\u00e9cnico-econ\u00f3mico (Acta de fallo)<\/a><\/li>\n\n\n\n<li><a href=\"https:\/\/www.ssaver.gob.mx\/adquisiciones\/wp-content\/uploads\/sites\/5\/2024\/08\/Acta-de-rectificacion-de-fallo-LPN-103T00000-019-2024_0001.pdf\" target=\"_blank\" rel=\"noreferrer noopener\">Acta de rectificaci\u00f3n de Dictamen t\u00e9cnico-econ\u00f3mico (Acta de fallo)<\/a><\/li>\n\n\n\n<li><a href=\"https:\/\/www.ssaver.gob.mx\/adquisiciones\/wp-content\/uploads\/sites\/5\/2024\/09\/Notificacion-de-fallo-LPN-103T00000-019-2024_compressed.pdf\" target=\"_blank\" rel=\"noreferrer noopener\">Notificaci\u00f3n de fallo <\/a><\/li>\n\n\n\n<li>Contratos Nos. <a href=\"https:\/\/www.ssaver.gob.mx\/adquisiciones\/wp-content\/uploads\/sites\/5\/2024\/09\/SESVER_DA_C-137_2024-AFECTADO-C.pdf\" target=\"_blank\" rel=\"noreferrer noopener\">137<\/a>, <a href=\"https:\/\/www.ssaver.gob.mx\/adquisiciones\/wp-content\/uploads\/sites\/5\/2024\/09\/SESVER_DA_C-138_2024-AFECTADO-C.pdf\" target=\"_blank\" rel=\"noreferrer noopener\">138<\/a>, <a href=\"https:\/\/www.ssaver.gob.mx\/adquisiciones\/wp-content\/uploads\/sites\/5\/2024\/09\/SESVER_DA_C-139_2024-AFECTADO-C.pdf\" target=\"_blank\" rel=\"noreferrer noopener\">139<\/a>, <a href=\"https:\/\/www.ssaver.gob.mx\/adquisiciones\/wp-content\/uploads\/sites\/5\/2024\/09\/SESVER_DA_C-140_2024-AFECTADO-C.pdf\" target=\"_blank\" rel=\"noreferrer noopener\">140<\/a>, <a href=\"https:\/\/www.ssaver.gob.mx\/adquisiciones\/wp-content\/uploads\/sites\/5\/2024\/09\/SESVER_DA_C-141_2024-AFECTADO-C.pdf\" target=\"_blank\" rel=\"noreferrer noopener\">141<\/a>, <a href=\"https:\/\/www.ssaver.gob.mx\/adquisiciones\/wp-content\/uploads\/sites\/5\/2024\/09\/SESVER_DA_C-142_2024-AFECTADO-C.pdf\">142<\/a>, <a href=\"https:\/\/www.ssaver.gob.mx\/adquisiciones\/wp-content\/uploads\/sites\/5\/2024\/09\/SESVER_DA_C-143_2024-AFECTADO-C.pdf\" target=\"_blank\" rel=\"noreferrer noopener\">143<\/a>, <a href=\"https:\/\/www.ssaver.gob.mx\/adquisiciones\/wp-content\/uploads\/sites\/5\/2024\/09\/SESVER_DA_C-144_2024-AFECTADO-C.pdf\" target=\"_blank\" rel=\"noreferrer noopener\">144<\/a>, <a href=\"https:\/\/www.ssaver.gob.mx\/adquisiciones\/wp-content\/uploads\/sites\/5\/2024\/09\/SESVER_DA_C-145_2024-AFECTADO-C.pdf\" target=\"_blank\" rel=\"noreferrer noopener\">145<\/a>, <a href=\"https:\/\/www.ssaver.gob.mx\/adquisiciones\/wp-content\/uploads\/sites\/5\/2024\/09\/SESVER_DA_C-146_2024-AFECTADO-C.pdf\" target=\"_blank\" rel=\"noreferrer noopener\">146<\/a>, <a href=\"https:\/\/www.ssaver.gob.mx\/adquisiciones\/wp-content\/uploads\/sites\/5\/2024\/09\/SESVER_DA_C-147_2024-AFECTADO-C.pdf\" target=\"_blank\" rel=\"noreferrer noopener\">147<\/a>, <a href=\"https:\/\/www.ssaver.gob.mx\/adquisiciones\/wp-content\/uploads\/sites\/5\/2024\/09\/SESVER_DA_C-148_2024-AFECTADO-C.pdf\" target=\"_blank\" rel=\"noreferrer noopener\">148<\/a>, <a href=\"https:\/\/www.ssaver.gob.mx\/adquisiciones\/wp-content\/uploads\/sites\/5\/2024\/09\/SESVER_DA_C-149_2024-AFECTADO-C.pdf\" target=\"_blank\" rel=\"noreferrer noopener\">149<\/a> y <a href=\"https:\/\/www.ssaver.gob.mx\/adquisiciones\/wp-content\/uploads\/sites\/5\/2024\/09\/SESVER_DA_C-150_2024-AFECTADO-C.pdf\" target=\"_blank\" rel=\"noreferrer noopener\">150<\/a> de 2024<\/li>\n\n\n\n<li><a href=\"https:\/\/www.ssaver.gob.mx\/adquisiciones\/wp-content\/uploads\/sites\/5\/2024\/10\/ESCRITO-DE-TESTIGO-SOCIAL-LPN-019-2024-OK.pdf\" target=\"_blank\" rel=\"noreferrer noopener\">Testimonio emitido por el Testigo Social<\/a><\/li>\n<\/ul>\n\n\n\n<p><\/p>\n<\/div>\n<\/div>\n<\/div>\n","protected":false},"excerpt":{"rendered":"<p>Relativa&nbsp; a&nbsp; la \u00bbAdquisici\u00f3n de Equipamiento Electromec\u00e1nico&nbsp; y&nbsp; M\u00e9dico&nbsp; Especializado para&nbsp; Diversas&nbsp; Unidades&nbsp; Hospitalarias pertenecientes&nbsp; a&nbsp; Servicios&nbsp; de&nbsp; Salud&nbsp; de<\/p>\n","protected":false},"author":6,"featured_media":0,"parent":7823,"menu_order":19,"comment_status":"closed","ping_status":"closed","template":"","meta":{"colormag_page_container_layout":"default_layout","colormag_page_sidebar_layout":"default_layout","footnotes":""},"class_list":["post-8868","page","type-page","status-publish","hentry"],"_links":{"self":[{"href":"https:\/\/www.ssaver.gob.mx\/adquisiciones\/wp-json\/wp\/v2\/pages\/8868","targetHints":{"allow":["GET"]}}],"collection":[{"href":"https:\/\/www.ssaver.gob.mx\/adquisiciones\/wp-json\/wp\/v2\/pages"}],"about":[{"href":"https:\/\/www.ssaver.gob.mx\/adquisiciones\/wp-json\/wp\/v2\/types\/page"}],"author":[{"embeddable":true,"href":"https:\/\/www.ssaver.gob.mx\/adquisiciones\/wp-json\/wp\/v2\/users\/6"}],"replies":[{"embeddable":true,"href":"https:\/\/www.ssaver.gob.mx\/adquisiciones\/wp-json\/wp\/v2\/comments?post=8868"}],"version-history":[{"count":22,"href":"https:\/\/www.ssaver.gob.mx\/adquisiciones\/wp-json\/wp\/v2\/pages\/8868\/revisions"}],"predecessor-version":[{"id":12248,"href":"https:\/\/www.ssaver.gob.mx\/adquisiciones\/wp-json\/wp\/v2\/pages\/8868\/revisions\/12248"}],"up":[{"embeddable":true,"href":"https:\/\/www.ssaver.gob.mx\/adquisiciones\/wp-json\/wp\/v2\/pages\/7823"}],"wp:attachment":[{"href":"https:\/\/www.ssaver.gob.mx\/adquisiciones\/wp-json\/wp\/v2\/media?parent=8868"}],"curies":[{"name":"wp","href":"https:\/\/api.w.org\/{rel}","templated":true}]}}