{"id":8939,"date":"2024-07-16T13:20:44","date_gmt":"2024-07-16T18:20:44","guid":{"rendered":"https:\/\/www.ssaver.gob.mx\/adquisiciones\/?page_id=8939"},"modified":"2026-03-31T11:43:26","modified_gmt":"2026-03-31T17:43:26","slug":"licitacion-simplificada-ls-103t00000-015-2024","status":"publish","type":"page","link":"https:\/\/www.ssaver.gob.mx\/adquisiciones\/licitaciones-2024\/licitaciones-simplificadas-2024\/licitaciones-simplificadas-2024-001-020\/licitacion-simplificada-ls-103t00000-015-2024\/","title":{"rendered":"Licitaci\u00f3n Simplificada LS-103T00000-015-2024"},"content":{"rendered":"\n<div class=\"wp-block-group is-layout-constrained wp-container-core-group-is-layout-9517baca wp-block-group-is-layout-constrained\">\n<hr class=\"wp-block-separator has-text-color has-alpha-channel-opacity has-background is-style-wide\" style=\"background-color:#d8bf31;color:#d8bf31\" \/>\n\n\n\n<ul style=\"background-color:#fff4e0\" class=\"wp-block-list has-background\">\n<li><strong>Relativa&nbsp; a&nbsp; la&nbsp; Adquisici\u00f3n&nbsp; de&nbsp; \u00bbMobiliario,&nbsp; Bienes Inform\u00e1ticos&nbsp; e&nbsp; Instrumental&nbsp; para&nbsp; el \u00c1rea&nbsp; de Radioterapia&nbsp; y&nbsp; Medicina&nbsp; Nuclear&nbsp; del Centro Estatal&nbsp; de Cancerolog\u00eda&nbsp; Dr.&nbsp; Miguel&nbsp; Dorantes&nbsp; Mesa,&nbsp; perteneciente a&nbsp; Servicios&nbsp; de Salud&nbsp; de Veracruz\u00bb<\/strong><\/li>\n<\/ul>\n\n\n\n<ul style=\"color:#5b4c0d;background-color:#fff4e0\" class=\"wp-block-list has-text-color has-background has-medium-font-size\">\n<li><a href=\"https:\/\/www.ssaver.gob.mx\/adquisiciones\/wp-content\/uploads\/sites\/5\/2024\/07\/Oficios-de-invitacion-LS-103T00000-015-2024_0001_compressed-1.pdf\" target=\"_blank\" rel=\"noreferrer noopener\">Oficios de Invitaci\u00f3n<\/a><\/li>\n\n\n\n<li><a href=\"https:\/\/www.ssaver.gob.mx\/adquisiciones\/wp-content\/uploads\/sites\/5\/2024\/07\/BASES-Y-ANEXOS-LS-103T00000-015-2024_0001_compressed.pdf\" target=\"_blank\" rel=\"noreferrer noopener\">Bases y Anexos<\/a><\/li>\n\n\n\n<li><a href=\"https:\/\/www.ssaver.gob.mx\/adquisiciones\/wp-content\/uploads\/sites\/5\/2024\/07\/Acta-de-apertura-de-proposiciones-LS-103T00000-015-2024_0001_compressed.pdf\" target=\"_blank\" rel=\"noreferrer noopener\">Acta de apertura de proposiciones<\/a><\/li>\n<\/ul>\n\n\n\n<p><\/p>\n\n\n\n<p><\/p>\n<\/div>\n","protected":false},"excerpt":{"rendered":"","protected":false},"author":6,"featured_media":0,"parent":8655,"menu_order":15,"comment_status":"closed","ping_status":"closed","template":"","meta":{"colormag_page_container_layout":"default_layout","colormag_page_sidebar_layout":"default_layout","footnotes":""},"class_list":["post-8939","page","type-page","status-publish","hentry"],"_links":{"self":[{"href":"https:\/\/www.ssaver.gob.mx\/adquisiciones\/wp-json\/wp\/v2\/pages\/8939","targetHints":{"allow":["GET"]}}],"collection":[{"href":"https:\/\/www.ssaver.gob.mx\/adquisiciones\/wp-json\/wp\/v2\/pages"}],"about":[{"href":"https:\/\/www.ssaver.gob.mx\/adquisiciones\/wp-json\/wp\/v2\/types\/page"}],"author":[{"embeddable":true,"href":"https:\/\/www.ssaver.gob.mx\/adquisiciones\/wp-json\/wp\/v2\/users\/6"}],"replies":[{"embeddable":true,"href":"https:\/\/www.ssaver.gob.mx\/adquisiciones\/wp-json\/wp\/v2\/comments?post=8939"}],"version-history":[{"count":3,"href":"https:\/\/www.ssaver.gob.mx\/adquisiciones\/wp-json\/wp\/v2\/pages\/8939\/revisions"}],"predecessor-version":[{"id":12048,"href":"https:\/\/www.ssaver.gob.mx\/adquisiciones\/wp-json\/wp\/v2\/pages\/8939\/revisions\/12048"}],"up":[{"embeddable":true,"href":"https:\/\/www.ssaver.gob.mx\/adquisiciones\/wp-json\/wp\/v2\/pages\/8655"}],"wp:attachment":[{"href":"https:\/\/www.ssaver.gob.mx\/adquisiciones\/wp-json\/wp\/v2\/media?parent=8939"}],"curies":[{"name":"wp","href":"https:\/\/api.w.org\/{rel}","templated":true}]}}