{"id":8981,"date":"2024-07-19T13:41:49","date_gmt":"2024-07-19T18:41:49","guid":{"rendered":"https:\/\/www.ssaver.gob.mx\/adquisiciones\/?page_id=8981"},"modified":"2026-04-01T11:54:04","modified_gmt":"2026-04-01T17:54:04","slug":"licitacion-publica-nacional-lpn-103t00000-023-2024","status":"publish","type":"page","link":"https:\/\/www.ssaver.gob.mx\/adquisiciones\/licitaciones-2024\/licitaciones-publicas-nacionales-2024\/licitacion-publica-nacional-lpn-103t00000-023-2024\/","title":{"rendered":"Licitaci\u00f3n P\u00fablica Nacional LPN-103T00000-023-2024"},"content":{"rendered":"\n<div class=\"wp-block-group is-layout-constrained wp-container-core-group-is-layout-9517baca wp-block-group-is-layout-constrained\">\n<hr class=\"wp-block-separator has-text-color has-alpha-channel-opacity has-background is-style-wide\" style=\"background-color:#d8bf31;color:#d8bf31\" \/>\n\n\n\n<div class=\"wp-block-columns has-text-color has-background is-layout-flex wp-container-core-columns-is-layout-28f84493 wp-block-columns-is-layout-flex\" style=\"color:#5b4c0d;background-color:#fff4e0\">\n<div class=\"wp-block-column is-layout-flow wp-block-column-is-layout-flow\">\n<p><strong><strong><strong>Adquisici\u00f3n&nbsp; de Medicamento y Material de Curaci\u00f3n para las Unidades de Primero y Segundo Nivel de SESVER<\/strong><\/strong><\/strong><\/p>\n\n\n\n<ul class=\"wp-block-list\">\n<li><a href=\"https:\/\/www.ssaver.gob.mx\/adquisiciones\/wp-content\/uploads\/sites\/5\/2024\/07\/CONNVOCATORIA-No.-24.pdf\" target=\"_blank\" rel=\"noreferrer noopener\">Convocatoria<\/a><\/li>\n\n\n\n<li><a href=\"https:\/\/www.ssaver.gob.mx\/adquisiciones\/wp-content\/uploads\/sites\/5\/2024\/07\/BASES-Y-ANEXOS-LPN-103T00000-023-2024_0001_compressed-1.pdf\" target=\"_blank\" rel=\"noreferrer noopener\">Bases y Anexos<\/a><\/li>\n\n\n\n<li><a href=\"https:\/\/www.ssaver.gob.mx\/adquisiciones\/wp-content\/uploads\/sites\/5\/2024\/07\/Acta-de-junta-de-aclaraciones-LPN-103T00000-023-2024_0001_compressed.pdf\" target=\"_blank\" rel=\"noreferrer noopener\">Acta de junta de aclaraciones<\/a><\/li>\n\n\n\n<li><a href=\"https:\/\/www.ssaver.gob.mx\/adquisiciones\/wp-content\/uploads\/sites\/5\/2024\/07\/Acta-de-apertura-de-proposiciones-LPN-103T00000-023-2024_0001_compressed-1.pdf\" target=\"_blank\" rel=\"noreferrer noopener\">Acta de apertura de proposiciones <\/a><\/li>\n\n\n\n<li><a href=\"https:\/\/www.ssaver.gob.mx\/adquisiciones\/wp-content\/uploads\/sites\/5\/2024\/08\/Acta-de-diferimiento-de-la-evaluacion-tecnica-y-economica-y-emision-del-fallo-LPN-103T00000-023-2024.pdf\" target=\"_blank\" rel=\"noreferrer noopener\">Acta de diferimiento de la evaluaci\u00f3n t\u00e9cnica y econ\u00f3mica y emisi\u00f3n del fallo<\/a><\/li>\n\n\n\n<li><a href=\"https:\/\/www.ssaver.gob.mx\/adquisiciones\/wp-content\/uploads\/sites\/5\/2024\/08\/Dictamen-tecnico-economico-Acta-de-fallo-LPN-103T00000-023-2024_0001_compressed.pdf\" target=\"_blank\" rel=\"noreferrer noopener\">Dictamen t\u00e9cnico-econ\u00f3mico (Acta de fallo)<\/a><\/li>\n\n\n\n<li><a href=\"https:\/\/www.ssaver.gob.mx\/adquisiciones\/wp-content\/uploads\/sites\/5\/2024\/09\/Notificacion-de-fallo-LPN-103T00000-023-2024_0001_compressed.pdf\" target=\"_blank\" rel=\"noreferrer noopener\">Notificaci\u00f3n de fallo<\/a><\/li>\n\n\n\n<li>Contratos Nos. <a href=\"https:\/\/www.ssaver.gob.mx\/adquisiciones\/wp-content\/uploads\/sites\/5\/2024\/10\/SESVER_DA_C-154_2024-AFECTADO-C.pdf\" target=\"_blank\" rel=\"noreferrer noopener\">154<\/a>, <a href=\"https:\/\/www.ssaver.gob.mx\/adquisiciones\/wp-content\/uploads\/sites\/5\/2024\/09\/SESVER_DA_C-155_2024-AFECTADO-C.pdf\" target=\"_blank\" rel=\"noreferrer noopener\">155<\/a>, <a href=\"https:\/\/www.ssaver.gob.mx\/adquisiciones\/wp-content\/uploads\/sites\/5\/2024\/10\/SESVER_DA_C-156_2024-AFECTADO-C.pdf\" target=\"_blank\" rel=\"noreferrer noopener\">156<\/a>, <a href=\"https:\/\/www.ssaver.gob.mx\/adquisiciones\/wp-content\/uploads\/sites\/5\/2024\/09\/SESVER_DA_C-157_2024-AFECTADO-C.pdf\" target=\"_blank\" rel=\"noreferrer noopener\">157<\/a>, <a href=\"https:\/\/www.ssaver.gob.mx\/adquisiciones\/wp-content\/uploads\/sites\/5\/2024\/10\/SESVER_DA_C-158_2024-AFECTADO-C.pdf\" target=\"_blank\" rel=\"noreferrer noopener\">158<\/a>, <a href=\"https:\/\/www.ssaver.gob.mx\/adquisiciones\/wp-content\/uploads\/sites\/5\/2024\/10\/SESVER_DA_C-159_2024-AFECTADO-C.pdf\" target=\"_blank\" rel=\"noreferrer noopener\">159,<\/a> <a href=\"https:\/\/www.ssaver.gob.mx\/adquisiciones\/wp-content\/uploads\/sites\/5\/2024\/10\/SESVER_DA_C-160_2024-AFECTADO-C.pdf\" target=\"_blank\" rel=\"noreferrer noopener\">160<\/a>, <a href=\"https:\/\/www.ssaver.gob.mx\/adquisiciones\/wp-content\/uploads\/sites\/5\/2024\/09\/SESVER_DA_C-161_2024-AFECTADO-C.pdf\" target=\"_blank\" rel=\"noreferrer noopener\">161<\/a>, <a href=\"https:\/\/www.ssaver.gob.mx\/adquisiciones\/wp-content\/uploads\/sites\/5\/2024\/10\/SESVER_DA_C-162_2024-AFECTADO-C.pdf\" target=\"_blank\" rel=\"noreferrer noopener\">162<\/a>, <a href=\"https:\/\/www.ssaver.gob.mx\/adquisiciones\/wp-content\/uploads\/sites\/5\/2024\/09\/SESVER_DA_C-163_2024-AFECTADO-C.pdf\" target=\"_blank\" rel=\"noreferrer noopener\">163<\/a>, <a href=\"https:\/\/www.ssaver.gob.mx\/adquisiciones\/wp-content\/uploads\/sites\/5\/2024\/10\/SESVER_DA_C-164_2024-AFECTADO-C.pdf\" target=\"_blank\" rel=\"noreferrer noopener\">164<\/a>, <a href=\"https:\/\/www.ssaver.gob.mx\/adquisiciones\/wp-content\/uploads\/sites\/5\/2024\/10\/SESVER_DA_C-165_2024-AFECTADO-C.pdf\" target=\"_blank\" rel=\"noreferrer noopener\">165<\/a>, <a href=\"https:\/\/www.ssaver.gob.mx\/adquisiciones\/wp-content\/uploads\/sites\/5\/2024\/10\/SESVER_DA_C-166_2024-AFECTADO-C.pdf\" target=\"_blank\" rel=\"noreferrer noopener\">166<\/a>, <a href=\"https:\/\/www.ssaver.gob.mx\/adquisiciones\/wp-content\/uploads\/sites\/5\/2024\/10\/SESVER_DA_C-167_2024-AFECTADO-C.pdf\" target=\"_blank\" rel=\"noreferrer noopener\">167<\/a>, <a href=\"https:\/\/www.ssaver.gob.mx\/adquisiciones\/wp-content\/uploads\/sites\/5\/2024\/10\/SESVER_DA_C-168_2024-AFECTADO-C.pdf\" target=\"_blank\" rel=\"noreferrer noopener\">168<\/a>, <a href=\"https:\/\/www.ssaver.gob.mx\/adquisiciones\/wp-content\/uploads\/sites\/5\/2024\/10\/SESVER_DA_C-169_2024-AFECTADO-C.pdf\" target=\"_blank\" rel=\"noreferrer noopener\">169<\/a>, <a href=\"https:\/\/www.ssaver.gob.mx\/adquisiciones\/wp-content\/uploads\/sites\/5\/2024\/10\/SESVER_DA_C-170_2024-AFECTADO-C.pdf\" target=\"_blank\" rel=\"noreferrer noopener\">170<\/a>, <a href=\"https:\/\/www.ssaver.gob.mx\/adquisiciones\/wp-content\/uploads\/sites\/5\/2024\/09\/SESVER_DA_C-171_2024-AFECTADO-C.pdf\" target=\"_blank\" rel=\"noreferrer noopener\">171<\/a>, <a href=\"https:\/\/www.ssaver.gob.mx\/adquisiciones\/wp-content\/uploads\/sites\/5\/2024\/10\/SESVER_DA_C-172_2024-AFECTADO-C.pdf\" target=\"_blank\" rel=\"noreferrer noopener\">172<\/a>, <a href=\"https:\/\/www.ssaver.gob.mx\/adquisiciones\/wp-content\/uploads\/sites\/5\/2024\/09\/SESVER_DA_C-173_2024-AFECTADO-C.pdf\" target=\"_blank\" rel=\"noreferrer noopener\">173<\/a>, <a href=\"https:\/\/www.ssaver.gob.mx\/adquisiciones\/wp-content\/uploads\/sites\/5\/2024\/10\/SESVER_DA_C-174_2024-AFECTADO-C.pdf\" target=\"_blank\" rel=\"noreferrer noopener\">174<\/a>, <a href=\"https:\/\/www.ssaver.gob.mx\/adquisiciones\/wp-content\/uploads\/sites\/5\/2024\/10\/SESVER_DA_C-175_2024-AFECTADO-C.pdf\" target=\"_blank\" rel=\"noreferrer noopener\">175<\/a> de 2024<\/li>\n\n\n\n<li><a href=\"https:\/\/www.ssaver.gob.mx\/adquisiciones\/wp-content\/uploads\/sites\/5\/2024\/11\/P-007_2024-AFECTADO-C.pdf\" target=\"_blank\" rel=\"noreferrer noopener\">Pedido No. 007 de 2024<\/a><\/li>\n\n\n\n<li><a href=\"https:\/\/www.ssaver.gob.mx\/adquisiciones\/wp-content\/uploads\/sites\/5\/2024\/10\/TESTIMONIO-LPN-023-2024-OK.pdf\" target=\"_blank\" rel=\"noreferrer noopener\">Testimonio emitido por el Testigo Social<\/a><\/li>\n<\/ul>\n\n\n\n<p><\/p>\n<\/div>\n<\/div>\n<\/div>\n","protected":false},"excerpt":{"rendered":"<p>Adquisici\u00f3n&nbsp; de Medicamento y Material de Curaci\u00f3n para las Unidades de Primero y Segundo Nivel de SESVER<\/p>\n","protected":false},"author":6,"featured_media":0,"parent":7823,"menu_order":23,"comment_status":"closed","ping_status":"closed","template":"","meta":{"colormag_page_container_layout":"default_layout","colormag_page_sidebar_layout":"default_layout","footnotes":""},"class_list":["post-8981","page","type-page","status-publish","hentry"],"_links":{"self":[{"href":"https:\/\/www.ssaver.gob.mx\/adquisiciones\/wp-json\/wp\/v2\/pages\/8981","targetHints":{"allow":["GET"]}}],"collection":[{"href":"https:\/\/www.ssaver.gob.mx\/adquisiciones\/wp-json\/wp\/v2\/pages"}],"about":[{"href":"https:\/\/www.ssaver.gob.mx\/adquisiciones\/wp-json\/wp\/v2\/types\/page"}],"author":[{"embeddable":true,"href":"https:\/\/www.ssaver.gob.mx\/adquisiciones\/wp-json\/wp\/v2\/users\/6"}],"replies":[{"embeddable":true,"href":"https:\/\/www.ssaver.gob.mx\/adquisiciones\/wp-json\/wp\/v2\/comments?post=8981"}],"version-history":[{"count":18,"href":"https:\/\/www.ssaver.gob.mx\/adquisiciones\/wp-json\/wp\/v2\/pages\/8981\/revisions"}],"predecessor-version":[{"id":12253,"href":"https:\/\/www.ssaver.gob.mx\/adquisiciones\/wp-json\/wp\/v2\/pages\/8981\/revisions\/12253"}],"up":[{"embeddable":true,"href":"https:\/\/www.ssaver.gob.mx\/adquisiciones\/wp-json\/wp\/v2\/pages\/7823"}],"wp:attachment":[{"href":"https:\/\/www.ssaver.gob.mx\/adquisiciones\/wp-json\/wp\/v2\/media?parent=8981"}],"curies":[{"name":"wp","href":"https:\/\/api.w.org\/{rel}","templated":true}]}}