{"id":9067,"date":"2024-07-25T21:18:32","date_gmt":"2024-07-26T02:18:32","guid":{"rendered":"https:\/\/www.ssaver.gob.mx\/adquisiciones\/?page_id=9067"},"modified":"2026-03-31T12:02:29","modified_gmt":"2026-03-31T18:02:29","slug":"adjudicacion-directa-federal-2024","status":"publish","type":"page","link":"https:\/\/www.ssaver.gob.mx\/adquisiciones\/licitaciones-2024\/adjudicacion-directa-federal-2024\/","title":{"rendered":"Adjudicaci\u00f3n Directa Federal 2024"},"content":{"rendered":"\n<div class=\"wp-block-group is-layout-constrained wp-container-core-group-is-layout-9517baca wp-block-group-is-layout-constrained\">\n<hr class=\"wp-block-separator has-text-color has-alpha-channel-opacity has-background is-style-wide\" style=\"background-color:#d8bf31;color:#d8bf31\" \/>\n\n\n\n<ul style=\"background-color:#fff4e0\" class=\"wp-block-list has-background\">\n<li><strong><strong><strong>Contratos Adjudicados de acuerdo a la modalidad<\/strong><\/strong><\/strong><a rel=\"noreferrer noopener\" href=\"https:\/\/www.ssaver.gob.mx\/pae\/wp-content\/uploads\/sites\/18\/2022\/07\/2TdR_FASSA_2022.pdf\" target=\"_blank\"><\/a><a rel=\"noreferrer noopener\" href=\"https:\/\/www.ssaver.gob.mx\/adquisiciones\/wp-content\/uploads\/sites\/5\/2022\/08\/Resumen-de-Convocatoria-LA-930010996-E1-2022.pdf\" target=\"_blank\"><\/a>\n\n\n\n\n\n\n\n\n\n\n\n\n\n\n\n\n\n\n\n\n\n\n\n\n\n\n\n\n\n\n\n\n\n\n\n\n\n\n\n\n\n\n\n\n\n\n\n\n\n\n\n\n\n\n\n\n\n\n\n\n\n\n\n\n\n\n\n\n\n\n\n\n\n\n\n\n\n\n\n\n\n\n\n\n\n\n\n\n\n\n\n\n\n\n\n\n\n\n\n\n\n\n\n\n\n\n\n\n\n\n\n\n\n\n\n\n\n\n\n\n\n\n\n\n\n\n\n\n\n\n\n\n\n\n\n\n\n\n\n\n\n\n\n\n\n\n\n\n\n\n\n\n\n\n\n\n\n\n\n\n\n\n\n\n\n\n\n\n\n\n\n\n\n\n\n\n\n\n\n\n\n\n\n\n\n\n\n\n\n\n\n\n\n\n\n\n\n\n\n\n\n\n\n\n\n\n\n\n\n\n\n\n\n\n\n\n\n\n\n\n\n\n\n\n\n\n\n\n\n\n\n\n\n\n\n\n\n\n\n\n<ul class=\"wp-block-list\">\n<li><a href=\"https:\/\/www.ssaver.gob.mx\/adquisiciones\/wp-content\/uploads\/sites\/5\/2024\/11\/SESVER_DA_C-245_2024-AFECTADO-C.pdf\" target=\"_blank\" rel=\"noreferrer noopener\"><strong>2024-SESVER-DA-C-245-2024<\/strong> <\/a><br>Adquisici\u00f3n&nbsp; de&nbsp; Bienes&nbsp; e&nbsp; Insumos&nbsp; Diversos&nbsp; y Contrataci\u00f3n&nbsp; de&nbsp; Servicios&nbsp; para la Comisi\u00f3n&nbsp; Estatal&nbsp; Contra&nbsp; las&nbsp; Adicciones con&nbsp; Recursos&nbsp; del&nbsp; Convenio&nbsp; Espec\u00edfico&nbsp; CRESCA 2024&nbsp; Programa&nbsp; E025.<\/li>\n<\/ul>\n\n\n\n<ul class=\"wp-block-list\">\n<li><strong><a href=\"https:\/\/www.ssaver.gob.mx\/adquisiciones\/wp-content\/uploads\/sites\/5\/2024\/11\/SESVER_DA_C-243_2024-AFECTADO-C.pdf\" target=\"_blank\" rel=\"noreferrer noopener\">2024-SESVER-DA-C-243-2024<\/a><\/strong> <br>Contrataci\u00f3n&nbsp; Abierta&nbsp; del&nbsp; Servicio&nbsp; de Mantenimiento&nbsp; Correctivo&nbsp; a&nbsp; las Unidades&nbsp; M\u00e9dicas&nbsp; M\u00f3viles&nbsp; Pertenecientes&nbsp; al Programa&nbsp; de Fortalecimiento&nbsp; a la Atenci\u00f3n&nbsp; M\u00e9dica&nbsp; (PFAM)&nbsp; de Servicios&nbsp; de Salud&nbsp; de Veracruz.<\/li>\n<\/ul>\n\n\n\n<ul class=\"wp-block-list\">\n<li><strong><a href=\"https:\/\/www.ssaver.gob.mx\/adquisiciones\/wp-content\/uploads\/sites\/5\/2024\/11\/SESVER_DA_C-229_2024-AFECTADO-C.pdf\" target=\"_blank\" rel=\"noreferrer noopener\">2024-SESVER-DA-C-229-2024<\/a><\/strong> <br>Servicio&nbsp; de&nbsp; Mantenimiento&nbsp; Preventivo&nbsp; y\/o&nbsp; Calibraci\u00f3n&nbsp; (Complemento) de&nbsp; 4&nbsp; Termocicladores&nbsp; y&nbsp; un&nbsp; Gabinete&nbsp; de&nbsp; Bioseguridad&nbsp; Tipo&nbsp; II.<\/li>\n<\/ul>\n\n\n\n<ul class=\"wp-block-list\">\n<li><strong><a href=\"https:\/\/www.ssaver.gob.mx\/adquisiciones\/wp-content\/uploads\/sites\/5\/2024\/11\/SESVER_DA_C-217_2024-AFECTADO-C.pdf\" target=\"_blank\" rel=\"noreferrer noopener\">2024-SESVER-DA-C-217-2024<\/a><\/strong> <br>Contrataci\u00f3n&nbsp; Abierta&nbsp; del&nbsp; Servicio&nbsp; de Mantenimiento&nbsp; Correctivo&nbsp; a&nbsp; las Unidades&nbsp; M\u00e9dicas&nbsp; M\u00f3viles&nbsp; Pertenecientes&nbsp; al Programa&nbsp; de Fortalecimiento&nbsp; a la Atenci\u00f3n&nbsp; M\u00e9dica&nbsp; (PFAM)&nbsp; de Servicios&nbsp; de Salud&nbsp; de Veracruz.<\/li>\n<\/ul>\n\n\n\n<ul class=\"wp-block-list\">\n<li><a href=\"https:\/\/www.ssaver.gob.mx\/adquisiciones\/wp-content\/uploads\/sites\/5\/2022\/08\/Resumen-de-Convocatoria-LA-930010996-E1-2022.pdf\" target=\"_blank\" rel=\"noreferrer noopener\"><\/a><strong><a href=\"https:\/\/www.ssaver.gob.mx\/adquisiciones\/wp-content\/uploads\/sites\/5\/2024\/10\/SESVER_DA_C-136_2024-AFECTADO-C.pdf\" target=\"_blank\" rel=\"noreferrer noopener\">2024-SESVER-DA-C-136-2024<\/a><\/strong> <br>Contrataci\u00f3n abierta&nbsp; de Radioterapias&nbsp; para&nbsp; pacientes del Centro Estatal de Cancerolog\u00eda&nbsp; Dr. Miguel&nbsp; Dorantes Mesa.<\/li>\n<\/ul>\n\n\n\n<ul class=\"wp-block-list\">\n<li><a href=\"https:\/\/www.ssaver.gob.mx\/adquisiciones\/wp-content\/uploads\/sites\/5\/2022\/08\/Resumen-de-Convocatoria-LA-930010996-E1-2022.pdf\" target=\"_blank\" rel=\"noreferrer noopener\"><\/a><a href=\"https:\/\/www.ssaver.gob.mx\/adquisiciones\/wp-content\/uploads\/sites\/5\/2024\/09\/SESVER_DA_C-135_2024-AFECTADO-C.pdf\" target=\"_blank\" rel=\"noreferrer noopener\"><strong>2024-SESVER-DA-C-135-2024<\/strong> <\/a><br>Contrataci\u00f3n abierta&nbsp; de Radioterapias&nbsp; para&nbsp; pacientes del Centro Estatal de Cancerolog\u00eda&nbsp; Dr. Miguel&nbsp; Dorantes Mesa.<\/li>\n<\/ul>\n\n\n\n<ul class=\"wp-block-list\">\n<li><a href=\"https:\/\/www.ssaver.gob.mx\/adquisiciones\/wp-content\/uploads\/sites\/5\/2022\/08\/Resumen-de-Convocatoria-LA-930010996-E1-2022.pdf\" target=\"_blank\" rel=\"noreferrer noopener\"><\/a><strong><a href=\"https:\/\/www.ssaver.gob.mx\/adquisiciones\/wp-content\/uploads\/sites\/5\/2024\/07\/SESVER_DA_C-070_2024-AFECTADO-C.pdf\" target=\"_blank\" rel=\"noreferrer noopener\">2024-SESVER-DA-C-070-2024<\/a><\/strong> <br>Servicio subrogado de Limpieza a Oficinas Centrales, Jurisdicciones Sanitarias, Hospitales, Laboratorio Estatal de Salud P\u00fablica, Centro Estatal de Transfusi\u00f3n Sanguinea, Asilos, Hogar del Ni\u00f1o, Capasits y Centros de Salud pertenecientes a SESVER<\/li>\n<\/ul>\n\n\n\n<ul class=\"wp-block-list\">\n<li><a href=\"https:\/\/www.ssaver.gob.mx\/adquisiciones\/wp-content\/uploads\/sites\/5\/2022\/08\/Resumen-de-Convocatoria-LA-930010996-E1-2022.pdf\" target=\"_blank\" rel=\"noreferrer noopener\"><\/a><a href=\"https:\/\/www.ssaver.gob.mx\/adquisiciones\/wp-content\/uploads\/sites\/5\/2024\/07\/SESVER_DA_C-068_2024-AFECTADO-C.pdf\" target=\"_blank\" rel=\"noreferrer noopener\"><strong>2024-SESVER-DA-C-068-2024<\/strong> <\/a><br>Contrataci\u00f3n abierta del suministro de material de osteos\u00edntesis y endopr\u00f3tesis para las unidades hospitalarias pertenecientes a Servicios de Salud de Veracruz<\/li>\n<\/ul>\n\n\n\n<ul class=\"wp-block-list\">\n<li><a href=\"https:\/\/www.ssaver.gob.mx\/adquisiciones\/wp-content\/uploads\/sites\/5\/2022\/08\/Resumen-de-Convocatoria-LA-930010996-E1-2022.pdf\" target=\"_blank\" rel=\"noreferrer noopener\"><\/a><strong><a href=\"https:\/\/www.ssaver.gob.mx\/adquisiciones\/wp-content\/uploads\/sites\/5\/2024\/07\/SESVER_DA_C-067_2024-AFECTADO-C.pdf\" target=\"_blank\" rel=\"noreferrer noopener\">2024-SESVER-DA-C-067-2024<\/a><\/strong> <br>Contrataci\u00f3n abierta del servicio de laparoscop\u00eda, endoscop\u00eda y artroscopia para diversas Unidades Hospitalarias pertenecientes a Servicios de Salud de Veracruz<\/li>\n<\/ul>\n\n\n\n<ul class=\"wp-block-list\">\n<li><a href=\"https:\/\/www.ssaver.gob.mx\/adquisiciones\/wp-content\/uploads\/sites\/5\/2022\/08\/Resumen-de-Convocatoria-LA-930010996-E1-2022.pdf\" target=\"_blank\" rel=\"noreferrer noopener\"><\/a><strong><a href=\"https:\/\/www.ssaver.gob.mx\/adquisiciones\/wp-content\/uploads\/sites\/5\/2024\/07\/SESVER_DA_C-066_2024-AFECTADO-C.pdf\" target=\"_blank\" rel=\"noreferrer noopener\">2024-SESVER-DA-C-066-2024<\/a><\/strong> <br>Contrataci\u00f3n abierta del Servicio de anestesia para diversas Unidades Hospitalarias pertenecientes a Servicios de Salud de Veracruz<\/li>\n<\/ul>\n\n\n\n<ul class=\"wp-block-list\">\n<li><a href=\"https:\/\/www.ssaver.gob.mx\/adquisiciones\/wp-content\/uploads\/sites\/5\/2022\/08\/Resumen-de-Convocatoria-LA-930010996-E1-2022.pdf\" target=\"_blank\" rel=\"noreferrer noopener\"><\/a><strong><a href=\"https:\/\/www.ssaver.gob.mx\/adquisiciones\/wp-content\/uploads\/sites\/5\/2024\/07\/SESVER_DA_C-065_2024-AFECTADO-C.pdf\" target=\"_blank\" rel=\"noreferrer noopener\">2024-SESVER-DA-C-065-2024<\/a><\/strong> <br>Contrataci\u00f3n abierta del Suministro de Insumos de Laboratorio de Patolog\u00eda y Gen\u00e9tica para diversas Unidades Hospitalarias pertenecientes a Servicios de Salud de Veracruz<\/li>\n<\/ul>\n\n\n\n<ul class=\"wp-block-list\">\n<li><a href=\"https:\/\/www.ssaver.gob.mx\/adquisiciones\/wp-content\/uploads\/sites\/5\/2022\/08\/Resumen-de-Convocatoria-LA-930010996-E1-2022.pdf\" target=\"_blank\" rel=\"noreferrer noopener\"><\/a><strong><a href=\"https:\/\/www.ssaver.gob.mx\/adquisiciones\/wp-content\/uploads\/sites\/5\/2024\/07\/SESVER_DA_C-064_2024-AFECTADO-C.pdf\" target=\"_blank\" rel=\"noreferrer noopener\">2024-SESVER_DA_C-064-2024<\/a><\/strong><br>Contrataci\u00f3n abierta del suministro de pruebas de bancos de sangre, centros de colecta y servicios de transfusi\u00f3n de las Unidades M\u00e9dicas y Centro Estatal de Transfusi\u00f3n Sanguinea pertenecientes a Servicios de Salud de Veracruz<\/li>\n<\/ul>\n\n\n\n<ul class=\"wp-block-list\">\n<li><a href=\"https:\/\/www.ssaver.gob.mx\/adquisiciones\/wp-content\/uploads\/sites\/5\/2022\/08\/Resumen-de-Convocatoria-LA-930010996-E1-2022.pdf\" target=\"_blank\" rel=\"noreferrer noopener\"><\/a><strong><a href=\"https:\/\/www.ssaver.gob.mx\/adquisiciones\/wp-content\/uploads\/sites\/5\/2024\/07\/SESVER_DA_C-063_2024-AFECTADO-C.pdf\" target=\"_blank\" rel=\"noreferrer noopener\">2024-SESVER_DA_C-063-2024<\/a><\/strong><br>Contrataci\u00f3n abierta del suministro de Pruebas de Laboratorio Cl\u00ednico para Unidades M\u00e9dicas pertenecientes a Servicios de Salud de Veracruz<\/li>\n<\/ul>\n<\/li>\n\n\n\n<li><\/li>\n<\/ul>\n<\/div>\n","protected":false},"excerpt":{"rendered":"","protected":false},"author":6,"featured_media":0,"parent":7806,"menu_order":9,"comment_status":"closed","ping_status":"closed","template":"","meta":{"colormag_page_container_layout":"default_layout","colormag_page_sidebar_layout":"default_layout","footnotes":""},"class_list":["post-9067","page","type-page","status-publish","hentry"],"_links":{"self":[{"href":"https:\/\/www.ssaver.gob.mx\/adquisiciones\/wp-json\/wp\/v2\/pages\/9067","targetHints":{"allow":["GET"]}}],"collection":[{"href":"https:\/\/www.ssaver.gob.mx\/adquisiciones\/wp-json\/wp\/v2\/pages"}],"about":[{"href":"https:\/\/www.ssaver.gob.mx\/adquisiciones\/wp-json\/wp\/v2\/types\/page"}],"author":[{"embeddable":true,"href":"https:\/\/www.ssaver.gob.mx\/adquisiciones\/wp-json\/wp\/v2\/users\/6"}],"replies":[{"embeddable":true,"href":"https:\/\/www.ssaver.gob.mx\/adquisiciones\/wp-json\/wp\/v2\/comments?post=9067"}],"version-history":[{"count":11,"href":"https:\/\/www.ssaver.gob.mx\/adquisiciones\/wp-json\/wp\/v2\/pages\/9067\/revisions"}],"predecessor-version":[{"id":12085,"href":"https:\/\/www.ssaver.gob.mx\/adquisiciones\/wp-json\/wp\/v2\/pages\/9067\/revisions\/12085"}],"up":[{"embeddable":true,"href":"https:\/\/www.ssaver.gob.mx\/adquisiciones\/wp-json\/wp\/v2\/pages\/7806"}],"wp:attachment":[{"href":"https:\/\/www.ssaver.gob.mx\/adquisiciones\/wp-json\/wp\/v2\/media?parent=9067"}],"curies":[{"name":"wp","href":"https:\/\/api.w.org\/{rel}","templated":true}]}}