{"id":9342,"date":"2024-08-20T16:07:13","date_gmt":"2024-08-20T21:07:13","guid":{"rendered":"https:\/\/www.ssaver.gob.mx\/adquisiciones\/?page_id=9342"},"modified":"2026-04-01T12:11:44","modified_gmt":"2026-04-01T18:11:44","slug":"licitacion-publica-nacional-federal-la-89-y23-930010996-n-17-2024","status":"publish","type":"page","link":"https:\/\/www.ssaver.gob.mx\/adquisiciones\/licitaciones-2024\/licitaciones-publicas-nacionales-federales-2024\/licitacion-publica-nacional-federal-la-89-y23-930010996-n-17-2024\/","title":{"rendered":"Licitaci\u00f3n P\u00fablica Nacional Federal LA-89-Y23-930010996-N-17-2024"},"content":{"rendered":"\n<div class=\"wp-block-group is-layout-constrained wp-container-core-group-is-layout-9517baca wp-block-group-is-layout-constrained\">\n<hr class=\"wp-block-separator has-text-color has-alpha-channel-opacity has-background is-style-wide\" style=\"background-color:#d8bf31;color:#d8bf31\" \/>\n\n\n\n<div class=\"wp-block-columns has-text-color has-background is-layout-flex wp-container-core-columns-is-layout-28f84493 wp-block-columns-is-layout-flex\" style=\"color:#5b4c0d;background-color:#fff4e0\">\n<div class=\"wp-block-column is-layout-flow wp-block-column-is-layout-flow\">\n<p><strong><strong><strong><strong><strong>Relativa a la Adquisici\u00f3n de Papeler\u00eda y \u00datiles de Oficina para las Unidades Hospitalarias de Servicios de Salud de Veracruz.<\/strong><\/strong><\/strong><\/strong><\/strong><\/p>\n\n\n\n<ul class=\"wp-block-list\">\n<li><a href=\"https:\/\/www.ssaver.gob.mx\/adquisiciones\/wp-content\/uploads\/sites\/5\/2024\/08\/Resumen-de-convocatoria-LA-89-Y23-930010996-N-17-2024_0001.pdf\" target=\"_blank\" rel=\"noreferrer noopener\">Resumen de Convocatoria<\/a><\/li>\n\n\n\n<li><a href=\"https:\/\/www.ssaver.gob.mx\/adquisiciones\/wp-content\/uploads\/sites\/5\/2024\/08\/Convocatoria-LA-89-Y23-930010996-N-17-2024_0001_compressed.pdf\" target=\"_blank\" rel=\"noreferrer noopener\">Convocatoria (Bases y anexos )<\/a><\/li>\n\n\n\n<li><a href=\"https:\/\/www.ssaver.gob.mx\/adquisiciones\/wp-content\/uploads\/sites\/5\/2024\/08\/Acta-de-junta-de-aclaraciones-LA-89-Y23-930010996-N-17-2024_0001_compressed.pdf\" target=\"_blank\" rel=\"noreferrer noopener\">Acta de junta de aclaraciones<\/a><\/li>\n\n\n\n<li><a href=\"https:\/\/www.ssaver.gob.mx\/adquisiciones\/wp-content\/uploads\/sites\/5\/2024\/09\/Acta-de-apertura-de-proposiciones-LA-89-Y23-930010996-N-17-2024_compressed.pdf\" target=\"_blank\" rel=\"noreferrer noopener\">Acta de apertura de proposiciones<\/a><\/li>\n\n\n\n<li><a href=\"https:\/\/www.ssaver.gob.mx\/adquisiciones\/wp-content\/uploads\/sites\/5\/2024\/09\/Dictamen-tecnico-economico-Acta-de-fallo-LA-89-Y23-930010996-N-17-2024_0001_compressed.pdf\" target=\"_blank\" rel=\"noreferrer noopener\">Dictamen t\u00e9cnico-econ\u00f3mico  (Acta de fallo)<\/a><\/li>\n\n\n\n<li>Contrato No. <a href=\"https:\/\/www.ssaver.gob.mx\/adquisiciones\/wp-content\/uploads\/sites\/5\/2024\/10\/SESVER_DA_C-193_2024-AFECTADO-C-1.pdf\" target=\"_blank\" rel=\"noreferrer noopener\">193<\/a> y <a href=\"https:\/\/www.ssaver.gob.mx\/adquisiciones\/wp-content\/uploads\/sites\/5\/2024\/10\/SESVER_DA_C-194_2024-AFECTADO-C-1.pdf\" target=\"_blank\" rel=\"noreferrer noopener\">194<\/a> de 2024<\/li>\n<\/ul>\n\n\n\n<p><\/p>\n<\/div>\n<\/div>\n<\/div>\n","protected":false},"excerpt":{"rendered":"<p>Relativa a la Adquisici\u00f3n de Papeler\u00eda y \u00datiles de Oficina para las Unidades Hospitalarias de Servicios de Salud de Veracruz.<\/p>\n","protected":false},"author":6,"featured_media":0,"parent":8451,"menu_order":7,"comment_status":"closed","ping_status":"closed","template":"","meta":{"colormag_page_container_layout":"default_layout","colormag_page_sidebar_layout":"default_layout","footnotes":""},"class_list":["post-9342","page","type-page","status-publish","hentry"],"_links":{"self":[{"href":"https:\/\/www.ssaver.gob.mx\/adquisiciones\/wp-json\/wp\/v2\/pages\/9342","targetHints":{"allow":["GET"]}}],"collection":[{"href":"https:\/\/www.ssaver.gob.mx\/adquisiciones\/wp-json\/wp\/v2\/pages"}],"about":[{"href":"https:\/\/www.ssaver.gob.mx\/adquisiciones\/wp-json\/wp\/v2\/types\/page"}],"author":[{"embeddable":true,"href":"https:\/\/www.ssaver.gob.mx\/adquisiciones\/wp-json\/wp\/v2\/users\/6"}],"replies":[{"embeddable":true,"href":"https:\/\/www.ssaver.gob.mx\/adquisiciones\/wp-json\/wp\/v2\/comments?post=9342"}],"version-history":[{"count":10,"href":"https:\/\/www.ssaver.gob.mx\/adquisiciones\/wp-json\/wp\/v2\/pages\/9342\/revisions"}],"predecessor-version":[{"id":12273,"href":"https:\/\/www.ssaver.gob.mx\/adquisiciones\/wp-json\/wp\/v2\/pages\/9342\/revisions\/12273"}],"up":[{"embeddable":true,"href":"https:\/\/www.ssaver.gob.mx\/adquisiciones\/wp-json\/wp\/v2\/pages\/8451"}],"wp:attachment":[{"href":"https:\/\/www.ssaver.gob.mx\/adquisiciones\/wp-json\/wp\/v2\/media?parent=9342"}],"curies":[{"name":"wp","href":"https:\/\/api.w.org\/{rel}","templated":true}]}}