{"id":9426,"date":"2024-09-06T14:24:49","date_gmt":"2024-09-06T19:24:49","guid":{"rendered":"https:\/\/www.ssaver.gob.mx\/adquisiciones\/?page_id=9426"},"modified":"2026-03-31T11:45:24","modified_gmt":"2026-03-31T17:45:24","slug":"licitaciones-simplificadas-2024-021-040","status":"publish","type":"page","link":"https:\/\/www.ssaver.gob.mx\/adquisiciones\/licitaciones-2024\/licitaciones-simplificadas-2024\/licitaciones-simplificadas-2024-021-040\/","title":{"rendered":"Licitaciones Simplificadas 2024 021-040"},"content":{"rendered":"\n<div class=\"wp-block-group is-layout-constrained wp-container-core-group-is-layout-9517baca wp-block-group-is-layout-constrained\">\n<hr class=\"wp-block-separator has-text-color has-alpha-channel-opacity has-background is-style-wide\" style=\"background-color:#d8bf31;color:#d8bf31\" \/>\n\n\n\n<div class=\"wp-block-columns is-layout-flex wp-container-core-columns-is-layout-28f84493 wp-block-columns-is-layout-flex\">\n<div class=\"wp-block-column has-background is-layout-flow wp-block-column-is-layout-flow\" style=\"background-color:#fff4e0\">\n<ul class=\"wp-block-list has-medium-font-size\">\n<li><a href=\"https:\/\/www.ssaver.gob.mx\/adquisiciones\/licitaciones-2024\/licitaciones-simplificadas-2024\/licitaciones-simplificadas-2024-021-040\/licitacion-simplificada-ls-103t00000-040-2024\/\" target=\"_blank\" rel=\"noreferrer noopener\">Licitaci\u00f3n Simplificada LS-103T00000-040-2024<\/a><br>Relativa&nbsp; a&nbsp; la \u00abAdquisici\u00f3n&nbsp; de&nbsp; Equipo&nbsp; e&nbsp; Instrumental&nbsp; M\u00e9dico&nbsp; y&nbsp; de Laboratorio&nbsp; para&nbsp; el&nbsp; Centro&nbsp; Estatal&nbsp; de&nbsp; Trasplantes\u00bb<\/li>\n<\/ul>\n\n\n\n<ul class=\"wp-block-list has-medium-font-size\">\n<li><a href=\"https:\/\/www.ssaver.gob.mx\/adquisiciones\/licitaciones-2024\/licitaciones-simplificadas-2024\/licitaciones-simplificadas-2024-021-040\/licitacion-simplificada-ls-103t00000-039-2024\/\" target=\"_blank\" rel=\"noreferrer noopener\">Licitaci\u00f3n Simplificada LS-103T00000-039-2024<\/a><br>Relativa&nbsp; a&nbsp; la&nbsp; \u00abAdquisici\u00f3n&nbsp; de&nbsp; Materiales&nbsp; y&nbsp; \u00datiles&nbsp; de , Oficina,&nbsp; Materiales&nbsp; y \u00datiles&nbsp; Consumibles&nbsp; para&nbsp; el Procesamiento&nbsp; en&nbsp; Equipos y Bienes&nbsp; Inform\u00e1ticos, Refacciones&nbsp; y Accesorios&nbsp; Menores&nbsp; de&nbsp; Mobiliario&nbsp; y Equipo&nbsp; de Administraci\u00f3n, Educacional&nbsp; y Recreativo y Refacciones y Accesorios&nbsp; de&nbsp; Equipo&nbsp; de&nbsp; C\u00f3mputo&nbsp; y Telecomunicaciones&nbsp; de&nbsp; la Direcci\u00f3n&nbsp; Administrativa&nbsp; y Unidad&nbsp; de Acceso&nbsp; a&nbsp; la&nbsp; Informaci\u00f3n&nbsp; de&nbsp; SESVER\u00bb.<\/li>\n<\/ul>\n\n\n\n<ul class=\"wp-block-list has-medium-font-size\">\n<li><a href=\"https:\/\/www.ssaver.gob.mx\/adquisiciones\/licitaciones-2024\/licitaciones-simplificadas-2024\/licitaciones-simplificadas-2024-021-040\/licitacion-simplificada-ls-103t00000-038-2024\/\" target=\"_blank\" rel=\"noreferrer noopener\">Licitaci\u00f3n Simplificada LS-103T00000-038-2024<\/a><br>Relativa&nbsp; al \u00abServicio&nbsp; de&nbsp; Mantenimiento&nbsp; a&nbsp; Equipos&nbsp; Electromec\u00e1nicos Especializados&nbsp; de&nbsp; las&nbsp; Unidades&nbsp; Aplicativas&nbsp; de&nbsp; SESVER&nbsp; 2024\u00bb<\/li>\n<\/ul>\n\n\n\n<ul class=\"wp-block-list has-medium-font-size\">\n<li><a href=\"https:\/\/www.ssaver.gob.mx\/adquisiciones\/licitaciones-2024\/licitaciones-simplificadas-2024\/licitaciones-simplificadas-2024-021-040\/licitacion-simplificada-ls-103t00000-037-2024\/\" target=\"_blank\" rel=\"noreferrer noopener\">Licitaci\u00f3n Simplificada LS-103T00000-037-2024<\/a><br>Relativa&nbsp; a&nbsp; la&nbsp; Adquisici\u00f3n&nbsp; de&nbsp; \u00bbMobiliario,&nbsp; Bienes Inform\u00e1ticos&nbsp; e Instrumental&nbsp; para&nbsp; el \u00c1rea&nbsp; de Radioterapia&nbsp; y&nbsp; Medicina&nbsp; Nuclear&nbsp; del Centro&nbsp; Estatal&nbsp; de Cancerolog\u00eda&nbsp; Dr.&nbsp; Miguel&nbsp; Dorantes&nbsp; Mesa,&nbsp; Perteneciente a Servicios&nbsp; de Salud&nbsp; de Veracruz\u00bb.<\/li>\n<\/ul>\n\n\n\n<ul class=\"wp-block-list has-medium-font-size\">\n<li><a href=\"https:\/\/www.ssaver.gob.mx\/adquisiciones\/licitaciones-2024\/licitaciones-simplificadas-2024\/licitaciones-simplificadas-2024-021-040\/licitacion-simplificada-ls-103t00000-036-2024\/\" target=\"_blank\" rel=\"noreferrer noopener\">Licitaci\u00f3n Simplificada LS-103T00000-036-2024<\/a><br>Relativa&nbsp; a&nbsp; la&nbsp; Contrataci\u00f3n&nbsp; del \u00abServicio&nbsp; de&nbsp; Escaneo&nbsp; y Digitalizaci\u00f3n&nbsp; del Archivo Administrativo, Presupuestal, Contable y Financiero&nbsp; de la Subdirecci\u00f3n&nbsp; de&nbsp; Recursos&nbsp; Financieros y&nbsp; del Acervo Documental&nbsp; de&nbsp; la Direcci\u00f3n&nbsp; Administrativa&nbsp; para&nbsp; la entrega&nbsp; recepci\u00f3n\u00bb<\/li>\n<\/ul>\n\n\n\n<ul class=\"wp-block-list has-medium-font-size\">\n<li><a href=\"https:\/\/www.ssaver.gob.mx\/adquisiciones\/licitaciones-2024\/licitaciones-simplificadas-2024\/licitaciones-simplificadas-2024-021-040\/licitacion-simplificada-ls-103t00000-035-2024\/\" target=\"_blank\" rel=\"noreferrer noopener\">Licitaci\u00f3n Simplificada LS-103T00000-035-2024<\/a><br>Relativa&nbsp; a&nbsp; la Adquisici\u00f3n&nbsp; de Materiales&nbsp; y&nbsp;Suministros&nbsp; para&nbsp; Planteles&nbsp;Educativos (Maniqu\u00edes&nbsp; y&nbsp; Simuladores)<\/li>\n<\/ul>\n\n\n\n<ul class=\"wp-block-list has-medium-font-size\">\n<li><a href=\"https:\/\/www.ssaver.gob.mx\/adquisiciones\/licitaciones-2024\/licitaciones-simplificadas-2024\/licitaciones-simplificadas-2024-021-040\/licitacion-simplificada-ls-103t00000-034-2024\/\" target=\"_blank\" rel=\"noreferrer noopener\">Licitaci\u00f3n Simplificada LS-103T00000-034-2024<\/a><br>Relativa&nbsp; a la&nbsp; Adquisici\u00f3n&nbsp; de Bienes&nbsp; Inform\u00e1ticos, Materiales&nbsp; y&nbsp; \u00datiles&nbsp; Consumibles&nbsp; para&nbsp; el Procesamiento&nbsp; en&nbsp; Equipos&nbsp; y&nbsp; Bienes&nbsp; Inform\u00e1ticos&nbsp; para Diversas&nbsp; \u00c1reas&nbsp; de&nbsp; Servicios&nbsp; de&nbsp; Salud&nbsp; de&nbsp; Veracruz.<\/li>\n<\/ul>\n\n\n\n<ul class=\"wp-block-list has-medium-font-size\">\n<li><a href=\"https:\/\/www.ssaver.gob.mx\/adquisiciones\/licitaciones-2024\/licitaciones-simplificadas-2024\/licitaciones-simplificadas-2024-021-040\/licitacion-simplificada-ls-103t00000-033-2024\/\" target=\"_blank\" rel=\"noreferrer noopener\">Licitaci\u00f3n Simplificada LS-103T00000-033-2024<\/a><br>Relativa.&nbsp; a&nbsp; la \u00abAdquisici\u00f3n&nbsp; de&nbsp; Impresiones&nbsp; de&nbsp; Manuales&nbsp; de Enfermedad&nbsp; Renal&nbsp; Cr\u00f3nica\u00bb<\/li>\n<\/ul>\n\n\n\n<ul class=\"wp-block-list has-medium-font-size\">\n<li><a href=\"https:\/\/www.ssaver.gob.mx\/adquisiciones\/licitaciones-2024\/licitaciones-simplificadas-2024\/licitaciones-simplificadas-2024-021-040\/licitacion-simplificada-ls-103t00000-032-2024\/\" target=\"_blank\" rel=\"noreferrer noopener\">Licitaci\u00f3n Simplificada LS-103T00000-032-2024<\/a><br>Relativa&nbsp; a&nbsp; la&nbsp; Adquisici\u00f3n&nbsp; de \u00abDiversos&nbsp; Bienes&nbsp; para&nbsp; la Direcci\u00f3n&nbsp; de&nbsp; Protecci\u00f3n&nbsp; Contra&nbsp; Riesgos&nbsp; Sanitarios\u00bb.<\/li>\n<\/ul>\n\n\n\n<ul class=\"wp-block-list has-medium-font-size\">\n<li><a href=\"https:\/\/www.ssaver.gob.mx\/adquisiciones\/licitaciones-2024\/licitaciones-simplificadas-2024\/licitaciones-simplificadas-2024-021-040\/licitacion-simplificada-ls-103t00000-031-2024\/\" target=\"_blank\" rel=\"noreferrer noopener\">Licitaci\u00f3n Simplificada LS-103T00000-031-2024<\/a><br>Relativa a la Adquisici\u00f3n&nbsp; de&nbsp; Equipamiento&nbsp; para&nbsp; el&nbsp; Hospital&nbsp; de&nbsp; 14&nbsp; Camas&nbsp; en&nbsp; la Localidad&nbsp; y&nbsp; Municipio&nbsp; de&nbsp; Nautla<\/li>\n<\/ul>\n\n\n\n<ul class=\"wp-block-list has-medium-font-size\">\n<li><a href=\"https:\/\/www.ssaver.gob.mx\/adquisiciones\/licitaciones-2024\/licitaciones-simplificadas-2024\/licitaciones-simplificadas-2024-021-040\/licitacion-simplificada-ls-103t00000-030-2024\/\" target=\"_blank\" rel=\"noreferrer noopener\">Licitaci\u00f3n Simplificada LS-103T00000-030-2024<\/a><br>Relativa&nbsp; a&nbsp; la \u00abAdquisici\u00f3n&nbsp; de&nbsp; Logos&nbsp; Institucionales&nbsp; para Veh\u00edculos\u00bb<\/li>\n<\/ul>\n\n\n\n<ul class=\"wp-block-list has-medium-font-size\">\n<li><a href=\"https:\/\/www.ssaver.gob.mx\/adquisiciones\/licitaciones-2024\/licitaciones-simplificadas-2024\/licitaciones-simplificadas-2024-021-040\/licitacion-simplificada-ls-103t00000-029-2024\/\" target=\"_blank\" rel=\"noreferrer noopener\">Licitaci\u00f3n Simplificada LS-103T00000-029-2024<\/a><br>Relativa&nbsp; a la Adquisici\u00f3n e Instalaci\u00f3n de 60 Cortinas Antibacteriales para el Hospital General de Minatitl\u00e1n pertenecientes a Servicios de Salud de Veracruz <\/li>\n<\/ul>\n\n\n\n<ul class=\"wp-block-list has-medium-font-size\">\n<li><a href=\"https:\/\/www.ssaver.gob.mx\/adquisiciones\/licitaciones-2024\/licitaciones-simplificadas-2024\/licitaciones-simplificadas-2024-021-040\/licitacion-simplificada-ls-103t00000-028-2024\/\">Licitaci\u00f3n Simplificada LS-103T00000-028-2024<\/a><br>Relativa&nbsp; a la Contrataci\u00f3n&nbsp; del&nbsp; Servicio&nbsp; de&nbsp; Dispersi\u00f3n&nbsp; Electr\u00f3nica&nbsp; de Fondos,&nbsp; para&nbsp; el&nbsp; Otorgamiento&nbsp; de&nbsp; Uniformes&nbsp; a trav\u00e9s&nbsp; de Tarjetas&nbsp; Electr\u00f3nicas&nbsp; con&nbsp; Chip,&nbsp; al&nbsp; Personal&nbsp; de&nbsp; Servicios&nbsp; de Salud&nbsp; de&nbsp; Veracruz<\/li>\n<\/ul>\n\n\n\n<ul class=\"wp-block-list has-medium-font-size\">\n<li><a href=\"https:\/\/www.ssaver.gob.mx\/adquisiciones\/licitaciones-2024\/licitaciones-simplificadas-2024\/licitaciones-simplificadas-2024-021-040\/licitacion-simplificada-ls-103t00000-027-2024\/\" target=\"_blank\" rel=\"noreferrer noopener\">Licitaci\u00f3n Simplificada LS-103T00000-027-2024<\/a><br>Relativa&nbsp; al Servicio de \u00abMantenimiento&nbsp; del \u00c1rea&nbsp; de Mastograf\u00eda&nbsp; del&nbsp; Hospital Regional&nbsp; de&nbsp; R\u00edo&nbsp; Blanco\u00bb<\/li>\n<\/ul>\n\n\n\n<ul class=\"wp-block-list has-medium-font-size\">\n<li><a href=\"https:\/\/www.ssaver.gob.mx\/adquisiciones\/licitaciones-2024\/licitaciones-simplificadas-2024\/licitaciones-simplificadas-2024-021-040\/licitacion-simplificada-ls-103t00000-026-2024\/\" target=\"_blank\" rel=\"noreferrer noopener\">Licitaci\u00f3n Simplificada LS-103T00000-026-2024<\/a><br>Relativa&nbsp; a&nbsp; la \u00abAdquisici\u00f3n&nbsp; de&nbsp; Equipos&nbsp; de Gimnasio&nbsp; y&nbsp; Aires Acondicionados\u00bb<\/li>\n<\/ul>\n\n\n\n<ul class=\"wp-block-list has-medium-font-size\">\n<li><a href=\"https:\/\/www.ssaver.gob.mx\/adquisiciones\/licitaciones-2024\/licitaciones-simplificadas-2024\/licitaciones-simplificadas-2024-021-040\/licitacion-simplificada-ls-103t00000-025-2024\/\" target=\"_blank\" rel=\"noreferrer noopener\">Licitaci\u00f3n Simplificada LS-103T00000-025-2024<\/a><br>Relativa&nbsp; a&nbsp; la&nbsp; Adquisici\u00f3n&nbsp;de&nbsp; \u00bbUn&nbsp; Sistema&nbsp;de Prevenci\u00f3n, Detecci\u00f3n,&nbsp;Investigaci\u00f3n&nbsp; y&nbsp; Respuesta Unificadas, Soluci\u00f3n&nbsp; Basada&nbsp;en&nbsp; la&nbsp; Nube,&nbsp; para&nbsp; el Departamento&nbsp; de Tecnolog\u00edas&nbsp; de la&nbsp;Informaci\u00f3n&nbsp; de Servicios&nbsp; de Salud de Veracruz\u00bb.<\/li>\n<\/ul>\n\n\n\n<ul class=\"wp-block-list has-medium-font-size\">\n<li><a href=\"https:\/\/www.ssaver.gob.mx\/adquisiciones\/licitaciones-2024\/licitaciones-simplificadas-2024\/licitaciones-simplificadas-2024-021-040\/licitacion-simplificada-ls-103t00000-024-2024\/\" target=\"_blank\" rel=\"noreferrer noopener\">Licitaci\u00f3n Simplificada LS-103T00000-024-2024<\/a><br>Relativa&nbsp; a la&nbsp; Adquisici\u00f3n&nbsp; de \u00bbDiversos&nbsp; Bienes&nbsp; para&nbsp; la&nbsp; Direcci\u00f3n&nbsp; de&nbsp; Planeaci\u00f3n&nbsp; y Desarrollo\u00bb<\/li>\n<\/ul>\n\n\n\n<ul class=\"wp-block-list has-medium-font-size\">\n<li><a href=\"https:\/\/www.ssaver.gob.mx\/adquisiciones\/licitaciones-2024\/licitaciones-simplificadas-2024\/licitaciones-simplificadas-2024-021-040\/licitacion-simplificada-ls-103t00000-023-2024\/\" target=\"_blank\" rel=\"noreferrer noopener\">Licitaci\u00f3n Simplificada LS-103T00000-023-2024<\/a><br>Relativa&nbsp; a&nbsp; la&nbsp; \u00bbAdquisici\u00f3n&nbsp;de&nbsp; Insumos&nbsp; Diversos&nbsp;para&nbsp; la Direcci\u00f3n&nbsp; de&nbsp;Salud&nbsp; Publica&nbsp; y&nbsp;Coordinaci\u00f3n&nbsp; de&nbsp; Calidad en&nbsp;<br>Salud&nbsp; de&nbsp; SESVER\u00bb.<\/li>\n<\/ul>\n\n\n\n<ul class=\"wp-block-list has-medium-font-size\">\n<li><a href=\"https:\/\/www.ssaver.gob.mx\/adquisiciones\/licitaciones-2024\/licitaciones-simplificadas-2024\/licitaciones-simplificadas-2024-021-040\/licitacion-simplificada-ls-103t00000-022-2024\/\" target=\"_blank\" rel=\"noreferrer noopener\">Licitaci\u00f3n Simplificada LS-103T00000-022-2024<\/a><br>Relativa&nbsp; a&nbsp; la \u00bbAdquisici\u00f3n&nbsp; de&nbsp;Materiales&nbsp; para&nbsp; el Mantenimiento&nbsp; preventivo&nbsp;y&nbsp; Correctivo&nbsp; en Unidades&nbsp;Hospitalarias&nbsp; de&nbsp; Segundo&nbsp;Nivel&nbsp; de SESVER\u00bb<\/li>\n<\/ul>\n\n\n\n<ul class=\"wp-block-list has-medium-font-size\">\n<li><a href=\"https:\/\/www.ssaver.gob.mx\/adquisiciones\/licitaciones-2024\/licitaciones-simplificadas-2024\/licitaciones-simplificadas-2024-021-040\/licitacion-simplificada-ls-103t00000-021-2024\/\" target=\"_blank\" rel=\"noreferrer noopener\">Licitaci\u00f3n Simplificada LS-103T00000-021-2024<\/a><br>Relativa a la \u00abAdquisici\u00f3n&nbsp; de&nbsp; 128&nbsp; Buzones&nbsp; de&nbsp; Acr\u00edlico\u00bb<\/li>\n<\/ul>\n<\/div>\n<\/div>\n\n\n\n<p><\/p>\n<\/div>\n","protected":false},"excerpt":{"rendered":"","protected":false},"author":6,"featured_media":0,"parent":7820,"menu_order":2,"comment_status":"closed","ping_status":"closed","template":"","meta":{"colormag_page_container_layout":"default_layout","colormag_page_sidebar_layout":"default_layout","footnotes":""},"class_list":["post-9426","page","type-page","status-publish","hentry"],"_links":{"self":[{"href":"https:\/\/www.ssaver.gob.mx\/adquisiciones\/wp-json\/wp\/v2\/pages\/9426","targetHints":{"allow":["GET"]}}],"collection":[{"href":"https:\/\/www.ssaver.gob.mx\/adquisiciones\/wp-json\/wp\/v2\/pages"}],"about":[{"href":"https:\/\/www.ssaver.gob.mx\/adquisiciones\/wp-json\/wp\/v2\/types\/page"}],"author":[{"embeddable":true,"href":"https:\/\/www.ssaver.gob.mx\/adquisiciones\/wp-json\/wp\/v2\/users\/6"}],"replies":[{"embeddable":true,"href":"https:\/\/www.ssaver.gob.mx\/adquisiciones\/wp-json\/wp\/v2\/comments?post=9426"}],"version-history":[{"count":23,"href":"https:\/\/www.ssaver.gob.mx\/adquisiciones\/wp-json\/wp\/v2\/pages\/9426\/revisions"}],"predecessor-version":[{"id":12054,"href":"https:\/\/www.ssaver.gob.mx\/adquisiciones\/wp-json\/wp\/v2\/pages\/9426\/revisions\/12054"}],"up":[{"embeddable":true,"href":"https:\/\/www.ssaver.gob.mx\/adquisiciones\/wp-json\/wp\/v2\/pages\/7820"}],"wp:attachment":[{"href":"https:\/\/www.ssaver.gob.mx\/adquisiciones\/wp-json\/wp\/v2\/media?parent=9426"}],"curies":[{"name":"wp","href":"https:\/\/api.w.org\/{rel}","templated":true}]}}