{"id":9554,"date":"2024-09-11T20:38:59","date_gmt":"2024-09-12T01:38:59","guid":{"rendered":"https:\/\/www.ssaver.gob.mx\/adquisiciones\/?page_id=9554"},"modified":"2026-03-31T11:34:18","modified_gmt":"2026-03-31T17:34:18","slug":"adjudicaciones-estatales-directas-por-excepcion-de-ley-121-140","status":"publish","type":"page","link":"https:\/\/www.ssaver.gob.mx\/adquisiciones\/licitaciones-2024\/adjudicaciones-estatales-directas-por-excepcion-de-ley-2\/adjudicaciones-estatales-directas-por-excepcion-de-ley-121-140\/","title":{"rendered":"Adjudicaciones Estatales Directas por Excepci\u00f3n de Ley 121-140"},"content":{"rendered":"\n<div class=\"wp-block-group is-layout-constrained wp-container-core-group-is-layout-9517baca wp-block-group-is-layout-constrained\">\n<hr class=\"wp-block-separator has-text-color has-alpha-channel-opacity has-background is-style-wide\" style=\"background-color:#d8bf31;color:#d8bf31\" \/>\n\n\n\n<div class=\"wp-block-columns is-layout-flex wp-container-core-columns-is-layout-28f84493 wp-block-columns-is-layout-flex\">\n<div class=\"wp-block-column has-background is-layout-flow wp-block-column-is-layout-flow\" style=\"background-color:#fff4e0;flex-basis:100%\">\n<p class=\"has-text-color has-background has-medium-font-size\" style=\"color:#5b4c0d;background-color:#fff4e0\"><strong><strong><strong>Contratos Adjudicados de acuerdo a la modalida<\/strong><\/strong>d<\/strong><\/p>\n\n\n\n<ul class=\"wp-block-list has-medium-font-size\">\n<li><a href=\"https:\/\/www.ssaver.gob.mx\/adquisiciones\/wp-content\/uploads\/sites\/5\/2024\/09\/SESVER_DA_C-132_2024-AFECTADO-C.pdf\" target=\"_blank\" rel=\"noreferrer noopener\">2024-SESVER_DA_C-132-2024<\/a><br>Contrataci\u00f3n&nbsp; Del&nbsp; Servicio&nbsp; de&nbsp; Decomisionamiento&nbsp; del Equipo&nbsp; de&nbsp; Braquiterapia,&nbsp; Marca&nbsp; Nucletron&nbsp; Elekta, &nbsp;Modelo&nbsp; Microselectron&nbsp; Hdr, No.&nbsp; de&nbsp; Serie&nbsp; 20146&nbsp; y&nbsp; No.&nbsp; de&nbsp; Inventario&nbsp; 8111;&nbsp; Retiro&nbsp; y&nbsp; Destino&nbsp; Final&nbsp; de&nbsp; Fuentes Radiactivas&nbsp; de&nbsp; Iriqio&nbsp; 192,&nbsp; Instalado&nbsp; en&nbsp; el&nbsp; Centro&nbsp; Estatal&nbsp; De&nbsp; Cancerolog\u00eda&nbsp; \u00abDr. Miguel&nbsp; Dorantes&nbsp; Mesa\u00bb.<\/li>\n<\/ul>\n\n\n\n<ul class=\"wp-block-list has-medium-font-size\">\n<li><a href=\"https:\/\/www.ssaver.gob.mx\/adquisiciones\/wp-content\/uploads\/sites\/5\/2024\/09\/SESVER_DA_C-131_2024-AFECTADO-C.pdf\">2024-SESVER_DA_C-131-2024<\/a><br>Contrataci\u00f3n&nbsp; del&nbsp; Servicio&nbsp; de&nbsp; Desinstalaci\u00f3n&nbsp; y Embalaje&nbsp; del Tom\u00f3grafo Simulador&nbsp; de&nbsp; 16&nbsp; Cortes,&nbsp; Marca Philips,&nbsp; Modelo Brjllance&nbsp; Ct&nbsp; Big&nbsp; Bore,&nbsp; N\u00famero&nbsp; de&nbsp; Serie&nbsp; 7998,&nbsp; Numero&nbsp; de&nbsp; Inventario CECAN-38-0138,&nbsp; Instalado&nbsp; en&nbsp; el&nbsp; Centro&nbsp; Estatal&nbsp; de&nbsp; Cancerolog\u00eda&nbsp; \u00abDr. Miguel&nbsp; Dorantes&nbsp; Mesa\u00bb.<\/li>\n<\/ul>\n<\/div>\n<\/div>\n\n\n\n<p><\/p>\n<\/div>\n","protected":false},"excerpt":{"rendered":"<p>Contratos Adjudicados de acuerdo a la modalidad<\/p>\n","protected":false},"author":6,"featured_media":0,"parent":7817,"menu_order":7,"comment_status":"closed","ping_status":"closed","template":"","meta":{"colormag_page_container_layout":"default_layout","colormag_page_sidebar_layout":"default_layout","footnotes":""},"class_list":["post-9554","page","type-page","status-publish","hentry"],"_links":{"self":[{"href":"https:\/\/www.ssaver.gob.mx\/adquisiciones\/wp-json\/wp\/v2\/pages\/9554","targetHints":{"allow":["GET"]}}],"collection":[{"href":"https:\/\/www.ssaver.gob.mx\/adquisiciones\/wp-json\/wp\/v2\/pages"}],"about":[{"href":"https:\/\/www.ssaver.gob.mx\/adquisiciones\/wp-json\/wp\/v2\/types\/page"}],"author":[{"embeddable":true,"href":"https:\/\/www.ssaver.gob.mx\/adquisiciones\/wp-json\/wp\/v2\/users\/6"}],"replies":[{"embeddable":true,"href":"https:\/\/www.ssaver.gob.mx\/adquisiciones\/wp-json\/wp\/v2\/comments?post=9554"}],"version-history":[{"count":8,"href":"https:\/\/www.ssaver.gob.mx\/adquisiciones\/wp-json\/wp\/v2\/pages\/9554\/revisions"}],"predecessor-version":[{"id":12024,"href":"https:\/\/www.ssaver.gob.mx\/adquisiciones\/wp-json\/wp\/v2\/pages\/9554\/revisions\/12024"}],"up":[{"embeddable":true,"href":"https:\/\/www.ssaver.gob.mx\/adquisiciones\/wp-json\/wp\/v2\/pages\/7817"}],"wp:attachment":[{"href":"https:\/\/www.ssaver.gob.mx\/adquisiciones\/wp-json\/wp\/v2\/media?parent=9554"}],"curies":[{"name":"wp","href":"https:\/\/api.w.org\/{rel}","templated":true}]}}