{"id":9589,"date":"2024-09-12T16:19:00","date_gmt":"2024-09-12T21:19:00","guid":{"rendered":"https:\/\/www.ssaver.gob.mx\/adquisiciones\/?page_id=9589"},"modified":"2026-03-31T11:53:19","modified_gmt":"2026-03-31T17:53:19","slug":"licitacion-simplificada-ls-103t00000-028-2024","status":"publish","type":"page","link":"https:\/\/www.ssaver.gob.mx\/adquisiciones\/licitaciones-2024\/licitaciones-simplificadas-2024\/licitaciones-simplificadas-2024-021-040\/licitacion-simplificada-ls-103t00000-028-2024\/","title":{"rendered":"Licitaci\u00f3n Simplificada LS-103T00000-028-2024"},"content":{"rendered":"\n<div class=\"wp-block-group is-layout-constrained wp-container-core-group-is-layout-9517baca wp-block-group-is-layout-constrained\">\n<hr class=\"wp-block-separator has-text-color has-alpha-channel-opacity has-background is-style-wide\" style=\"background-color:#d8bf31;color:#d8bf31\" \/>\n\n\n\n<ul style=\"background-color:#fff4e0\" class=\"wp-block-list has-background\">\n<li><strong>Relativa&nbsp; a la Contrataci\u00f3n&nbsp; del Servicio&nbsp; de&nbsp; Dispersi\u00f3n&nbsp;Electr\u00f3nica&nbsp; de Fondos,&nbsp; para&nbsp; el&nbsp; Otorgamiento&nbsp;de&nbsp; Uniformes&nbsp; a trav\u00e9s&nbsp;de Tarjetas&nbsp; Electr\u00f3nicas&nbsp; con&nbsp;Chip,&nbsp; al&nbsp; Personal&nbsp;de&nbsp; Servicios&nbsp; de Salud&nbsp;de&nbsp; Veracruz<\/strong><\/li>\n<\/ul>\n\n\n\n<ul style=\"color:#5b4c0d;background-color:#fff4e0\" class=\"wp-block-list has-text-color has-background has-medium-font-size\">\n<li><a href=\"https:\/\/www.ssaver.gob.mx\/adquisiciones\/wp-content\/uploads\/sites\/5\/2024\/09\/Oficios-de-invitacion-LS-103T00000-028-2024_compressed.pdf\" target=\"_blank\" rel=\"noreferrer noopener\">Oficios de Invitaci\u00f3n<\/a><\/li>\n\n\n\n<li><a href=\"https:\/\/www.ssaver.gob.mx\/adquisiciones\/wp-content\/uploads\/sites\/5\/2024\/09\/BASES-Y-ANEXOS-LS-103T00000-028-2024_compressed.pdf\" target=\"_blank\" rel=\"noreferrer noopener\">Bases y Anexos<\/a><\/li>\n\n\n\n<li><a href=\"https:\/\/www.ssaver.gob.mx\/adquisiciones\/wp-content\/uploads\/sites\/5\/2024\/09\/Oficios-de-modificacion-a-bases-LS-103T00000-028-2024_compressed-1.pdf\" target=\"_blank\" rel=\"noreferrer noopener\">Oficios de modificaci\u00f3n a las bases<\/a><\/li>\n\n\n\n<li><a href=\"https:\/\/www.ssaver.gob.mx\/adquisiciones\/wp-content\/uploads\/sites\/5\/2024\/09\/Acta-de-apertura-de-proposiciones-LS-103T00000-028-2024_compressed.pdf\" target=\"_blank\" rel=\"noreferrer noopener\">Acta de apertura de proposiciones<\/a><\/li>\n\n\n\n<li><a href=\"https:\/\/www.ssaver.gob.mx\/adquisiciones\/wp-content\/uploads\/sites\/5\/2024\/09\/Dictamen-tecnico-economico-Acta-de-fallo-LS-103T00000-028-2024_compressed.pdf\" target=\"_blank\" rel=\"noreferrer noopener\">Dictamen t\u00e9cnico-econ\u00f3mico (Acta de fallo)<\/a><\/li>\n\n\n\n<li><a href=\"https:\/\/www.ssaver.gob.mx\/adquisiciones\/wp-content\/uploads\/sites\/5\/2024\/09\/NOTIFICACION-DE-FALLO.pdf\" target=\"_blank\" rel=\"noreferrer noopener\">Notificaci\u00f3n de fallo<\/a><\/li>\n\n\n\n<li><a href=\"https:\/\/www.ssaver.gob.mx\/adquisiciones\/wp-content\/uploads\/sites\/5\/2024\/10\/SESVER_DA_C-198_2024-AFECTADO-C.pdf\" target=\"_blank\" rel=\"noreferrer noopener\">Contrato No. 198 de 2024<\/a><\/li>\n<\/ul>\n\n\n\n<p><\/p>\n\n\n\n<p><\/p>\n<\/div>\n","protected":false},"excerpt":{"rendered":"","protected":false},"author":6,"featured_media":0,"parent":9426,"menu_order":8,"comment_status":"closed","ping_status":"closed","template":"","meta":{"colormag_page_container_layout":"default_layout","colormag_page_sidebar_layout":"default_layout","footnotes":""},"class_list":["post-9589","page","type-page","status-publish","hentry"],"_links":{"self":[{"href":"https:\/\/www.ssaver.gob.mx\/adquisiciones\/wp-json\/wp\/v2\/pages\/9589","targetHints":{"allow":["GET"]}}],"collection":[{"href":"https:\/\/www.ssaver.gob.mx\/adquisiciones\/wp-json\/wp\/v2\/pages"}],"about":[{"href":"https:\/\/www.ssaver.gob.mx\/adquisiciones\/wp-json\/wp\/v2\/types\/page"}],"author":[{"embeddable":true,"href":"https:\/\/www.ssaver.gob.mx\/adquisiciones\/wp-json\/wp\/v2\/users\/6"}],"replies":[{"embeddable":true,"href":"https:\/\/www.ssaver.gob.mx\/adquisiciones\/wp-json\/wp\/v2\/comments?post=9589"}],"version-history":[{"count":5,"href":"https:\/\/www.ssaver.gob.mx\/adquisiciones\/wp-json\/wp\/v2\/pages\/9589\/revisions"}],"predecessor-version":[{"id":12062,"href":"https:\/\/www.ssaver.gob.mx\/adquisiciones\/wp-json\/wp\/v2\/pages\/9589\/revisions\/12062"}],"up":[{"embeddable":true,"href":"https:\/\/www.ssaver.gob.mx\/adquisiciones\/wp-json\/wp\/v2\/pages\/9426"}],"wp:attachment":[{"href":"https:\/\/www.ssaver.gob.mx\/adquisiciones\/wp-json\/wp\/v2\/media?parent=9589"}],"curies":[{"name":"wp","href":"https:\/\/api.w.org\/{rel}","templated":true}]}}