{"id":9618,"date":"2024-09-17T11:39:05","date_gmt":"2024-09-17T16:39:05","guid":{"rendered":"https:\/\/www.ssaver.gob.mx\/adquisiciones\/?page_id=9618"},"modified":"2026-04-01T12:02:45","modified_gmt":"2026-04-01T18:02:45","slug":"licitacion-publica-nacional-lpn-103t00000-029-2024","status":"publish","type":"page","link":"https:\/\/www.ssaver.gob.mx\/adquisiciones\/licitaciones-2024\/licitaciones-publicas-nacionales-2024\/licitacion-publica-nacional-lpn-103t00000-029-2024\/","title":{"rendered":"Licitaci\u00f3n P\u00fablica Nacional LPN-103T00000-029-2024"},"content":{"rendered":"\n<div class=\"wp-block-group is-layout-constrained wp-container-core-group-is-layout-9517baca wp-block-group-is-layout-constrained\">\n<hr class=\"wp-block-separator has-text-color has-alpha-channel-opacity has-background is-style-wide\" style=\"background-color:#d8bf31;color:#d8bf31\" \/>\n\n\n\n<div class=\"wp-block-columns has-text-color has-background is-layout-flex wp-container-core-columns-is-layout-28f84493 wp-block-columns-is-layout-flex\" style=\"color:#5b4c0d;background-color:#fff4e0\">\n<div class=\"wp-block-column is-layout-flow wp-block-column-is-layout-flow\">\n<p><strong><strong><strong>Relativa&nbsp; a la&nbsp; Adquisici\u00f3n&nbsp;de \u00abEquipo&nbsp; de&nbsp; Administraci\u00f3n,&nbsp; M\u00e9dico,&nbsp;de Laboratorio,&nbsp; as\u00ed&nbsp; como&nbsp;Mantenimiento, Conservaci\u00f3n&nbsp; de&nbsp; Equipo&nbsp;y&nbsp; Maquinaria&nbsp; para&nbsp; el<br>Laboratorio&nbsp; Estatal&nbsp; de&nbsp;Salud&nbsp; P\u00fablica&nbsp; de SESVER.<br><\/strong><\/strong><\/strong><\/p>\n\n\n\n<ul class=\"wp-block-list\">\n<li><a href=\"https:\/\/www.ssaver.gob.mx\/adquisiciones\/wp-content\/uploads\/sites\/5\/2024\/09\/CONVOCATORIA-No.-30.pdf\" target=\"_blank\" rel=\"noreferrer noopener\">Convocatoria<\/a><\/li>\n\n\n\n<li><a href=\"https:\/\/www.ssaver.gob.mx\/adquisiciones\/wp-content\/uploads\/sites\/5\/2024\/09\/BASES-Y-ANEXOS-LPN-103T00000-029-2024_0001_compressed.pdf\" target=\"_blank\" rel=\"noreferrer noopener\">Bases y Anexos<\/a><\/li>\n\n\n\n<li><a href=\"https:\/\/www.ssaver.gob.mx\/adquisiciones\/wp-content\/uploads\/sites\/5\/2024\/09\/Fichas-Tecnicas-Partida-51901-1-al-3_compressed.pdf\" target=\"_blank\" rel=\"noreferrer noopener\">Fichas t\u00e9cnicas 51901 (1-3)<\/a><\/li>\n\n\n\n<li><a href=\"https:\/\/www.ssaver.gob.mx\/adquisiciones\/wp-content\/uploads\/sites\/5\/2024\/09\/Fichas-Tecnicas-Partida-53101-4-al-29_compressed.pdf\" target=\"_blank\" rel=\"noreferrer noopener\">Fichas t\u00e9cnicas 53101 (4-29)<\/a><\/li>\n\n\n\n<li><a href=\"https:\/\/www.ssaver.gob.mx\/adquisiciones\/wp-content\/uploads\/sites\/5\/2024\/09\/Fichas-Tecnicas-Partida-35701-30-al-76_compressed.pdf\" target=\"_blank\" rel=\"noreferrer noopener\">Fichas t\u00e9cnicas 35701 (30-76)<\/a><\/li>\n\n\n\n<li><a href=\"https:\/\/www.ssaver.gob.mx\/adquisiciones\/wp-content\/uploads\/sites\/5\/2024\/09\/Acta-de-junta-de-aclaraciones-LPN-103T00000-029-2024_compressed.pdf\" target=\"_blank\" rel=\"noreferrer noopener\">Acta de junta de aclaraciones<\/a><\/li>\n\n\n\n<li><a href=\"https:\/\/www.ssaver.gob.mx\/adquisiciones\/wp-content\/uploads\/sites\/5\/2024\/10\/Acta-de-apertura-de-proposiciones-LPN-103T00000-029-2024_0001_compressed.pdf\" target=\"_blank\" rel=\"noreferrer noopener\">Acta de apertura de proposiciones<\/a><\/li>\n\n\n\n<li><a href=\"https:\/\/www.ssaver.gob.mx\/adquisiciones\/wp-content\/uploads\/sites\/5\/2024\/10\/Dictamen-tenico-economico-Acta-de-fallo-LPN-103T00000-029-2024_0001_compressed.pdf\" target=\"_blank\" rel=\"noreferrer noopener\">Dictamen t\u00e9cnico-econ\u00f3mico (Acta de fallo)<\/a><\/li>\n\n\n\n<li><a href=\"https:\/\/www.ssaver.gob.mx\/adquisiciones\/wp-content\/uploads\/sites\/5\/2024\/11\/Notificacion-de-fallo-LPN-103T00000-029-2024_compressed.pdf\" target=\"_blank\" rel=\"noreferrer noopener\">Notificaci\u00f3n de fallo<\/a><\/li>\n\n\n\n<li>Contratos Nos. <a href=\"https:\/\/www.ssaver.gob.mx\/adquisiciones\/wp-content\/uploads\/sites\/5\/2024\/11\/SESVER_DA_C-209_2024-AFECATDO-C.pdf\" target=\"_blank\" rel=\"noreferrer noopener\">209<\/a>,  <a href=\"https:\/\/www.ssaver.gob.mx\/adquisiciones\/wp-content\/uploads\/sites\/5\/2024\/11\/SESVER_DA_C-210_2024-AFECATDO-C.pdf\" target=\"_blank\" rel=\"noreferrer noopener\">210<\/a> y <a href=\"https:\/\/www.ssaver.gob.mx\/adquisiciones\/wp-content\/uploads\/sites\/5\/2024\/11\/SESVER_DA_C-211_2024-AFECATDO-C.pdf\" target=\"_blank\" rel=\"noreferrer noopener\">211<\/a> de 2024<\/li>\n\n\n\n<li><a href=\"https:\/\/www.ssaver.gob.mx\/adquisiciones\/wp-content\/uploads\/sites\/5\/2024\/11\/P-015_2024-AFECTADO-C.pdf\" target=\"_blank\" rel=\"noreferrer noopener\">Pedido No. 15 de 2024<\/a><\/li>\n\n\n\n<li><a href=\"https:\/\/www.ssaver.gob.mx\/adquisiciones\/wp-content\/uploads\/sites\/5\/2024\/11\/TESTIMONIO-DEL-TESTIGO-SOCIAL-LPN-103T00000-029-2024.pdf\" target=\"_blank\" rel=\"noreferrer noopener\">Testimonio emitido por el Testigo Social<\/a><\/li>\n<\/ul>\n\n\n\n<p><\/p>\n<\/div>\n<\/div>\n<\/div>\n","protected":false},"excerpt":{"rendered":"<p>Relativa&nbsp; a la&nbsp; Adquisici\u00f3n&nbsp;de \u00abEquipo&nbsp; de&nbsp; Administraci\u00f3n,&nbsp; M\u00e9dico,&nbsp;de Laboratorio,&nbsp; as\u00ed&nbsp; como&nbsp;Mantenimiento, Conservaci\u00f3n&nbsp; de&nbsp; Equipo&nbsp;y&nbsp; Maquinaria&nbsp; para&nbsp; elLaboratorio&nbsp; Estatal&nbsp; de&nbsp;Salud&nbsp; P\u00fablica&nbsp;<\/p>\n","protected":false},"author":6,"featured_media":0,"parent":7823,"menu_order":29,"comment_status":"closed","ping_status":"closed","template":"","meta":{"colormag_page_container_layout":"default_layout","colormag_page_sidebar_layout":"default_layout","footnotes":""},"class_list":["post-9618","page","type-page","status-publish","hentry"],"_links":{"self":[{"href":"https:\/\/www.ssaver.gob.mx\/adquisiciones\/wp-json\/wp\/v2\/pages\/9618","targetHints":{"allow":["GET"]}}],"collection":[{"href":"https:\/\/www.ssaver.gob.mx\/adquisiciones\/wp-json\/wp\/v2\/pages"}],"about":[{"href":"https:\/\/www.ssaver.gob.mx\/adquisiciones\/wp-json\/wp\/v2\/types\/page"}],"author":[{"embeddable":true,"href":"https:\/\/www.ssaver.gob.mx\/adquisiciones\/wp-json\/wp\/v2\/users\/6"}],"replies":[{"embeddable":true,"href":"https:\/\/www.ssaver.gob.mx\/adquisiciones\/wp-json\/wp\/v2\/comments?post=9618"}],"version-history":[{"count":14,"href":"https:\/\/www.ssaver.gob.mx\/adquisiciones\/wp-json\/wp\/v2\/pages\/9618\/revisions"}],"predecessor-version":[{"id":12260,"href":"https:\/\/www.ssaver.gob.mx\/adquisiciones\/wp-json\/wp\/v2\/pages\/9618\/revisions\/12260"}],"up":[{"embeddable":true,"href":"https:\/\/www.ssaver.gob.mx\/adquisiciones\/wp-json\/wp\/v2\/pages\/7823"}],"wp:attachment":[{"href":"https:\/\/www.ssaver.gob.mx\/adquisiciones\/wp-json\/wp\/v2\/media?parent=9618"}],"curies":[{"name":"wp","href":"https:\/\/api.w.org\/{rel}","templated":true}]}}