{"id":9840,"date":"2024-09-26T21:14:53","date_gmt":"2024-09-27T02:14:53","guid":{"rendered":"https:\/\/www.ssaver.gob.mx\/adquisiciones\/?page_id=9840"},"modified":"2026-04-01T12:12:19","modified_gmt":"2026-04-01T18:12:19","slug":"licitacion-publica-nacional-federal-la-89-y23-930010996-n-19-2024","status":"publish","type":"page","link":"https:\/\/www.ssaver.gob.mx\/adquisiciones\/licitaciones-2024\/licitaciones-publicas-nacionales-federales-2024\/licitacion-publica-nacional-federal-la-89-y23-930010996-n-19-2024\/","title":{"rendered":"Licitaci\u00f3n P\u00fablica Nacional Federal LA-89-Y23-930010996-N-19-2024"},"content":{"rendered":"\n<div class=\"wp-block-group is-layout-constrained wp-container-core-group-is-layout-9517baca wp-block-group-is-layout-constrained\">\n<hr class=\"wp-block-separator has-text-color has-alpha-channel-opacity has-background is-style-wide\" style=\"background-color:#d8bf31;color:#d8bf31\" \/>\n\n\n\n<div class=\"wp-block-columns has-text-color has-background is-layout-flex wp-container-core-columns-is-layout-28f84493 wp-block-columns-is-layout-flex\" style=\"color:#5b4c0d;background-color:#fff4e0\">\n<div class=\"wp-block-column is-layout-flow wp-block-column-is-layout-flow\">\n<p><strong><strong><strong><strong><strong>Relativa a la Adquisici\u00f3n de Bienes e Insumos Diversos y Contrataci\u00f3n de Servicios para la Comisi\u00f3n Estatal Contra las Adicciones con Recursos del<br>Convenio Espec\u00edfico CRESCA 2024 Programa E025.<\/strong><\/strong><\/strong><\/strong><\/strong><\/p>\n\n\n\n<ul class=\"wp-block-list\">\n<li><a href=\"https:\/\/www.ssaver.gob.mx\/adquisiciones\/wp-content\/uploads\/sites\/5\/2024\/09\/CONVOCATORIA-No.-6_0001_compressed.pdf\" target=\"_blank\" rel=\"noreferrer noopener\">Resumen de Convocatoria<\/a><\/li>\n\n\n\n<li><a href=\"https:\/\/www.ssaver.gob.mx\/adquisiciones\/wp-content\/uploads\/sites\/5\/2024\/09\/CONVOCATORIA-BASES-Y-ANEXO-LA-89-Y23-930010996-N-19-2024_0001_compressed.pdf\" target=\"_blank\" rel=\"noreferrer noopener\">Convocatoria (Bases y anexos )<\/a><\/li>\n\n\n\n<li><a href=\"https:\/\/www.ssaver.gob.mx\/adquisiciones\/wp-content\/uploads\/sites\/5\/2024\/09\/LOTE-A-PARTIDA-21101_compressed.pdf\" target=\"_blank\" rel=\"noreferrer noopener\">Fichas t\u00e9cnicas Partida 21101<\/a><\/li>\n\n\n\n<li><a href=\"https:\/\/www.ssaver.gob.mx\/adquisiciones\/wp-content\/uploads\/sites\/5\/2024\/09\/LOTE-B-PARTIDA-21401.pdf\" target=\"_blank\" rel=\"noreferrer noopener\">Fichas t\u00e9cnicas Partida 21401<\/a><\/li>\n\n\n\n<li><a href=\"https:\/\/www.ssaver.gob.mx\/adquisiciones\/wp-content\/uploads\/sites\/5\/2024\/09\/LOTE-C-PARTIDA-21601.pdf\" target=\"_blank\" rel=\"noreferrer noopener\">Fichas t\u00e9cnicas Partida 21601<\/a><\/li>\n\n\n\n<li><a href=\"https:\/\/www.ssaver.gob.mx\/adquisiciones\/wp-content\/uploads\/sites\/5\/2024\/09\/LOTE-D-PARTIDA-27101.pdf\" target=\"_blank\" rel=\"noreferrer noopener\">Fichas t\u00e9cnicas Partida 27101<\/a><\/li>\n\n\n\n<li><a href=\"https:\/\/www.ssaver.gob.mx\/adquisiciones\/wp-content\/uploads\/sites\/5\/2024\/09\/LOTE-E-PARTIDA-29401.pdf\" target=\"_blank\" rel=\"noreferrer noopener\">Fichas t\u00e9cnicas Partida 29401<\/a><\/li>\n\n\n\n<li><a href=\"https:\/\/www.ssaver.gob.mx\/adquisiciones\/wp-content\/uploads\/sites\/5\/2024\/09\/LOTE-G-PARTIDA-35301.pdf\" target=\"_blank\" rel=\"noreferrer noopener\">Fichas t\u00e9cnicas Partida 35301<\/a><\/li>\n\n\n\n<li><a href=\"https:\/\/www.ssaver.gob.mx\/adquisiciones\/wp-content\/uploads\/sites\/5\/2024\/09\/LOTE-F-PARTIDA-33604.pdf\" target=\"_blank\" rel=\"noreferrer noopener\">Fichas t\u00e9cnicas Partida 33604<\/a><\/li>\n\n\n\n<li><a href=\"https:\/\/www.ssaver.gob.mx\/adquisiciones\/wp-content\/uploads\/sites\/5\/2024\/09\/LOTE-H-PARTIDA-52301.pdf\" target=\"_blank\" rel=\"noreferrer noopener\">Fichas t\u00e9cnicas Partida 52301<\/a><\/li>\n\n\n\n<li><a href=\"https:\/\/www.ssaver.gob.mx\/adquisiciones\/wp-content\/uploads\/sites\/5\/2024\/10\/Acta-de-junta-de-aclaraciones-LA-89-Y23-930010996-N-19-2024_0001.pdf\" target=\"_blank\" rel=\"noreferrer noopener\">Acta de junta de aclaraciones<\/a><\/li>\n\n\n\n<li><a href=\"https:\/\/www.ssaver.gob.mx\/adquisiciones\/wp-content\/uploads\/sites\/5\/2024\/10\/Acta-de-apertura-de-proposiciones-LA-89-Y23-930010996-N-19-2024_0001_compressed.pdf\" target=\"_blank\" rel=\"noreferrer noopener\">Acta de apertura de proposiciones<\/a><\/li>\n\n\n\n<li><a href=\"https:\/\/www.ssaver.gob.mx\/adquisiciones\/wp-content\/uploads\/sites\/5\/2024\/10\/Acta-de-diferimiento-de-la-evalucion-tecnica-y-economica-y-emision-del-fallo-LA-89-Y23-930010996-N-19-2024_0001.pdf\" target=\"_blank\" rel=\"noreferrer noopener\">Acta de diferimiento de la evoluci\u00f3n t\u00e9cnica y econ\u00f3mica y emisi\u00f3n del fallo<\/a><\/li>\n\n\n\n<li><a href=\"https:\/\/www.ssaver.gob.mx\/adquisiciones\/wp-content\/uploads\/sites\/5\/2024\/10\/Dictamen-tecnico-economico-Acta-de-fallo-LA-89-Y23-930010996-N-19-2024_0001_compressed.pdf\" target=\"_blank\" rel=\"noreferrer noopener\">Dictamen t\u00e9cnico-econ\u00f3mico (Acta de fallo)<\/a><\/li>\n<\/ul>\n\n\n\n<p><\/p>\n<\/div>\n<\/div>\n<\/div>\n","protected":false},"excerpt":{"rendered":"<p>Relativa a la Adquisici\u00f3n de Bienes e Insumos Diversos y Contrataci\u00f3n de Servicios para la Comisi\u00f3n Estatal Contra las Adicciones<\/p>\n","protected":false},"author":6,"featured_media":0,"parent":8451,"menu_order":7,"comment_status":"closed","ping_status":"closed","template":"","meta":{"colormag_page_container_layout":"default_layout","colormag_page_sidebar_layout":"default_layout","footnotes":""},"class_list":["post-9840","page","type-page","status-publish","hentry"],"_links":{"self":[{"href":"https:\/\/www.ssaver.gob.mx\/adquisiciones\/wp-json\/wp\/v2\/pages\/9840","targetHints":{"allow":["GET"]}}],"collection":[{"href":"https:\/\/www.ssaver.gob.mx\/adquisiciones\/wp-json\/wp\/v2\/pages"}],"about":[{"href":"https:\/\/www.ssaver.gob.mx\/adquisiciones\/wp-json\/wp\/v2\/types\/page"}],"author":[{"embeddable":true,"href":"https:\/\/www.ssaver.gob.mx\/adquisiciones\/wp-json\/wp\/v2\/users\/6"}],"replies":[{"embeddable":true,"href":"https:\/\/www.ssaver.gob.mx\/adquisiciones\/wp-json\/wp\/v2\/comments?post=9840"}],"version-history":[{"count":9,"href":"https:\/\/www.ssaver.gob.mx\/adquisiciones\/wp-json\/wp\/v2\/pages\/9840\/revisions"}],"predecessor-version":[{"id":12274,"href":"https:\/\/www.ssaver.gob.mx\/adquisiciones\/wp-json\/wp\/v2\/pages\/9840\/revisions\/12274"}],"up":[{"embeddable":true,"href":"https:\/\/www.ssaver.gob.mx\/adquisiciones\/wp-json\/wp\/v2\/pages\/8451"}],"wp:attachment":[{"href":"https:\/\/www.ssaver.gob.mx\/adquisiciones\/wp-json\/wp\/v2\/media?parent=9840"}],"curies":[{"name":"wp","href":"https:\/\/api.w.org\/{rel}","templated":true}]}}