{"id":9951,"date":"2024-10-14T20:38:11","date_gmt":"2024-10-15T01:38:11","guid":{"rendered":"https:\/\/www.ssaver.gob.mx\/adquisiciones\/?page_id=9951"},"modified":"2026-03-31T11:57:32","modified_gmt":"2026-03-31T17:57:32","slug":"licitacion-simplificada-ls-103t00000-039-2024","status":"publish","type":"page","link":"https:\/\/www.ssaver.gob.mx\/adquisiciones\/licitaciones-2024\/licitaciones-simplificadas-2024\/licitaciones-simplificadas-2024-021-040\/licitacion-simplificada-ls-103t00000-039-2024\/","title":{"rendered":"Licitaci\u00f3n Simplificada LS-103T00000-039-2024"},"content":{"rendered":"\n<div class=\"wp-block-group is-layout-constrained wp-container-core-group-is-layout-9517baca wp-block-group-is-layout-constrained\">\n<hr class=\"wp-block-separator has-text-color has-alpha-channel-opacity has-background is-style-wide\" style=\"background-color:#d8bf31;color:#d8bf31\" \/>\n\n\n\n<ul style=\"background-color:#fff4e0\" class=\"wp-block-list has-background\">\n<li><strong>Relativa&nbsp; a&nbsp; la&nbsp;\u00abAdquisici\u00f3n&nbsp; de&nbsp; Materiales&nbsp;y&nbsp; \u00datiles&nbsp; de , Oficina,&nbsp;Materiales&nbsp; y \u00datiles&nbsp; Consumibles&nbsp;para&nbsp; el Procesamiento&nbsp; en&nbsp;<br>Equipos y Bienes&nbsp; Inform\u00e1ticos, Refacciones&nbsp; y Accesorios&nbsp; Menores&nbsp;de&nbsp; Mobiliario&nbsp; y Equipo&nbsp;de Administraci\u00f3n, Educacional&nbsp; y Recreativo y Refacciones y Accesorios&nbsp; de&nbsp; Equipo&nbsp;de&nbsp; C\u00f3mputo&nbsp; y Telecomunicaciones&nbsp; de&nbsp; la Direcci\u00f3n&nbsp; Administrativa&nbsp; y Unidad&nbsp;de Acceso&nbsp; a&nbsp; la&nbsp;Informaci\u00f3n&nbsp; de&nbsp; SESVER\u00bb.<\/strong><\/li>\n<\/ul>\n\n\n\n<ul style=\"color:#5b4c0d;background-color:#fff4e0\" class=\"wp-block-list has-text-color has-background has-medium-font-size\">\n<li><a href=\"https:\/\/www.ssaver.gob.mx\/adquisiciones\/wp-content\/uploads\/sites\/5\/2024\/10\/Oficios-de-invitacion-LS-103T00000-039-2024_0001_compressed.pdf\" target=\"_blank\" rel=\"noreferrer noopener\">Oficios de Invitaci\u00f3n<\/a><\/li>\n\n\n\n<li><a href=\"https:\/\/www.ssaver.gob.mx\/adquisiciones\/wp-content\/uploads\/sites\/5\/2024\/10\/BASES-Y-ANEXOS-LS-103T00000-039-2024_0001_compressed.pdf\" target=\"_blank\" rel=\"noreferrer noopener\">Bases y Anexos<\/a><\/li>\n\n\n\n<li><a href=\"https:\/\/www.ssaver.gob.mx\/adquisiciones\/wp-content\/uploads\/sites\/5\/2024\/10\/Acta-de-apertura-de-proposiciones-LS-103T00000-039-2024_0001_compressed.pdf\" target=\"_blank\" rel=\"noreferrer noopener\">Acta de apertura de proposiciones<\/a><\/li>\n\n\n\n<li><a href=\"https:\/\/www.ssaver.gob.mx\/adquisiciones\/wp-content\/uploads\/sites\/5\/2024\/10\/Dictamen-tecnico-economico-Acta-de-falo-LS-103T00000-039-2024_0001_compressed.pdf\" target=\"_blank\" rel=\"noreferrer noopener\">Dictamen t\u00e9cnico-econ\u00f3mico (Acta de fallo)<\/a><\/li>\n\n\n\n<li><a href=\"https:\/\/www.ssaver.gob.mx\/adquisiciones\/wp-content\/uploads\/sites\/5\/2024\/11\/Notificacion-de-fallo-LS-103T00000-039-2024.pdf\" target=\"_blank\" rel=\"noreferrer noopener\">Notificaci\u00f3n de fallo<\/a><\/li>\n\n\n\n<li><a href=\"https:\/\/www.ssaver.gob.mx\/adquisiciones\/wp-content\/uploads\/sites\/5\/2024\/11\/SESVER_DA_C-223_2024-AFECATDO-C.pdf\" target=\"_blank\" rel=\"noreferrer noopener\">Contrato No. 223 de 2024<\/a><\/li>\n<\/ul>\n\n\n\n<p><\/p>\n\n\n\n<p><\/p>\n<\/div>\n","protected":false},"excerpt":{"rendered":"","protected":false},"author":6,"featured_media":0,"parent":9426,"menu_order":19,"comment_status":"closed","ping_status":"closed","template":"","meta":{"colormag_page_container_layout":"default_layout","colormag_page_sidebar_layout":"default_layout","footnotes":""},"class_list":["post-9951","page","type-page","status-publish","hentry"],"_links":{"self":[{"href":"https:\/\/www.ssaver.gob.mx\/adquisiciones\/wp-json\/wp\/v2\/pages\/9951","targetHints":{"allow":["GET"]}}],"collection":[{"href":"https:\/\/www.ssaver.gob.mx\/adquisiciones\/wp-json\/wp\/v2\/pages"}],"about":[{"href":"https:\/\/www.ssaver.gob.mx\/adquisiciones\/wp-json\/wp\/v2\/types\/page"}],"author":[{"embeddable":true,"href":"https:\/\/www.ssaver.gob.mx\/adquisiciones\/wp-json\/wp\/v2\/users\/6"}],"replies":[{"embeddable":true,"href":"https:\/\/www.ssaver.gob.mx\/adquisiciones\/wp-json\/wp\/v2\/comments?post=9951"}],"version-history":[{"count":6,"href":"https:\/\/www.ssaver.gob.mx\/adquisiciones\/wp-json\/wp\/v2\/pages\/9951\/revisions"}],"predecessor-version":[{"id":12074,"href":"https:\/\/www.ssaver.gob.mx\/adquisiciones\/wp-json\/wp\/v2\/pages\/9951\/revisions\/12074"}],"up":[{"embeddable":true,"href":"https:\/\/www.ssaver.gob.mx\/adquisiciones\/wp-json\/wp\/v2\/pages\/9426"}],"wp:attachment":[{"href":"https:\/\/www.ssaver.gob.mx\/adquisiciones\/wp-json\/wp\/v2\/media?parent=9951"}],"curies":[{"name":"wp","href":"https:\/\/api.w.org\/{rel}","templated":true}]}}