{"id":765,"date":"2023-11-14T11:34:28","date_gmt":"2023-11-14T17:34:28","guid":{"rendered":"https:\/\/www.ssaver.gob.mx\/almacenaje\/?page_id=765"},"modified":"2026-03-27T11:26:38","modified_gmt":"2026-03-27T17:26:38","slug":"formatos-para-entrega","status":"publish","type":"page","link":"https:\/\/www.ssaver.gob.mx\/almacenaje\/formatos-para-entrega\/","title":{"rendered":"Formatos para entrega"},"content":{"rendered":"\n<div class=\"wp-block-group is-layout-constrained wp-container-core-group-is-layout-9517baca wp-block-group-is-layout-constrained\">\n<div class=\"wp-block-columns is-layout-flex wp-container-core-columns-is-layout-9c22b1e3 wp-block-columns-is-layout-flex\">\n<div class=\"wp-block-column is-vertically-aligned-stretch is-layout-flow wp-container-core-column-is-layout-c43c6636 wp-block-column-is-layout-flow\" style=\"padding-right:0;padding-left:0;flex-basis:100%\">\n<div class=\"wp-block-cover wp-elements-647bfca00893ff339a63e5903b5ef4f4 has-aspect-ratio\" style=\"margin-top:0;margin-bottom:0;padding-top:0;padding-right:0;padding-bottom:0;padding-left:0;aspect-ratio:auto;min-height:unset;\"><img decoding=\"async\" class=\"wp-block-cover__image-background wp-image-5220 size-full\" alt=\"\" src=\"https:\/\/www.ssaver.gob.mx\/tecnologias\/wp-content\/uploads\/sites\/14\/2025\/09\/textura_areas_TI-scaled.png\" style=\"object-position:15% 27%\" data-object-fit=\"cover\" data-object-position=\"15% 27%\" \/><span aria-hidden=\"true\" class=\"wp-block-cover__background has-background-dim-100 has-background-dim\" style=\"background-color:#720f37\"><\/span><div class=\"wp-block-cover__inner-container is-layout-constrained wp-container-core-cover-is-layout-72190d31 wp-block-cover-is-layout-constrained\">\n<p class=\"has-text-align-center\" style=\"font-size:28px\"><strong>Formatos para entrega<\/strong><\/p>\n<\/div><\/div>\n<\/div>\n<\/div>\n\n\n\n<div class=\"wp-block-columns is-layout-flex wp-container-core-columns-is-layout-b2864ded wp-block-columns-is-layout-flex\" style=\"margin-top:0;margin-bottom:0;padding-top:0;padding-bottom:0\">\n<div class=\"wp-block-column is-vertically-aligned-center has-background is-layout-flow wp-block-column-is-layout-flow\" style=\"background:linear-gradient(180deg,rgb(233,231,225) 57%,rgba(232,230,225,0) 100%);padding-top:var(--wp--preset--spacing--40);padding-right:var(--wp--preset--spacing--40);padding-bottom:var(--wp--preset--spacing--40);padding-left:var(--wp--preset--spacing--40);flex-basis:100%\">\n<p class=\"has-text-align-center has-white-color has-text-color has-background\" style=\"background-color:#7a1737;font-size:22px\"><strong>ACTIVO FIJO, INSTRUMENTAL M\u00c9DICO<\/strong><\/p>\n\n\n\n<ul style=\"color:#5b4c0d;background-color:#fff4e0;font-size:22px\" class=\"wp-block-list has-text-color has-background\">\n<li><a href=\"https:\/\/www.ssaver.gob.mx\/almacenaje\/wp-content\/uploads\/sites\/26\/2023\/11\/ACTA-DE-ENTREGA-RECEPCION-ALMACEN.docx\"><strong>Acta de Entrega-Recepci\u00f3n Almac\u00e9n<\/strong><\/a><\/li>\n\n\n\n<li><strong><a href=\"https:\/\/www.ssaver.gob.mx\/almacenaje\/wp-content\/uploads\/sites\/26\/2023\/11\/ACTA-DE-ENTREGA-RECEPCION-DESTINO-ESPECIFICO.docx\">Acta de Entrega-Recepcion Destino Espec\u00edfico<\/a><\/strong><\/li>\n\n\n\n<li><strong><a href=\"https:\/\/www.ssaver.gob.mx\/almacenaje\/wp-content\/uploads\/sites\/26\/2023\/11\/CARTA-GARANTIA-DE-VICIOS-OCULTOS-ACTIVO-FIJO.docx\">Carta Garant\u00eda de vicios ocultos Activo Fijo<\/a><\/strong><\/li>\n\n\n\n<li><strong><a href=\"https:\/\/www.ssaver.gob.mx\/almacenaje\/wp-content\/uploads\/sites\/26\/2023\/11\/FORMATO-LISTADO-DE-CAPACITACION.docx\">Formato Listado de Capacitaci\u00f3n<\/a><\/strong><\/li>\n<\/ul>\n\n\n\n<p class=\"has-text-align-center has-white-color has-text-color has-background\" style=\"background-color:#7a1737;font-size:22px\"><strong>ACTUALIZACI\u00d3N CUENTA BANCARIA<\/strong><\/p>\n\n\n\n<ul style=\"color:#5b4c0d;background-color:#fff4e0;font-size:22px\" class=\"wp-block-list has-text-color has-background\">\n<li><strong><a href=\"https:\/\/www.ssaver.gob.mx\/almacenaje\/wp-content\/uploads\/sites\/26\/2023\/11\/FORMATO-PARA-PAGO.doc\">Formato para pago<\/a><\/strong><\/li>\n<\/ul>\n\n\n\n<p class=\"has-text-align-center has-white-color has-text-color has-background\" style=\"background-color:#7a1737;font-size:22px\"><strong>MATERIAL DE CURACI\u00d3N<\/strong><\/p>\n\n\n\n<ul style=\"color:#5b4c0d;background-color:#fff4e0;font-size:22px\" class=\"wp-block-list has-text-color has-background\">\n<li><strong><a href=\"https:\/\/www.ssaver.gob.mx\/almacenaje\/wp-content\/uploads\/sites\/26\/2023\/11\/CARTA-CANJE-MC.docx\">Carta canje MC<\/a><\/strong><\/li>\n\n\n\n<li><strong><a href=\"https:\/\/www.ssaver.gob.mx\/almacenaje\/wp-content\/uploads\/sites\/26\/2023\/11\/CARTA-DE-RETIRO-INSUMO-CADUCADO.docx\">Carta de Retiro Insumo Caducado<\/a><\/strong><\/li>\n\n\n\n<li><strong><a href=\"https:\/\/www.ssaver.gob.mx\/almacenaje\/wp-content\/uploads\/sites\/26\/2023\/11\/CARTA-GARANTIA-DE-VICIOS-OCULTOS.docx\">Carta Garant\u00eda de Vicios Ocultos<\/a><\/strong><\/li>\n<\/ul>\n\n\n\n<p class=\"has-text-align-center has-white-color has-text-color has-background\" style=\"background-color:#7a1737;font-size:22px\"><strong>MEDICAMENTO<\/strong><\/p>\n\n\n\n<ul style=\"color:#5b4c0d;background-color:#fff4e0;font-size:22px\" class=\"wp-block-list has-text-color has-background\">\n<li><strong><a href=\"https:\/\/www.ssaver.gob.mx\/almacenaje\/wp-content\/uploads\/sites\/26\/2023\/11\/CARTA-CANJE-MEDICAMENTO.docx\">Carta Canje Medicamento<\/a><\/strong><\/li>\n\n\n\n<li><strong><a href=\"https:\/\/www.ssaver.gob.mx\/almacenaje\/wp-content\/uploads\/sites\/26\/2023\/11\/CARTA-DE-RETIRO-INSUMO-CADUCADO-1.docx\">Carta de Retiro Insumo Caducado<\/a><\/strong><\/li>\n\n\n\n<li><strong><a href=\"https:\/\/www.ssaver.gob.mx\/almacenaje\/wp-content\/uploads\/sites\/26\/2023\/11\/CARTA-GARANTIA-DE-VICIOS-OCULTOS-1.docx\">Carta Garant\u00eda de Vicios Ocultos<\/a><\/strong><\/li>\n<\/ul>\n\n\n\n<p class=\"has-text-align-center has-white-color has-text-color has-background\" style=\"background-color:#7a1737;font-size:22px\"><strong>ROPER\u00cdA, PAPELER\u00cdA<\/strong><\/p>\n\n\n\n<ul style=\"color:#5b4c0d;background-color:#fff4e0;font-size:22px\" class=\"wp-block-list has-text-color has-background\">\n<li><strong><a href=\"https:\/\/www.ssaver.gob.mx\/almacenaje\/wp-content\/uploads\/sites\/26\/2023\/11\/CARTA-GARANTIA-DE-VICIOS-OCULTOS-2.docx\">Carta Garant\u00eda de Vicios Ocultos<\/a><\/strong><\/li>\n<\/ul>\n<\/div>\n<\/div>\n<\/div>\n","protected":false},"excerpt":{"rendered":"<p>ACTIVO FIJO, INSTRUMENTAL M\u00c9DICO ACTUALIZACI\u00d3N CUENTA BANCARIA MATERIAL DE CURACI\u00d3N MEDICAMENTO ROPER\u00cdA, PAPELER\u00cdA<\/p>\n","protected":false},"author":42,"featured_media":0,"parent":0,"menu_order":0,"comment_status":"closed","ping_status":"closed","template":"","meta":{"colormag_page_container_layout":"default_layout","colormag_page_sidebar_layout":"default_layout","footnotes":""},"class_list":["post-765","page","type-page","status-publish","hentry"],"_links":{"self":[{"href":"https:\/\/www.ssaver.gob.mx\/almacenaje\/wp-json\/wp\/v2\/pages\/765","targetHints":{"allow":["GET"]}}],"collection":[{"href":"https:\/\/www.ssaver.gob.mx\/almacenaje\/wp-json\/wp\/v2\/pages"}],"about":[{"href":"https:\/\/www.ssaver.gob.mx\/almacenaje\/wp-json\/wp\/v2\/types\/page"}],"author":[{"embeddable":true,"href":"https:\/\/www.ssaver.gob.mx\/almacenaje\/wp-json\/wp\/v2\/users\/42"}],"replies":[{"embeddable":true,"href":"https:\/\/www.ssaver.gob.mx\/almacenaje\/wp-json\/wp\/v2\/comments?post=765"}],"version-history":[{"count":12,"href":"https:\/\/www.ssaver.gob.mx\/almacenaje\/wp-json\/wp\/v2\/pages\/765\/revisions"}],"predecessor-version":[{"id":1371,"href":"https:\/\/www.ssaver.gob.mx\/almacenaje\/wp-json\/wp\/v2\/pages\/765\/revisions\/1371"}],"wp:attachment":[{"href":"https:\/\/www.ssaver.gob.mx\/almacenaje\/wp-json\/wp\/v2\/media?parent=765"}],"curies":[{"name":"wp","href":"https:\/\/api.w.org\/{rel}","templated":true}]}}