{"id":102,"date":"2022-06-13T12:03:45","date_gmt":"2022-06-13T17:03:45","guid":{"rendered":"https:\/\/www.ssaver.gob.mx\/ccs\/?page_id=102"},"modified":"2026-02-10T11:44:35","modified_gmt":"2026-02-10T17:44:35","slug":"inicio","status":"publish","type":"page","link":"https:\/\/www.ssaver.gob.mx\/ccs\/","title":{"rendered":""},"content":{"rendered":"\n<div class=\"wp-block-cover aligncenter is-light\"><img decoding=\"async\" class=\"wp-block-cover__image-background wp-image-3404 size-full\" alt=\"\" src=\"https:\/\/www.ssaver.gob.mx\/funcionario\/wp-content\/uploads\/sites\/3\/2025\/07\/Textura-varias_page-0003-1.jpg\" data-object-fit=\"cover\"\/><span aria-hidden=\"true\" class=\"wp-block-cover__background has-background-dim\" style=\"background-color:#efedea\"><\/span><div class=\"wp-block-cover__inner-container is-layout-flow wp-block-cover-is-layout-flow\">\n<div class=\"wp-block-columns are-vertically-aligned-center is-layout-flex wp-container-core-columns-is-layout-28f84493 wp-block-columns-is-layout-flex\">\n<div class=\"wp-block-column is-vertically-aligned-center is-layout-flow wp-block-column-is-layout-flow\" style=\"flex-basis:15%\"><\/div>\n\n\n\n<div class=\"wp-block-column is-vertically-aligned-center is-layout-flow wp-block-column-is-layout-flow\" style=\"flex-basis:70%\">\n<hr class=\"wp-block-separator aligncenter has-text-color has-alpha-channel-opacity has-background is-style-wide\" style=\"margin-top:0;margin-bottom:0;background-color:#dac195;color:#dac195\"\/>\n\n\n\n<p class=\"has-text-align-center has-text-color has-link-color has-large-font-size wp-elements-bef8e9fb539b02b6feb9565ab95de85c\" style=\"color:#7a1737;margin-top:0;margin-bottom:0\"><strong>SECCIONES<\/strong><\/p>\n\n\n\n<hr class=\"wp-block-separator aligncenter has-text-color has-alpha-channel-opacity has-background is-style-wide\" style=\"margin-top:0;margin-bottom:0;background-color:#dac195;color:#dac195\"\/>\n\n\n\n<figure class=\"wp-block-image size-full\"><a href=\"https:\/\/www.ssaver.gob.mx\/ccs\/concurso-voces-ciudadanas-experiencias-que-transforman\/\"><img loading=\"lazy\" decoding=\"async\" width=\"2560\" height=\"338\" src=\"https:\/\/www.ssaver.gob.mx\/ccs\/wp-content\/uploads\/sites\/35\/2026\/01\/bnr_concursovc_css-scaled.png\" alt=\"\" class=\"wp-image-5171\" srcset=\"https:\/\/www.ssaver.gob.mx\/ccs\/wp-content\/uploads\/sites\/35\/2026\/01\/bnr_concursovc_css-scaled.png 2560w, https:\/\/www.ssaver.gob.mx\/ccs\/wp-content\/uploads\/sites\/35\/2026\/01\/bnr_concursovc_css-300x40.png 300w, https:\/\/www.ssaver.gob.mx\/ccs\/wp-content\/uploads\/sites\/35\/2026\/01\/bnr_concursovc_css-1024x135.png 1024w, https:\/\/www.ssaver.gob.mx\/ccs\/wp-content\/uploads\/sites\/35\/2026\/01\/bnr_concursovc_css-768x102.png 768w, https:\/\/www.ssaver.gob.mx\/ccs\/wp-content\/uploads\/sites\/35\/2026\/01\/bnr_concursovc_css-1536x203.png 1536w, https:\/\/www.ssaver.gob.mx\/ccs\/wp-content\/uploads\/sites\/35\/2026\/01\/bnr_concursovc_css-2048x271.png 2048w\" sizes=\"auto, (max-width: 2560px) 100vw, 2560px\" \/><\/a><\/figure>\n\n\n\n<div class=\"wp-block-columns is-layout-flex wp-container-core-columns-is-layout-28f84493 wp-block-columns-is-layout-flex\">\n<div class=\"wp-block-column is-layout-flow wp-block-column-is-layout-flow\">\n<a href=\"https:\/\/www.ssaver.gob.mx\/ccs\/modelo-unico-de-evaluacion-de-la-calidad-muec\/\" target=\"_blank\" rel=\"noopener noreferrer\" class=\"banner-container\">\n  <div class=\"banner-left\">\n    <img decoding=\"async\" src=\"https:\/\/www.ssaver.gob.mx\/ccs\/wp-content\/uploads\/sites\/35\/2025\/12\/MOCEBPASS2_1.jpg\" class=\"base\" alt=\"Bot\u00f3n para abrir sitio MOCEBPASS\">\n    <img decoding=\"async\" src=\"https:\/\/www.ssaver.gob.mx\/ccs\/wp-content\/uploads\/sites\/35\/2025\/12\/MOCEBPASS2_2.jpg\" class=\"hover\" alt=\"\">\n  <\/div>\n  <div class=\"banner-right\">\n    <span style=\"font-size: 12px;font-weight: bold\">MOCEBPASS<\/span>\n  <\/div>\n<\/a>\n<\/div>\n\n\n\n<div class=\"wp-block-column is-layout-flow wp-block-column-is-layout-flow\">\n<a href=\"https:\/\/www.ssaver.gob.mx\/ccs\/comites\/\" target=\"_blank\" rel=\"noopener noreferrer\" class=\"banner-container\">\n  <div class=\"banner-left\">\n    <img decoding=\"async\" src=\"https:\/\/www.ssaver.gob.mx\/ccs\/wp-content\/uploads\/sites\/35\/2025\/11\/Comites_icono.png\" class=\"base\" alt=\"Bot\u00f3n para abrir sitio Comit\u00e9s\">\n    <img decoding=\"async\" src=\"https:\/\/www.ssaver.gob.mx\/ccs\/wp-content\/uploads\/sites\/35\/2025\/11\/comites_icono2.png\" class=\"hover\" alt=\"\">\n  <\/div>\n  <div class=\"banner-right\">\n    <span style=\"font-size: 12px;font-weight: bold\">COMIT\u00c9S<\/span>\n  <\/div>\n<\/a>\n<\/div>\n\n\n\n<div class=\"wp-block-column is-layout-flow wp-block-column-is-layout-flow\">\n<a href=\"https:\/\/www.ssaver.gob.mx\/ccs\/sug\/\" target=\"_blank\" rel=\"noopener noreferrer\" class=\"banner-container\">\n  <div class=\"banner-left\">\n    <img decoding=\"async\" src=\"https:\/\/www.ssaver.gob.mx\/ccs\/wp-content\/uploads\/sites\/35\/2025\/11\/sistema_u_gestion_icono.png\" class=\"base\" alt=\"Bot\u00f3n para abrir sitio Sistema Unificado de Gesti\u00f3n\">\n    <img decoding=\"async\" src=\"https:\/\/www.ssaver.gob.mx\/ccs\/wp-content\/uploads\/sites\/35\/2025\/11\/Sistema_u_gestion_2.png\" class=\"hover\" alt=\"\">\n  <\/div>\n  <div class=\"banner-right\">\n    <span style=\"font-size: 12px;font-weight: bold\">SISTEMA UNIFICADO DE GESTI\u00d3N<\/span>\n  <\/div>\n<\/a>\n<\/div>\n<\/div>\n\n\n\n<div class=\"wp-block-columns is-layout-flex wp-container-core-columns-is-layout-28f84493 wp-block-columns-is-layout-flex\">\n<div class=\"wp-block-column is-layout-flow wp-block-column-is-layout-flow\">\n<a href=\"https:\/\/www.ssaver.gob.mx\/ccs\/guias-de-practica-clinica\/\" target=\"_blank\" rel=\"noopener noreferrer\" class=\"banner-container\">\n  <div class=\"banner-left\">\n    <img decoding=\"async\" src=\"https:\/\/www.ssaver.gob.mx\/ccs\/wp-content\/uploads\/sites\/35\/2025\/11\/guias_p_clinicas.png\" class=\"base\" alt=\"Bot\u00f3n para abrir sitio Gu\u00edas de Pr\u00e1ctica Cl\u00ednica\">\n    <img decoding=\"async\" src=\"https:\/\/www.ssaver.gob.mx\/ccs\/wp-content\/uploads\/sites\/35\/2025\/11\/guias_p_clinicas_2.png\" class=\"hover\" alt=\"\">\n  <\/div>\n  <div class=\"banner-right\">\n    <span style=\"font-size: 12px;font-weight: bold\">GU\u00cdAS DE PR\u00c1CTICA CL\u00cdNICA<\/span>\n  <\/div>\n<\/a>\n<\/div>\n\n\n\n<div class=\"wp-block-column is-vertically-aligned-center is-layout-flow wp-block-column-is-layout-flow\">\n<a href=\"https:\/\/www.ssaver.gob.mx\/ccs\/infraestructura\/\" target=\"_blank\" rel=\"noopener noreferrer\" class=\"banner-container\">\n  <div class=\"banner-left\">\n    <img decoding=\"async\" src=\"https:\/\/www.ssaver.gob.mx\/ccs\/wp-content\/uploads\/sites\/35\/2025\/11\/infraestructura.png\" class=\"base\" alt=\"Bot\u00f3n para abrir sitio infraestructura\">\n    <img decoding=\"async\" src=\"https:\/\/www.ssaver.gob.mx\/ccs\/wp-content\/uploads\/sites\/35\/2025\/11\/infraestructura_2.png\" class=\"hover\" alt=\"\">\n  <\/div>\n  <div class=\"banner-right\">\n    <span style=\"font-size: 12px;font-weight: bold\">INFRAESTRUCTURA CALIDAD<\/span>\n  <\/div>\n<\/a>\n<\/div>\n\n\n\n<div class=\"wp-block-column is-layout-flow wp-block-column-is-layout-flow\">\n<a href=\"https:\/\/www.ssaver.gob.mx\/ccs\/construyendo-ciudadania-en-salud-aval-ciudadano\/\" target=\"_blank\" rel=\"noopener noreferrer\" class=\"banner-container\">\n  <div class=\"banner-left\">\n    <img decoding=\"async\" src=\"https:\/\/www.ssaver.gob.mx\/ccs\/wp-content\/uploads\/sites\/35\/2025\/11\/aval_ciudadano.png\" class=\"base\" alt=\"Bot\u00f3n para abrir sitio Aval Ciudadano\">\n    <img decoding=\"async\" src=\"https:\/\/www.ssaver.gob.mx\/ccs\/wp-content\/uploads\/sites\/35\/2025\/11\/Aval_ciudadano_2.png\" class=\"hover\" alt=\"\">\n  <\/div>\n  <div class=\"banner-right\">\n    <span style=\"font-size: 12px;font-weight: bold\">AVAL CIUDADANO<\/span>\n  <\/div>\n<\/a>\n<\/div>\n<\/div>\n\n\n\n<div class=\"wp-block-columns is-layout-flex wp-container-core-columns-is-layout-28f84493 wp-block-columns-is-layout-flex\">\n<div class=\"wp-block-column is-layout-flow wp-block-column-is-layout-flow\">\n<a href=\"https:\/\/www.ssaver.gob.mx\/ccs\/seguridad-del-paciente\/\" target=\"_blank\" rel=\"noopener noreferrer\" class=\"banner-container\">\n  <div class=\"banner-left\">\n    <img decoding=\"async\" src=\"https:\/\/www.ssaver.gob.mx\/ccs\/wp-content\/uploads\/sites\/35\/2025\/11\/seguridad_paciente.png\" class=\"base\" alt=\"Bot\u00f3n para abrir sitio Seguridad del Paciente\">\n    <img decoding=\"async\" src=\"https:\/\/www.ssaver.gob.mx\/ccs\/wp-content\/uploads\/sites\/35\/2025\/11\/seguridad-paciente_2.png\" class=\"hover\" alt=\"\">\n  <\/div>\n  <div class=\"banner-right\">\n    <span style=\"font-size: 12px;font-weight: bold\">SEGURIDAD DEL PACIENTE<\/span>\n  <\/div>\n<\/a>\n<\/div>\n\n\n\n<div class=\"wp-block-column is-vertically-aligned-center is-layout-flow wp-block-column-is-layout-flow\">\n<a href=\"https:\/\/www.ssaver.gob.mx\/ccs\/gestores-de-calidad\/\" target=\"_blank\" rel=\"noopener noreferrer\" class=\"banner-container\">\n  <div class=\"banner-left\">\n    <img decoding=\"async\" src=\"https:\/\/www.ssaver.gob.mx\/ccs\/wp-content\/uploads\/sites\/35\/2025\/11\/i_gestores_calidad.png\" class=\"base\" alt=\"Bot\u00f3n para abrir sitio Informaci\u00f3n para gestores de calidad\">\n    <img decoding=\"async\" src=\"https:\/\/www.ssaver.gob.mx\/ccs\/wp-content\/uploads\/sites\/35\/2025\/11\/i_gestores_calidad_2.png\" class=\"hover\" alt=\"\">\n  <\/div>\n  <div class=\"banner-right\">\n    <span style=\"font-size: 12px;font-weight: bold\">INFORMACI\u00d3N PARA GESTORES (AS) DE CALIDAD<\/span>\n  <\/div>\n<\/a>\n<\/div>\n\n\n\n<div class=\"wp-block-column is-layout-flow wp-block-column-is-layout-flow\">\n<a href=\"https:\/\/www.ssaver.gob.mx\/ccs\/mecic\/\" target=\"_blank\" rel=\"noopener noreferrer\" class=\"banner-container\">\n  <div class=\"banner-left\">\n    <img decoding=\"async\" src=\"https:\/\/www.ssaver.gob.mx\/ccs\/wp-content\/uploads\/sites\/35\/2025\/11\/MESIC.png\" class=\"base\" alt=\"Bot\u00f3n para abrir sitio Modelo de Evaluaci\u00f3n\">\n    <img decoding=\"async\" src=\"https:\/\/www.ssaver.gob.mx\/ccs\/wp-content\/uploads\/sites\/35\/2025\/11\/MESIC_2.png\" class=\"hover\" alt=\"\">\n  <\/div>\n  <div class=\"banner-right\">\n    <span style=\"font-size: 12px;font-weight: bold\">MODELO DE<br> EVALUACI\u00d3N(MECIC)<\/span>\n  <\/div>\n<\/a>\n<\/div>\n<\/div>\n\n\n\n<div class=\"wp-block-columns is-layout-flex wp-container-core-columns-is-layout-28f84493 wp-block-columns-is-layout-flex\">\n<div class=\"wp-block-column is-layout-flow wp-block-column-is-layout-flow\">\n<a href=\"https:\/\/www.ssaver.gob.mx\/ccs\/indicas\/\" target=\"_blank\" rel=\"noopener noreferrer\" class=\"banner-container\">\n  <div class=\"banner-left\">\n    <img decoding=\"async\" src=\"https:\/\/www.ssaver.gob.mx\/ccs\/wp-content\/uploads\/sites\/35\/2025\/11\/SN_calidad.png\" class=\"base\" alt=\"Bot\u00f3n para abrir sitio INDICAS\">\n    <img decoding=\"async\" src=\"https:\/\/www.ssaver.gob.mx\/ccs\/wp-content\/uploads\/sites\/35\/2025\/11\/SN_calidad_2.png\" class=\"hover\" alt=\"\">\n  <\/div>\n  <div class=\"banner-right\">\n    <span style=\"font-size: 12px;font-weight: bold\">SISTEMA NACIONAL <br>(INDICAS II)<\/span>\n  <\/div>\n<\/a>\n<\/div>\n\n\n\n<div class=\"wp-block-column is-vertically-aligned-center is-layout-flow wp-block-column-is-layout-flow\">\n<a href=\"https:\/\/www.ssaver.gob.mx\/ccs\/estad\/\" target=\"_blank\" rel=\"noopener noreferrer\" class=\"banner-container\">\n  <div class=\"banner-left\">\n    <img decoding=\"async\" src=\"https:\/\/www.ssaver.gob.mx\/ccs\/wp-content\/uploads\/sites\/35\/2025\/11\/ENCUESTA_SATISFACCION.png\" class=\"base\" alt=\"Bot\u00f3n para abrir sitio ESTAD\">\n    <img decoding=\"async\" src=\"https:\/\/www.ssaver.gob.mx\/ccs\/wp-content\/uploads\/sites\/35\/2025\/11\/encuesta_satisfaccion_2.png\" class=\"hover\" alt=\"\">\n  <\/div>\n  <div class=\"banner-right\">\n    <span style=\"font-size: 12px;font-weight: bold\">ENCUESTA DE <br>SATISFACCI\u00d3N (ESTAD)<\/span>\n  <\/div>\n<\/a>\n<\/div>\n\n\n\n<div class=\"wp-block-column is-layout-flow wp-block-column-is-layout-flow\">\n<a href=\"https:\/\/www.ssaver.gob.mx\/ccs\/?page_id=850\" target=\"_blank\" rel=\"noopener noreferrer\" class=\"banner-container\">\n  <div class=\"banner-left\">\n    <img decoding=\"async\" src=\"https:\/\/www.ssaver.gob.mx\/ccs\/wp-content\/uploads\/sites\/35\/2025\/11\/i_enviar.png\" class=\"base\" alt=\"Bot\u00f3n para abrir sitio Informaci\u00f3n para enviar\">\n    <img decoding=\"async\" src=\"https:\/\/www.ssaver.gob.mx\/ccs\/wp-content\/uploads\/sites\/35\/2025\/11\/i_enviar_2.png\" class=\"hover\" alt=\"\">\n  <\/div>\n  <div class=\"banner-right\">\n    <span style=\"font-size: 12px;font-weight: bold\">INFORMACI\u00d3N PARA ENVIAR<\/span>\n  <\/div>\n<\/a>\n<\/div>\n<\/div>\n\n\n\n<div class=\"wp-block-columns is-layout-flex wp-container-core-columns-is-layout-28f84493 wp-block-columns-is-layout-flex\">\n<div class=\"wp-block-column is-layout-flow wp-block-column-is-layout-flow\">\n<a href=\"https:\/\/www.ssaver.gob.mx\/ccs\/carteles\/\" target=\"_blank\" rel=\"noopener noreferrer\" class=\"banner-container\">\n  <div class=\"banner-left\">\n    <img decoding=\"async\" src=\"https:\/\/www.ssaver.gob.mx\/ccs\/wp-content\/uploads\/sites\/35\/2025\/11\/carteles.png\" class=\"base\" alt=\"Bot\u00f3n para abrir sitio Carteles\">\n    <img decoding=\"async\" src=\"https:\/\/www.ssaver.gob.mx\/ccs\/wp-content\/uploads\/sites\/35\/2025\/11\/carteles_2.png\" class=\"hover\" alt=\"\">\n  <\/div>\n  <div class=\"banner-right\">\n    <span style=\"font-size: 12px;font-weight: bold\">CARTELES<\/span>\n  <\/div>\n<\/a>\n<\/div>\n\n\n\n<div class=\"wp-block-column is-vertically-aligned-center is-layout-flow wp-block-column-is-layout-flow\">\n<a href=\"https:\/\/www.ssaver.gob.mx\/ccs\/autocapacitacion\/\" target=\"_blank\" rel=\"noopener noreferrer\" class=\"banner-container\">\n  <div class=\"banner-left\">\n    <img decoding=\"async\" src=\"https:\/\/www.ssaver.gob.mx\/ccs\/wp-content\/uploads\/sites\/35\/2025\/11\/autocapacitacion.png\" class=\"base\" alt=\"Bot\u00f3n para abrir sitio Autocapacitaci\u00f3n\">\n    <img decoding=\"async\" src=\"https:\/\/www.ssaver.gob.mx\/ccs\/wp-content\/uploads\/sites\/35\/2025\/11\/autocapacitacion-2.png\" class=\"hover\" alt=\"\">\n  <\/div>\n  <div class=\"banner-right\">\n    <span style=\"font-size: 12px;font-weight: bold\">AUTOCAPACITACI\u00d3N<\/span>\n  <\/div>\n<\/a>\n<\/div>\n\n\n\n<div class=\"wp-block-column is-layout-flow wp-block-column-is-layout-flow\">\n<a href=\"https:\/\/www.ssaver.gob.mx\/ccs\/prem-nac\/\" target=\"_blank\" rel=\"noopener noreferrer\" class=\"banner-container\">\n  <div class=\"banner-left\">\n    <img decoding=\"async\" src=\"https:\/\/www.ssaver.gob.mx\/ccs\/wp-content\/uploads\/sites\/35\/2025\/11\/premios_reconocimientos.png\" class=\"base\" alt=\"Bot\u00f3n para abrir sitio Premios y Reconocimientos Nacionales\">\n    <img decoding=\"async\" src=\"https:\/\/www.ssaver.gob.mx\/ccs\/wp-content\/uploads\/sites\/35\/2025\/11\/premios_reconocimientos_2.png\" class=\"hover\" alt=\"\">\n  <\/div>\n  <div class=\"banner-right\">\n    <span style=\"font-size: 12px;font-weight: bold\">PREMIO Y RECONOCIMIENTOS NACIONALES<\/span>\n  <\/div>\n<\/a>\n<\/div>\n<\/div>\n\n\n\n<div class=\"wp-block-columns is-layout-flex wp-container-core-columns-is-layout-28f84493 wp-block-columns-is-layout-flex\">\n<div class=\"wp-block-column is-layout-flow wp-block-column-is-layout-flow\" style=\"flex-basis:15%\"><\/div>\n\n\n\n<div class=\"wp-block-column is-layout-flow wp-block-column-is-layout-flow\">\n<a href=\"https:\/\/www.ssaver.gob.mx\/ccs\/capacitacion\/\" target=\"_blank\" rel=\"noopener noreferrer\" class=\"banner-container\">\n  <div class=\"banner-left\">\n    <img decoding=\"async\" src=\"https:\/\/www.ssaver.gob.mx\/ccs\/wp-content\/uploads\/sites\/35\/2025\/11\/capacitacion.png\" class=\"base\" alt=\"Bot\u00f3n para abrir sitio Capacitaci\u00f3n\">\n    <img decoding=\"async\" src=\"https:\/\/www.ssaver.gob.mx\/ccs\/wp-content\/uploads\/sites\/35\/2025\/11\/capacitacion_2.png\" class=\"hover\" alt=\"\">\n  <\/div>\n  <div class=\"banner-right\">\n    <span style=\"font-size: 12px;font-weight: bold\">CAPACITACI\u00d3N<\/span>\n  <\/div>\n<\/a>\n<\/div>\n\n\n\n<div class=\"wp-block-column is-vertically-aligned-center is-layout-flow wp-block-column-is-layout-flow\">\n<a href=\"https:\/\/www.ssaver.gob.mx\/ccs\/funciones-de-gestores-de-calidad-en-salud\/\" target=\"_blank\" rel=\"noopener noreferrer\" class=\"banner-container\">\n  <div class=\"banner-left\">\n    <img decoding=\"async\" src=\"https:\/\/www.ssaver.gob.mx\/ccs\/wp-content\/uploads\/sites\/35\/2025\/11\/funcion_gestor_calidad.png\" class=\"base\" alt=\"Bot\u00f3n para abrir sitio Funciones de Gestores de Calidad\">\n    <img decoding=\"async\" src=\"https:\/\/www.ssaver.gob.mx\/ccs\/wp-content\/uploads\/sites\/35\/2025\/11\/funcion_gestor-calidad_2.png\" class=\"hover\" alt=\"\">\n  <\/div>\n  <div class=\"banner-right\">\n    <span style=\"font-size: 12px;font-weight: bold\">FUNCIONES DE GESTORES (AS) DE CALIDAD <\/span>\n  <\/div>\n<\/a>\n<\/div>\n\n\n\n<div class=\"wp-block-column is-layout-flow wp-block-column-is-layout-flow\" style=\"flex-basis:15%\"><\/div>\n<\/div>\n<\/div>\n\n\n\n<div class=\"wp-block-column is-vertically-aligned-center is-layout-flow wp-block-column-is-layout-flow\" style=\"flex-basis:15%\"><\/div>\n<\/div>\n<\/div><\/div>\n\n\n\n<div class=\"wp-block-cover aligncenter is-light\" style=\"margin-top:0;margin-bottom:0;padding-top:0;padding-bottom:0;min-height:250px;aspect-ratio:unset;\"><img decoding=\"async\" class=\"wp-block-cover__image-background wp-image-3404 size-full\" alt=\"\" src=\"https:\/\/www.ssaver.gob.mx\/funcionario\/wp-content\/uploads\/sites\/3\/2025\/07\/Textura-varias_page-0003-1.jpg\" data-object-fit=\"cover\"\/><span aria-hidden=\"true\" class=\"wp-block-cover__background has-background-dim\" style=\"background-color:#f4f4ef\"><\/span><div class=\"wp-block-cover__inner-container is-layout-flow wp-block-cover-is-layout-flow\">\n<div class=\"wp-block-columns are-vertically-aligned-center is-layout-flex wp-container-core-columns-is-layout-81213e5a wp-block-columns-is-layout-flex\" style=\"margin-top:0;margin-bottom:0\">\n<div class=\"wp-block-column is-vertically-aligned-center is-layout-flow wp-block-column-is-layout-flow\" style=\"flex-basis:15%\"><\/div>\n\n\n\n<div class=\"wp-block-column is-vertically-aligned-center is-layout-flow wp-block-column-is-layout-flow\" style=\"flex-basis:70%\">\n<hr class=\"wp-block-separator aligncenter has-text-color has-alpha-channel-opacity has-background is-style-wide\" style=\"margin-top:0;margin-bottom:0;background-color:#dac195;color:#dac195\"\/>\n\n\n\n<p class=\"has-text-align-center has-text-color has-link-color has-large-font-size wp-elements-61936b7290b390ca1f0983763c04b9cd\" style=\"color:#7a1737;margin-top:0;margin-bottom:0\"><strong>ORGANISMOS P\u00daBLICOS DESCONCENTRADOS<\/strong><\/p>\n\n\n\n<hr class=\"wp-block-separator aligncenter has-text-color has-alpha-channel-opacity has-background is-style-wide\" style=\"margin-top:0;margin-bottom:0;background-color:#dac195;color:#dac195\"\/>\n\n\n\n<div class=\"wp-block-columns is-layout-flex wp-container-core-columns-is-layout-28f84493 wp-block-columns-is-layout-flex\">\n<div class=\"wp-block-column has-small-font-size is-layout-flow wp-block-column-is-layout-flow\" style=\"flex-basis:100%\">\n<div class=\"wp-block-columns is-layout-flex wp-container-core-columns-is-layout-28f84493 wp-block-columns-is-layout-flex\">\n<div class=\"wp-block-column is-layout-flow wp-block-column-is-layout-flow\" style=\"flex-basis:30%\">\n<div class=\"wp-block-buttons is-layout-flex wp-block-buttons-is-layout-flex\">\n<div class=\"wp-block-button has-custom-width wp-block-button__width-100\"><a class=\"wp-block-button__link has-background wp-element-button\" href=\"https:\/\/www.ssaver.gob.mx\/ccs\/codigos-de-etica-para-profesionales-de-la-salud\/\" style=\"border-radius:16px;background-color:#7a1737\">C\u00d3DIGOS<br> DE \u00c9TICA<\/a><\/div>\n<\/div>\n<\/div>\n\n\n\n<div class=\"wp-block-column is-layout-flow wp-block-column-is-layout-flow\" style=\"flex-basis:40%\">\n<div class=\"wp-block-buttons is-layout-flex wp-block-buttons-is-layout-flex\">\n<div class=\"wp-block-button has-custom-width wp-block-button__width-100\"><a class=\"wp-block-button__link has-background wp-element-button\" href=\"https:\/\/www.ssaver.gob.mx\/ccs\/programa-de-estimulos-a-la-calidad-deldesempeno-del-personal-de-salud\/\" style=\"border-radius:16px;background-color:#7a1737\">PROGRAMA DE EST\u00cdMULOS A LA CALIDAD DEL DESEMPE\u00d1O DEL PERSONAL DE SALUD<\/a><\/div>\n<\/div>\n<\/div>\n\n\n\n<div class=\"wp-block-column is-layout-flow wp-block-column-is-layout-flow\" style=\"flex-basis:30%\">\n<div class=\"wp-block-buttons is-layout-flex wp-block-buttons-is-layout-flex\">\n<div class=\"wp-block-button has-custom-width wp-block-button__width-100\"><a class=\"wp-block-button__link has-background wp-element-button\" href=\"https:\/\/www.ssaver.gob.mx\/ccs\/modelo-de-gestion-de-la-calidad\/\" style=\"border-radius:16px;background-color:#7a1737\">MODELO DE GESTI\u00d3N DE CALIDAD EN SALUD (MGCS)<\/a><\/div>\n<\/div>\n<\/div>\n<\/div>\n\n\n\n<div class=\"wp-block-columns is-layout-flex wp-container-core-columns-is-layout-28f84493 wp-block-columns-is-layout-flex\">\n<div class=\"wp-block-column is-layout-flow wp-block-column-is-layout-flow\" style=\"flex-basis:50%\">\n<div class=\"wp-block-buttons is-layout-flex wp-block-buttons-is-layout-flex\">\n<div class=\"wp-block-button has-custom-width wp-block-button__width-100\"><a class=\"wp-block-button__link has-background wp-element-button\" href=\"https:\/\/www.ssaver.gob.mx\/ccs\/revista-digital-calidad-en-accion\/\" style=\"border-radius:16px;background-color:#7a1737\">REVISTA DIGITAL <br>CALIDAD EN ACCI\u00d3N<\/a><\/div>\n<\/div>\n<\/div>\n\n\n\n<div class=\"wp-block-column is-layout-flow wp-block-column-is-layout-flow\" style=\"flex-basis:50%\">\n<div class=\"wp-block-buttons is-layout-flex wp-block-buttons-is-layout-flex\">\n<div class=\"wp-block-button has-custom-width wp-block-button__width-100\"><a class=\"wp-block-button__link has-background wp-element-button\" href=\"https:\/\/www.ssaver.gob.mx\/ccs\/codigos-de-etica-para-profesionales-de-la-salud\/\" style=\"border-radius:16px;background-color:#7a1737\">REPOSITORIO <br>DE CALIDAD EN SALUD<\/a><\/div>\n<\/div>\n<\/div>\n<\/div>\n<\/div>\n<\/div>\n<\/div>\n\n\n\n<div class=\"wp-block-column is-vertically-aligned-center is-layout-flow wp-block-column-is-layout-flow\" style=\"flex-basis:15%\"><\/div>\n<\/div>\n<\/div><\/div>\n\n\n\n<p><\/p>\n","protected":false},"excerpt":{"rendered":"","protected":false},"author":2,"featured_media":0,"parent":0,"menu_order":0,"comment_status":"closed","ping_status":"closed","template":"","meta":{"colormag_page_container_layout":"default_layout","colormag_page_sidebar_layout":"default_layout","footnotes":""},"class_list":["post-102","page","type-page","status-publish","hentry"],"_links":{"self":[{"href":"https:\/\/www.ssaver.gob.mx\/ccs\/wp-json\/wp\/v2\/pages\/102","targetHints":{"allow":["GET"]}}],"collection":[{"href":"https:\/\/www.ssaver.gob.mx\/ccs\/wp-json\/wp\/v2\/pages"}],"about":[{"href":"https:\/\/www.ssaver.gob.mx\/ccs\/wp-json\/wp\/v2\/types\/page"}],"author":[{"embeddable":true,"href":"https:\/\/www.ssaver.gob.mx\/ccs\/wp-json\/wp\/v2\/users\/2"}],"replies":[{"embeddable":true,"href":"https:\/\/www.ssaver.gob.mx\/ccs\/wp-json\/wp\/v2\/comments?post=102"}],"version-history":[{"count":364,"href":"https:\/\/www.ssaver.gob.mx\/ccs\/wp-json\/wp\/v2\/pages\/102\/revisions"}],"predecessor-version":[{"id":5238,"href":"https:\/\/www.ssaver.gob.mx\/ccs\/wp-json\/wp\/v2\/pages\/102\/revisions\/5238"}],"wp:attachment":[{"href":"https:\/\/www.ssaver.gob.mx\/ccs\/wp-json\/wp\/v2\/media?parent=102"}],"curies":[{"name":"wp","href":"https:\/\/api.w.org\/{rel}","templated":true}]}}