{"id":1103,"date":"2023-03-15T18:01:52","date_gmt":"2023-03-16T00:01:52","guid":{"rendered":"https:\/\/www.ssaver.gob.mx\/ccs\/?page_id=1103"},"modified":"2026-03-23T11:32:34","modified_gmt":"2026-03-23T17:32:34","slug":"mecic","status":"publish","type":"page","link":"https:\/\/www.ssaver.gob.mx\/ccs\/autocapacitacion\/mecic\/","title":{"rendered":"USO DEL MODELO DEL EXPEDIENTE CL\u00cdNICO INTEGRADO Y DE CALIDAD (MECIC)"},"content":{"rendered":"\n<hr class=\"wp-block-separator has-text-color has-alpha-channel-opacity has-background is-style-wide\" style=\"background-color:#d8bf31;color:#d8bf31\" \/>\n\n\n\n<div class=\"wp-block-group is-layout-constrained wp-container-core-group-is-layout-9517baca wp-block-group-is-layout-constrained\">\n<p class=\"has-text-align-center has-white-color has-colormag-color-6-background-color has-text-color has-background\" style=\"margin-top:0;margin-bottom:0;font-size:22px\"><strong>PASO 1:<\/strong> <strong>EVALUACI\u00d3N PREVIA<\/strong> <\/p>\n\n\n\n<div class=\"wp-block-columns has-colormag-color-4-background-color has-background is-layout-flex wp-container-core-columns-is-layout-1ec2ec05 wp-block-columns-is-layout-flex\" style=\"margin-top:0;margin-bottom:0;padding-top:0;padding-right:0;padding-bottom:0;padding-left:0\">\n<div class=\"wp-block-column is-layout-flow wp-block-column-is-layout-flow\" style=\"padding-top:0;padding-right:0;padding-bottom:0;padding-left:0\">\n<ul class=\"wp-block-list\">\n<li><strong><a href=\"https:\/\/forms.gle\/bNfzzDM8WR3rjtUA7\" target=\"_blank\" rel=\"noreferrer noopener\">ENLACE A EVALUACI\u00d3N PREVIA<\/a><\/strong><\/li>\n<\/ul>\n<\/div>\n<\/div>\n\n\n\n<p class=\"has-text-align-center has-white-color has-colormag-color-6-background-color has-text-color has-background\" style=\"margin-top:0;margin-bottom:0;font-size:22px\"><strong>PASO 2:<\/strong> <strong>AUTOCAPACITACI\u00d3N<\/strong> <strong>Y EVALUACI\u00d3N POSTERIOR<\/strong><\/p>\n\n\n\n<div class=\"wp-block-columns has-colormag-color-4-background-color has-background is-layout-flex wp-container-core-columns-is-layout-1ec2ec05 wp-block-columns-is-layout-flex\" style=\"margin-top:0;margin-bottom:0;padding-top:0;padding-right:0;padding-bottom:0;padding-left:0\">\n<div class=\"wp-block-column is-layout-flow wp-block-column-is-layout-flow\">\n<ul class=\"wp-block-list\">\n<li><strong><a rel=\"noreferrer noopener\" href=\"https:\/\/forms.gle\/Dn3uGoXH2QLZXXGe9\" target=\"_blank\">ENLACE A AUTOCAPACITACI\u00d3N<\/a><\/strong><\/li>\n<\/ul>\n<\/div>\n<\/div>\n<\/div>\n","protected":false},"excerpt":{"rendered":"<p>PASO 1: EVALUACI\u00d3N PREVIA PASO 2: AUTOCAPACITACI\u00d3N Y EVALUACI\u00d3N POSTERIOR<\/p>\n","protected":false},"author":40,"featured_media":0,"parent":967,"menu_order":0,"comment_status":"closed","ping_status":"closed","template":"","meta":{"colormag_page_container_layout":"default_layout","colormag_page_sidebar_layout":"default_layout","footnotes":""},"class_list":["post-1103","page","type-page","status-publish","hentry"],"_links":{"self":[{"href":"https:\/\/www.ssaver.gob.mx\/ccs\/wp-json\/wp\/v2\/pages\/1103","targetHints":{"allow":["GET"]}}],"collection":[{"href":"https:\/\/www.ssaver.gob.mx\/ccs\/wp-json\/wp\/v2\/pages"}],"about":[{"href":"https:\/\/www.ssaver.gob.mx\/ccs\/wp-json\/wp\/v2\/types\/page"}],"author":[{"embeddable":true,"href":"https:\/\/www.ssaver.gob.mx\/ccs\/wp-json\/wp\/v2\/users\/40"}],"replies":[{"embeddable":true,"href":"https:\/\/www.ssaver.gob.mx\/ccs\/wp-json\/wp\/v2\/comments?post=1103"}],"version-history":[{"count":4,"href":"https:\/\/www.ssaver.gob.mx\/ccs\/wp-json\/wp\/v2\/pages\/1103\/revisions"}],"predecessor-version":[{"id":5343,"href":"https:\/\/www.ssaver.gob.mx\/ccs\/wp-json\/wp\/v2\/pages\/1103\/revisions\/5343"}],"up":[{"embeddable":true,"href":"https:\/\/www.ssaver.gob.mx\/ccs\/wp-json\/wp\/v2\/pages\/967"}],"wp:attachment":[{"href":"https:\/\/www.ssaver.gob.mx\/ccs\/wp-json\/wp\/v2\/media?parent=1103"}],"curies":[{"name":"wp","href":"https:\/\/api.w.org\/{rel}","templated":true}]}}