{"id":549,"date":"2022-10-11T19:09:03","date_gmt":"2022-10-12T00:09:03","guid":{"rendered":"https:\/\/www.ssaver.gob.mx\/ccs\/?page_id=549"},"modified":"2026-03-23T09:45:33","modified_gmt":"2026-03-23T15:45:33","slug":"guias-de-practica-clinica","status":"publish","type":"page","link":"https:\/\/www.ssaver.gob.mx\/ccs\/guias-de-practica-clinica\/","title":{"rendered":"GU\u00cdAS DE PR\u00c1CTICA CL\u00cdNICA"},"content":{"rendered":"\n<div class=\"wp-block-group is-layout-constrained wp-container-core-group-is-layout-9517baca wp-block-group-is-layout-constrained\">\n<div class=\"wp-block-columns is-layout-flex wp-container-core-columns-is-layout-9c22b1e3 wp-block-columns-is-layout-flex\">\n<div class=\"wp-block-column is-vertically-aligned-stretch is-layout-flow wp-container-core-column-is-layout-c43c6636 wp-block-column-is-layout-flow\" style=\"padding-right:0;padding-left:0;flex-basis:100%\">\n<div class=\"wp-block-cover wp-elements-043bf94166dd10f5283b80197e2b34de has-aspect-ratio\" style=\"margin-top:0;margin-bottom:0;padding-top:0;padding-right:0;padding-bottom:0;padding-left:0;aspect-ratio:auto;min-height:unset;\"><img decoding=\"async\" class=\"wp-block-cover__image-background wp-image-5220 size-full\" alt=\"\" src=\"https:\/\/www.ssaver.gob.mx\/tecnologias\/wp-content\/uploads\/sites\/14\/2025\/09\/textura_areas_TI-scaled.png\" style=\"object-position:15% 27%\" data-object-fit=\"cover\" data-object-position=\"15% 27%\" \/><span aria-hidden=\"true\" class=\"wp-block-cover__background has-background-dim-100 has-background-dim\" style=\"background-color:#720f37\"><\/span><div class=\"wp-block-cover__inner-container is-layout-constrained wp-container-core-cover-is-layout-72190d31 wp-block-cover-is-layout-constrained\">\n<p class=\"has-text-align-center\" style=\"font-size:28px\"><strong>Gu\u00edas de Pr\u00e1ctica Cl\u00ednica<\/strong><\/p>\n<\/div><\/div>\n<\/div>\n<\/div>\n\n\n\n<div class=\"wp-block-columns is-layout-flex wp-container-core-columns-is-layout-b2864ded wp-block-columns-is-layout-flex\" style=\"margin-top:0;margin-bottom:0;padding-top:0;padding-bottom:0\">\n<div class=\"wp-block-column is-vertically-aligned-center has-background is-layout-flow wp-block-column-is-layout-flow\" style=\"background:linear-gradient(180deg,rgb(233,231,225) 32%,rgba(232,230,225,0) 100%);padding-top:var(--wp--preset--spacing--40);padding-right:var(--wp--preset--spacing--70);padding-bottom:var(--wp--preset--spacing--40);padding-left:var(--wp--preset--spacing--70);flex-basis:100%\">\n<p class=\"has-text-align-center has-white-color has-colormag-color-6-background-color has-text-color has-background\" style=\"font-size:22px\"><strong>NORMATIVIDAD Y DOCUMENTOS<\/strong><\/p>\n\n\n\n<ul style=\"color:#5b4c0d;background-color:#fff4e0;font-size:22px\" class=\"wp-block-list has-text-color has-background\">\n<li><a rel=\"noreferrer noopener\" href=\"https:\/\/desdgces.salud.gob.mx\/mecic\/multimedia\/docs\/plan_estrategico_gpc_V2019.pdf\" target=\"_blank\"><strong>Plan GPC Algoritmos<\/strong><\/a><\/li>\n\n\n\n<li><strong><a rel=\"noreferrer noopener\" href=\"https:\/\/desdgces.salud.gob.mx\/mecic\/multimedia\/docs\/algoritmo_cancer_mama_2019.pdf\" target=\"_blank\">Algoritmo C\u00e1ncer Mama 2019<\/a><\/strong><\/li>\n\n\n\n<li><strong><a rel=\"noreferrer noopener\" href=\"https:\/\/desdgces.salud.gob.mx\/mecic\/multimedia\/docs\/algoritmo_cancer_utero_2019.pdf\" target=\"_blank\">Algoritmo C\u00e1ncer \u00datero 2019<\/a><\/strong><\/li>\n\n\n\n<li><strong><a rel=\"noreferrer noopener\" href=\"https:\/\/desdgces.salud.gob.mx\/mecic\/multimedia\/docs\/algoritmo_depresion_2019.pdf\" target=\"_blank\">Algoritmo Depresi\u00f3n 2019<\/a><\/strong><\/li>\n\n\n\n<li><strong><a rel=\"noreferrer noopener\" href=\"https:\/\/desdgces.salud.gob.mx\/mecic\/multimedia\/docs\/algoritmo_diabetes_mellitus_tipo2_2019.pdf\" target=\"_blank\">Algoritmo Diabetes Mellitus Tipo2 2019<\/a><\/strong><\/li>\n\n\n\n<li><strong><a rel=\"noreferrer noopener\" href=\"https:\/\/desdgces.salud.gob.mx\/mecic\/multimedia\/docs\/algoritmo_embarazo_2019.pdf\" target=\"_blank\">Algoritmo Embarazo 2019<\/a><\/strong><\/li>\n\n\n\n<li><strong><a rel=\"noreferrer noopener\" href=\"https:\/\/desdgces.salud.gob.mx\/mecic\/multimedia\/docs\/algoritmo_hipertension_2019.pdf\" target=\"_blank\">Algoritmo Hipertensi\u00f3n 2019<\/a><\/strong><\/li>\n\n\n\n<li><strong><a rel=\"noreferrer noopener\" href=\"https:\/\/desdgces.salud.gob.mx\/mecic\/multimedia\/docs\/algoritmo_infarto_2019.pdf\" target=\"_blank\">Algoritmo Infarto 2019<\/a><\/strong><\/li>\n\n\n\n<li><strong><a rel=\"noreferrer noopener\" href=\"https:\/\/desdgces.salud.gob.mx\/mecic\/multimedia\/docs\/algoritmo_leucemia_2019.pdf\" target=\"_blank\">Algoritmo Leucemia 2019<\/a><\/strong><\/li>\n\n\n\n<li><strong><a rel=\"noreferrer noopener\" href=\"https:\/\/desdgces.salud.gob.mx\/mecic\/multimedia\/docs\/algoritmo_sobrepeso_adolescentes_2019.pdf\" target=\"_blank\">Algoritmo Sobrepeso Adolescentes 2019<\/a><\/strong><\/li>\n\n\n\n<li><strong><a rel=\"noreferrer noopener\" href=\"https:\/\/desdgces.salud.gob.mx\/mecic\/multimedia\/docs\/algoritmo_sobrepeso_adultos_2019.pdf\" target=\"_blank\">Algoritmo Sobrepeso Adultos 2019<\/a><\/strong><\/li>\n\n\n\n<li><strong><a rel=\"noreferrer noopener\" href=\"https:\/\/desdgces.salud.gob.mx\/mecic\/multimedia\/docs\/algoritmo_sobrepeso_menores2_2019.pdf\" target=\"_blank\">Algoritmo Sobrepeso Menores2 2019<\/a><\/strong><\/li>\n\n\n\n<li><strong><a rel=\"noreferrer noopener\" href=\"https:\/\/desdgces.salud.gob.mx\/mecic\/multimedia\/docs\/algoritmo_version_completa_2019_vf.pdf\" target=\"_blank\">Algoritmo Versi\u00f3n Completa 2019 Vf<\/a><\/strong><\/li>\n<\/ul>\n\n\n\n<p class=\"has-text-align-center has-white-color has-colormag-color-6-background-color has-text-color has-background\" style=\"font-size:22px\"><strong>INFORMACI\u00d3N IMPORTANTE<\/strong><\/p>\n\n\n\n<ul style=\"color:#5b4c0d;background-color:#fff4e0;font-size:22px\" class=\"wp-block-list has-text-color has-background\">\n<li><strong><a href=\"https:\/\/drive.google.com\/drive\/folders\/1pw8CMkDZMKdP5Y4JFFuu-KvJnzdgJ-Ny?usp=share_link\" target=\"_blank\" rel=\"noreferrer noopener\">F1, F2 Y F3 HOSPITALES<\/a><\/strong><\/li>\n\n\n\n<li><strong><a href=\"https:\/\/drive.google.com\/drive\/folders\/1U4cd4OLx4rYywHcWWQPs7r33DI6qtAaF?usp=share_link\" target=\"_blank\" rel=\"noreferrer noopener\">F1, F2 Y F3 JURISDICCI\u00d3N SANITARIA No. I &#8211; P\u00c1NUCO<\/a><\/strong><\/li>\n\n\n\n<li><strong><a href=\"https:\/\/drive.google.com\/drive\/folders\/1uVduldK03AOGHfJA1UB7MYMB822f1L66?usp=sharing\" data-type=\"link\" data-id=\"https:\/\/drive.google.com\/drive\/folders\/1uVduldK03AOGHfJA1UB7MYMB822f1L66?usp=sharing\">F1, F2 Y F3 JURISDICCI\u00d3N SANITARIA No. II &#8211; TUXPAN<\/a><\/strong><\/li>\n\n\n\n<li><strong><a href=\"https:\/\/drive.google.com\/drive\/folders\/1DTaTzHb_qO6RDQgGDW50JV0m2DFow4t5?usp=share_link\" target=\"_blank\" rel=\"noreferrer noopener\">F1, F2 Y F3 JURISDICCI\u00d3N SANITARIA No. III &#8211; POZA RICA<\/a><\/strong><\/li>\n\n\n\n<li><strong><a href=\"https:\/\/drive.google.com\/drive\/folders\/1AliSGlS9rVcjmRJuQm4zcHCiUYY0vRKV?usp=share_link\" target=\"_blank\" rel=\"noreferrer noopener\">F1, F2 Y F3 JURISDICCI\u00d3N SANITARIA No. IV &#8211; MART\u00cdNEZ DE LA TORRE<\/a><\/strong><\/li>\n\n\n\n<li><strong><a href=\"https:\/\/drive.google.com\/drive\/folders\/1Xx583Fr_LtYqTWn0ou_Q-rVXUuyIH5ij?usp=share_link\" target=\"_blank\" rel=\"noreferrer noopener\">F1, F2 Y F3 JURISDICCI\u00d3N SANITARIA No. V &#8211; XALAPA<\/a><\/strong><\/li>\n\n\n\n<li><strong><a href=\"https:\/\/drive.google.com\/drive\/folders\/1dLQgKxlzc_nzrQwAFT9QK02Nw5hcReD9?usp=share_link\" target=\"_blank\" rel=\"noreferrer noopener\">F1, F2 Y F3 JURISDICCI\u00d3N SANITARIA No. VI \u2013 C\u00d3RDOBA<\/a><\/strong><\/li>\n\n\n\n<li><strong><a href=\"https:\/\/drive.google.com\/drive\/folders\/10Zw-alrPfXFiwO5guNbQaPD3VxRqMRVb?usp=drive_link\" data-type=\"link\" data-id=\"https:\/\/drive.google.com\/drive\/folders\/10Zw-alrPfXFiwO5guNbQaPD3VxRqMRVb?usp=drive_link\">F1, F2 Y F3 JURISDICCI\u00d3N SANITARIA No. VII &#8211; ORIZABA<\/a><\/strong><\/li>\n\n\n\n<li><strong><a href=\"https:\/\/drive.google.com\/drive\/folders\/18bzRqqamu30H-lftjpIf3is_h3I5HrhZ?usp=share_link\" target=\"_blank\" rel=\"noreferrer noopener\">F1, F2 Y F3 JURISDICCI\u00d3N SANITARIA No. VIII &#8211; VERACRUZ<\/a><\/strong><\/li>\n\n\n\n<li><strong><a href=\"https:\/\/drive.google.com\/drive\/folders\/1AiakngWbMkSEoiz93YJL5LkIwzq28rsm?usp=share_link\" target=\"_blank\" rel=\"noreferrer noopener\">F1, F2 Y F3 JURISDICCI\u00d3N SANITARIA No. IX &#8211; COSAMALOAPAN<\/a><\/strong><\/li>\n\n\n\n<li><strong><a href=\"https:\/\/drive.google.com\/drive\/folders\/1qEO7m-xi2I2hSjv9Cly06vI_BToNG_Q8?usp=share_link\">F1, F2 Y F3 JURISDICCI\u00d3N SANITARIA No. X &#8211; SAN ANDR\u00c9S TUXTLA<\/a><\/strong><\/li>\n\n\n\n<li><strong><a href=\"https:\/\/drive.google.com\/drive\/folders\/1MAbvYROCkv-YCF1JY8yVYWS5LtCqLaAo?usp=share_link\" target=\"_blank\" rel=\"noreferrer noopener\">F1, F2 Y F3 JURISDICCI\u00d3N SANITARIA No. XI \u2013 COATZACOALCOS<\/a><\/strong><\/li>\n<\/ul>\n\n\n\n<p class=\"has-text-align-center has-white-color has-colormag-color-6-background-color has-text-color has-background\" style=\"font-size:22px\"><strong>CAPACITACI\u00d3N CONTINUA<\/strong><\/p>\n\n\n\n<ul style=\"color:#5b4c0d;background-color:#fff4e0;font-size:22px\" class=\"wp-block-list has-text-color has-background\">\n<li><strong><a href=\"https:\/\/www.ssaver.gob.mx\/ccs\/wp-content\/uploads\/sites\/35\/2023\/04\/Formato-para-el-registro-de-educacion-continua.docx\" target=\"_blank\" rel=\"noreferrer noopener\">FORMATO PARA EL REGISTRO DE EDUCACI\u00d3N CONTINUA<\/a><\/strong><\/li>\n\n\n\n<li><strong><a href=\"https:\/\/www.ssaver.gob.mx\/ccs\/wp-content\/uploads\/sites\/35\/2023\/04\/nuevo-formato-lista-de-asistencia-gpc.pdf\" target=\"_blank\" rel=\"noreferrer noopener\">NUEVO FORMATO LISTA DE ASISTENCIA GPC<\/a><\/strong><\/li>\n<\/ul>\n<\/div>\n<\/div>\n<\/div>\n","protected":false},"excerpt":{"rendered":"<p>NORMATIVIDAD Y DOCUMENTOS INFORMACI\u00d3N IMPORTANTE CAPACITACI\u00d3N CONTINUA<\/p>\n","protected":false},"author":5,"featured_media":0,"parent":0,"menu_order":0,"comment_status":"closed","ping_status":"closed","template":"","meta":{"colormag_page_container_layout":"default_layout","colormag_page_sidebar_layout":"default_layout","footnotes":""},"class_list":["post-549","page","type-page","status-publish","hentry"],"_links":{"self":[{"href":"https:\/\/www.ssaver.gob.mx\/ccs\/wp-json\/wp\/v2\/pages\/549","targetHints":{"allow":["GET"]}}],"collection":[{"href":"https:\/\/www.ssaver.gob.mx\/ccs\/wp-json\/wp\/v2\/pages"}],"about":[{"href":"https:\/\/www.ssaver.gob.mx\/ccs\/wp-json\/wp\/v2\/types\/page"}],"author":[{"embeddable":true,"href":"https:\/\/www.ssaver.gob.mx\/ccs\/wp-json\/wp\/v2\/users\/5"}],"replies":[{"embeddable":true,"href":"https:\/\/www.ssaver.gob.mx\/ccs\/wp-json\/wp\/v2\/comments?post=549"}],"version-history":[{"count":13,"href":"https:\/\/www.ssaver.gob.mx\/ccs\/wp-json\/wp\/v2\/pages\/549\/revisions"}],"predecessor-version":[{"id":5291,"href":"https:\/\/www.ssaver.gob.mx\/ccs\/wp-json\/wp\/v2\/pages\/549\/revisions\/5291"}],"wp:attachment":[{"href":"https:\/\/www.ssaver.gob.mx\/ccs\/wp-json\/wp\/v2\/media?parent=549"}],"curies":[{"name":"wp","href":"https:\/\/api.w.org\/{rel}","templated":true}]}}