{"id":565,"date":"2022-10-11T19:17:28","date_gmt":"2022-10-12T00:17:28","guid":{"rendered":"https:\/\/www.ssaver.gob.mx\/ccs\/?page_id=565"},"modified":"2026-03-23T09:51:33","modified_gmt":"2026-03-23T15:51:33","slug":"seguridad-del-paciente","status":"publish","type":"page","link":"https:\/\/www.ssaver.gob.mx\/ccs\/seguridad-del-paciente\/","title":{"rendered":"SEGURIDAD DEL PACIENTE"},"content":{"rendered":"\n<div class=\"wp-block-group is-layout-constrained wp-container-core-group-is-layout-9517baca wp-block-group-is-layout-constrained\">\n<div class=\"wp-block-columns is-layout-flex wp-container-core-columns-is-layout-9c22b1e3 wp-block-columns-is-layout-flex\">\n<div class=\"wp-block-column is-vertically-aligned-stretch is-layout-flow wp-container-core-column-is-layout-c43c6636 wp-block-column-is-layout-flow\" style=\"padding-right:0;padding-left:0;flex-basis:100%\">\n<div class=\"wp-block-cover wp-elements-5f9e6e35b791d0d17b5884088c555c2d has-aspect-ratio\" style=\"margin-top:0;margin-bottom:0;padding-top:0;padding-right:0;padding-bottom:0;padding-left:0;aspect-ratio:auto;min-height:unset;\"><img decoding=\"async\" class=\"wp-block-cover__image-background wp-image-5220 size-full\" alt=\"\" src=\"https:\/\/www.ssaver.gob.mx\/tecnologias\/wp-content\/uploads\/sites\/14\/2025\/09\/textura_areas_TI-scaled.png\" style=\"object-position:15% 27%\" data-object-fit=\"cover\" data-object-position=\"15% 27%\" \/><span aria-hidden=\"true\" class=\"wp-block-cover__background has-background-dim-100 has-background-dim\" style=\"background-color:#720f37\"><\/span><div class=\"wp-block-cover__inner-container is-layout-constrained wp-container-core-cover-is-layout-72190d31 wp-block-cover-is-layout-constrained\">\n<p class=\"has-text-align-center\" style=\"font-size:28px\"><strong>Carteles<\/strong><\/p>\n<\/div><\/div>\n<\/div>\n<\/div>\n\n\n\n<div class=\"wp-block-columns is-layout-flex wp-container-core-columns-is-layout-b2864ded wp-block-columns-is-layout-flex\" style=\"margin-top:0;margin-bottom:0;padding-top:0;padding-bottom:0\">\n<div class=\"wp-block-column is-vertically-aligned-center has-background is-layout-flow wp-block-column-is-layout-flow\" style=\"background:linear-gradient(180deg,rgb(233,231,225) 32%,rgba(232,230,225,0) 100%);padding-top:var(--wp--preset--spacing--40);padding-right:var(--wp--preset--spacing--70);padding-bottom:var(--wp--preset--spacing--40);padding-left:var(--wp--preset--spacing--70);flex-basis:100%\">\n<ul class=\"wp-block-list\">\n<li class=\"has-text-color has-link-color has-medium-font-size wp-elements-2935d037cbe802ae0483d1bdbb4d48e1\" style=\"color:#b28854\"><strong>AESP Carteles Establecimientos de Atenci\u00f3n M\u00e9dica<\/strong>\n<ul class=\"wp-block-list\">\n<li><strong><a href=\"https:\/\/www.ssaver.gob.mx\/ccs\/wp-content\/uploads\/sites\/35\/2025\/04\/CAMBIOS_AESP2025-1.pdf\">AESP No. 1.<\/a><\/strong><\/li>\n\n\n\n<li><strong><a href=\"https:\/\/www.ssaver.gob.mx\/ccs\/wp-content\/uploads\/sites\/35\/2025\/04\/CAMBIOS_AESP2025-2.pdf\">AESP No. 2.<\/a><\/strong><\/li>\n\n\n\n<li><strong><a href=\"https:\/\/www.ssaver.gob.mx\/ccs\/wp-content\/uploads\/sites\/35\/2025\/04\/CAMBIOS_AESP2025-3.pdf\">AESP No. 3.<\/a><\/strong><\/li>\n\n\n\n<li><strong>A<\/strong><a href=\"https:\/\/www.ssaver.gob.mx\/ccs\/wp-content\/uploads\/sites\/35\/2025\/04\/CAMBIOS_AESP2025-4.pdf\"><strong>ESP No. 4<\/strong>.<\/a><\/li>\n\n\n\n<li><a href=\"https:\/\/www.ssaver.gob.mx\/ccs\/wp-content\/uploads\/sites\/35\/2025\/04\/CAMBIOS_AESP2025-5.pdf\"><strong>AESP No. 5<\/strong>.<\/a><\/li>\n\n\n\n<li><a href=\"https:\/\/www.ssaver.gob.mx\/ccs\/wp-content\/uploads\/sites\/35\/2025\/04\/CAMBIOS_AESP2025-6.pdf\"><strong>AESP No. 6<\/strong>.<\/a><\/li>\n\n\n\n<li><a href=\"https:\/\/www.ssaver.gob.mx\/ccs\/wp-content\/uploads\/sites\/35\/2025\/04\/CAMBIOS_AESP2025-7.pdf\"><strong>AESP No. 7<\/strong>.<\/a><\/li>\n\n\n\n<li><strong><a href=\"https:\/\/www.ssaver.gob.mx\/ccs\/wp-content\/uploads\/sites\/35\/2025\/04\/CAMBIOS_AESP2025-8.pdf\">AESP No. 8.<\/a><\/strong><\/li>\n<\/ul>\n<\/li>\n<\/ul>\n<\/div>\n<\/div>\n\n\n\n<div class=\"wp-block-columns is-layout-flex wp-container-core-columns-is-layout-9c22b1e3 wp-block-columns-is-layout-flex\">\n<div class=\"wp-block-column is-vertically-aligned-stretch is-layout-flow wp-container-core-column-is-layout-c43c6636 wp-block-column-is-layout-flow\" style=\"padding-right:0;padding-left:0;flex-basis:100%\">\n<div class=\"wp-block-cover wp-elements-e10cdc26ca4cc7e47e0932e965cd3a44 has-aspect-ratio\" style=\"margin-top:0;margin-bottom:0;padding-top:0;padding-right:0;padding-bottom:0;padding-left:0;aspect-ratio:auto;min-height:unset;\"><img decoding=\"async\" class=\"wp-block-cover__image-background wp-image-5220 size-full\" alt=\"\" src=\"https:\/\/www.ssaver.gob.mx\/tecnologias\/wp-content\/uploads\/sites\/14\/2025\/09\/textura_areas_TI-scaled.png\" style=\"object-position:15% 27%\" data-object-fit=\"cover\" data-object-position=\"15% 27%\" \/><span aria-hidden=\"true\" class=\"wp-block-cover__background has-background-dim-100 has-background-dim\" style=\"background-color:#720f37\"><\/span><div class=\"wp-block-cover__inner-container is-layout-constrained wp-container-core-cover-is-layout-72190d31 wp-block-cover-is-layout-constrained\">\n<p class=\"has-text-align-center\" style=\"font-size:28px\"><strong>Formatos de seguridad del paciente<\/strong><\/p>\n<\/div><\/div>\n<\/div>\n<\/div>\n\n\n\n<div class=\"wp-block-columns is-layout-flex wp-container-core-columns-is-layout-b2864ded wp-block-columns-is-layout-flex\" style=\"margin-top:0;margin-bottom:0;padding-top:0;padding-bottom:0\">\n<div class=\"wp-block-column is-vertically-aligned-center has-background is-layout-flow wp-block-column-is-layout-flow\" style=\"background:linear-gradient(180deg,rgb(233,231,225) 32%,rgba(232,230,225,0) 100%);padding-top:var(--wp--preset--spacing--40);padding-right:var(--wp--preset--spacing--70);padding-bottom:var(--wp--preset--spacing--40);padding-left:var(--wp--preset--spacing--70);flex-basis:100%\">\n<ul class=\"wp-block-list\">\n<li class=\"has-text-color has-link-color wp-elements-75b187fc411197e22fd4e564fee282a5\" style=\"color:#b28854\"><strong>PLANES DE MEJORA ESTATALES.<\/strong>\n<ul class=\"wp-block-list\">\n<li><a href=\"https:\/\/www.ssaver.gob.mx\/ccs\/wp-content\/uploads\/sites\/35\/2025\/04\/VER_Plan-de-Mejora-Estatal-de-Higiene-de-Manos-2024-2025.pdf\">Plan de Mejora de Higiene de Manos 2024-2025.<\/a><\/li>\n\n\n\n<li><a href=\"https:\/\/www.ssaver.gob.mx\/ccs\/wp-content\/uploads\/sites\/35\/2025\/04\/VER_PLAN-DE-MEJORA-PARA-CULTURA-DE-SEGURIDAD-DEL-PACIENTE-PMCSP-2024-2025-VERACRUZ.pdf\">Plan de Mejora de Cultura de Seguridad del Paciente 2024-2025.<\/a><\/li>\n<\/ul>\n<\/li>\n\n\n\n<li class=\"has-text-color has-link-color wp-elements-dea7e54bc78c29d70ea8773edbf39156\" style=\"color:#b28854\"><strong>SISTEMA DE REGISTRO DE EVENTOS ADVERSOS (SREA) &#8211; APLICA PARA SEGUNDO Y TERCER NIVEL DE ATENCI\u00d3N.<\/strong>\n<ul class=\"wp-block-list\">\n<li>F<a href=\"https:\/\/www.ssaver.gob.mx\/ccs\/wp-content\/uploads\/sites\/35\/2025\/04\/VER-Formato-de-inscripcion-al-SREA-.xlsx\">ormato de Registro para Solicitud de Alta y\/o Recuperaci\u00f3n de Contrase\u00f1a en el SREA.<\/a><\/li>\n\n\n\n<li><a href=\"https:\/\/www.ssaver.gob.mx\/ccs\/wp-content\/uploads\/sites\/35\/2025\/04\/CARTA-COMPROMISO-PARA-SISTEMA-DE-REGISTRO-DE-EVENTOS-ADVERSOS-2024.docx\">Carta compromiso para SREA.<\/a><\/li>\n\n\n\n<li><a href=\"https:\/\/www.ssaver.gob.mx\/ccs\/wp-content\/uploads\/sites\/35\/2025\/04\/FORMATO-REGISTRO-DE-EVENTOS-ADVERSOS-CLINICAS-DE-ATENCION-PRIMARIA.pdf\">Formato de Notificaci\u00f3n y Registro de Eventos Adversos, Centinela y Cuasifallas (Primer Nivel de Atenci\u00f3n M\u00e9dica).&nbsp;<\/a><\/li>\n<\/ul>\n<\/li>\n\n\n\n<li class=\"has-text-color has-link-color wp-elements-1e0bec47ed5018a828858fa42eebf999\" style=\"color:#b28854\"><strong>REDUCCI\u00d3N DE INFECCIONES ASOCIADAS A LA ATENCI\u00d3N DE LA SALUD (IAAS).<\/strong>\n<ul class=\"wp-block-list\">\n<li class=\"has-text-color has-link-color wp-elements-326198c3c1dc695fd8ac70af9e5973b0\" style=\"color:#b28854\">C<a href=\"https:\/\/www.ssaver.gob.mx\/ccs\/wp-content\/uploads\/sites\/35\/2025\/04\/CEDULA-UNICA-IAAS.docx\">\u00e9dula \u00danica de Gesti\u00f3n de los Paquetes de Acciones Preventivas de las Infecciones Asociadas a la Atenci\u00f3n de la Salud.<\/a><\/li>\n<\/ul>\n<\/li>\n\n\n\n<li class=\"has-text-color has-link-color wp-elements-14187c51d22db34fe9a325ecee0e8b14\" style=\"color:#b28854\"><strong>ACCIONES ESENCIALES PARA LA SEGURIDAD DEL PACIENTE.<\/strong>\n<ul class=\"wp-block-list\">\n<li class=\"has-text-color has-link-color wp-elements-cfc171b1bb89586a8a8d8b1f5dd55780\" style=\"color:#b28854\"><a href=\"https:\/\/www.ssaver.gob.mx\/ccs\/wp-content\/uploads\/sites\/35\/2025\/04\/Formato-Avance-de-acciones-de-seguridad-del-paciente-en-los-hospitales-publicos25.xls\">Formato \u00abAvances de Acciones de Seguridad del Paciente en los Hospitales P\u00fablicos\u00bb.<\/a><\/li>\n\n\n\n<li>Lista de Evaluaci\u00f3n Mensual de Acciones Esenciales para la Seguridad del Paciente.\n<ul class=\"wp-block-list\">\n<li><a href=\"https:\/\/www.ssaver.gob.mx\/ccs\/wp-content\/uploads\/sites\/35\/2025\/04\/LISTA-MENSUAL-AESP-EAM.xlsx\">Formato editable (Excel).<\/a><\/li>\n\n\n\n<li><a href=\"https:\/\/www.ssaver.gob.mx\/ccs\/wp-content\/uploads\/sites\/35\/2025\/04\/LISTA-MENSUAL-AESP-HOSP.pdf\">Hospitales (PDF).<\/a><\/li>\n\n\n\n<li><a href=\"https:\/\/www.ssaver.gob.mx\/ccs\/wp-content\/uploads\/sites\/35\/2025\/04\/LISTA-MENSUAL-AESP-AMB.pdf\">Ambulatorios (PDF).<\/a><\/li>\n<\/ul>\n<\/li>\n<\/ul>\n<\/li>\n\n\n\n<li class=\"has-text-color has-link-color wp-elements-e344550809ecb8849758e5911426399e\" style=\"color:#b28854\"><strong>GU\u00cdA PARA LA ELABORACI\u00d3N DE PLANES DE MEJORA.<\/strong>\n<ul class=\"wp-block-list\">\n<li><a href=\"https:\/\/www.ssaver.gob.mx\/ccs\/wp-content\/uploads\/sites\/35\/2025\/04\/GUIA_PARA_EL_PMHM_2024-5-.docx\">Plan de Mejora de Higiene de Manos.<\/a><\/li>\n\n\n\n<li><a href=\"https:\/\/www.ssaver.gob.mx\/ccs\/wp-content\/uploads\/sites\/35\/2025\/04\/Guia-Plan-de-Mejora-de-ECSP-Hospitales-2024.doc\">Plan de Mejora de Cultura de Seguridad del Paciente en Establecimientos Hospitalarios.<\/a><\/li>\n\n\n\n<li><a href=\"https:\/\/www.ssaver.gob.mx\/ccs\/wp-content\/uploads\/sites\/35\/2025\/04\/Guia-Plan-de-Mejora-de-ECSP-Unidades-de-Atencion-Ambulatoria-2024-version-actual-002.doc\">Plan de Mejora de Cultura de Seguridad del Paciente en Establecimientos Ambulatorios.&nbsp;<\/a><\/li>\n<\/ul>\n<\/li>\n\n\n\n<li class=\"has-text-color has-link-color wp-elements-55eb358fba9c29c8741443670627c381\" style=\"color:#b28854\"><strong><a href=\"https:\/\/www.ssaver.gob.mx\/ccs\/wp-content\/uploads\/sites\/35\/2025\/04\/HERRAMIENTA-INTEGRAL-HM-2025.docx\">HERRAMIENTA PARA EL SEGUIMIENTO DEL PLAN DE MEJORA ESTATAL DE HIGIENE DE MANOS<\/a><\/strong><\/li>\n\n\n\n<li class=\"has-text-color has-link-color wp-elements-50d2bdbac17a252bb23a79cf6e5bc202\" style=\"color:#b28854\"><strong>LISTAS DE DIFUSI\u00d3N.<\/strong><\/li>\n\n\n\n<li><a href=\"https:\/\/www.ssaver.gob.mx\/ccs\/wp-content\/uploads\/sites\/35\/2025\/04\/SEG.PAC_.-LISTA-DE-DIFUSION-HIGIENE-DE-MANOS-2025.pdf\">Para temas de Higiene de Manos.<\/a><\/li>\n\n\n\n<li><a href=\"https:\/\/www.ssaver.gob.mx\/ccs\/wp-content\/uploads\/sites\/35\/2025\/04\/SEG.PAC_.-LISTA-DE-DIFUSION-TEMAS-SEGURIDAD-DEL-PACIENTE-2025.pdf\">Para temas de Seguridad del Paciente.&nbsp;<\/a><\/li>\n<\/ul>\n<\/div>\n<\/div>\n\n\n\n<div class=\"wp-block-columns is-layout-flex wp-container-core-columns-is-layout-9c22b1e3 wp-block-columns-is-layout-flex\">\n<div class=\"wp-block-column is-vertically-aligned-stretch is-layout-flow wp-container-core-column-is-layout-c43c6636 wp-block-column-is-layout-flow\" style=\"padding-right:0;padding-left:0;flex-basis:100%\">\n<div class=\"wp-block-cover wp-elements-6cb6ba4bd206d50f2680907212329900 has-aspect-ratio\" style=\"margin-top:0;margin-bottom:0;padding-top:0;padding-right:0;padding-bottom:0;padding-left:0;aspect-ratio:auto;min-height:unset;\"><img decoding=\"async\" class=\"wp-block-cover__image-background wp-image-5220 size-full\" alt=\"\" src=\"https:\/\/www.ssaver.gob.mx\/tecnologias\/wp-content\/uploads\/sites\/14\/2025\/09\/textura_areas_TI-scaled.png\" style=\"object-position:15% 27%\" data-object-fit=\"cover\" data-object-position=\"15% 27%\" \/><span aria-hidden=\"true\" class=\"wp-block-cover__background has-background-dim-100 has-background-dim\" style=\"background-color:#720f37\"><\/span><div class=\"wp-block-cover__inner-container is-layout-constrained wp-container-core-cover-is-layout-72190d31 wp-block-cover-is-layout-constrained\">\n<p class=\"has-text-align-center\" style=\"font-size:28px\"><strong>Informaci\u00f3n importante<\/strong><\/p>\n<\/div><\/div>\n<\/div>\n<\/div>\n\n\n\n<div class=\"wp-block-columns is-layout-flex wp-container-core-columns-is-layout-b2864ded wp-block-columns-is-layout-flex\" style=\"margin-top:0;margin-bottom:0;padding-top:0;padding-bottom:0\">\n<div class=\"wp-block-column is-vertically-aligned-center has-background is-layout-flow wp-block-column-is-layout-flow\" style=\"background:linear-gradient(180deg,rgb(233,231,225) 32%,rgba(232,230,225,0) 100%);padding-top:var(--wp--preset--spacing--40);padding-right:var(--wp--preset--spacing--70);padding-bottom:var(--wp--preset--spacing--40);padding-left:var(--wp--preset--spacing--70);flex-basis:100%\">\n<ul style=\"color:#5b4c0d;font-size:22px\" class=\"wp-block-list has-text-color\">\n<li class=\"has-text-color has-link-color wp-elements-b7b77386da131520c4c2eab7c5f17699\" style=\"color:#b28854\"><strong><a href=\"#\" target=\"_blank\" rel=\"noreferrer noopener\"><\/a><a href=\"https:\/\/www.ssaver.gob.mx\/ccs\/wp-content\/uploads\/sites\/35\/2023\/11\/AESPCSG-DGCES16junio2023.pdf\" target=\"_blank\" rel=\"noreferrer noopener\">Acciones Esenciales para la Seguridad del Paciente Junio 2023<\/a><\/strong><\/li>\n\n\n\n<li class=\"has-text-color has-link-color wp-elements-a1c63dcd922b4467b3100f54e35c293f\" style=\"color:#b28854\"><strong><a rel=\"noreferrer noopener\" href=\"#\" target=\"_blank\"><\/a><a rel=\"noreferrer noopener\" href=\"https:\/\/dof.gob.mx\/nota_detalle.php?codigo=5496728&amp;fecha=08\/09\/2017#gsc.tab=0\" target=\"_blank\"><strong>ACUERDO&nbsp;por el que se declara la obligatoriedad de la implementaci\u00f3n, para todos los integrantes del Sistema&nbsp;Nacional de Salud, del documento denominado Acciones Esenciales para la Seguridad del Paciente<\/strong><\/a><\/strong><\/li>\n\n\n\n<li class=\"has-text-color has-link-color wp-elements-fd8821359724f3853cdcf0e389b768d5\" style=\"color:#b28854\"><strong><a href=\"https:\/\/www.ssaver.gob.mx\/ccs\/wp-content\/uploads\/sites\/35\/2024\/09\/CAPACITACION-ECSP-2-DE-SEPTIEMBRE-2024.pdf\" target=\"_blank\" rel=\"noreferrer noopener\">Resultados de la Evaluaci\u00f3n de Cultura de Seguridad del Paciente 2023 &#8211; Capacitaci\u00f3n 2 de septiembre 2024<\/a><\/strong><\/li>\n<\/ul>\n<\/div>\n<\/div>\n<\/div>\n","protected":false},"excerpt":{"rendered":"","protected":false},"author":5,"featured_media":0,"parent":0,"menu_order":0,"comment_status":"closed","ping_status":"closed","template":"","meta":{"colormag_page_container_layout":"default_layout","colormag_page_sidebar_layout":"default_layout","footnotes":""},"class_list":["post-565","page","type-page","status-publish","hentry"],"_links":{"self":[{"href":"https:\/\/www.ssaver.gob.mx\/ccs\/wp-json\/wp\/v2\/pages\/565","targetHints":{"allow":["GET"]}}],"collection":[{"href":"https:\/\/www.ssaver.gob.mx\/ccs\/wp-json\/wp\/v2\/pages"}],"about":[{"href":"https:\/\/www.ssaver.gob.mx\/ccs\/wp-json\/wp\/v2\/types\/page"}],"author":[{"embeddable":true,"href":"https:\/\/www.ssaver.gob.mx\/ccs\/wp-json\/wp\/v2\/users\/5"}],"replies":[{"embeddable":true,"href":"https:\/\/www.ssaver.gob.mx\/ccs\/wp-json\/wp\/v2\/comments?post=565"}],"version-history":[{"count":83,"href":"https:\/\/www.ssaver.gob.mx\/ccs\/wp-json\/wp\/v2\/pages\/565\/revisions"}],"predecessor-version":[{"id":5298,"href":"https:\/\/www.ssaver.gob.mx\/ccs\/wp-json\/wp\/v2\/pages\/565\/revisions\/5298"}],"wp:attachment":[{"href":"https:\/\/www.ssaver.gob.mx\/ccs\/wp-json\/wp\/v2\/media?parent=565"}],"curies":[{"name":"wp","href":"https:\/\/api.w.org\/{rel}","templated":true}]}}