{"id":839,"date":"2023-02-16T11:04:54","date_gmt":"2023-02-16T17:04:54","guid":{"rendered":"https:\/\/www.ssaver.gob.mx\/ccs\/?page_id=839"},"modified":"2026-03-23T09:58:31","modified_gmt":"2026-03-23T15:58:31","slug":"carteles","status":"publish","type":"page","link":"https:\/\/www.ssaver.gob.mx\/ccs\/carteles\/","title":{"rendered":"CARTELES"},"content":{"rendered":"\n<div class=\"wp-block-group is-layout-constrained wp-container-core-group-is-layout-9517baca wp-block-group-is-layout-constrained\">\n<div class=\"wp-block-columns is-layout-flex wp-container-core-columns-is-layout-9c22b1e3 wp-block-columns-is-layout-flex\">\n<div class=\"wp-block-column is-vertically-aligned-stretch is-layout-flow wp-container-core-column-is-layout-c43c6636 wp-block-column-is-layout-flow\" style=\"padding-right:0;padding-left:0;flex-basis:100%\">\n<div class=\"wp-block-cover wp-elements-b81346cc3b8bc922cedf4d5cc8469e29 has-aspect-ratio\" style=\"margin-top:0;margin-bottom:0;padding-top:0;padding-right:0;padding-bottom:0;padding-left:0;aspect-ratio:auto;min-height:unset;\"><img decoding=\"async\" class=\"wp-block-cover__image-background wp-image-5220 size-full\" alt=\"\" src=\"https:\/\/www.ssaver.gob.mx\/tecnologias\/wp-content\/uploads\/sites\/14\/2025\/09\/textura_areas_TI-scaled.png\" style=\"object-position:15% 27%\" data-object-fit=\"cover\" data-object-position=\"15% 27%\" \/><span aria-hidden=\"true\" class=\"wp-block-cover__background has-background-dim-100 has-background-dim\" style=\"background-color:#720f37\"><\/span><div class=\"wp-block-cover__inner-container is-layout-constrained wp-container-core-cover-is-layout-72190d31 wp-block-cover-is-layout-constrained\">\n<p class=\"has-text-align-center\" style=\"font-size:28px\"><strong>Difusi\u00f3n de gu\u00edas de pr\u00e1cticas cl\u00ednicas primer ciclo<\/strong><\/p>\n<\/div><\/div>\n<\/div>\n<\/div>\n\n\n\n<div class=\"wp-block-columns is-layout-flex wp-container-core-columns-is-layout-b2864ded wp-block-columns-is-layout-flex\" style=\"margin-top:0;margin-bottom:0;padding-top:0;padding-bottom:0\">\n<div class=\"wp-block-column is-vertically-aligned-center has-background is-layout-flow wp-block-column-is-layout-flow\" style=\"background:linear-gradient(180deg,rgb(233,231,225) 32%,rgba(232,230,225,0) 100%);padding-top:var(--wp--preset--spacing--40);padding-right:var(--wp--preset--spacing--70);padding-bottom:var(--wp--preset--spacing--40);padding-left:var(--wp--preset--spacing--70);flex-basis:100%\">\n<figure class=\"wp-block-gallery has-nested-images columns-default is-cropped wp-block-gallery-1 is-layout-flex wp-block-gallery-is-layout-flex\">\n<figure class=\"wp-block-image size-large\"><img loading=\"lazy\" decoding=\"async\" width=\"791\" height=\"1024\" data-id=\"940\" src=\"https:\/\/www.ssaver.gob.mx\/ccs\/wp-content\/uploads\/sites\/35\/2023\/03\/EN-ENERO-CON-CARTILLA-CABECERA-O-BRAZALETE-IDENTIFICAATUPACIENTE-4-791x1024.png\" alt=\"\" class=\"wp-image-940\" srcset=\"https:\/\/www.ssaver.gob.mx\/ccs\/wp-content\/uploads\/sites\/35\/2023\/03\/EN-ENERO-CON-CARTILLA-CABECERA-O-BRAZALETE-IDENTIFICAATUPACIENTE-4-791x1024.png 791w, https:\/\/www.ssaver.gob.mx\/ccs\/wp-content\/uploads\/sites\/35\/2023\/03\/EN-ENERO-CON-CARTILLA-CABECERA-O-BRAZALETE-IDENTIFICAATUPACIENTE-4-232x300.png 232w, https:\/\/www.ssaver.gob.mx\/ccs\/wp-content\/uploads\/sites\/35\/2023\/03\/EN-ENERO-CON-CARTILLA-CABECERA-O-BRAZALETE-IDENTIFICAATUPACIENTE-4-768x994.png 768w, https:\/\/www.ssaver.gob.mx\/ccs\/wp-content\/uploads\/sites\/35\/2023\/03\/EN-ENERO-CON-CARTILLA-CABECERA-O-BRAZALETE-IDENTIFICAATUPACIENTE-4-1187x1536.png 1187w, https:\/\/www.ssaver.gob.mx\/ccs\/wp-content\/uploads\/sites\/35\/2023\/03\/EN-ENERO-CON-CARTILLA-CABECERA-O-BRAZALETE-IDENTIFICAATUPACIENTE-4.png 1545w\" sizes=\"auto, (max-width: 791px) 100vw, 791px\" \/><\/figure>\n\n\n\n<figure class=\"wp-block-image size-large\"><img loading=\"lazy\" decoding=\"async\" width=\"791\" height=\"1024\" data-id=\"939\" src=\"https:\/\/www.ssaver.gob.mx\/ccs\/wp-content\/uploads\/sites\/35\/2023\/03\/EN-ENERO-CON-CARTILLA-CABECERA-O-BRAZALETE-IDENTIFICAATUPACIENTE-10-791x1024.png\" alt=\"\" class=\"wp-image-939\" srcset=\"https:\/\/www.ssaver.gob.mx\/ccs\/wp-content\/uploads\/sites\/35\/2023\/03\/EN-ENERO-CON-CARTILLA-CABECERA-O-BRAZALETE-IDENTIFICAATUPACIENTE-10-791x1024.png 791w, https:\/\/www.ssaver.gob.mx\/ccs\/wp-content\/uploads\/sites\/35\/2023\/03\/EN-ENERO-CON-CARTILLA-CABECERA-O-BRAZALETE-IDENTIFICAATUPACIENTE-10-232x300.png 232w, https:\/\/www.ssaver.gob.mx\/ccs\/wp-content\/uploads\/sites\/35\/2023\/03\/EN-ENERO-CON-CARTILLA-CABECERA-O-BRAZALETE-IDENTIFICAATUPACIENTE-10-768x994.png 768w, https:\/\/www.ssaver.gob.mx\/ccs\/wp-content\/uploads\/sites\/35\/2023\/03\/EN-ENERO-CON-CARTILLA-CABECERA-O-BRAZALETE-IDENTIFICAATUPACIENTE-10-1187x1536.png 1187w, https:\/\/www.ssaver.gob.mx\/ccs\/wp-content\/uploads\/sites\/35\/2023\/03\/EN-ENERO-CON-CARTILLA-CABECERA-O-BRAZALETE-IDENTIFICAATUPACIENTE-10.png 1545w\" sizes=\"auto, (max-width: 791px) 100vw, 791px\" \/><\/figure>\n<\/figure>\n<\/div>\n<\/div>\n\n\n\n<div class=\"wp-block-columns is-layout-flex wp-container-core-columns-is-layout-9c22b1e3 wp-block-columns-is-layout-flex\">\n<div class=\"wp-block-column is-vertically-aligned-stretch is-layout-flow wp-container-core-column-is-layout-c43c6636 wp-block-column-is-layout-flow\" style=\"padding-right:0;padding-left:0;flex-basis:100%\">\n<div class=\"wp-block-cover wp-elements-e37c49acb4b206d7d48705389c464422 has-aspect-ratio\" style=\"margin-top:0;margin-bottom:0;padding-top:0;padding-right:0;padding-bottom:0;padding-left:0;aspect-ratio:auto;min-height:unset;\"><img decoding=\"async\" class=\"wp-block-cover__image-background wp-image-5220 size-full\" alt=\"\" src=\"https:\/\/www.ssaver.gob.mx\/tecnologias\/wp-content\/uploads\/sites\/14\/2025\/09\/textura_areas_TI-scaled.png\" style=\"object-position:15% 27%\" data-object-fit=\"cover\" data-object-position=\"15% 27%\" \/><span aria-hidden=\"true\" class=\"wp-block-cover__background has-background-dim-100 has-background-dim\" style=\"background-color:#720f37\"><\/span><div class=\"wp-block-cover__inner-container is-layout-constrained wp-container-core-cover-is-layout-72190d31 wp-block-cover-is-layout-constrained\">\n<p class=\"has-text-align-center\" style=\"font-size:28px\"><strong>Representantes para la apertura del buz\u00f3n SUG<\/strong><\/p>\n<\/div><\/div>\n<\/div>\n<\/div>\n\n\n\n<div class=\"wp-block-columns is-layout-flex wp-container-core-columns-is-layout-b2864ded wp-block-columns-is-layout-flex\" style=\"margin-top:0;margin-bottom:0;padding-top:0;padding-bottom:0\">\n<div class=\"wp-block-column is-vertically-aligned-center has-background is-layout-flow wp-block-column-is-layout-flow\" style=\"background:linear-gradient(180deg,rgb(233,231,225) 32%,rgba(232,230,225,0) 100%);padding-top:var(--wp--preset--spacing--40);padding-right:var(--wp--preset--spacing--70);padding-bottom:var(--wp--preset--spacing--40);padding-left:var(--wp--preset--spacing--70);flex-basis:100%\">\n<figure class=\"wp-block-gallery has-nested-images columns-default is-cropped wp-block-gallery-2 is-layout-flex wp-block-gallery-is-layout-flex\">\n<figure class=\"wp-block-image size-large\"><img loading=\"lazy\" decoding=\"async\" width=\"791\" height=\"1024\" data-id=\"995\" src=\"https:\/\/www.ssaver.gob.mx\/ccs\/wp-content\/uploads\/sites\/35\/2023\/03\/REPRESENTANTES-EN-LA-APERTURA-DE-BUZON-791x1024.png\" alt=\"\" class=\"wp-image-995\" srcset=\"https:\/\/www.ssaver.gob.mx\/ccs\/wp-content\/uploads\/sites\/35\/2023\/03\/REPRESENTANTES-EN-LA-APERTURA-DE-BUZON-791x1024.png 791w, https:\/\/www.ssaver.gob.mx\/ccs\/wp-content\/uploads\/sites\/35\/2023\/03\/REPRESENTANTES-EN-LA-APERTURA-DE-BUZON-232x300.png 232w, https:\/\/www.ssaver.gob.mx\/ccs\/wp-content\/uploads\/sites\/35\/2023\/03\/REPRESENTANTES-EN-LA-APERTURA-DE-BUZON-768x994.png 768w, https:\/\/www.ssaver.gob.mx\/ccs\/wp-content\/uploads\/sites\/35\/2023\/03\/REPRESENTANTES-EN-LA-APERTURA-DE-BUZON-1187x1536.png 1187w, https:\/\/www.ssaver.gob.mx\/ccs\/wp-content\/uploads\/sites\/35\/2023\/03\/REPRESENTANTES-EN-LA-APERTURA-DE-BUZON.png 1545w\" sizes=\"auto, (max-width: 791px) 100vw, 791px\" \/><\/figure>\n<\/figure>\n<\/div>\n<\/div>\n\n\n\n<div class=\"wp-block-columns is-layout-flex wp-container-core-columns-is-layout-9c22b1e3 wp-block-columns-is-layout-flex\">\n<div class=\"wp-block-column is-vertically-aligned-stretch is-layout-flow wp-container-core-column-is-layout-c43c6636 wp-block-column-is-layout-flow\" style=\"padding-right:0;padding-left:0;flex-basis:100%\">\n<div class=\"wp-block-cover wp-elements-ce30808a82e00c6b22b70567bca5ff98 has-aspect-ratio\" style=\"margin-top:0;margin-bottom:0;padding-top:0;padding-right:0;padding-bottom:0;padding-left:0;aspect-ratio:auto;min-height:unset;\"><img decoding=\"async\" class=\"wp-block-cover__image-background wp-image-5220 size-full\" alt=\"\" src=\"https:\/\/www.ssaver.gob.mx\/tecnologias\/wp-content\/uploads\/sites\/14\/2025\/09\/textura_areas_TI-scaled.png\" style=\"object-position:15% 27%\" data-object-fit=\"cover\" data-object-position=\"15% 27%\" \/><span aria-hidden=\"true\" class=\"wp-block-cover__background has-background-dim-100 has-background-dim\" style=\"background-color:#720f37\"><\/span><div class=\"wp-block-cover__inner-container is-layout-constrained wp-container-core-cover-is-layout-72190d31 wp-block-cover-is-layout-constrained\">\n<p class=\"has-text-align-center\" style=\"font-size:28px\"><strong>Acciones esenciales para la seguridad del paciente<\/strong><\/p>\n<\/div><\/div>\n<\/div>\n<\/div>\n\n\n\n<div class=\"wp-block-columns is-layout-flex wp-container-core-columns-is-layout-b2864ded wp-block-columns-is-layout-flex\" style=\"margin-top:0;margin-bottom:0;padding-top:0;padding-bottom:0\">\n<div class=\"wp-block-column is-vertically-aligned-center has-background is-layout-flow wp-block-column-is-layout-flow\" style=\"background:linear-gradient(180deg,rgb(233,231,225) 32%,rgba(232,230,225,0) 100%);padding-top:var(--wp--preset--spacing--40);padding-right:var(--wp--preset--spacing--70);padding-bottom:var(--wp--preset--spacing--40);padding-left:var(--wp--preset--spacing--70);flex-basis:100%\">\n<figure class=\"wp-block-gallery has-nested-images columns-default is-cropped wp-block-gallery-3 is-layout-flex wp-block-gallery-is-layout-flex\">\n<figure data-wp-context=\"{&quot;imageId&quot;:&quot;69f5e772b4ddf&quot;}\" data-wp-interactive=\"core\/image\" data-wp-key=\"69f5e772b4ddf\" class=\"wp-block-image size-full wp-lightbox-container\"><img loading=\"lazy\" decoding=\"async\" width=\"1200\" height=\"1600\" data-wp-class--hide=\"state.isContentHidden\" data-wp-class--show=\"state.isContentVisible\" data-wp-init=\"callbacks.setButtonStyles\" data-wp-on--click=\"actions.showLightbox\" data-wp-on--load=\"callbacks.setButtonStyles\" data-wp-on-window--resize=\"callbacks.setButtonStyles\" data-id=\"3358\" src=\"https:\/\/www.ssaver.gob.mx\/ccs\/wp-content\/uploads\/sites\/35\/2024\/02\/ACCIONES-ESENCIALES-PARA-LA-SEGURIDAD-DEL-PACIENTE1.jpeg\" alt=\"\" class=\"wp-image-3358\" srcset=\"https:\/\/www.ssaver.gob.mx\/ccs\/wp-content\/uploads\/sites\/35\/2024\/02\/ACCIONES-ESENCIALES-PARA-LA-SEGURIDAD-DEL-PACIENTE1.jpeg 1200w, https:\/\/www.ssaver.gob.mx\/ccs\/wp-content\/uploads\/sites\/35\/2024\/02\/ACCIONES-ESENCIALES-PARA-LA-SEGURIDAD-DEL-PACIENTE1-225x300.jpeg 225w, https:\/\/www.ssaver.gob.mx\/ccs\/wp-content\/uploads\/sites\/35\/2024\/02\/ACCIONES-ESENCIALES-PARA-LA-SEGURIDAD-DEL-PACIENTE1-768x1024.jpeg 768w, https:\/\/www.ssaver.gob.mx\/ccs\/wp-content\/uploads\/sites\/35\/2024\/02\/ACCIONES-ESENCIALES-PARA-LA-SEGURIDAD-DEL-PACIENTE1-1152x1536.jpeg 1152w\" sizes=\"auto, (max-width: 1200px) 100vw, 1200px\" \/><button\n\t\t\tclass=\"lightbox-trigger\"\n\t\t\ttype=\"button\"\n\t\t\taria-haspopup=\"dialog\"\n\t\t\taria-label=\"Agrandar\"\n\t\t\tdata-wp-init=\"callbacks.initTriggerButton\"\n\t\t\tdata-wp-on--click=\"actions.showLightbox\"\n\t\t\tdata-wp-style--right=\"state.imageButtonRight\"\n\t\t\tdata-wp-style--top=\"state.imageButtonTop\"\n\t\t>\n\t\t\t<svg xmlns=\"http:\/\/www.w3.org\/2000\/svg\" width=\"12\" height=\"12\" fill=\"none\" viewBox=\"0 0 12 12\">\n\t\t\t\t<path fill=\"#fff\" d=\"M2 0a2 2 0 0 0-2 2v2h1.5V2a.5.5 0 0 1 .5-.5h2V0H2Zm2 10.5H2a.5.5 0 0 1-.5-.5V8H0v2a2 2 0 0 0 2 2h2v-1.5ZM8 12v-1.5h2a.5.5 0 0 0 .5-.5V8H12v2a2 2 0 0 1-2 2H8Zm2-12a2 2 0 0 1 2 2v2h-1.5V2a.5.5 0 0 0-.5-.5H8V0h2Z\" \/>\n\t\t\t<\/svg>\n\t\t<\/button><\/figure>\n\n\n\n<figure data-wp-context=\"{&quot;imageId&quot;:&quot;69f5e772b52c5&quot;}\" data-wp-interactive=\"core\/image\" data-wp-key=\"69f5e772b52c5\" class=\"wp-block-image size-large wp-lightbox-container\"><img loading=\"lazy\" decoding=\"async\" width=\"768\" height=\"1024\" data-wp-class--hide=\"state.isContentHidden\" data-wp-class--show=\"state.isContentVisible\" data-wp-init=\"callbacks.setButtonStyles\" data-wp-on--click=\"actions.showLightbox\" data-wp-on--load=\"callbacks.setButtonStyles\" data-wp-on-window--resize=\"callbacks.setButtonStyles\" data-id=\"3357\" src=\"https:\/\/www.ssaver.gob.mx\/ccs\/wp-content\/uploads\/sites\/35\/2024\/02\/ACCIONES-ESENCIALES-PARA-LA-SEGURIDAD-DEL-PACIENTE2-768x1024.jpeg\" alt=\"\" class=\"wp-image-3357\" srcset=\"https:\/\/www.ssaver.gob.mx\/ccs\/wp-content\/uploads\/sites\/35\/2024\/02\/ACCIONES-ESENCIALES-PARA-LA-SEGURIDAD-DEL-PACIENTE2-768x1024.jpeg 768w, https:\/\/www.ssaver.gob.mx\/ccs\/wp-content\/uploads\/sites\/35\/2024\/02\/ACCIONES-ESENCIALES-PARA-LA-SEGURIDAD-DEL-PACIENTE2-225x300.jpeg 225w, https:\/\/www.ssaver.gob.mx\/ccs\/wp-content\/uploads\/sites\/35\/2024\/02\/ACCIONES-ESENCIALES-PARA-LA-SEGURIDAD-DEL-PACIENTE2-1152x1536.jpeg 1152w, https:\/\/www.ssaver.gob.mx\/ccs\/wp-content\/uploads\/sites\/35\/2024\/02\/ACCIONES-ESENCIALES-PARA-LA-SEGURIDAD-DEL-PACIENTE2.jpeg 1200w\" sizes=\"auto, (max-width: 768px) 100vw, 768px\" \/><button\n\t\t\tclass=\"lightbox-trigger\"\n\t\t\ttype=\"button\"\n\t\t\taria-haspopup=\"dialog\"\n\t\t\taria-label=\"Agrandar\"\n\t\t\tdata-wp-init=\"callbacks.initTriggerButton\"\n\t\t\tdata-wp-on--click=\"actions.showLightbox\"\n\t\t\tdata-wp-style--right=\"state.imageButtonRight\"\n\t\t\tdata-wp-style--top=\"state.imageButtonTop\"\n\t\t>\n\t\t\t<svg xmlns=\"http:\/\/www.w3.org\/2000\/svg\" width=\"12\" height=\"12\" fill=\"none\" viewBox=\"0 0 12 12\">\n\t\t\t\t<path fill=\"#fff\" d=\"M2 0a2 2 0 0 0-2 2v2h1.5V2a.5.5 0 0 1 .5-.5h2V0H2Zm2 10.5H2a.5.5 0 0 1-.5-.5V8H0v2a2 2 0 0 0 2 2h2v-1.5ZM8 12v-1.5h2a.5.5 0 0 0 .5-.5V8H12v2a2 2 0 0 1-2 2H8Zm2-12a2 2 0 0 1 2 2v2h-1.5V2a.5.5 0 0 0-.5-.5H8V0h2Z\" \/>\n\t\t\t<\/svg>\n\t\t<\/button><\/figure>\n\n\n\n<figure data-wp-context=\"{&quot;imageId&quot;:&quot;69f5e772b575f&quot;}\" data-wp-interactive=\"core\/image\" data-wp-key=\"69f5e772b575f\" class=\"wp-block-image size-large wp-lightbox-container\"><img loading=\"lazy\" decoding=\"async\" width=\"768\" height=\"1024\" data-wp-class--hide=\"state.isContentHidden\" data-wp-class--show=\"state.isContentVisible\" data-wp-init=\"callbacks.setButtonStyles\" data-wp-on--click=\"actions.showLightbox\" data-wp-on--load=\"callbacks.setButtonStyles\" data-wp-on-window--resize=\"callbacks.setButtonStyles\" data-id=\"3356\" src=\"https:\/\/www.ssaver.gob.mx\/ccs\/wp-content\/uploads\/sites\/35\/2024\/02\/ACCIONES-ESENCIALES-PARA-LA-SEGURIDAD-DEL-PACIENTE3-768x1024.jpeg\" alt=\"\" class=\"wp-image-3356\" srcset=\"https:\/\/www.ssaver.gob.mx\/ccs\/wp-content\/uploads\/sites\/35\/2024\/02\/ACCIONES-ESENCIALES-PARA-LA-SEGURIDAD-DEL-PACIENTE3-768x1024.jpeg 768w, https:\/\/www.ssaver.gob.mx\/ccs\/wp-content\/uploads\/sites\/35\/2024\/02\/ACCIONES-ESENCIALES-PARA-LA-SEGURIDAD-DEL-PACIENTE3-225x300.jpeg 225w, https:\/\/www.ssaver.gob.mx\/ccs\/wp-content\/uploads\/sites\/35\/2024\/02\/ACCIONES-ESENCIALES-PARA-LA-SEGURIDAD-DEL-PACIENTE3-1152x1536.jpeg 1152w, https:\/\/www.ssaver.gob.mx\/ccs\/wp-content\/uploads\/sites\/35\/2024\/02\/ACCIONES-ESENCIALES-PARA-LA-SEGURIDAD-DEL-PACIENTE3.jpeg 1200w\" sizes=\"auto, (max-width: 768px) 100vw, 768px\" \/><button\n\t\t\tclass=\"lightbox-trigger\"\n\t\t\ttype=\"button\"\n\t\t\taria-haspopup=\"dialog\"\n\t\t\taria-label=\"Agrandar\"\n\t\t\tdata-wp-init=\"callbacks.initTriggerButton\"\n\t\t\tdata-wp-on--click=\"actions.showLightbox\"\n\t\t\tdata-wp-style--right=\"state.imageButtonRight\"\n\t\t\tdata-wp-style--top=\"state.imageButtonTop\"\n\t\t>\n\t\t\t<svg xmlns=\"http:\/\/www.w3.org\/2000\/svg\" width=\"12\" height=\"12\" fill=\"none\" viewBox=\"0 0 12 12\">\n\t\t\t\t<path fill=\"#fff\" d=\"M2 0a2 2 0 0 0-2 2v2h1.5V2a.5.5 0 0 1 .5-.5h2V0H2Zm2 10.5H2a.5.5 0 0 1-.5-.5V8H0v2a2 2 0 0 0 2 2h2v-1.5ZM8 12v-1.5h2a.5.5 0 0 0 .5-.5V8H12v2a2 2 0 0 1-2 2H8Zm2-12a2 2 0 0 1 2 2v2h-1.5V2a.5.5 0 0 0-.5-.5H8V0h2Z\" \/>\n\t\t\t<\/svg>\n\t\t<\/button><\/figure>\n<\/figure>\n<\/div>\n<\/div>\n<\/div>\n","protected":false},"excerpt":{"rendered":"","protected":false},"author":2,"featured_media":0,"parent":0,"menu_order":0,"comment_status":"closed","ping_status":"closed","template":"","meta":{"colormag_page_container_layout":"default_layout","colormag_page_sidebar_layout":"default_layout","footnotes":""},"class_list":["post-839","page","type-page","status-publish","hentry"],"_links":{"self":[{"href":"https:\/\/www.ssaver.gob.mx\/ccs\/wp-json\/wp\/v2\/pages\/839","targetHints":{"allow":["GET"]}}],"collection":[{"href":"https:\/\/www.ssaver.gob.mx\/ccs\/wp-json\/wp\/v2\/pages"}],"about":[{"href":"https:\/\/www.ssaver.gob.mx\/ccs\/wp-json\/wp\/v2\/types\/page"}],"author":[{"embeddable":true,"href":"https:\/\/www.ssaver.gob.mx\/ccs\/wp-json\/wp\/v2\/users\/2"}],"replies":[{"embeddable":true,"href":"https:\/\/www.ssaver.gob.mx\/ccs\/wp-json\/wp\/v2\/comments?post=839"}],"version-history":[{"count":14,"href":"https:\/\/www.ssaver.gob.mx\/ccs\/wp-json\/wp\/v2\/pages\/839\/revisions"}],"predecessor-version":[{"id":5332,"href":"https:\/\/www.ssaver.gob.mx\/ccs\/wp-json\/wp\/v2\/pages\/839\/revisions\/5332"}],"wp:attachment":[{"href":"https:\/\/www.ssaver.gob.mx\/ccs\/wp-json\/wp\/v2\/media?parent=839"}],"curies":[{"name":"wp","href":"https:\/\/api.w.org\/{rel}","templated":true}]}}