{"id":967,"date":"2024-06-28T01:28:05","date_gmt":"2024-06-28T01:28:05","guid":{"rendered":"https:\/\/www.ssaver.gob.mx\/ccs\/?page_id=967"},"modified":"2026-04-01T16:18:28","modified_gmt":"2026-04-01T22:18:28","slug":"autocapacitacion","status":"publish","type":"page","link":"https:\/\/www.ssaver.gob.mx\/ccs\/autocapacitacion\/","title":{"rendered":"AUTOCAPACITACI\u00d3N"},"content":{"rendered":"\n<div class=\"wp-block-group is-layout-constrained wp-container-core-group-is-layout-9517baca wp-block-group-is-layout-constrained\">\n<div class=\"wp-block-columns is-layout-flex wp-container-core-columns-is-layout-9c22b1e3 wp-block-columns-is-layout-flex\">\n<div class=\"wp-block-column is-vertically-aligned-stretch is-layout-flow wp-container-core-column-is-layout-c43c6636 wp-block-column-is-layout-flow\" style=\"padding-right:0;padding-left:0;flex-basis:100%\">\n<p><\/p>\n\n\n\n<p class=\"has-text-align-center has-black-color has-text-color has-link-color has-x-large-font-size wp-elements-3f4e82ddce089fb2ce64ef7c254c70bd\"><strong>PRIMER CICLO 2026<\/strong><\/p>\n\n\n\n<p class=\"has-text-align-center has-black-color has-text-color has-link-color has-x-large-font-size wp-elements-360323cc461c005d24ae4d886de21b80\"><strong>Informaci\u00f3n Importante: <\/strong><\/p>\n\n\n\n<p class=\"has-text-align-center has-text-color has-link-color has-large-font-size wp-elements-07e4ac18c34eac1b51706e2c1a52deaf\" style=\"color:#910101\"><strong>Se solicita anotar la informaci\u00f3n completa de sus datos personales <br>(Nombre, CURP y RFC<\/strong>). <\/p>\n\n\n\n<p class=\"has-text-align-center has-text-color has-link-color has-large-font-size wp-elements-e32b2008d7723d0bccb98f6626a0b23c\" style=\"color:#910101\"><strong>La emisi\u00f3n de constancias se realizar\u00e1 al finalizar el Primer Cuatrimestre 2026, mediante circular dirigida a los Titulares de las Instituciones de Salud P\u00fablicas y Privadas.<\/strong><\/p>\n\n\n\n<div class=\"wp-block-cover wp-elements-a2b777906b771390fa3bec4ce35ee5d5 has-aspect-ratio\" style=\"margin-top:0;margin-bottom:0;padding-top:0;padding-right:0;padding-bottom:0;padding-left:0;aspect-ratio:auto;min-height:unset;\"><img decoding=\"async\" class=\"wp-block-cover__image-background wp-image-5220 size-full\" alt=\"\" src=\"https:\/\/www.ssaver.gob.mx\/tecnologias\/wp-content\/uploads\/sites\/14\/2025\/09\/textura_areas_TI-scaled.png\" style=\"object-position:15% 27%\" data-object-fit=\"cover\" data-object-position=\"15% 27%\" \/><span aria-hidden=\"true\" class=\"wp-block-cover__background has-background-dim-100 has-background-dim\" style=\"background-color:#720f37\"><\/span><div class=\"wp-block-cover__inner-container is-layout-constrained wp-container-core-cover-is-layout-72190d31 wp-block-cover-is-layout-constrained\">\n<p class=\"has-text-align-center\" style=\"font-size:28px\"><strong>MECIC<\/strong><\/p>\n<\/div><\/div>\n<\/div>\n<\/div>\n\n\n\n<div class=\"wp-block-columns is-layout-flex wp-container-core-columns-is-layout-b2864ded wp-block-columns-is-layout-flex\" style=\"margin-top:0;margin-bottom:0;padding-top:0;padding-bottom:0\">\n<div class=\"wp-block-column is-vertically-aligned-center has-background is-layout-flow wp-block-column-is-layout-flow\" style=\"background:linear-gradient(180deg,rgb(233,231,225) 32%,rgba(232,230,225,0) 100%);padding-top:var(--wp--preset--spacing--40);padding-right:var(--wp--preset--spacing--70);padding-bottom:var(--wp--preset--spacing--40);padding-left:var(--wp--preset--spacing--70);flex-basis:100%\">\n<div class=\"wp-block-columns is-layout-flex wp-container-core-columns-is-layout-28f84493 wp-block-columns-is-layout-flex\">\n<div class=\"wp-block-column is-vertically-aligned-center is-layout-flow wp-block-column-is-layout-flow\">\n<p class=\"has-text-align-center has-medium-font-size\"><strong><strong>USO DEL MODELO DEL EXPEDIENTE CL\u00cdNICO INTEGRADO Y DE CALIDAD<\/strong><\/strong><\/p>\n\n\n\n<hr class=\"wp-block-separator has-text-color has-alpha-channel-opacity has-background is-style-wide\" style=\"background-color:#d8bf31;color:#d8bf31\" \/>\n\n\n\n<ul class=\"wp-block-list has-medium-font-size\">\n<li class=\"has-text-color has-link-color wp-elements-43a904dae1b41cbc659dc1bf3900956a\" style=\"color:#910101\"><strong>LISTA DE ASISTENCIA<\/strong><\/li>\n\n\n\n<li class=\"has-text-color has-link-color wp-elements-4e2e87b8aa9f431e28ae8c73de44a409\" style=\"color:#910101\"><strong>AUTOCAPACITACI\u00d3N<\/strong><\/li>\n\n\n\n<li class=\"has-text-color has-link-color wp-elements-79b92d239596c258df552df5fbd84a46\" style=\"color:#910101\"><strong>EVALUACI\u00d3N FINAL<\/strong><\/li>\n<\/ul>\n<\/div>\n<\/div>\n<\/div>\n<\/div>\n\n\n\n<div class=\"wp-block-columns is-layout-flex wp-container-core-columns-is-layout-9c22b1e3 wp-block-columns-is-layout-flex\">\n<div class=\"wp-block-column is-vertically-aligned-stretch is-layout-flow wp-container-core-column-is-layout-c43c6636 wp-block-column-is-layout-flow\" style=\"padding-right:0;padding-left:0;flex-basis:100%\">\n<div class=\"wp-block-cover wp-elements-7692bf404aa0ad3a44d0efb4d72abba4 has-aspect-ratio\" style=\"margin-top:0;margin-bottom:0;padding-top:0;padding-right:0;padding-bottom:0;padding-left:0;aspect-ratio:auto;min-height:unset;\"><img decoding=\"async\" class=\"wp-block-cover__image-background wp-image-5220 size-full\" alt=\"\" src=\"https:\/\/www.ssaver.gob.mx\/tecnologias\/wp-content\/uploads\/sites\/14\/2025\/09\/textura_areas_TI-scaled.png\" style=\"object-position:15% 27%\" data-object-fit=\"cover\" data-object-position=\"15% 27%\" \/><span aria-hidden=\"true\" class=\"wp-block-cover__background has-background-dim-100 has-background-dim\" style=\"background-color:#720f37\"><\/span><div class=\"wp-block-cover__inner-container is-layout-constrained wp-container-core-cover-is-layout-72190d31 wp-block-cover-is-layout-constrained\">\n<p class=\"has-text-align-center\" style=\"font-size:28px\"><strong>Gu\u00edas de pr\u00e1ctica cl\u00ednica<\/strong><\/p>\n<\/div><\/div>\n<\/div>\n<\/div>\n\n\n\n<div class=\"wp-block-columns is-layout-flex wp-container-core-columns-is-layout-b2864ded wp-block-columns-is-layout-flex\" style=\"margin-top:0;margin-bottom:0;padding-top:0;padding-bottom:0\">\n<div class=\"wp-block-column is-vertically-aligned-center has-background is-layout-flow wp-block-column-is-layout-flow\" style=\"background:linear-gradient(180deg,rgb(233,231,225) 32%,rgba(232,230,225,0) 100%);padding-top:var(--wp--preset--spacing--40);padding-right:var(--wp--preset--spacing--70);padding-bottom:var(--wp--preset--spacing--40);padding-left:var(--wp--preset--spacing--70);flex-basis:100%\">\n<div class=\"wp-block-columns is-layout-flex wp-container-core-columns-is-layout-28f84493 wp-block-columns-is-layout-flex\">\n<div class=\"wp-block-column is-vertically-aligned-center is-layout-flow wp-block-column-is-layout-flow\">\n<p style=\"font-size:25px\"><strong><strong>AUTOCAPACITACIONES PARA EL SECTOR SALUD<\/strong><\/strong>.<\/p>\n\n\n\n<p style=\"font-size:25px\">Dirigido a :Instituciones p\u00fablicas y privadas (Primer, Segundo y Tercer Nivel de Atenci\u00f3n)<\/p>\n\n\n\n<hr class=\"wp-block-separator aligncenter has-text-color has-alpha-channel-opacity has-background is-style-wide\" style=\"background-color:#d8bf31;color:#d8bf31\" \/>\n\n\n\n<p class=\"has-text-align-center has-medium-font-size\"><strong>ALGORITMOS DE ATENCI\u00d3N CL\u00cdNICA<\/strong> <\/p>\n\n\n\n<p class=\"has-text-align-center has-medium-font-size\"><strong>(1ER., 2DO., Y 3ER. NIVEL DE ATENCI\u00d3N)<\/strong><\/p>\n\n\n\n<hr class=\"wp-block-separator has-text-color has-alpha-channel-opacity has-background is-style-wide\" style=\"background-color:#d8bf31;color:#d8bf31\" \/>\n\n\n\n<p class=\"has-medium-font-size\"><strong>Ciclo 1<\/strong><\/p>\n\n\n\n<ul style=\"color:#910101\" class=\"wp-block-list has-text-color has-link-color wp-elements-92077b0f90f84c088787e54291d340d7\">\n<li class=\"has-text-color has-link-color has-medium-font-size wp-elements-1c6050e6c6062793626e86325210ac09\" style=\"color:#910101\"><strong>Depresi\u00f3n.<\/strong><\/li>\n\n\n\n<li class=\"has-text-color has-link-color has-medium-font-size wp-elements-f67d322f50b385f6ad160fba6ced1f63\" style=\"color:#910101\"><strong>Diabetes Mellitus tipo 2.<\/strong><\/li>\n\n\n\n<li class=\"has-text-color has-link-color has-medium-font-size wp-elements-846aef04b465871ac60c08a0686dc68b\" style=\"color:#910101\"><strong>Infarto Agudo al Miocardio.<\/strong><\/li>\n<\/ul>\n\n\n\n<hr class=\"wp-block-separator has-text-color has-alpha-channel-opacity has-background is-style-wide\" style=\"background-color:#d8bf31;color:#d8bf31\" \/>\n\n\n\n<ul class=\"wp-block-list has-medium-font-size\">\n<li class=\"has-text-color has-link-color has-medium-font-size wp-elements-5adfcf9a943b7e271132335c66d67084\" style=\"color:#910101\"><strong>Lista de asistencia.<\/strong><\/li>\n\n\n\n<li class=\"has-text-color has-link-color has-medium-font-size wp-elements-6a58ee01b38032afb95a71a42a44b39a\" style=\"color:#910101\"><strong>Autocapacitaci\u00f3n.<\/strong><\/li>\n\n\n\n<li class=\"has-text-color has-link-color has-medium-font-size wp-elements-912e16d02a5cdbaf5171673e7f3e0b3c\" style=\"color:#910101\"><strong>Evaluaci\u00f3n Final.<\/strong><\/li>\n<\/ul>\n<\/div>\n<\/div>\n<\/div>\n<\/div>\n\n\n\n<div class=\"wp-block-columns is-layout-flex wp-container-core-columns-is-layout-9c22b1e3 wp-block-columns-is-layout-flex\">\n<div class=\"wp-block-column is-vertically-aligned-stretch is-layout-flow wp-container-core-column-is-layout-c43c6636 wp-block-column-is-layout-flow\" style=\"padding-right:0;padding-left:0;flex-basis:100%\">\n<div class=\"wp-block-cover wp-elements-2cc67acd74196e355acc8cfbbc382411 has-aspect-ratio\" style=\"margin-top:0;margin-bottom:0;padding-top:0;padding-right:0;padding-bottom:0;padding-left:0;aspect-ratio:auto;min-height:unset;\"><img decoding=\"async\" class=\"wp-block-cover__image-background wp-image-5220 size-full\" alt=\"\" src=\"https:\/\/www.ssaver.gob.mx\/tecnologias\/wp-content\/uploads\/sites\/14\/2025\/09\/textura_areas_TI-scaled.png\" style=\"object-position:15% 27%\" data-object-fit=\"cover\" data-object-position=\"15% 27%\" \/><span aria-hidden=\"true\" class=\"wp-block-cover__background has-background-dim-100 has-background-dim\" style=\"background-color:#720f37\"><\/span><div class=\"wp-block-cover__inner-container is-layout-constrained wp-container-core-cover-is-layout-72190d31 wp-block-cover-is-layout-constrained\">\n<p class=\"has-text-align-center\" style=\"font-size:28px\"><strong>Dudas o comentarios<\/strong><\/p>\n<\/div><\/div>\n<\/div>\n<\/div>\n\n\n\n<div class=\"wp-block-columns is-layout-flex wp-container-core-columns-is-layout-b2864ded wp-block-columns-is-layout-flex\" style=\"margin-top:0;margin-bottom:0;padding-top:0;padding-bottom:0\">\n<div class=\"wp-block-column is-vertically-aligned-center has-background is-layout-flow wp-block-column-is-layout-flow\" style=\"background:linear-gradient(180deg,rgb(233,231,225) 32%,rgba(232,230,225,0) 100%);padding-top:var(--wp--preset--spacing--40);padding-right:var(--wp--preset--spacing--70);padding-bottom:var(--wp--preset--spacing--40);padding-left:var(--wp--preset--spacing--70);flex-basis:100%\">\n<p class=\"has-text-align-center has-large-font-size\"><strong>Para cualquier duda respecto a nuestros cursos por favor comunicarse con el enlace de capacitaci\u00f3n de la Coordinaci\u00f3n de Calidad en Salud al t\u00e9lefono:<\/strong><\/p>\n\n\n\n<p class=\"has-text-align-center has-large-font-size\"><strong>228 819 9622.<\/strong><\/p>\n\n\n\n<p class=\"has-background\" style=\"background-color:#dac195cc\"><\/p>\n\n\n\n<p><\/p>\n<\/div>\n<\/div>\n<\/div>\n","protected":false},"excerpt":{"rendered":"<p>PRIMER CICLO 2026 Informaci\u00f3n Importante: Se solicita anotar la informaci\u00f3n completa de sus datos personales (Nombre, CURP y RFC). La<\/p>\n","protected":false},"author":40,"featured_media":0,"parent":0,"menu_order":0,"comment_status":"closed","ping_status":"closed","template":"","meta":{"colormag_page_container_layout":"default_layout","colormag_page_sidebar_layout":"default_layout","footnotes":""},"class_list":["post-967","page","type-page","status-publish","hentry"],"_links":{"self":[{"href":"https:\/\/www.ssaver.gob.mx\/ccs\/wp-json\/wp\/v2\/pages\/967","targetHints":{"allow":["GET"]}}],"collection":[{"href":"https:\/\/www.ssaver.gob.mx\/ccs\/wp-json\/wp\/v2\/pages"}],"about":[{"href":"https:\/\/www.ssaver.gob.mx\/ccs\/wp-json\/wp\/v2\/types\/page"}],"author":[{"embeddable":true,"href":"https:\/\/www.ssaver.gob.mx\/ccs\/wp-json\/wp\/v2\/users\/40"}],"replies":[{"embeddable":true,"href":"https:\/\/www.ssaver.gob.mx\/ccs\/wp-json\/wp\/v2\/comments?post=967"}],"version-history":[{"count":194,"href":"https:\/\/www.ssaver.gob.mx\/ccs\/wp-json\/wp\/v2\/pages\/967\/revisions"}],"predecessor-version":[{"id":5348,"href":"https:\/\/www.ssaver.gob.mx\/ccs\/wp-json\/wp\/v2\/pages\/967\/revisions\/5348"}],"wp:attachment":[{"href":"https:\/\/www.ssaver.gob.mx\/ccs\/wp-json\/wp\/v2\/media?parent=967"}],"curies":[{"name":"wp","href":"https:\/\/api.w.org\/{rel}","templated":true}]}}