{"id":532,"date":"2022-07-01T18:49:41","date_gmt":"2022-07-01T23:49:41","guid":{"rendered":"https:\/\/www.ssaver.gob.mx\/ceca\/?page_id=532"},"modified":"2025-11-04T09:58:55","modified_gmt":"2025-11-04T15:58:55","slug":"transparencia","status":"publish","type":"page","link":"https:\/\/www.ssaver.gob.mx\/ceca\/transparencia\/","title":{"rendered":"Transparencia"},"content":{"rendered":"\n<div class=\"wp-block-columns is-layout-flex wp-container-core-columns-is-layout-28f84493 wp-block-columns-is-layout-flex\">\n<div class=\"wp-block-column is-vertically-aligned-center is-layout-flow wp-block-column-is-layout-flow\" style=\"flex-basis:15%\"><\/div>\n\n\n\n<div class=\"wp-block-column is-vertically-aligned-center is-layout-flow wp-block-column-is-layout-flow\" style=\"flex-basis:50%\">\n<div class=\"wp-block-columns is-layout-flex wp-container-core-columns-is-layout-9c22b1e3 wp-block-columns-is-layout-flex\">\n<div class=\"wp-block-column is-vertically-aligned-stretch is-layout-constrained wp-container-core-column-is-layout-affacae6 wp-block-column-is-layout-constrained\" style=\"padding-right:0;padding-left:0;flex-basis:100%\">\n<div class=\"wp-block-cover wp-elements-9a7ef8428c4fa802c8fc58a4dee1d9f1 has-aspect-ratio\" style=\"margin-top:0;margin-bottom:0;padding-top:0;padding-right:0;padding-bottom:0;padding-left:0;aspect-ratio:auto;min-height:unset;\"><img decoding=\"async\" class=\"wp-block-cover__image-background wp-image-5220 size-full\" alt=\"\" src=\"https:\/\/www.ssaver.gob.mx\/tecnologias\/wp-content\/uploads\/sites\/14\/2025\/09\/textura_areas_TI-scaled.png\" style=\"object-position:15% 27%\" data-object-fit=\"cover\" data-object-position=\"15% 27%\"\/><span aria-hidden=\"true\" class=\"wp-block-cover__background has-background-dim-100 has-background-dim\" style=\"background-color:#720f37\"><\/span><div class=\"wp-block-cover__inner-container is-layout-constrained wp-container-core-cover-is-layout-72190d31 wp-block-cover-is-layout-constrained\">\n<p class=\"has-text-align-center\" style=\"font-size:28px\"><strong>Transparencia<\/strong><\/p>\n<\/div><\/div>\n<\/div>\n<\/div>\n\n\n\n<div class=\"wp-block-columns is-layout-flex wp-container-core-columns-is-layout-b2864ded wp-block-columns-is-layout-flex\" style=\"margin-top:0;margin-bottom:0;padding-top:0;padding-bottom:0\">\n<div class=\"wp-block-column is-vertically-aligned-center has-background is-layout-flow wp-block-column-is-layout-flow\" style=\"background:linear-gradient(180deg,rgb(233,231,225) 32%,rgba(232,230,225,0) 100%);padding-top:var(--wp--preset--spacing--40);padding-right:var(--wp--preset--spacing--40);padding-bottom:var(--wp--preset--spacing--40);padding-left:var(--wp--preset--spacing--40);flex-basis:100%\">\n<p class=\"has-medium-font-size\">En la Comisi\u00f3n Estatal Contra las Adicciones contamos con 17 Unidades de Especialidades M\u00e9dicas \u2013 Centros Comunitarios de Salud Mental y Adicciones (UNEME-CECOSAMA) distribuidas a lo largo del Estado de Veracruz, en ellas se atiende a cualquier persona que necesite atenci\u00f3n por consumo de alguna sustancia psicoactiva o problema de salud mental y todos los servicios son totalmente gratuitos para el usuario.<\/p>\n\n\n\n<figure class=\"wp-block-image alignwide size-full\"><img loading=\"lazy\" decoding=\"async\" width=\"756\" height=\"954\" src=\"https:\/\/www.ssaver.gob.mx\/ceca\/wp-content\/uploads\/sites\/17\/2024\/09\/image.png\" alt=\"\" class=\"wp-image-1179\" srcset=\"https:\/\/www.ssaver.gob.mx\/ceca\/wp-content\/uploads\/sites\/17\/2024\/09\/image.png 756w, https:\/\/www.ssaver.gob.mx\/ceca\/wp-content\/uploads\/sites\/17\/2024\/09\/image-238x300.png 238w\" sizes=\"auto, (max-width: 756px) 100vw, 756px\" \/><\/figure>\n\n\n\n<p class=\"has-medium-font-size\">A continuaci\u00f3n, presentamos los datos correspondientes a las atenciones brindadas a los usuarios de los UNEME-CECOSAMA por \u201cdroga de inicio\u201d y \u201cdroga de impacto\u201d.<\/p>\n\n\n\n<p class=\"has-text-color has-link-color has-medium-font-size wp-elements-57ea0b123706c1ef1ce7fe4f0f7f677f\" style=\"color:#6a412b\"><strong>\u00bfQue son las drogas de inicio?<\/strong><\/p>\n\n\n\n<p class=\"has-medium-font-size\">Tambi\u00e9n conocida como droga de acceso, es aquella que una persona consume por primera vez y que puede llevarla a probar otras sustancias m\u00e1s peligrosas. Estas drogas suelen ser m\u00e1s accesibles y socialmente aceptadas, por ejemplo:<\/p>\n\n\n\n<ul style=\"background-color:#fff4e0\" class=\"wp-block-list has-background\">\n<li class=\"has-medium-font-size\"><strong>Alcohol:<\/strong> Es una de las drogas m\u00e1s accesibles y socialmente aceptadas. Su consumo puede llevar a probar otras sustancias.<\/li>\n\n\n\n<li class=\"has-medium-font-size\"><strong>Nicotina:<\/strong> Presente en los cigarrillos y otros productos de tabaco, es altamente adictiva y a menudo es la primera droga que muchas personas prueban.<\/li>\n\n\n\n<li class=\"has-medium-font-size\"><strong>Marihuana:<\/strong> Aunque su estatus legal var\u00eda, es una droga de inicio com\u00fan debido a su accesibilidad y aceptaci\u00f3n social.<\/li>\n<\/ul>\n\n\n\n<p class=\"has-medium-font-size\">Estas sustancias son relativamente f\u00e1ciles de obtener y su uso puede llevar a experimentar con otras drogas m\u00e1s peligrosas.<\/p>\n\n\n\n<p class=\"has-text-color has-link-color has-medium-font-size wp-elements-7c301b0e6e50b1c00cedadd565ec99a2\" style=\"color:#6a412b\"><strong>\u00bfQu\u00e9 es una droga de impacto?<\/strong><\/p>\n\n\n\n<p class=\"has-medium-font-size\">Este t\u00e9rmino se refiere a sustancias que tienen un efecto significativo y r\u00e1pido en el organismo, alterando de manera notable el funcionamiento del sistema nervioso central. Estas drogas pueden causar dependencia y tienen un alto potencial de abuso. Algunos ejemplos son los siguientes:<\/p>\n\n\n\n<ul style=\"background-color:#fff4e0\" class=\"wp-block-list has-background\">\n<li class=\"has-medium-font-size\"><strong>Coca\u00edna:<\/strong> Es un potente estimulante que puede causar una euforia intensa y r\u00e1pida, pero tambi\u00e9n tiene un alto potencial de adicci\u00f3n y efectos adversos graves.<\/li>\n\n\n\n<li class=\"has-medium-font-size\"><strong>Hero\u00edna:<\/strong> Un opi\u00e1ceo extremadamente adictivo que produce una sensaci\u00f3n de euforia intensa y r\u00e1pida, pero tambi\u00e9n conlleva un alto riesgo de sobredosis y dependencia.<\/li>\n\n\n\n<li class=\"has-medium-font-size\"><strong>Metanfetamina:<\/strong> Un estimulante sint\u00e9tico que puede aumentar la actividad y la energ\u00eda, pero tambi\u00e9n puede causar da\u00f1os severos al cerebro y al cuerpo.<\/li>\n\n\n\n<li class=\"has-medium-font-size\"><strong>LSD (\u00e1cido lis\u00e9rgico):<\/strong> Un alucin\u00f3geno que puede alterar significativamente la percepci\u00f3n y el estado mental, llevando a experiencias intensas y a veces perturbadoras.<\/li>\n\n\n\n<li class=\"has-medium-font-size\"><strong>MDMA (\u00c9xtasis):<\/strong> Un estimulante y alucin\u00f3geno que puede causar una euforia intensa y aumentar la empat\u00eda, pero tambi\u00e9n puede tener efectos negativos en la salud mental y f\u00edsica.<\/li>\n<\/ul>\n\n\n\n<figure class=\"wp-block-image alignwide size-full\"><img loading=\"lazy\" decoding=\"async\" width=\"902\" height=\"488\" src=\"https:\/\/www.ssaver.gob.mx\/ceca\/wp-content\/uploads\/sites\/17\/2024\/09\/image-1.png\" alt=\"\" class=\"wp-image-1181\" srcset=\"https:\/\/www.ssaver.gob.mx\/ceca\/wp-content\/uploads\/sites\/17\/2024\/09\/image-1.png 902w, https:\/\/www.ssaver.gob.mx\/ceca\/wp-content\/uploads\/sites\/17\/2024\/09\/image-1-300x162.png 300w, https:\/\/www.ssaver.gob.mx\/ceca\/wp-content\/uploads\/sites\/17\/2024\/09\/image-1-768x416.png 768w\" sizes=\"auto, (max-width: 902px) 100vw, 902px\" \/><\/figure>\n\n\n\n<figure class=\"wp-block-image alignwide size-full\"><img loading=\"lazy\" decoding=\"async\" width=\"904\" height=\"510\" src=\"https:\/\/www.ssaver.gob.mx\/ceca\/wp-content\/uploads\/sites\/17\/2024\/09\/image-2.png\" alt=\"\" class=\"wp-image-1182\" srcset=\"https:\/\/www.ssaver.gob.mx\/ceca\/wp-content\/uploads\/sites\/17\/2024\/09\/image-2.png 904w, https:\/\/www.ssaver.gob.mx\/ceca\/wp-content\/uploads\/sites\/17\/2024\/09\/image-2-300x169.png 300w, https:\/\/www.ssaver.gob.mx\/ceca\/wp-content\/uploads\/sites\/17\/2024\/09\/image-2-768x433.png 768w\" sizes=\"auto, (max-width: 904px) 100vw, 904px\" \/><\/figure>\n\n\n\n<figure class=\"wp-block-image alignwide size-full\"><img loading=\"lazy\" decoding=\"async\" width=\"878\" height=\"470\" src=\"https:\/\/www.ssaver.gob.mx\/ceca\/wp-content\/uploads\/sites\/17\/2024\/09\/image-3.png\" alt=\"\" class=\"wp-image-1183\" srcset=\"https:\/\/www.ssaver.gob.mx\/ceca\/wp-content\/uploads\/sites\/17\/2024\/09\/image-3.png 878w, https:\/\/www.ssaver.gob.mx\/ceca\/wp-content\/uploads\/sites\/17\/2024\/09\/image-3-300x161.png 300w, https:\/\/www.ssaver.gob.mx\/ceca\/wp-content\/uploads\/sites\/17\/2024\/09\/image-3-768x411.png 768w\" sizes=\"auto, (max-width: 878px) 100vw, 878px\" \/><\/figure>\n\n\n\n<figure class=\"wp-block-image alignwide size-full\"><img loading=\"lazy\" decoding=\"async\" width=\"858\" height=\"510\" src=\"https:\/\/www.ssaver.gob.mx\/ceca\/wp-content\/uploads\/sites\/17\/2024\/09\/image-4.png\" alt=\"\" class=\"wp-image-1184\" srcset=\"https:\/\/www.ssaver.gob.mx\/ceca\/wp-content\/uploads\/sites\/17\/2024\/09\/image-4.png 858w, https:\/\/www.ssaver.gob.mx\/ceca\/wp-content\/uploads\/sites\/17\/2024\/09\/image-4-300x178.png 300w, https:\/\/www.ssaver.gob.mx\/ceca\/wp-content\/uploads\/sites\/17\/2024\/09\/image-4-768x457.png 768w, https:\/\/www.ssaver.gob.mx\/ceca\/wp-content\/uploads\/sites\/17\/2024\/09\/image-4-184x109.png 184w\" sizes=\"auto, (max-width: 858px) 100vw, 858px\" \/><\/figure>\n\n\n\n<figure class=\"wp-block-image alignwide size-full\"><img loading=\"lazy\" decoding=\"async\" width=\"850\" height=\"496\" src=\"https:\/\/www.ssaver.gob.mx\/ceca\/wp-content\/uploads\/sites\/17\/2024\/09\/image-5.png\" alt=\"\" class=\"wp-image-1185\" srcset=\"https:\/\/www.ssaver.gob.mx\/ceca\/wp-content\/uploads\/sites\/17\/2024\/09\/image-5.png 850w, https:\/\/www.ssaver.gob.mx\/ceca\/wp-content\/uploads\/sites\/17\/2024\/09\/image-5-300x175.png 300w, https:\/\/www.ssaver.gob.mx\/ceca\/wp-content\/uploads\/sites\/17\/2024\/09\/image-5-768x448.png 768w\" sizes=\"auto, (max-width: 850px) 100vw, 850px\" \/><\/figure>\n\n\n\n<figure class=\"wp-block-image alignwide size-full\"><img loading=\"lazy\" decoding=\"async\" width=\"852\" height=\"450\" src=\"https:\/\/www.ssaver.gob.mx\/ceca\/wp-content\/uploads\/sites\/17\/2024\/09\/image-6.png\" alt=\"\" class=\"wp-image-1186\" srcset=\"https:\/\/www.ssaver.gob.mx\/ceca\/wp-content\/uploads\/sites\/17\/2024\/09\/image-6.png 852w, https:\/\/www.ssaver.gob.mx\/ceca\/wp-content\/uploads\/sites\/17\/2024\/09\/image-6-300x158.png 300w, https:\/\/www.ssaver.gob.mx\/ceca\/wp-content\/uploads\/sites\/17\/2024\/09\/image-6-768x406.png 768w\" sizes=\"auto, (max-width: 852px) 100vw, 852px\" \/><\/figure>\n\n\n\n<div class=\"wp-block-columns are-vertically-aligned-top is-layout-flex wp-container-core-columns-is-layout-28f84493 wp-block-columns-is-layout-flex\">\n<div class=\"wp-block-column is-vertically-aligned-top is-layout-flow wp-block-column-is-layout-flow\">\n<figure class=\"wp-block-image aligncenter size-full\"><img loading=\"lazy\" decoding=\"async\" width=\"594\" height=\"440\" src=\"https:\/\/www.ssaver.gob.mx\/ceca\/wp-content\/uploads\/sites\/17\/2024\/09\/image-7.png\" alt=\"\" class=\"wp-image-1187\" srcset=\"https:\/\/www.ssaver.gob.mx\/ceca\/wp-content\/uploads\/sites\/17\/2024\/09\/image-7.png 594w, https:\/\/www.ssaver.gob.mx\/ceca\/wp-content\/uploads\/sites\/17\/2024\/09\/image-7-300x222.png 300w\" sizes=\"auto, (max-width: 594px) 100vw, 594px\" \/><\/figure>\n<\/div>\n\n\n\n<div class=\"wp-block-column is-vertically-aligned-top is-layout-flow wp-block-column-is-layout-flow\">\n<figure class=\"wp-block-image alignwide size-full\"><img loading=\"lazy\" decoding=\"async\" width=\"500\" height=\"460\" src=\"https:\/\/www.ssaver.gob.mx\/ceca\/wp-content\/uploads\/sites\/17\/2024\/09\/image-8.png\" alt=\"\" class=\"wp-image-1188\" srcset=\"https:\/\/www.ssaver.gob.mx\/ceca\/wp-content\/uploads\/sites\/17\/2024\/09\/image-8.png 500w, https:\/\/www.ssaver.gob.mx\/ceca\/wp-content\/uploads\/sites\/17\/2024\/09\/image-8-300x276.png 300w\" sizes=\"auto, (max-width: 500px) 100vw, 500px\" \/><\/figure>\n<\/div>\n<\/div>\n\n\n\n<div class=\"wp-block-columns are-vertically-aligned-top is-layout-flex wp-container-core-columns-is-layout-28f84493 wp-block-columns-is-layout-flex\">\n<div class=\"wp-block-column is-vertically-aligned-top is-layout-flow wp-block-column-is-layout-flow\">\n<figure class=\"wp-block-image alignwide size-full\"><img loading=\"lazy\" decoding=\"async\" width=\"554\" height=\"634\" src=\"https:\/\/www.ssaver.gob.mx\/ceca\/wp-content\/uploads\/sites\/17\/2024\/09\/image-9.png\" alt=\"\" class=\"wp-image-1189\" srcset=\"https:\/\/www.ssaver.gob.mx\/ceca\/wp-content\/uploads\/sites\/17\/2024\/09\/image-9.png 554w, https:\/\/www.ssaver.gob.mx\/ceca\/wp-content\/uploads\/sites\/17\/2024\/09\/image-9-262x300.png 262w\" sizes=\"auto, (max-width: 554px) 100vw, 554px\" \/><\/figure>\n<\/div>\n\n\n\n<div class=\"wp-block-column is-vertically-aligned-top is-layout-flow wp-block-column-is-layout-flow\">\n<figure class=\"wp-block-image alignwide size-full\"><img loading=\"lazy\" decoding=\"async\" width=\"582\" height=\"558\" src=\"https:\/\/www.ssaver.gob.mx\/ceca\/wp-content\/uploads\/sites\/17\/2024\/09\/image-10.png\" alt=\"\" class=\"wp-image-1190\" srcset=\"https:\/\/www.ssaver.gob.mx\/ceca\/wp-content\/uploads\/sites\/17\/2024\/09\/image-10.png 582w, https:\/\/www.ssaver.gob.mx\/ceca\/wp-content\/uploads\/sites\/17\/2024\/09\/image-10-300x288.png 300w\" sizes=\"auto, (max-width: 582px) 100vw, 582px\" \/><\/figure>\n<\/div>\n<\/div>\n\n\n\n<p class=\"has-medium-font-size\">Puede consultar m\u00e1s informaci\u00f3n acerca de las acciones y atenciones realizadas por la Comisi\u00f3n Estatal contra las Adicciones en el micrositio del Observatorio Estatal de Salud Mental y Consumo de Drogas siguiendo la siguiente liga:<\/p>\n\n\n\n<p class=\"has-medium-font-size\"><a href=\"https:\/\/www.ssaver.gob.mx\/ceca\/observatorio-veracruzano-de-salud-mental-y-consumo-de-drogas\/\"><strong>https:\/\/www.ssaver.gob.mx\/ceca\/observatorio-veracruzano-de-salud-mental-y-consumo-de-drogas\/<\/strong><\/a><\/p>\n<\/div>\n<\/div>\n<\/div>\n\n\n\n<div class=\"wp-block-column is-vertically-aligned-top is-layout-flow wp-container-core-column-is-layout-92d440f1 wp-block-column-is-layout-flow\" style=\"padding-top:0;padding-bottom:0;flex-basis:20%\">\n<div class=\"wp-block-columns are-vertically-aligned-top has-background is-layout-flex wp-container-core-columns-is-layout-b5d2ac3b wp-block-columns-is-layout-flex\" style=\"border-radius:26px;background-color:#f4f4ef;margin-top:0;margin-bottom:0;padding-top:0;padding-right:var(--wp--preset--spacing--60);padding-bottom:0;padding-left:var(--wp--preset--spacing--60)\">\n<div class=\"wp-block-column is-vertically-aligned-top is-layout-flow wp-block-column-is-layout-flow\" style=\"border-radius:26px;flex-basis:100%\">\n<p class=\"has-text-align-center has-text-color\" style=\"color:#5b4c0d;margin-top:var(--wp--preset--spacing--20);margin-bottom:var(--wp--preset--spacing--20);font-size:22px\"><strong>Mapas Interactivos<\/strong><\/p>\n\n\n\n<hr class=\"wp-block-separator has-text-color has-alpha-channel-opacity has-background is-style-wide\" style=\"margin-top:var(--wp--preset--spacing--20);margin-bottom:var(--wp--preset--spacing--20);background-color:#d8bf31;color:#d8bf31\"\/>\n\n\n\n<div class=\"wp-block-buttons is-layout-flex wp-container-core-buttons-is-layout-7bbf5824 wp-block-buttons-is-layout-flex\">\n<div class=\"wp-block-button has-custom-width wp-block-button__width-100\"><a class=\"wp-block-button__link has-background wp-element-button\" href=\"https:\/\/www.ssaver.gob.mx\/ceca\/2025\/03\/26\/806\/\" style=\"border-radius:16px;background-color:#560808\" target=\"_blank\" rel=\"noreferrer noopener\"><strong>MAPA DE SUSTANCIAS PSICOACTIVAS<\/strong><\/a><\/div>\n\n\n\n<div class=\"wp-block-button has-custom-width wp-block-button__width-100\"><a class=\"wp-block-button__link has-background wp-element-button\" href=\"https:\/\/incobss.ssaver.gob.mx\/Ceca\/MapaSuicidios\" style=\"border-radius:16px;background-color:#560808\" target=\"_blank\" rel=\"noreferrer noopener\"><strong>MAPA DE SUICIDIOS<\/strong><\/a><\/div>\n<\/div>\n\n\n\n<p class=\"has-text-align-center has-text-color\" style=\"color:#5b4c0d;margin-top:var(--wp--preset--spacing--20);margin-bottom:var(--wp--preset--spacing--20);font-size:22px\"><strong>Enlaces Externos<\/strong><\/p>\n\n\n\n<hr class=\"wp-block-separator has-text-color has-alpha-channel-opacity has-background is-style-wide\" style=\"margin-top:var(--wp--preset--spacing--20);margin-bottom:var(--wp--preset--spacing--20);background-color:#d8bf31;color:#d8bf31\"\/>\n\n\n\n<div class=\"wp-block-columns is-layout-flex wp-container-core-columns-is-layout-33233fb6 wp-block-columns-is-layout-flex\" style=\"margin-top:var(--wp--preset--spacing--20);margin-bottom:var(--wp--preset--spacing--20)\">\n<div class=\"wp-block-column is-layout-flow wp-block-column-is-layout-flow\">\n<ul class=\"wp-block-list\">\n<li class=\"has-text-color has-link-color wp-elements-3ccde5164a8d1e3c7240be75f3df819f\" style=\"color:#7a1737;font-size:17px\"><strong><a href=\"https:\/\/www.gob.mx\/conasama\/documentos\/directorio-nacional-de-unidades-de-especialidades-medicas-uneme-cecosama\" target=\"_blank\" rel=\"noreferrer noopener\">Directorio Nacional de las UNEME-CECOSAMA<\/a><\/strong><\/li>\n\n\n\n<li style=\"font-size:17px\"><strong>Estudios de investigaci\u00f3n<\/strong>\n<ul class=\"wp-block-list\">\n<li class=\"has-text-color has-link-color wp-elements-c86957d926b6e0394d142a604e0bd83b\" style=\"color:#7a1737;font-size:17px\"><strong><a href=\"https:\/\/www.gob.mx\/conasama\/documentos\/estudio-sobre-el-uso-de-cannabis-y-sus-derivados-en-poblacion-mexicana-378886?\" target=\"_blank\" rel=\"noreferrer noopener\">Estudio sobre el uso de Cannabis y sus derivados en poblaci\u00f3n mexicana<\/a><\/strong><\/li>\n<\/ul>\n<\/li>\n\n\n\n<li style=\"font-size:17px\"><strong>Informes T\u00e9cnicos<\/strong>\n<ul class=\"wp-block-list\">\n<li class=\"has-text-color has-link-color wp-elements-e5a58878165d3c7dc4a53fea79eaea16\" style=\"color:#7a1737;font-size:17px\"><strong><a href=\"https:\/\/www.gob.mx\/salud\/conadic\/documentos\/informe-de-la-demanda-y-oferta-de-fentanilo-en-mexico-generalidades-y-situacion-actual\" target=\"_blank\" rel=\"noreferrer noopener\"><\/a><a href=\"https:\/\/www.gob.mx\/conasama\/documentos\/informe-de-la-demanda-y-oferta-de-fentanilo-en-mexico-generalidades-y-situacion-actual-378889?state=published\" target=\"_blank\" rel=\"noreferrer noopener\">Informe de la Demanda y Oferta de Fentanilo en M\u00e9xico: generalidades y situaci\u00f3n actual<\/a><\/strong><\/li>\n\n\n\n<li class=\"has-text-color has-link-color wp-elements-f771c653918665f055b1358295b212a0\" style=\"color:#7a1737;font-size:17px\"><strong><a href=\"https:\/\/www.gob.mx\/salud\/conadic\/documentos\/informe-de-la-demanda-y-oferta-de-fentanilo-en-mexico-generalidades-y-situacion-actual\" target=\"_blank\" rel=\"noreferrer noopener\"><\/a><\/strong><a href=\"https:\/\/www.gob.mx\/conasama\/documentos\/informe-sobre-la-situacion-de-la-salud-mental-y-el-consumo-de-sustancias-en-mexico\" target=\"_blank\" rel=\"noreferrer noopener\"><strong>Informe sobre la Situaci\u00f3n de la salud mental y el consumo de sustancias en M\u00e9xico<\/strong><\/a><\/li>\n<\/ul>\n<\/li>\n\n\n\n<li style=\"font-size:17px\"><strong>Alertas<\/strong>\n<ul class=\"wp-block-list\">\n<li class=\"has-text-color has-link-color wp-elements-49a3eb46eb1a82fbf6870880c3df22a9\" style=\"color:#7a1737;font-size:17px\"><strong><a href=\"https:\/\/www.gob.mx\/conasama\/documentos\/alerta-para-personal-de-salud-y-primeros-respondientes-de-ciudades-fronterizas-de-mexico-378888?state=published\" target=\"_blank\" rel=\"noreferrer noopener\">Alerta para personal de salud y primeros respondientes de ciudades fronterizas de M\u00e9xico<\/a><\/strong><\/li>\n<\/ul>\n<\/li>\n<\/ul>\n<\/div>\n<\/div>\n\n\n\n<hr class=\"wp-block-separator has-text-color has-alpha-channel-opacity has-background is-style-wide\" style=\"margin-top:var(--wp--preset--spacing--40);margin-bottom:var(--wp--preset--spacing--40);background-color:#d8bf31;color:#d8bf31\"\/>\n\n\n\n<ul style=\"margin-top:var(--wp--preset--spacing--20);margin-bottom:var(--wp--preset--spacing--20)\" class=\"wp-block-list\">\n<li class=\"has-text-color has-link-color wp-elements-00905b323a33ded73da15dcd638e3283\" style=\"color:#7a1737;margin-top:var(--wp--preset--spacing--20);margin-bottom:var(--wp--preset--spacing--20);font-size:17px\"><strong><a href=\"https:\/\/www.ssaver.gob.mx\/ceca\/repositorio-de-datos\/\" target=\"_blank\" rel=\"noreferrer noopener\">Repositorio de Datos<\/a><\/strong><\/li>\n<\/ul>\n<\/div>\n<\/div>\n<\/div>\n\n\n\n<div class=\"wp-block-column is-layout-flow wp-block-column-is-layout-flow\" style=\"flex-basis:15%\"><\/div>\n<\/div>\n","protected":false},"excerpt":{"rendered":"<p>En la Comisi\u00f3n Estatal Contra las Adicciones contamos con 17 Unidades de Especialidades M\u00e9dicas \u2013 Centros Comunitarios de Salud Mental<\/p>\n","protected":false},"author":3,"featured_media":0,"parent":0,"menu_order":2,"comment_status":"closed","ping_status":"closed","template":"","meta":{"colormag_page_container_layout":"default_layout","colormag_page_sidebar_layout":"default_layout","footnotes":""},"class_list":["post-532","page","type-page","status-publish","hentry"],"_links":{"self":[{"href":"https:\/\/www.ssaver.gob.mx\/ceca\/wp-json\/wp\/v2\/pages\/532","targetHints":{"allow":["GET"]}}],"collection":[{"href":"https:\/\/www.ssaver.gob.mx\/ceca\/wp-json\/wp\/v2\/pages"}],"about":[{"href":"https:\/\/www.ssaver.gob.mx\/ceca\/wp-json\/wp\/v2\/types\/page"}],"author":[{"embeddable":true,"href":"https:\/\/www.ssaver.gob.mx\/ceca\/wp-json\/wp\/v2\/users\/3"}],"replies":[{"embeddable":true,"href":"https:\/\/www.ssaver.gob.mx\/ceca\/wp-json\/wp\/v2\/comments?post=532"}],"version-history":[{"count":6,"href":"https:\/\/www.ssaver.gob.mx\/ceca\/wp-json\/wp\/v2\/pages\/532\/revisions"}],"predecessor-version":[{"id":2001,"href":"https:\/\/www.ssaver.gob.mx\/ceca\/wp-json\/wp\/v2\/pages\/532\/revisions\/2001"}],"wp:attachment":[{"href":"https:\/\/www.ssaver.gob.mx\/ceca\/wp-json\/wp\/v2\/media?parent=532"}],"curies":[{"name":"wp","href":"https:\/\/api.w.org\/{rel}","templated":true}]}}