{"id":314,"date":"2026-02-23T13:57:07","date_gmt":"2026-02-23T19:57:07","guid":{"rendered":"https:\/\/www.ssaver.gob.mx\/cecan\/?page_id=314"},"modified":"2026-02-23T14:15:01","modified_gmt":"2026-02-23T20:15:01","slug":"psicologia","status":"publish","type":"page","link":"https:\/\/www.ssaver.gob.mx\/cecan\/servicios_ofertados\/catalogo-de-servicios-medicos\/psicologia\/","title":{"rendered":"Psicologia"},"content":{"rendered":"\n<div class=\"wp-block-columns is-layout-flex wp-container-core-columns-is-layout-9c22b1e3 wp-block-columns-is-layout-flex\">\n<div class=\"wp-block-column is-layout-flow wp-block-column-is-layout-flow\" style=\"padding-right:0;padding-left:0;flex-basis:15%\"><\/div>\n\n\n\n<div class=\"wp-block-column is-vertically-aligned-stretch is-layout-constrained wp-container-core-column-is-layout-affacae6 wp-block-column-is-layout-constrained\" style=\"padding-right:0;padding-left:0;flex-basis:70%\">\n<div class=\"wp-block-cover wp-elements-1c142dc1896ba83b0f85f58a3a08519c has-aspect-ratio\" style=\"margin-top:0;margin-bottom:0;padding-top:0;padding-right:0;padding-bottom:0;padding-left:0;aspect-ratio:auto;min-height:unset;\"><img decoding=\"async\" class=\"wp-block-cover__image-background wp-image-5220 size-full\" alt=\"\" src=\"https:\/\/www.ssaver.gob.mx\/tecnologias\/wp-content\/uploads\/sites\/14\/2025\/09\/textura_areas_TI-scaled.png\" style=\"object-position:15% 27%\" data-object-fit=\"cover\" data-object-position=\"15% 27%\" \/><span aria-hidden=\"true\" class=\"wp-block-cover__background has-background-dim-100 has-background-dim\" style=\"background-color:#720f37\"><\/span><div class=\"wp-block-cover__inner-container is-layout-constrained wp-container-core-cover-is-layout-72190d31 wp-block-cover-is-layout-constrained\">\n<p class=\"has-text-align-center\" style=\"font-size:28px\"><strong>Psicologia<\/strong><\/p>\n<\/div><\/div>\n<\/div>\n\n\n\n<div class=\"wp-block-column is-layout-flow wp-block-column-is-layout-flow\" style=\"padding-right:0;padding-left:0;flex-basis:15%\"><\/div>\n<\/div>\n\n\n\n<div class=\"wp-block-columns is-layout-flex wp-container-core-columns-is-layout-b2864ded wp-block-columns-is-layout-flex\" style=\"margin-top:0;margin-bottom:0;padding-top:0;padding-bottom:0\">\n<div class=\"wp-block-column is-layout-flow wp-block-column-is-layout-flow\" style=\"flex-basis:15%\"><\/div>\n\n\n\n<div class=\"wp-block-column is-vertically-aligned-center has-background is-layout-flow wp-block-column-is-layout-flow\" style=\"background:linear-gradient(180deg,rgb(233,231,225) 57%,rgba(232,230,225,0) 100%);padding-top:var(--wp--preset--spacing--40);padding-right:var(--wp--preset--spacing--70);padding-bottom:var(--wp--preset--spacing--40);padding-left:var(--wp--preset--spacing--70);flex-basis:70%\">\n<p><strong>En el Departamento de Psicolog\u00eda:<\/strong> brinda atenci\u00f3n especializada para el acompa\u00f1amiento emocional de pacientes oncol\u00f3gicos y sus familias a lo largo de todo el proceso de la enfermedad. Interviene en el manejo del impacto psicol\u00f3gico del diagn\u00f3stico, el tratamiento, los efectos secundarios y el duelo, entre otras.<\/p>\n\n\n\n<p><strong>Ofrecemos los Servicios: <\/strong><\/p>\n\n\n\n<p><strong>Requisitos para ser atendido: <\/strong>Cita previa o interconsulta de \u00e1rea m\u00e9dica, cabe se\u00f1alar que cualquier familiar o cuidador puede asistir a solicitar la atenci\u00f3n psicol\u00f3gica en el consultorio 9 sin alg\u00fan requisito previo.<\/p>\n\n\n\n<p>Extensi\u00f3n de Psicolog\u00eda 5083<\/p>\n\n\n\n<p>Departamento de Psicolog\u00eda y Tanatolog\u00eda<\/p>\n\n\n\n<p><\/p>\n<\/div>\n\n\n\n<div class=\"wp-block-column is-layout-flow wp-block-column-is-layout-flow\" style=\"flex-basis:15%\"><\/div>\n<\/div>\n\n\n\n<p><\/p>\n","protected":false},"excerpt":{"rendered":"<p>En el Departamento de Psicolog\u00eda: brinda atenci\u00f3n especializada para el acompa\u00f1amiento emocional de pacientes oncol\u00f3gicos y sus familias a lo<\/p>\n","protected":false},"author":74,"featured_media":0,"parent":243,"menu_order":0,"comment_status":"closed","ping_status":"closed","template":"","meta":{"colormag_page_container_layout":"default_layout","colormag_page_sidebar_layout":"default_layout","footnotes":""},"class_list":["post-314","page","type-page","status-publish","hentry"],"_links":{"self":[{"href":"https:\/\/www.ssaver.gob.mx\/cecan\/wp-json\/wp\/v2\/pages\/314","targetHints":{"allow":["GET"]}}],"collection":[{"href":"https:\/\/www.ssaver.gob.mx\/cecan\/wp-json\/wp\/v2\/pages"}],"about":[{"href":"https:\/\/www.ssaver.gob.mx\/cecan\/wp-json\/wp\/v2\/types\/page"}],"author":[{"embeddable":true,"href":"https:\/\/www.ssaver.gob.mx\/cecan\/wp-json\/wp\/v2\/users\/74"}],"replies":[{"embeddable":true,"href":"https:\/\/www.ssaver.gob.mx\/cecan\/wp-json\/wp\/v2\/comments?post=314"}],"version-history":[{"count":2,"href":"https:\/\/www.ssaver.gob.mx\/cecan\/wp-json\/wp\/v2\/pages\/314\/revisions"}],"predecessor-version":[{"id":321,"href":"https:\/\/www.ssaver.gob.mx\/cecan\/wp-json\/wp\/v2\/pages\/314\/revisions\/321"}],"up":[{"embeddable":true,"href":"https:\/\/www.ssaver.gob.mx\/cecan\/wp-json\/wp\/v2\/pages\/243"}],"wp:attachment":[{"href":"https:\/\/www.ssaver.gob.mx\/cecan\/wp-json\/wp\/v2\/media?parent=314"}],"curies":[{"name":"wp","href":"https:\/\/api.w.org\/{rel}","templated":true}]}}