{"id":322,"date":"2026-02-24T09:08:25","date_gmt":"2026-02-24T15:08:25","guid":{"rendered":"https:\/\/www.ssaver.gob.mx\/cecan\/?page_id=322"},"modified":"2026-02-24T09:08:25","modified_gmt":"2026-02-24T15:08:25","slug":"unidad-funcional-cacu","status":"publish","type":"page","link":"https:\/\/www.ssaver.gob.mx\/cecan\/servicios_ofertados\/catalogo-de-servicios-medicos\/unidad-funcional-cacu\/","title":{"rendered":"Unidad Funcional CACU"},"content":{"rendered":"\n<div class=\"wp-block-columns is-layout-flex wp-container-core-columns-is-layout-9c22b1e3 wp-block-columns-is-layout-flex\">\n<div class=\"wp-block-column is-layout-flow wp-block-column-is-layout-flow\" style=\"padding-right:0;padding-left:0;flex-basis:15%\"><\/div>\n\n\n\n<div class=\"wp-block-column is-vertically-aligned-stretch is-layout-constrained wp-container-core-column-is-layout-affacae6 wp-block-column-is-layout-constrained\" style=\"padding-right:0;padding-left:0;flex-basis:70%\">\n<div class=\"wp-block-cover wp-elements-e4464c93c577c0aa70100d9ee4262f38 has-aspect-ratio\" style=\"margin-top:0;margin-bottom:0;padding-top:0;padding-right:0;padding-bottom:0;padding-left:0;aspect-ratio:auto;min-height:unset;\"><img decoding=\"async\" class=\"wp-block-cover__image-background wp-image-5220 size-full\" alt=\"\" src=\"https:\/\/www.ssaver.gob.mx\/tecnologias\/wp-content\/uploads\/sites\/14\/2025\/09\/textura_areas_TI-scaled.png\" style=\"object-position:15% 27%\" data-object-fit=\"cover\" data-object-position=\"15% 27%\" \/><span aria-hidden=\"true\" class=\"wp-block-cover__background has-background-dim-100 has-background-dim\" style=\"background-color:#720f37\"><\/span><div class=\"wp-block-cover__inner-container is-layout-constrained wp-container-core-cover-is-layout-72190d31 wp-block-cover-is-layout-constrained\">\n<p class=\"has-text-align-center\" style=\"font-size:28px\">Coordinaci\u00f3n de La Unidad Funcional de Tumores Ginecol\u00f3gicos<\/p>\n<\/div><\/div>\n<\/div>\n\n\n\n<div class=\"wp-block-column is-layout-flow wp-block-column-is-layout-flow\" style=\"padding-right:0;padding-left:0;flex-basis:15%\"><\/div>\n<\/div>\n\n\n\n<div class=\"wp-block-columns is-layout-flex wp-container-core-columns-is-layout-b2864ded wp-block-columns-is-layout-flex\" style=\"margin-top:0;margin-bottom:0;padding-top:0;padding-bottom:0\">\n<div class=\"wp-block-column is-layout-flow wp-block-column-is-layout-flow\" style=\"flex-basis:15%\"><\/div>\n\n\n\n<div class=\"wp-block-column is-vertically-aligned-center has-background is-layout-flow wp-block-column-is-layout-flow\" style=\"background:linear-gradient(180deg,rgb(233,231,225) 57%,rgba(232,230,225,0) 100%);padding-top:var(--wp--preset--spacing--40);padding-right:var(--wp--preset--spacing--70);padding-bottom:var(--wp--preset--spacing--40);padding-left:var(--wp--preset--spacing--70);flex-basis:70%\">\n<p><strong>En la Coordinaci\u00f3n de La Unidad Funcional de Tumores Ginecol\u00f3gicos:<\/strong> Atenci\u00f3n integral a las pacientes con DX de c\u00e1ncer de Cervix, ovario y Endometrio entre otras.<\/p>\n\n\n\n<p><strong>Ofrecemos los Servicios: <\/strong>Apertura de expediente, consulta con M\u00e9dico General, Consulta con Especialistas, agenda de citas<\/p>\n\n\n\n<p><strong>Requisitos para ser atendido: <\/strong>Cita precia. Documentos personales; INE, CURP, acta de nacimiento, comprobante de domicilio, constancias de no derechohabiencia IMSS e ISSSTE. Documentos medicos para diagn\u00f3stico de cacu y endometrio; referencia, estudios de laboratorio, tomograf\u00eda de torax abdomen y pelvis simple y contrastada, laminillas y bloques de parafina, reporte de patolog\u00eda, prueba de embarazo. Documentos m\u00e9dicos para diagn\u00f3stico de ovario: referencia, estudios de laboratorio, tomograf\u00eda de torax abdomen y pelvis simple y contrastada, laminillas y bloques de parafina, reporte de patolog\u00eda, prueba de embarazo y bloques y laminillas solo si ya fue operada.<\/p>\n\n\n\n<p>Extensi\u00f3n  de la Unidad Funcional de Tumores Ginecol\u00f3gicos 2288433590 al 99, ext 5049, correo: unidadfuncional.cacu.cecan@gmail.com<\/p>\n\n\n\n<p>Dra. Asucena Irais Mendoza Huerta, responsable de la UFTG<\/p>\n\n\n\n<p><\/p>\n<\/div>\n\n\n\n<div class=\"wp-block-column is-layout-flow wp-block-column-is-layout-flow\" style=\"flex-basis:15%\"><\/div>\n<\/div>\n\n\n\n<p><\/p>\n","protected":false},"excerpt":{"rendered":"<p>En la Coordinaci\u00f3n de La Unidad Funcional de Tumores Ginecol\u00f3gicos: Atenci\u00f3n integral a las pacientes con DX de c\u00e1ncer de<\/p>\n","protected":false},"author":74,"featured_media":0,"parent":243,"menu_order":0,"comment_status":"closed","ping_status":"closed","template":"","meta":{"colormag_page_container_layout":"default_layout","colormag_page_sidebar_layout":"default_layout","footnotes":""},"class_list":["post-322","page","type-page","status-publish","hentry"],"_links":{"self":[{"href":"https:\/\/www.ssaver.gob.mx\/cecan\/wp-json\/wp\/v2\/pages\/322","targetHints":{"allow":["GET"]}}],"collection":[{"href":"https:\/\/www.ssaver.gob.mx\/cecan\/wp-json\/wp\/v2\/pages"}],"about":[{"href":"https:\/\/www.ssaver.gob.mx\/cecan\/wp-json\/wp\/v2\/types\/page"}],"author":[{"embeddable":true,"href":"https:\/\/www.ssaver.gob.mx\/cecan\/wp-json\/wp\/v2\/users\/74"}],"replies":[{"embeddable":true,"href":"https:\/\/www.ssaver.gob.mx\/cecan\/wp-json\/wp\/v2\/comments?post=322"}],"version-history":[{"count":1,"href":"https:\/\/www.ssaver.gob.mx\/cecan\/wp-json\/wp\/v2\/pages\/322\/revisions"}],"predecessor-version":[{"id":323,"href":"https:\/\/www.ssaver.gob.mx\/cecan\/wp-json\/wp\/v2\/pages\/322\/revisions\/323"}],"up":[{"embeddable":true,"href":"https:\/\/www.ssaver.gob.mx\/cecan\/wp-json\/wp\/v2\/pages\/243"}],"wp:attachment":[{"href":"https:\/\/www.ssaver.gob.mx\/cecan\/wp-json\/wp\/v2\/media?parent=322"}],"curies":[{"name":"wp","href":"https:\/\/api.w.org\/{rel}","templated":true}]}}