{"id":120,"date":"2025-02-26T12:34:47","date_gmt":"2025-02-26T18:34:47","guid":{"rendered":"https:\/\/www.ssaver.gob.mx\/centroestatalcontralasadicciones\/?page_id=120"},"modified":"2026-03-19T11:06:33","modified_gmt":"2026-03-19T17:06:33","slug":"programa-residencial","status":"publish","type":"page","link":"https:\/\/www.ssaver.gob.mx\/centroestatalcontralasadicciones\/programa-residencial\/","title":{"rendered":"Programa residencial"},"content":{"rendered":"\n<div class=\"wp-block-group is-layout-constrained wp-container-core-group-is-layout-9517baca wp-block-group-is-layout-constrained\">\n<div class=\"wp-block-columns is-layout-flex wp-container-core-columns-is-layout-9c22b1e3 wp-block-columns-is-layout-flex\">\n<div class=\"wp-block-column is-vertically-aligned-stretch is-layout-flow wp-container-core-column-is-layout-c43c6636 wp-block-column-is-layout-flow\" style=\"padding-right:0;padding-left:0;flex-basis:100%\">\n<div class=\"wp-block-cover wp-elements-42543dec61c6a30693d4a72497106767 has-aspect-ratio\" style=\"margin-top:0;margin-bottom:0;padding-top:0;padding-right:0;padding-bottom:0;padding-left:0;aspect-ratio:auto;min-height:unset;\"><img decoding=\"async\" class=\"wp-block-cover__image-background wp-image-5220 size-full\" alt=\"\" src=\"https:\/\/www.ssaver.gob.mx\/tecnologias\/wp-content\/uploads\/sites\/14\/2025\/09\/textura_areas_TI-scaled.png\" style=\"object-position:15% 27%\" data-object-fit=\"cover\" data-object-position=\"15% 27%\" \/><span aria-hidden=\"true\" class=\"wp-block-cover__background has-background-dim-100 has-background-dim\" style=\"background-color:#720f37\"><\/span><div class=\"wp-block-cover__inner-container is-layout-constrained wp-container-core-cover-is-layout-72190d31 wp-block-cover-is-layout-constrained\">\n<p class=\"has-text-align-center\" style=\"font-size:28px\"><strong>Programa residencial<\/strong><\/p>\n<\/div><\/div>\n<\/div>\n<\/div>\n\n\n\n<div class=\"wp-block-columns is-layout-flex wp-container-core-columns-is-layout-b2864ded wp-block-columns-is-layout-flex\" style=\"margin-top:0;margin-bottom:0;padding-top:0;padding-bottom:0\">\n<div class=\"wp-block-column is-vertically-aligned-center has-background is-layout-flow wp-block-column-is-layout-flow\" style=\"background:linear-gradient(180deg,rgb(233,231,225) 57%,rgba(232,230,225,0) 100%);padding-top:var(--wp--preset--spacing--40);padding-right:var(--wp--preset--spacing--70);padding-bottom:var(--wp--preset--spacing--40);padding-left:var(--wp--preset--spacing--70);flex-basis:100%\">\n<div class=\"wp-block-columns is-layout-flex wp-container-core-columns-is-layout-28f84493 wp-block-columns-is-layout-flex\">\n<div class=\"wp-block-column is-vertically-aligned-center is-layout-flow wp-block-column-is-layout-flow\" style=\"flex-basis:100%\">\n<p class=\"has-medium-font-size\"><strong>Consta de 42 d\u00edas de internamiento<\/strong><\/p>\n\n\n\n<hr class=\"wp-block-separator has-text-color has-alpha-channel-opacity has-background is-style-wide\" style=\"background-color:#d8bf31;color:#d8bf31\" \/>\n\n\n\n<p class=\"has-medium-font-size\">Es un programa integral, personalizado, basado en el MODELO MINNESOTA, con el objetivo de sensibilizar al paciente acerca de los patrones de comportamiento que repercutieron en la adquisici\u00f3n de la enfermedad de la ADICCION, y as\u00ed lograr h\u00e1bitos saludables para una mejor calidad de vida.<\/p>\n\n\n\n<p class=\"has-medium-font-size\">Sabemos que la familia sufre, se preocupa y desempe\u00f1a un papel muy importante en la rehabilitaci\u00f3n y recuperaci\u00f3n del&nbsp;&nbsp; paciente, es por ello que se garantizamos la comunicaci\u00f3n con el paciente durante el internamiento.<\/p>\n\n\n\n<p class=\"has-medium-font-size\"><strong>Postratamiento<\/strong><\/p>\n\n\n\n<hr class=\"wp-block-separator has-text-color has-alpha-channel-opacity has-background is-style-wide\" style=\"background-color:#d8bf31;color:#d8bf31\" \/>\n<\/div>\n<\/div>\n\n\n\n<p class=\"has-medium-font-size\">Se brinda acompa\u00f1amiento durante 6 meses de manera virtual y presencial para fortalecer y cuidar el proceso de recuperaci\u00f3n.<\/p>\n<\/div>\n<\/div>\n<\/div>\n","protected":false},"excerpt":{"rendered":"<p>Consta de 42 d\u00edas de internamiento Es un programa integral, personalizado, basado en el MODELO MINNESOTA, con el objetivo de<\/p>\n","protected":false},"author":3,"featured_media":0,"parent":0,"menu_order":0,"comment_status":"closed","ping_status":"closed","template":"","meta":{"colormag_page_container_layout":"default_layout","colormag_page_sidebar_layout":"default_layout","footnotes":""},"class_list":["post-120","page","type-page","status-publish","hentry"],"_links":{"self":[{"href":"https:\/\/www.ssaver.gob.mx\/centroestatalcontralasadicciones\/wp-json\/wp\/v2\/pages\/120","targetHints":{"allow":["GET"]}}],"collection":[{"href":"https:\/\/www.ssaver.gob.mx\/centroestatalcontralasadicciones\/wp-json\/wp\/v2\/pages"}],"about":[{"href":"https:\/\/www.ssaver.gob.mx\/centroestatalcontralasadicciones\/wp-json\/wp\/v2\/types\/page"}],"author":[{"embeddable":true,"href":"https:\/\/www.ssaver.gob.mx\/centroestatalcontralasadicciones\/wp-json\/wp\/v2\/users\/3"}],"replies":[{"embeddable":true,"href":"https:\/\/www.ssaver.gob.mx\/centroestatalcontralasadicciones\/wp-json\/wp\/v2\/comments?post=120"}],"version-history":[{"count":4,"href":"https:\/\/www.ssaver.gob.mx\/centroestatalcontralasadicciones\/wp-json\/wp\/v2\/pages\/120\/revisions"}],"predecessor-version":[{"id":352,"href":"https:\/\/www.ssaver.gob.mx\/centroestatalcontralasadicciones\/wp-json\/wp\/v2\/pages\/120\/revisions\/352"}],"wp:attachment":[{"href":"https:\/\/www.ssaver.gob.mx\/centroestatalcontralasadicciones\/wp-json\/wp\/v2\/media?parent=120"}],"curies":[{"name":"wp","href":"https:\/\/api.w.org\/{rel}","templated":true}]}}