{"id":94,"date":"2025-02-26T11:55:31","date_gmt":"2025-02-26T17:55:31","guid":{"rendered":"https:\/\/www.ssaver.gob.mx\/centroestatalcontralasadicciones\/?page_id=94"},"modified":"2026-03-19T11:05:20","modified_gmt":"2026-03-19T17:05:20","slug":"requisitos-y-costos","status":"publish","type":"page","link":"https:\/\/www.ssaver.gob.mx\/centroestatalcontralasadicciones\/requisitos-y-costos\/","title":{"rendered":"Requisitos y costos"},"content":{"rendered":"\n<hr class=\"wp-block-separator aligncenter has-text-color has-alpha-channel-opacity has-background is-style-wide\" style=\"background-color:#d8bf31;color:#d8bf31\" \/>\n\n\n\n<div class=\"wp-block-group is-layout-constrained wp-container-core-group-is-layout-9517baca wp-block-group-is-layout-constrained\">\n<div class=\"wp-block-columns is-layout-flex wp-container-core-columns-is-layout-9c22b1e3 wp-block-columns-is-layout-flex\">\n<div class=\"wp-block-column is-vertically-aligned-stretch is-layout-flow wp-container-core-column-is-layout-c43c6636 wp-block-column-is-layout-flow\" style=\"padding-right:0;padding-left:0;flex-basis:119.9%\">\n<div class=\"wp-block-cover wp-elements-c626b29f7448b15c621d9b3db3499c98 has-aspect-ratio\" style=\"margin-top:0;margin-bottom:0;padding-top:0;padding-right:0;padding-bottom:0;padding-left:0;aspect-ratio:auto;min-height:unset;\"><img decoding=\"async\" class=\"wp-block-cover__image-background wp-image-5220 size-full\" alt=\"\" src=\"https:\/\/www.ssaver.gob.mx\/tecnologias\/wp-content\/uploads\/sites\/14\/2025\/09\/textura_areas_TI-scaled.png\" style=\"object-position:15% 27%\" data-object-fit=\"cover\" data-object-position=\"15% 27%\" \/><span aria-hidden=\"true\" class=\"wp-block-cover__background has-background-dim-100 has-background-dim\" style=\"background-color:#720f37\"><\/span><div class=\"wp-block-cover__inner-container is-layout-constrained wp-container-core-cover-is-layout-72190d31 wp-block-cover-is-layout-constrained\">\n<p class=\"has-text-align-center\" style=\"font-size:28px\"><strong>Requisitos y costos<\/strong><\/p>\n<\/div><\/div>\n<\/div>\n<\/div>\n\n\n\n<div class=\"wp-block-columns is-layout-flex wp-container-core-columns-is-layout-b2864ded wp-block-columns-is-layout-flex\" style=\"margin-top:0;margin-bottom:0;padding-top:0;padding-bottom:0\">\n<div class=\"wp-block-column is-vertically-aligned-center has-background is-layout-flow wp-block-column-is-layout-flow\" style=\"background:linear-gradient(180deg,rgb(233,231,225) 57%,rgba(232,230,225,0) 100%);padding-top:var(--wp--preset--spacing--40);padding-right:var(--wp--preset--spacing--70);padding-bottom:var(--wp--preset--spacing--40);padding-left:var(--wp--preset--spacing--70);flex-basis:100%\">\n<div class=\"wp-block-columns is-layout-flex wp-container-core-columns-is-layout-28f84493 wp-block-columns-is-layout-flex\">\n<div class=\"wp-block-column is-vertically-aligned-center is-layout-flow wp-block-column-is-layout-flow\" style=\"flex-basis:33.33%\">\n<p class=\"has-medium-font-size\"><strong>Requisitos<\/strong><\/p>\n\n\n\n<hr class=\"wp-block-separator has-text-color has-alpha-channel-opacity has-background is-style-wide\" style=\"background-color:#d8bf31;color:#d8bf31\" \/>\n\n\n\n<ul class=\"wp-block-list\">\n<li class=\"has-medium-font-size\">Ingreso voluntario<\/li>\n\n\n\n<li class=\"has-medium-font-size\">Acudir acompa\u00f1ado <br>de un responsable legal<\/li>\n\n\n\n<li class=\"has-medium-font-size\">Tramitar cita para valoraci\u00f3n<\/li>\n<\/ul>\n\n\n\n<div class=\"wp-block-columns is-layout-flex wp-container-core-columns-is-layout-28f84493 wp-block-columns-is-layout-flex\">\n<div class=\"wp-block-column is-layout-flow wp-block-column-is-layout-flow\" style=\"flex-basis:33.33%\">\n<figure class=\"wp-block-image size-full\"><img loading=\"lazy\" decoding=\"async\" width=\"168\" height=\"150\" src=\"https:\/\/www.ssaver.gob.mx\/centroestatalcontralasadicciones\/wp-content\/uploads\/sites\/44\/2025\/02\/image-8.png\" alt=\"\" class=\"wp-image-107\" \/><\/figure>\n<\/div>\n\n\n\n<div class=\"wp-block-column is-vertically-aligned-center is-layout-flow wp-block-column-is-layout-flow\" style=\"flex-basis:66.66%\">\n<div class=\"wp-block-columns are-vertically-aligned-center is-layout-flex wp-container-core-columns-is-layout-28f84493 wp-block-columns-is-layout-flex\">\n<div class=\"wp-block-column is-vertically-aligned-center is-layout-flow wp-block-column-is-layout-flow\" style=\"flex-basis:33.33%\">\n<figure class=\"wp-block-image aligncenter size-full\"><img loading=\"lazy\" decoding=\"async\" width=\"92\" height=\"92\" src=\"https:\/\/www.ssaver.gob.mx\/centroestatalcontralasadicciones\/wp-content\/uploads\/sites\/44\/2025\/02\/image-9.png\" alt=\"\" class=\"wp-image-108\" \/><\/figure>\n<\/div>\n\n\n\n<div class=\"wp-block-column is-vertically-aligned-center is-layout-flow wp-block-column-is-layout-flow\" style=\"flex-basis:66.66%\">\n<p class=\"has-text-align-center has-medium-font-size\">CITAS<br><strong>2291377258<\/strong><\/p>\n<\/div>\n<\/div>\n<\/div>\n<\/div>\n<\/div>\n\n\n\n<div class=\"wp-block-column is-vertically-aligned-center has-border-color has-background has-medium-font-size is-layout-flow wp-container-core-column-is-layout-b199210a wp-block-column-is-layout-flow\" style=\"border-color:#d8bf31;border-width:3px;border-radius:26px;background-color:#f2f0e5;padding-top:var(--wp--preset--spacing--70);padding-right:var(--wp--preset--spacing--60);padding-bottom:var(--wp--preset--spacing--70);padding-left:var(--wp--preset--spacing--60);flex-basis:66.66%\">\n<p class=\"has-text-align-center\" style=\"font-size:18px\"><strong>Costos<\/strong><\/p>\n\n\n\n<p class=\"has-text-align-center\" style=\"font-size:18px\">De acuerdo al ARTICULO &nbsp;77 BIS 1 DE LA LEY DE SALUD:<\/p>\n\n\n\n<p class=\"has-text-align-center\" style=\"font-size:18px\">Los servicios de salud SON TOTALMENTE GRATUITOS para las personas sin seguridad social.<\/p>\n\n\n\n<p class=\"has-text-align-center\" style=\"font-size:18px\">En caso de ser DERECHOHABIENTE a alg\u00fan servicio de salud, se realizar\u00e1 un Estudio Socioecon\u00f3mico para determinar la cuota de recuperaci\u00f3n que deben cubrir, siempre procurando la salud del paciente como una prioridad.<\/p>\n<\/div>\n<\/div>\n<\/div>\n<\/div>\n<\/div>\n","protected":false},"excerpt":{"rendered":"<p>Requisitos CITAS2291377258 Costos De acuerdo al ARTICULO &nbsp;77 BIS 1 DE LA LEY DE SALUD: Los servicios de salud SON<\/p>\n","protected":false},"author":3,"featured_media":0,"parent":0,"menu_order":0,"comment_status":"closed","ping_status":"closed","template":"","meta":{"colormag_page_container_layout":"default_layout","colormag_page_sidebar_layout":"default_layout","footnotes":""},"class_list":["post-94","page","type-page","status-publish","hentry"],"_links":{"self":[{"href":"https:\/\/www.ssaver.gob.mx\/centroestatalcontralasadicciones\/wp-json\/wp\/v2\/pages\/94","targetHints":{"allow":["GET"]}}],"collection":[{"href":"https:\/\/www.ssaver.gob.mx\/centroestatalcontralasadicciones\/wp-json\/wp\/v2\/pages"}],"about":[{"href":"https:\/\/www.ssaver.gob.mx\/centroestatalcontralasadicciones\/wp-json\/wp\/v2\/types\/page"}],"author":[{"embeddable":true,"href":"https:\/\/www.ssaver.gob.mx\/centroestatalcontralasadicciones\/wp-json\/wp\/v2\/users\/3"}],"replies":[{"embeddable":true,"href":"https:\/\/www.ssaver.gob.mx\/centroestatalcontralasadicciones\/wp-json\/wp\/v2\/comments?post=94"}],"version-history":[{"count":18,"href":"https:\/\/www.ssaver.gob.mx\/centroestatalcontralasadicciones\/wp-json\/wp\/v2\/pages\/94\/revisions"}],"predecessor-version":[{"id":351,"href":"https:\/\/www.ssaver.gob.mx\/centroestatalcontralasadicciones\/wp-json\/wp\/v2\/pages\/94\/revisions\/351"}],"wp:attachment":[{"href":"https:\/\/www.ssaver.gob.mx\/centroestatalcontralasadicciones\/wp-json\/wp\/v2\/media?parent=94"}],"curies":[{"name":"wp","href":"https:\/\/api.w.org\/{rel}","templated":true}]}}