{"id":1051,"date":"2023-01-11T12:35:41","date_gmt":"2023-01-11T18:35:41","guid":{"rendered":"https:\/\/www.ssaver.gob.mx\/cets\/?page_id=1051"},"modified":"2026-03-19T10:52:14","modified_gmt":"2026-03-19T16:52:14","slug":"traslado-de-donadores","status":"publish","type":"page","link":"https:\/\/www.ssaver.gob.mx\/cets\/promocion\/donacion-altruista-de-sangre\/traslado-de-donadores\/","title":{"rendered":"Traslado de donadores"},"content":{"rendered":"\n<div class=\"wp-block-group is-layout-constrained wp-container-core-group-is-layout-9517baca wp-block-group-is-layout-constrained\">\n<div class=\"wp-block-columns is-layout-flex wp-container-core-columns-is-layout-9c22b1e3 wp-block-columns-is-layout-flex\">\n<div class=\"wp-block-column is-vertically-aligned-stretch is-layout-flow wp-container-core-column-is-layout-c43c6636 wp-block-column-is-layout-flow\" style=\"padding-right:0;padding-left:0;flex-basis:100%\">\n<div class=\"wp-block-cover wp-elements-abf92ffeac437799855dd09402c7a912 has-aspect-ratio\" style=\"margin-top:0;margin-bottom:0;padding-top:0;padding-right:0;padding-bottom:0;padding-left:0;aspect-ratio:auto;min-height:unset;\"><img decoding=\"async\" class=\"wp-block-cover__image-background wp-image-5220 size-full\" alt=\"\" src=\"https:\/\/www.ssaver.gob.mx\/tecnologias\/wp-content\/uploads\/sites\/14\/2025\/09\/textura_areas_TI-scaled.png\" style=\"object-position:15% 27%\" data-object-fit=\"cover\" data-object-position=\"15% 27%\" \/><span aria-hidden=\"true\" class=\"wp-block-cover__background has-background-dim-100 has-background-dim\" style=\"background-color:#720f37\"><\/span><div class=\"wp-block-cover__inner-container is-layout-constrained wp-container-core-cover-is-layout-72190d31 wp-block-cover-is-layout-constrained\">\n<p class=\"has-text-align-center\" style=\"font-size:28px\"><strong>Traslado de donadores<\/strong><\/p>\n<\/div><\/div>\n<\/div>\n<\/div>\n\n\n\n<div class=\"wp-block-columns is-layout-flex wp-container-core-columns-is-layout-b2864ded wp-block-columns-is-layout-flex\" style=\"margin-top:0;margin-bottom:0;padding-top:0;padding-bottom:0\">\n<div class=\"wp-block-column is-vertically-aligned-center has-background is-layout-flow wp-block-column-is-layout-flow\" style=\"background:linear-gradient(180deg,rgb(233,231,225) 32%,rgba(232,230,225,0) 100%);padding-top:var(--wp--preset--spacing--40);padding-right:var(--wp--preset--spacing--70);padding-bottom:var(--wp--preset--spacing--40);padding-left:var(--wp--preset--spacing--70);flex-basis:100%\">\n<hr class=\"wp-block-separator aligncenter has-text-color has-alpha-channel-opacity has-background is-style-wide\" style=\"margin-top:var(--wp--preset--spacing--20);margin-bottom:var(--wp--preset--spacing--20);background-color:#d6af4d;color:#d6af4d\" \/>\n\n\n\n<p class=\"has-medium-font-size\">Esta modalidad entra en funci\u00f3n cuando los grupos de candidatos a donar no cumplen con el m\u00ednimo requerido para llevar a cabo una colecta externa, en tal situaci\u00f3n, se traslada a los candidatos en el veh\u00edculo oficial del CETS a nuestras instalaciones, para llevar a cabo todo el proceso y al finalizar son regresados a su sede.<\/p>\n\n\n\n<p class=\"has-medium-font-size\">Es de suma importancia hacer menci\u00f3n que, para el CETS y su personal, es primordial cuidar la salud y bienestar de los donadores y en concordancia con lo que indica la NOM-253 se cumplen todos los procedimientos para cumplir con ese objetivo.<\/p>\n<\/div>\n<\/div>\n<\/div>\n","protected":false},"excerpt":{"rendered":"<p>Esta modalidad entra en funci\u00f3n cuando los grupos de candidatos a donar no cumplen con el m\u00ednimo requerido para llevar<\/p>\n","protected":false},"author":2,"featured_media":0,"parent":522,"menu_order":5,"comment_status":"closed","ping_status":"closed","template":"","meta":{"colormag_page_container_layout":"default_layout","colormag_page_sidebar_layout":"default_layout","footnotes":""},"class_list":["post-1051","page","type-page","status-publish","hentry"],"_links":{"self":[{"href":"https:\/\/www.ssaver.gob.mx\/cets\/wp-json\/wp\/v2\/pages\/1051","targetHints":{"allow":["GET"]}}],"collection":[{"href":"https:\/\/www.ssaver.gob.mx\/cets\/wp-json\/wp\/v2\/pages"}],"about":[{"href":"https:\/\/www.ssaver.gob.mx\/cets\/wp-json\/wp\/v2\/types\/page"}],"author":[{"embeddable":true,"href":"https:\/\/www.ssaver.gob.mx\/cets\/wp-json\/wp\/v2\/users\/2"}],"replies":[{"embeddable":true,"href":"https:\/\/www.ssaver.gob.mx\/cets\/wp-json\/wp\/v2\/comments?post=1051"}],"version-history":[{"count":4,"href":"https:\/\/www.ssaver.gob.mx\/cets\/wp-json\/wp\/v2\/pages\/1051\/revisions"}],"predecessor-version":[{"id":1701,"href":"https:\/\/www.ssaver.gob.mx\/cets\/wp-json\/wp\/v2\/pages\/1051\/revisions\/1701"}],"up":[{"embeddable":true,"href":"https:\/\/www.ssaver.gob.mx\/cets\/wp-json\/wp\/v2\/pages\/522"}],"wp:attachment":[{"href":"https:\/\/www.ssaver.gob.mx\/cets\/wp-json\/wp\/v2\/media?parent=1051"}],"curies":[{"name":"wp","href":"https:\/\/api.w.org\/{rel}","templated":true}]}}