{"id":520,"date":"2022-06-23T11:59:06","date_gmt":"2022-06-23T16:59:06","guid":{"rendered":"https:\/\/www.ssaver.gob.mx\/cets\/?page_id=520"},"modified":"2025-11-21T11:56:20","modified_gmt":"2025-11-21T17:56:20","slug":"procesos-de-extraccion-de-sangre","status":"publish","type":"page","link":"https:\/\/www.ssaver.gob.mx\/cets\/promocion\/procesos-de-extraccion-de-sangre\/","title":{"rendered":"Procesos de extracci\u00f3n de sangre"},"content":{"rendered":"\n<div class=\"wp-block-columns is-layout-flex wp-container-core-columns-is-layout-9c22b1e3 wp-block-columns-is-layout-flex\">\n<div class=\"wp-block-column is-layout-flow wp-block-column-is-layout-flow\" style=\"padding-right:0;padding-left:0;flex-basis:15%\"><\/div>\n\n\n\n<div class=\"wp-block-column is-vertically-aligned-stretch is-layout-constrained wp-container-core-column-is-layout-affacae6 wp-block-column-is-layout-constrained\" style=\"padding-right:0;padding-left:0;flex-basis:70%\">\n<div class=\"wp-block-cover wp-elements-c4a748786a141b9f4c637ec3c7f0628b has-aspect-ratio\" style=\"margin-top:0;margin-bottom:0;padding-top:0;padding-right:0;padding-bottom:0;padding-left:0;aspect-ratio:auto;min-height:unset;\"><img decoding=\"async\" class=\"wp-block-cover__image-background wp-image-5220 size-full\" alt=\"\" src=\"https:\/\/www.ssaver.gob.mx\/tecnologias\/wp-content\/uploads\/sites\/14\/2025\/09\/textura_areas_TI-scaled.png\" style=\"object-position:15% 27%\" data-object-fit=\"cover\" data-object-position=\"15% 27%\"\/><span aria-hidden=\"true\" class=\"wp-block-cover__background has-background-dim-100 has-background-dim\" style=\"background-color:#720f37\"><\/span><div class=\"wp-block-cover__inner-container is-layout-constrained wp-container-core-cover-is-layout-72190d31 wp-block-cover-is-layout-constrained\">\n<p class=\"has-text-align-center\" style=\"font-size:28px\"><strong>Procesos de extracci\u00f3n de sangre<\/strong><\/p>\n<\/div><\/div>\n<\/div>\n\n\n\n<div class=\"wp-block-column is-layout-flow wp-block-column-is-layout-flow\" style=\"padding-right:0;padding-left:0;flex-basis:15%\"><\/div>\n<\/div>\n\n\n\n<div class=\"wp-block-columns is-layout-flex wp-container-core-columns-is-layout-b2864ded wp-block-columns-is-layout-flex\" style=\"margin-top:0;margin-bottom:0;padding-top:0;padding-bottom:0\">\n<div class=\"wp-block-column is-layout-flow wp-block-column-is-layout-flow\" style=\"flex-basis:15%\"><\/div>\n\n\n\n<div class=\"wp-block-column is-vertically-aligned-center has-background is-layout-flow wp-block-column-is-layout-flow\" style=\"background:linear-gradient(180deg,rgb(233,231,225) 32%,rgba(232,230,225,0) 100%);padding-top:var(--wp--preset--spacing--40);padding-right:var(--wp--preset--spacing--70);padding-bottom:var(--wp--preset--spacing--40);padding-left:var(--wp--preset--spacing--70);flex-basis:70%\">\n<hr class=\"wp-block-separator aligncenter has-text-color has-alpha-channel-opacity has-background is-style-wide\" style=\"margin-top:var(--wp--preset--spacing--20);margin-bottom:var(--wp--preset--spacing--20);background-color:#d6af4d;color:#d6af4d\"\/>\n\n\n\n<div class=\"wp-block-columns is-layout-flex wp-container-core-columns-is-layout-28f84493 wp-block-columns-is-layout-flex\">\n<div class=\"wp-block-column is-layout-flow wp-block-column-is-layout-flow\">\n<p class=\"has-medium-font-size\"><strong>SANGRE TOTAL<\/strong><\/p>\n\n\n\n<hr class=\"wp-block-separator has-text-color has-alpha-channel-opacity has-background is-style-wide\" style=\"background-color:#d8bf31;color:#d8bf31\"\/>\n\n\n\n<p class=\"has-medium-font-size\">Tejido hem\u00e1tico tal y como se obtiene en una sesi\u00f3n de extracci\u00f3n, suspendido en una soluci\u00f3n anticuagulante. Se considera una donaci\u00f3n convencional.<\/p>\n\n\n\n<p class=\"has-medium-font-size\"><strong>AF\u00c9RESIS<\/strong><\/p>\n\n\n\n<hr class=\"wp-block-separator has-text-color has-alpha-channel-opacity has-background is-style-wide\" style=\"background-color:#d8bf31;color:#d8bf31\"\/>\n\n\n\n<p class=\"has-medium-font-size\">Es el procedimiento que tiene por objeto la separaci\u00f3n de componentes de la sangre proveniente de un solo donante de sangre humana, mediante centrifugaci\u00f3n directa o con m\u00e1quinas de flujo continuo o discontinuo.<\/p>\n<\/div>\n\n\n\n<div class=\"wp-block-column is-layout-flow wp-block-column-is-layout-flow\">\n<p class=\"has-medium-font-size\"><strong>PLAQUETOAF\u00c9RESIS<\/strong><\/p>\n\n\n\n<hr class=\"wp-block-separator has-text-color has-alpha-channel-opacity has-background is-style-wide\" style=\"background-color:#d8bf31;color:#d8bf31\"\/>\n\n\n\n<p class=\"has-medium-font-size\">Es una modalidad de donaci\u00f3n en la que se separan desde el inicio los diferentes componentes de la sangre, en este caso plaquetas.<\/p>\n\n\n\n<p class=\"has-medium-font-size\"><strong>ERITROAF\u00c9RESIS<\/strong><\/p>\n\n\n\n<hr class=\"wp-block-separator has-text-color has-alpha-channel-opacity has-background is-style-wide\" style=\"background-color:#d8bf31;color:#d8bf31\"\/>\n\n\n\n<p class=\"has-medium-font-size\">Modalidad de donaci\u00f3n en la que se separan los diferentes componentes de la sangre; permite la obtenci\u00f3n de una mayor cantidad de gl\u00f3bulos rojos que una donaci\u00f3n convencional.<\/p>\n<\/div>\n<\/div>\n<\/div>\n\n\n\n<div class=\"wp-block-column is-layout-flow wp-block-column-is-layout-flow\" style=\"flex-basis:15%\"><\/div>\n<\/div>\n","protected":false},"excerpt":{"rendered":"<p>SANGRE TOTAL Tejido hem\u00e1tico tal y como se obtiene en una sesi\u00f3n de extracci\u00f3n, suspendido en una soluci\u00f3n anticuagulante. Se<\/p>\n","protected":false},"author":2,"featured_media":0,"parent":516,"menu_order":2,"comment_status":"closed","ping_status":"closed","template":"","meta":{"colormag_page_container_layout":"default_layout","colormag_page_sidebar_layout":"default_layout","footnotes":""},"class_list":["post-520","page","type-page","status-publish","hentry"],"_links":{"self":[{"href":"https:\/\/www.ssaver.gob.mx\/cets\/wp-json\/wp\/v2\/pages\/520","targetHints":{"allow":["GET"]}}],"collection":[{"href":"https:\/\/www.ssaver.gob.mx\/cets\/wp-json\/wp\/v2\/pages"}],"about":[{"href":"https:\/\/www.ssaver.gob.mx\/cets\/wp-json\/wp\/v2\/types\/page"}],"author":[{"embeddable":true,"href":"https:\/\/www.ssaver.gob.mx\/cets\/wp-json\/wp\/v2\/users\/2"}],"replies":[{"embeddable":true,"href":"https:\/\/www.ssaver.gob.mx\/cets\/wp-json\/wp\/v2\/comments?post=520"}],"version-history":[{"count":5,"href":"https:\/\/www.ssaver.gob.mx\/cets\/wp-json\/wp\/v2\/pages\/520\/revisions"}],"predecessor-version":[{"id":1648,"href":"https:\/\/www.ssaver.gob.mx\/cets\/wp-json\/wp\/v2\/pages\/520\/revisions\/1648"}],"up":[{"embeddable":true,"href":"https:\/\/www.ssaver.gob.mx\/cets\/wp-json\/wp\/v2\/pages\/516"}],"wp:attachment":[{"href":"https:\/\/www.ssaver.gob.mx\/cets\/wp-json\/wp\/v2\/media?parent=520"}],"curies":[{"name":"wp","href":"https:\/\/api.w.org\/{rel}","templated":true}]}}