{"id":102,"date":"2022-06-13T12:03:45","date_gmt":"2022-06-13T17:03:45","guid":{"rendered":"https:\/\/www.ssaver.gob.mx\/citver\/?page_id=102"},"modified":"2026-03-09T12:10:58","modified_gmt":"2026-03-09T18:10:58","slug":"inicio","status":"publish","type":"page","link":"https:\/\/www.ssaver.gob.mx\/citver\/","title":{"rendered":""},"content":{"rendered":"\n<p class=\"has-text-align-center has-text-color has-link-color wp-elements-6d4ab1b0831b266e0d34f9dc7ad21c71\" style=\"color:#7a1737;font-size:17px\"><strong>Es la Unidad Estatal especializada en Toxicolog\u00eda Cl\u00ednica que ofrece asesor\u00eda y atenci\u00f3n m\u00e9dica al p\u00fablico, autoridades y a profesionales de la salud en el Estado de Veracruz y la Regi\u00f3n.<\/strong><\/p>\n\n\n\n<p class=\"has-text-align-center has-text-color has-link-color wp-elements-2b30ec41616036cbd9612ac80976aac3\" style=\"color:#7a1737;font-size:17px\"><strong>Pertenece Operativamente a la Direcci\u00f3n de Protecci\u00f3n contra Riesgos Sanitarios de los Servicios de Salud de Veracruz.<\/strong><\/p>\n\n\n\n<hr class=\"wp-block-separator has-text-color has-alpha-channel-opacity has-background is-style-wide\" style=\"background-color:#dac195;color:#dac195\" \/>\n\n\n\n<div style=\"height:62px\" aria-hidden=\"true\" class=\"wp-block-spacer\"><\/div>\n\n\n\n<h1 class=\"wp-block-heading has-text-align-center has-text-color has-large-font-size\" style=\"color:#7a1737;font-style:normal;font-weight:500\"><strong>SECCIONES<\/strong><\/h1>\n\n\n\n<div style=\"height:22px\" aria-hidden=\"true\" class=\"wp-block-spacer\"><\/div>\n\n\n\n<p class=\"has-text-align-center\"><\/p>\n\n\n\n<div class=\"wp-block-columns is-layout-flex wp-container-core-columns-is-layout-2cddd1b0 wp-block-columns-is-layout-flex\" style=\"padding-right:0;padding-left:0\">\n<div class=\"wp-block-column is-layout-flow wp-block-column-is-layout-flow\">\n<figure class=\"wp-block-image size-large\"><a href=\"https:\/\/www.ssaver.gob.mx\/citver\/guias-de-manejo-de-intoxicaciones-y-envenenamiento\/\"><img loading=\"lazy\" decoding=\"async\" width=\"1024\" height=\"566\" src=\"https:\/\/www.ssaver.gob.mx\/citver\/wp-content\/uploads\/sites\/37\/2026\/02\/boton-secciones-citver-04-1024x566.png\" alt=\"\" class=\"wp-image-1471\" srcset=\"https:\/\/www.ssaver.gob.mx\/citver\/wp-content\/uploads\/sites\/37\/2026\/02\/boton-secciones-citver-04-1024x566.png 1024w, https:\/\/www.ssaver.gob.mx\/citver\/wp-content\/uploads\/sites\/37\/2026\/02\/boton-secciones-citver-04-300x166.png 300w, https:\/\/www.ssaver.gob.mx\/citver\/wp-content\/uploads\/sites\/37\/2026\/02\/boton-secciones-citver-04-768x425.png 768w, https:\/\/www.ssaver.gob.mx\/citver\/wp-content\/uploads\/sites\/37\/2026\/02\/boton-secciones-citver-04.png 1185w\" sizes=\"auto, (max-width: 1024px) 100vw, 1024px\" \/><\/a><\/figure>\n<\/div>\n\n\n\n<div class=\"wp-block-column is-layout-flow wp-block-column-is-layout-flow\">\n<figure class=\"wp-block-image size-large\"><a href=\"https:\/\/www.ssaver.gob.mx\/citver\/definiciones-operacionales\/\"><img loading=\"lazy\" decoding=\"async\" width=\"1024\" height=\"566\" src=\"https:\/\/www.ssaver.gob.mx\/citver\/wp-content\/uploads\/sites\/37\/2026\/02\/boton-secciones-citver-05-1024x566.png\" alt=\"\" class=\"wp-image-1470\" srcset=\"https:\/\/www.ssaver.gob.mx\/citver\/wp-content\/uploads\/sites\/37\/2026\/02\/boton-secciones-citver-05-1024x566.png 1024w, https:\/\/www.ssaver.gob.mx\/citver\/wp-content\/uploads\/sites\/37\/2026\/02\/boton-secciones-citver-05-300x166.png 300w, https:\/\/www.ssaver.gob.mx\/citver\/wp-content\/uploads\/sites\/37\/2026\/02\/boton-secciones-citver-05-768x425.png 768w, https:\/\/www.ssaver.gob.mx\/citver\/wp-content\/uploads\/sites\/37\/2026\/02\/boton-secciones-citver-05.png 1185w\" sizes=\"auto, (max-width: 1024px) 100vw, 1024px\" \/><\/a><\/figure>\n<\/div>\n\n\n\n<div class=\"wp-block-column is-layout-flow wp-block-column-is-layout-flow\">\n<figure class=\"wp-block-image size-large\"><img loading=\"lazy\" decoding=\"async\" width=\"1024\" height=\"566\" src=\"https:\/\/www.ssaver.gob.mx\/citver\/wp-content\/uploads\/sites\/37\/2026\/02\/boton-secciones-citver-06-1024x566.png\" alt=\"\" class=\"wp-image-1469\" srcset=\"https:\/\/www.ssaver.gob.mx\/citver\/wp-content\/uploads\/sites\/37\/2026\/02\/boton-secciones-citver-06-1024x566.png 1024w, https:\/\/www.ssaver.gob.mx\/citver\/wp-content\/uploads\/sites\/37\/2026\/02\/boton-secciones-citver-06-300x166.png 300w, https:\/\/www.ssaver.gob.mx\/citver\/wp-content\/uploads\/sites\/37\/2026\/02\/boton-secciones-citver-06-768x425.png 768w, https:\/\/www.ssaver.gob.mx\/citver\/wp-content\/uploads\/sites\/37\/2026\/02\/boton-secciones-citver-06.png 1185w\" sizes=\"auto, (max-width: 1024px) 100vw, 1024px\" \/><\/figure>\n<\/div>\n<\/div>\n\n\n\n<div style=\"height:50px\" aria-hidden=\"true\" class=\"wp-block-spacer\"><\/div>\n\n\n\n<div class=\"wp-block-columns is-layout-flex wp-container-core-columns-is-layout-cf05694f wp-block-columns-is-layout-flex\">\n<div class=\"wp-block-column is-layout-flow wp-block-column-is-layout-flow\">\n<figure class=\"wp-block-image size-large\"><a href=\"https:\/\/www.ssaver.gob.mx\/citver\/recurso-de-informacion-toxicologica\/\" target=\"_blank\" rel=\"noreferrer noopener\"><img loading=\"lazy\" decoding=\"async\" width=\"1024\" height=\"566\" src=\"https:\/\/www.ssaver.gob.mx\/citver\/wp-content\/uploads\/sites\/37\/2026\/02\/boton-secciones-citver-07-1024x566.png\" alt=\"\" class=\"wp-image-1468\" srcset=\"https:\/\/www.ssaver.gob.mx\/citver\/wp-content\/uploads\/sites\/37\/2026\/02\/boton-secciones-citver-07-1024x566.png 1024w, https:\/\/www.ssaver.gob.mx\/citver\/wp-content\/uploads\/sites\/37\/2026\/02\/boton-secciones-citver-07-300x166.png 300w, https:\/\/www.ssaver.gob.mx\/citver\/wp-content\/uploads\/sites\/37\/2026\/02\/boton-secciones-citver-07-768x425.png 768w, https:\/\/www.ssaver.gob.mx\/citver\/wp-content\/uploads\/sites\/37\/2026\/02\/boton-secciones-citver-07.png 1185w\" sizes=\"auto, (max-width: 1024px) 100vw, 1024px\" \/><\/a><\/figure>\n<\/div>\n\n\n\n<div class=\"wp-block-column is-layout-flow wp-block-column-is-layout-flow\">\n<figure class=\"wp-block-image size-large\"><img loading=\"lazy\" decoding=\"async\" width=\"1024\" height=\"566\" src=\"https:\/\/www.ssaver.gob.mx\/citver\/wp-content\/uploads\/sites\/37\/2026\/02\/boton-secciones-citver-08-1024x566.png\" alt=\"\" class=\"wp-image-1467\" srcset=\"https:\/\/www.ssaver.gob.mx\/citver\/wp-content\/uploads\/sites\/37\/2026\/02\/boton-secciones-citver-08-1024x566.png 1024w, https:\/\/www.ssaver.gob.mx\/citver\/wp-content\/uploads\/sites\/37\/2026\/02\/boton-secciones-citver-08-300x166.png 300w, https:\/\/www.ssaver.gob.mx\/citver\/wp-content\/uploads\/sites\/37\/2026\/02\/boton-secciones-citver-08-768x425.png 768w, https:\/\/www.ssaver.gob.mx\/citver\/wp-content\/uploads\/sites\/37\/2026\/02\/boton-secciones-citver-08.png 1185w\" sizes=\"auto, (max-width: 1024px) 100vw, 1024px\" \/><\/figure>\n<\/div>\n\n\n\n<div class=\"wp-block-column is-layout-flow wp-block-column-is-layout-flow\">\n<figure class=\"wp-block-image size-large\"><a href=\"https:\/\/www.ssaver.gob.mx\/citver\/asesoria-y-atencion-medica\/\"><img loading=\"lazy\" decoding=\"async\" width=\"1024\" height=\"566\" src=\"https:\/\/www.ssaver.gob.mx\/citver\/wp-content\/uploads\/sites\/37\/2026\/02\/boton-secciones-citver-09-1024x566.png\" alt=\"\" class=\"wp-image-1466\" srcset=\"https:\/\/www.ssaver.gob.mx\/citver\/wp-content\/uploads\/sites\/37\/2026\/02\/boton-secciones-citver-09-1024x566.png 1024w, https:\/\/www.ssaver.gob.mx\/citver\/wp-content\/uploads\/sites\/37\/2026\/02\/boton-secciones-citver-09-300x166.png 300w, https:\/\/www.ssaver.gob.mx\/citver\/wp-content\/uploads\/sites\/37\/2026\/02\/boton-secciones-citver-09-768x425.png 768w, https:\/\/www.ssaver.gob.mx\/citver\/wp-content\/uploads\/sites\/37\/2026\/02\/boton-secciones-citver-09.png 1185w\" sizes=\"auto, (max-width: 1024px) 100vw, 1024px\" \/><\/a><\/figure>\n<\/div>\n<\/div>\n\n\n\n<div style=\"height:50px\" aria-hidden=\"true\" class=\"wp-block-spacer\"><\/div>\n\n\n\n<div class=\"wp-block-columns is-layout-flex wp-container-core-columns-is-layout-cf05694f wp-block-columns-is-layout-flex\">\n<div class=\"wp-block-column is-layout-flow wp-block-column-is-layout-flow\">\n<figure class=\"wp-block-image size-large\"><img loading=\"lazy\" decoding=\"async\" width=\"1024\" height=\"566\" src=\"https:\/\/www.ssaver.gob.mx\/citver\/wp-content\/uploads\/sites\/37\/2026\/02\/boton-secciones-citver-10-1024x566.png\" alt=\"\" class=\"wp-image-1465\" srcset=\"https:\/\/www.ssaver.gob.mx\/citver\/wp-content\/uploads\/sites\/37\/2026\/02\/boton-secciones-citver-10-1024x566.png 1024w, https:\/\/www.ssaver.gob.mx\/citver\/wp-content\/uploads\/sites\/37\/2026\/02\/boton-secciones-citver-10-300x166.png 300w, https:\/\/www.ssaver.gob.mx\/citver\/wp-content\/uploads\/sites\/37\/2026\/02\/boton-secciones-citver-10-768x425.png 768w, https:\/\/www.ssaver.gob.mx\/citver\/wp-content\/uploads\/sites\/37\/2026\/02\/boton-secciones-citver-10.png 1185w\" sizes=\"auto, (max-width: 1024px) 100vw, 1024px\" \/><\/figure>\n<\/div>\n\n\n\n<div class=\"wp-block-column is-layout-flow wp-block-column-is-layout-flow\">\n<figure class=\"wp-block-image size-large\"><img loading=\"lazy\" decoding=\"async\" width=\"1024\" height=\"566\" src=\"https:\/\/www.ssaver.gob.mx\/citver\/wp-content\/uploads\/sites\/37\/2026\/02\/boton-secciones-citver-11-1024x566.png\" alt=\"\" class=\"wp-image-1464\" srcset=\"https:\/\/www.ssaver.gob.mx\/citver\/wp-content\/uploads\/sites\/37\/2026\/02\/boton-secciones-citver-11-1024x566.png 1024w, https:\/\/www.ssaver.gob.mx\/citver\/wp-content\/uploads\/sites\/37\/2026\/02\/boton-secciones-citver-11-300x166.png 300w, https:\/\/www.ssaver.gob.mx\/citver\/wp-content\/uploads\/sites\/37\/2026\/02\/boton-secciones-citver-11-768x425.png 768w, https:\/\/www.ssaver.gob.mx\/citver\/wp-content\/uploads\/sites\/37\/2026\/02\/boton-secciones-citver-11.png 1185w\" sizes=\"auto, (max-width: 1024px) 100vw, 1024px\" \/><\/figure>\n<\/div>\n\n\n\n<div class=\"wp-block-column is-layout-flow wp-block-column-is-layout-flow\">\n<figure class=\"wp-block-image size-large\"><img loading=\"lazy\" decoding=\"async\" width=\"1024\" height=\"566\" src=\"https:\/\/www.ssaver.gob.mx\/citver\/wp-content\/uploads\/sites\/37\/2026\/02\/boton-secciones-citver-12-1024x566.png\" alt=\"\" class=\"wp-image-1463\" srcset=\"https:\/\/www.ssaver.gob.mx\/citver\/wp-content\/uploads\/sites\/37\/2026\/02\/boton-secciones-citver-12-1024x566.png 1024w, https:\/\/www.ssaver.gob.mx\/citver\/wp-content\/uploads\/sites\/37\/2026\/02\/boton-secciones-citver-12-300x166.png 300w, https:\/\/www.ssaver.gob.mx\/citver\/wp-content\/uploads\/sites\/37\/2026\/02\/boton-secciones-citver-12-768x425.png 768w, https:\/\/www.ssaver.gob.mx\/citver\/wp-content\/uploads\/sites\/37\/2026\/02\/boton-secciones-citver-12.png 1185w\" sizes=\"auto, (max-width: 1024px) 100vw, 1024px\" \/><\/figure>\n<\/div>\n<\/div>\n\n\n\n<p><\/p>\n","protected":false},"excerpt":{"rendered":"<p>Es la Unidad Estatal especializada en Toxicolog\u00eda Cl\u00ednica que ofrece asesor\u00eda y atenci\u00f3n m\u00e9dica al p\u00fablico, autoridades y a profesionales<\/p>\n","protected":false},"author":2,"featured_media":0,"parent":0,"menu_order":0,"comment_status":"closed","ping_status":"closed","template":"","meta":{"colormag_page_container_layout":"default_layout","colormag_page_sidebar_layout":"default_layout","footnotes":""},"class_list":["post-102","page","type-page","status-publish","hentry"],"_links":{"self":[{"href":"https:\/\/www.ssaver.gob.mx\/citver\/wp-json\/wp\/v2\/pages\/102","targetHints":{"allow":["GET"]}}],"collection":[{"href":"https:\/\/www.ssaver.gob.mx\/citver\/wp-json\/wp\/v2\/pages"}],"about":[{"href":"https:\/\/www.ssaver.gob.mx\/citver\/wp-json\/wp\/v2\/types\/page"}],"author":[{"embeddable":true,"href":"https:\/\/www.ssaver.gob.mx\/citver\/wp-json\/wp\/v2\/users\/2"}],"replies":[{"embeddable":true,"href":"https:\/\/www.ssaver.gob.mx\/citver\/wp-json\/wp\/v2\/comments?post=102"}],"version-history":[{"count":244,"href":"https:\/\/www.ssaver.gob.mx\/citver\/wp-json\/wp\/v2\/pages\/102\/revisions"}],"predecessor-version":[{"id":1597,"href":"https:\/\/www.ssaver.gob.mx\/citver\/wp-json\/wp\/v2\/pages\/102\/revisions\/1597"}],"wp:attachment":[{"href":"https:\/\/www.ssaver.gob.mx\/citver\/wp-json\/wp\/v2\/media?parent=102"}],"curies":[{"name":"wp","href":"https:\/\/api.w.org\/{rel}","templated":true}]}}