{"id":554,"date":"2022-12-14T12:02:11","date_gmt":"2022-12-14T18:02:11","guid":{"rendered":"https:\/\/www.ssaver.gob.mx\/citver\/?page_id=554"},"modified":"2023-06-09T15:44:11","modified_gmt":"2023-06-09T20:44:11","slug":"definiciones-operacionales","status":"publish","type":"page","link":"https:\/\/www.ssaver.gob.mx\/citver\/definiciones-operacionales\/","title":{"rendered":""},"content":{"rendered":"\n<figure class=\"wp-block-gallery aligncenter has-nested-images columns-default is-cropped wp-block-gallery-1 is-layout-flex wp-block-gallery-is-layout-flex\">\n<figure class=\"wp-block-image size-large\"><img loading=\"lazy\" decoding=\"async\" width=\"1024\" height=\"298\" data-id=\"659\" src=\"https:\/\/www.ssaver.gob.mx\/citver\/wp-content\/uploads\/sites\/37\/2023\/06\/banner-15-1-1024x298.png\" alt=\"\" class=\"wp-image-659\" srcset=\"https:\/\/www.ssaver.gob.mx\/citver\/wp-content\/uploads\/sites\/37\/2023\/06\/banner-15-1-1024x298.png 1024w, https:\/\/www.ssaver.gob.mx\/citver\/wp-content\/uploads\/sites\/37\/2023\/06\/banner-15-1-300x87.png 300w, https:\/\/www.ssaver.gob.mx\/citver\/wp-content\/uploads\/sites\/37\/2023\/06\/banner-15-1-768x223.png 768w, https:\/\/www.ssaver.gob.mx\/citver\/wp-content\/uploads\/sites\/37\/2023\/06\/banner-15-1-1536x446.png 1536w, https:\/\/www.ssaver.gob.mx\/citver\/wp-content\/uploads\/sites\/37\/2023\/06\/banner-15-1-2048x595.png 2048w\" sizes=\"auto, (max-width: 1024px) 100vw, 1024px\" \/><\/figure>\n<\/figure>\n\n\n\n<hr class=\"wp-block-separator has-text-color has-alpha-channel-opacity has-background is-style-wide\" style=\"background-color:#b24138;color:#b24138\" \/>\n\n\n\n<p class=\"has-white-color has-text-color has-background\" style=\"background-color:#b24138;font-size:15px\"><strong>DO. Animales Ponzo\u00f1osos<\/strong><\/p>\n\n\n\n<div class=\"wp-block-columns is-layout-flex wp-container-core-columns-is-layout-28f84493 wp-block-columns-is-layout-flex\">\n<div class=\"wp-block-column is-layout-flow wp-block-column-is-layout-flow\">\n<figure class=\"wp-block-image aligncenter size-full\"><a href=\"https:\/\/www.ssaver.gob.mx\/citver\/wp-content\/uploads\/sites\/37\/2022\/12\/DO-Alacranismo.pdf\"><img loading=\"lazy\" decoding=\"async\" width=\"488\" height=\"489\" src=\"https:\/\/www.ssaver.gob.mx\/citver\/wp-content\/uploads\/sites\/37\/2022\/12\/Recurso-3@4x.png\" alt=\"\" class=\"wp-image-601\" srcset=\"https:\/\/www.ssaver.gob.mx\/citver\/wp-content\/uploads\/sites\/37\/2022\/12\/Recurso-3@4x.png 488w, https:\/\/www.ssaver.gob.mx\/citver\/wp-content\/uploads\/sites\/37\/2022\/12\/Recurso-3@4x-300x300.png 300w, https:\/\/www.ssaver.gob.mx\/citver\/wp-content\/uploads\/sites\/37\/2022\/12\/Recurso-3@4x-150x150.png 150w, https:\/\/www.ssaver.gob.mx\/citver\/wp-content\/uploads\/sites\/37\/2022\/12\/Recurso-3@4x-215x215.png 215w\" sizes=\"auto, (max-width: 488px) 100vw, 488px\" \/><\/a><\/figure>\n\n\n\n<p class=\"has-text-align-center has-medium-font-size\"><strong>Alacranismo<\/strong><\/p>\n<\/div>\n\n\n\n<div class=\"wp-block-column is-layout-flow wp-block-column-is-layout-flow\">\n<figure class=\"wp-block-image aligncenter size-full\"><a href=\"https:\/\/www.ssaver.gob.mx\/citver\/wp-content\/uploads\/sites\/37\/2022\/12\/DO-Bothrops-.pdf\"><img loading=\"lazy\" decoding=\"async\" width=\"489\" height=\"489\" src=\"https:\/\/www.ssaver.gob.mx\/citver\/wp-content\/uploads\/sites\/37\/2022\/12\/Recurso-4@4x.png\" alt=\"\" class=\"wp-image-602\" srcset=\"https:\/\/www.ssaver.gob.mx\/citver\/wp-content\/uploads\/sites\/37\/2022\/12\/Recurso-4@4x.png 489w, https:\/\/www.ssaver.gob.mx\/citver\/wp-content\/uploads\/sites\/37\/2022\/12\/Recurso-4@4x-300x300.png 300w, https:\/\/www.ssaver.gob.mx\/citver\/wp-content\/uploads\/sites\/37\/2022\/12\/Recurso-4@4x-150x150.png 150w, https:\/\/www.ssaver.gob.mx\/citver\/wp-content\/uploads\/sites\/37\/2022\/12\/Recurso-4@4x-215x215.png 215w\" sizes=\"auto, (max-width: 489px) 100vw, 489px\" \/><\/a><\/figure>\n\n\n\n<p class=\"has-text-align-center has-medium-font-size\"><strong>Accidente Of\u00eddico Bothr\u00f3pico<\/strong><\/p>\n<\/div>\n\n\n\n<div class=\"wp-block-column is-layout-flow wp-block-column-is-layout-flow\">\n<figure class=\"wp-block-image aligncenter size-full\"><a href=\"https:\/\/www.ssaver.gob.mx\/citver\/wp-content\/uploads\/sites\/37\/2022\/12\/DO-Latrodectismo.pdf\"><img loading=\"lazy\" decoding=\"async\" width=\"488\" height=\"488\" src=\"https:\/\/www.ssaver.gob.mx\/citver\/wp-content\/uploads\/sites\/37\/2022\/12\/Recurso-5@4x.png\" alt=\"\" class=\"wp-image-603\" srcset=\"https:\/\/www.ssaver.gob.mx\/citver\/wp-content\/uploads\/sites\/37\/2022\/12\/Recurso-5@4x.png 488w, https:\/\/www.ssaver.gob.mx\/citver\/wp-content\/uploads\/sites\/37\/2022\/12\/Recurso-5@4x-300x300.png 300w, https:\/\/www.ssaver.gob.mx\/citver\/wp-content\/uploads\/sites\/37\/2022\/12\/Recurso-5@4x-150x150.png 150w, https:\/\/www.ssaver.gob.mx\/citver\/wp-content\/uploads\/sites\/37\/2022\/12\/Recurso-5@4x-215x215.png 215w\" sizes=\"auto, (max-width: 488px) 100vw, 488px\" \/><\/a><\/figure>\n\n\n\n<p class=\"has-text-align-center has-medium-font-size\"><strong>Latrodectismo<\/strong><\/p>\n<\/div>\n\n\n\n<div class=\"wp-block-column is-layout-flow wp-block-column-is-layout-flow\">\n<figure class=\"wp-block-image aligncenter size-full\"><a href=\"https:\/\/www.ssaver.gob.mx\/citver\/wp-content\/uploads\/sites\/37\/2022\/12\/DO-Crotalico.pdf\"><img loading=\"lazy\" decoding=\"async\" width=\"490\" height=\"489\" src=\"https:\/\/www.ssaver.gob.mx\/citver\/wp-content\/uploads\/sites\/37\/2022\/12\/Recurso-6@4x.png\" alt=\"\" class=\"wp-image-604\" srcset=\"https:\/\/www.ssaver.gob.mx\/citver\/wp-content\/uploads\/sites\/37\/2022\/12\/Recurso-6@4x.png 490w, https:\/\/www.ssaver.gob.mx\/citver\/wp-content\/uploads\/sites\/37\/2022\/12\/Recurso-6@4x-300x300.png 300w, https:\/\/www.ssaver.gob.mx\/citver\/wp-content\/uploads\/sites\/37\/2022\/12\/Recurso-6@4x-150x150.png 150w, https:\/\/www.ssaver.gob.mx\/citver\/wp-content\/uploads\/sites\/37\/2022\/12\/Recurso-6@4x-215x215.png 215w\" sizes=\"auto, (max-width: 490px) 100vw, 490px\" \/><\/a><\/figure>\n\n\n\n<p class=\"has-text-align-center has-medium-font-size\"><strong>Accidente Of\u00eddico Crot\u00e1lico<\/strong><\/p>\n<\/div>\n\n\n\n<div class=\"wp-block-column is-layout-flow wp-block-column-is-layout-flow\">\n<figure class=\"wp-block-image aligncenter size-full\"><a href=\"https:\/\/www.ssaver.gob.mx\/citver\/wp-content\/uploads\/sites\/37\/2022\/12\/DO-Hormiga.pdf\"><img loading=\"lazy\" decoding=\"async\" width=\"489\" height=\"489\" src=\"https:\/\/www.ssaver.gob.mx\/citver\/wp-content\/uploads\/sites\/37\/2022\/12\/Recurso-19@4x.png\" alt=\"\" class=\"wp-image-612\" srcset=\"https:\/\/www.ssaver.gob.mx\/citver\/wp-content\/uploads\/sites\/37\/2022\/12\/Recurso-19@4x.png 489w, https:\/\/www.ssaver.gob.mx\/citver\/wp-content\/uploads\/sites\/37\/2022\/12\/Recurso-19@4x-300x300.png 300w, https:\/\/www.ssaver.gob.mx\/citver\/wp-content\/uploads\/sites\/37\/2022\/12\/Recurso-19@4x-150x150.png 150w, https:\/\/www.ssaver.gob.mx\/citver\/wp-content\/uploads\/sites\/37\/2022\/12\/Recurso-19@4x-215x215.png 215w\" sizes=\"auto, (max-width: 489px) 100vw, 489px\" \/><\/a><\/figure>\n\n\n\n<p class=\"has-text-align-center has-medium-font-size\"><strong>Accidente por himen\u00f3ptero (hormigas)<\/strong><\/p>\n<\/div>\n<\/div>\n\n\n\n<figure class=\"wp-block-gallery has-nested-images columns-default is-cropped wp-block-gallery-2 is-layout-flex wp-block-gallery-is-layout-flex\"><\/figure>\n\n\n\n<p class=\"has-white-color has-text-color has-background\" style=\"background-color:#b24138;font-size:15px\"><strong>DO. Medicamentos<\/strong><\/p>\n\n\n\n<div class=\"wp-block-columns is-layout-flex wp-container-core-columns-is-layout-28f84493 wp-block-columns-is-layout-flex\">\n<div class=\"wp-block-column is-layout-flow wp-block-column-is-layout-flow\">\n<figure class=\"wp-block-image aligncenter size-full\"><a href=\"https:\/\/www.ssaver.gob.mx\/citver\/wp-content\/uploads\/sites\/37\/2022\/12\/DO-intoxicacion-por-Benzodiacepinas.pdf\"><img loading=\"lazy\" decoding=\"async\" width=\"489\" height=\"489\" src=\"https:\/\/www.ssaver.gob.mx\/citver\/wp-content\/uploads\/sites\/37\/2022\/12\/Recurso-8@4x.png\" alt=\"\" class=\"wp-image-605\" srcset=\"https:\/\/www.ssaver.gob.mx\/citver\/wp-content\/uploads\/sites\/37\/2022\/12\/Recurso-8@4x.png 489w, https:\/\/www.ssaver.gob.mx\/citver\/wp-content\/uploads\/sites\/37\/2022\/12\/Recurso-8@4x-300x300.png 300w, https:\/\/www.ssaver.gob.mx\/citver\/wp-content\/uploads\/sites\/37\/2022\/12\/Recurso-8@4x-150x150.png 150w, https:\/\/www.ssaver.gob.mx\/citver\/wp-content\/uploads\/sites\/37\/2022\/12\/Recurso-8@4x-215x215.png 215w\" sizes=\"auto, (max-width: 489px) 100vw, 489px\" \/><\/a><\/figure>\n\n\n\n<p class=\"has-text-align-center has-medium-font-size\"><strong>Intoxicaci\u00f3n por Benzodiacepinas<\/strong><\/p>\n<\/div>\n\n\n\n<div class=\"wp-block-column is-layout-flow wp-block-column-is-layout-flow\">\n<figure class=\"wp-block-image aligncenter size-full\"><a href=\"https:\/\/www.ssaver.gob.mx\/citver\/wp-content\/uploads\/sites\/37\/2022\/12\/DO-intoxicacion-por-Paracetamol.pdf\"><img loading=\"lazy\" decoding=\"async\" width=\"489\" height=\"489\" src=\"https:\/\/www.ssaver.gob.mx\/citver\/wp-content\/uploads\/sites\/37\/2022\/12\/Recurso-9@4x.png\" alt=\"\" class=\"wp-image-606\" srcset=\"https:\/\/www.ssaver.gob.mx\/citver\/wp-content\/uploads\/sites\/37\/2022\/12\/Recurso-9@4x.png 489w, https:\/\/www.ssaver.gob.mx\/citver\/wp-content\/uploads\/sites\/37\/2022\/12\/Recurso-9@4x-300x300.png 300w, https:\/\/www.ssaver.gob.mx\/citver\/wp-content\/uploads\/sites\/37\/2022\/12\/Recurso-9@4x-150x150.png 150w, https:\/\/www.ssaver.gob.mx\/citver\/wp-content\/uploads\/sites\/37\/2022\/12\/Recurso-9@4x-215x215.png 215w\" sizes=\"auto, (max-width: 489px) 100vw, 489px\" \/><\/a><\/figure>\n\n\n\n<p class=\"has-text-align-center has-medium-font-size\"><strong>Intoxicaci\u00f3n por Paracetamol<\/strong><\/p>\n<\/div>\n\n\n\n<div class=\"wp-block-column is-layout-flow wp-block-column-is-layout-flow\">\n<figure class=\"wp-block-image aligncenter size-full\"><a href=\"https:\/\/www.ssaver.gob.mx\/citver\/wp-content\/uploads\/sites\/37\/2022\/12\/DO-intoxicacion-por-Salicilatos.pdf\"><img loading=\"lazy\" decoding=\"async\" width=\"489\" height=\"489\" src=\"https:\/\/www.ssaver.gob.mx\/citver\/wp-content\/uploads\/sites\/37\/2022\/12\/Recurso-10@4x.png\" alt=\"\" class=\"wp-image-607\" srcset=\"https:\/\/www.ssaver.gob.mx\/citver\/wp-content\/uploads\/sites\/37\/2022\/12\/Recurso-10@4x.png 489w, https:\/\/www.ssaver.gob.mx\/citver\/wp-content\/uploads\/sites\/37\/2022\/12\/Recurso-10@4x-300x300.png 300w, https:\/\/www.ssaver.gob.mx\/citver\/wp-content\/uploads\/sites\/37\/2022\/12\/Recurso-10@4x-150x150.png 150w, https:\/\/www.ssaver.gob.mx\/citver\/wp-content\/uploads\/sites\/37\/2022\/12\/Recurso-10@4x-215x215.png 215w\" sizes=\"auto, (max-width: 489px) 100vw, 489px\" \/><\/a><\/figure>\n\n\n\n<p class=\"has-text-align-center has-medium-font-size\"><strong>Intoxicaci\u00f3n con Salicilatos<\/strong><\/p>\n<\/div>\n\n\n\n<div class=\"wp-block-column is-layout-flow wp-block-column-is-layout-flow\"><\/div>\n\n\n\n<div class=\"wp-block-column is-layout-flow wp-block-column-is-layout-flow\"><\/div>\n<\/div>\n\n\n\n<p class=\"has-white-color has-text-color has-background\" style=\"background-color:#b24138;font-size:15px\"><strong>DO. Sustancias qu\u00edmicas<\/strong><\/p>\n\n\n\n<div class=\"wp-block-columns is-layout-flex wp-container-core-columns-is-layout-28f84493 wp-block-columns-is-layout-flex\">\n<div class=\"wp-block-column is-layout-flow wp-block-column-is-layout-flow\">\n<figure class=\"wp-block-image aligncenter size-full\"><a href=\"https:\/\/www.ssaver.gob.mx\/citver\/wp-content\/uploads\/sites\/37\/2022\/12\/DO-intoxicacion-por-Alcohol.pdf\"><img loading=\"lazy\" decoding=\"async\" width=\"489\" height=\"490\" src=\"https:\/\/www.ssaver.gob.mx\/citver\/wp-content\/uploads\/sites\/37\/2022\/12\/Recurso-11@4x.png\" alt=\"\" class=\"wp-image-608\" srcset=\"https:\/\/www.ssaver.gob.mx\/citver\/wp-content\/uploads\/sites\/37\/2022\/12\/Recurso-11@4x.png 489w, https:\/\/www.ssaver.gob.mx\/citver\/wp-content\/uploads\/sites\/37\/2022\/12\/Recurso-11@4x-300x300.png 300w, https:\/\/www.ssaver.gob.mx\/citver\/wp-content\/uploads\/sites\/37\/2022\/12\/Recurso-11@4x-150x150.png 150w, https:\/\/www.ssaver.gob.mx\/citver\/wp-content\/uploads\/sites\/37\/2022\/12\/Recurso-11@4x-215x215.png 215w\" sizes=\"auto, (max-width: 489px) 100vw, 489px\" \/><\/a><\/figure>\n\n\n\n<p class=\"has-text-align-center has-medium-font-size\"><strong>Intoxicaci\u00f3n con alcohol<\/strong><\/p>\n<\/div>\n\n\n\n<div class=\"wp-block-column is-layout-flow wp-block-column-is-layout-flow\">\n<p class=\"has-text-align-center has-medium-font-size\"><\/p>\n<\/div>\n\n\n\n<div class=\"wp-block-column is-layout-flow wp-block-column-is-layout-flow\">\n<p class=\"has-text-align-center has-medium-font-size\"><\/p>\n<\/div>\n\n\n\n<div class=\"wp-block-column is-layout-flow wp-block-column-is-layout-flow\"><\/div>\n\n\n\n<div class=\"wp-block-column is-layout-flow wp-block-column-is-layout-flow\"><\/div>\n<\/div>\n\n\n\n<p class=\"has-white-color has-text-color has-background\" style=\"background-color:#b24138;font-size:15px\"><strong>DO. Plaguicidas<\/strong><\/p>\n\n\n\n<div class=\"wp-block-columns is-layout-flex wp-container-core-columns-is-layout-28f84493 wp-block-columns-is-layout-flex\">\n<div class=\"wp-block-column is-layout-flow wp-block-column-is-layout-flow\">\n<figure class=\"wp-block-image aligncenter size-full\"><a href=\"https:\/\/www.ssaver.gob.mx\/citver\/wp-content\/uploads\/sites\/37\/2022\/12\/DO-Plaguicidas-inhibidores-de-Acetilcolinesterasa.pdf\"><img loading=\"lazy\" decoding=\"async\" width=\"489\" height=\"489\" src=\"https:\/\/www.ssaver.gob.mx\/citver\/wp-content\/uploads\/sites\/37\/2022\/12\/Recurso-12@4x.png\" alt=\"\" class=\"wp-image-609\" srcset=\"https:\/\/www.ssaver.gob.mx\/citver\/wp-content\/uploads\/sites\/37\/2022\/12\/Recurso-12@4x.png 489w, https:\/\/www.ssaver.gob.mx\/citver\/wp-content\/uploads\/sites\/37\/2022\/12\/Recurso-12@4x-300x300.png 300w, https:\/\/www.ssaver.gob.mx\/citver\/wp-content\/uploads\/sites\/37\/2022\/12\/Recurso-12@4x-150x150.png 150w, https:\/\/www.ssaver.gob.mx\/citver\/wp-content\/uploads\/sites\/37\/2022\/12\/Recurso-12@4x-215x215.png 215w\" sizes=\"auto, (max-width: 489px) 100vw, 489px\" \/><\/a><\/figure>\n\n\n\n<p class=\"has-text-align-center has-medium-font-size\"><strong>Intoxicaci\u00f3n por plaguicidas inhibidores de la acetilcolinesterasa (organofosforados y carbamatos)<\/strong><\/p>\n<\/div>\n\n\n\n<div class=\"wp-block-column is-layout-flow wp-block-column-is-layout-flow\">\n<p class=\"has-text-align-center has-medium-font-size\"><\/p>\n<\/div>\n\n\n\n<div class=\"wp-block-column is-layout-flow wp-block-column-is-layout-flow\">\n<p class=\"has-text-align-center has-medium-font-size\"><\/p>\n<\/div>\n\n\n\n<div class=\"wp-block-column is-layout-flow wp-block-column-is-layout-flow\"><\/div>\n\n\n\n<div class=\"wp-block-column is-layout-flow wp-block-column-is-layout-flow\"><\/div>\n<\/div>\n\n\n\n<p class=\"has-white-color has-text-color has-background\" style=\"background-color:#b24138;font-size:15px\"><strong>DO. Intoxicaciones y toxindromes<\/strong><\/p>\n\n\n\n<div class=\"wp-block-columns is-layout-flex wp-container-core-columns-is-layout-28f84493 wp-block-columns-is-layout-flex\">\n<div class=\"wp-block-column is-layout-flow wp-block-column-is-layout-flow\">\n<figure class=\"wp-block-image aligncenter size-full\"><a href=\"https:\/\/www.ssaver.gob.mx\/citver\/wp-content\/uploads\/sites\/37\/2022\/12\/DO-Manejo-de-intoxicaciones-y-toxindromes.pdf\"><img loading=\"lazy\" decoding=\"async\" width=\"489\" height=\"489\" src=\"https:\/\/www.ssaver.gob.mx\/citver\/wp-content\/uploads\/sites\/37\/2022\/12\/Recurso-13@4x.png\" alt=\"\" class=\"wp-image-610\" srcset=\"https:\/\/www.ssaver.gob.mx\/citver\/wp-content\/uploads\/sites\/37\/2022\/12\/Recurso-13@4x.png 489w, https:\/\/www.ssaver.gob.mx\/citver\/wp-content\/uploads\/sites\/37\/2022\/12\/Recurso-13@4x-300x300.png 300w, https:\/\/www.ssaver.gob.mx\/citver\/wp-content\/uploads\/sites\/37\/2022\/12\/Recurso-13@4x-150x150.png 150w, https:\/\/www.ssaver.gob.mx\/citver\/wp-content\/uploads\/sites\/37\/2022\/12\/Recurso-13@4x-215x215.png 215w\" sizes=\"auto, (max-width: 489px) 100vw, 489px\" \/><\/a><\/figure>\n\n\n\n<p class=\"has-text-align-center has-medium-font-size\"><strong>Manejo general del paciente intoxicado<\/strong><\/p>\n<\/div>\n\n\n\n<div class=\"wp-block-column is-layout-flow wp-block-column-is-layout-flow\">\n<p class=\"has-text-align-center has-medium-font-size\"><\/p>\n<\/div>\n\n\n\n<div class=\"wp-block-column is-layout-flow wp-block-column-is-layout-flow\">\n<p class=\"has-text-align-center has-medium-font-size\"><\/p>\n<\/div>\n\n\n\n<div class=\"wp-block-column is-layout-flow wp-block-column-is-layout-flow\"><\/div>\n\n\n\n<div class=\"wp-block-column is-layout-flow wp-block-column-is-layout-flow\"><\/div>\n<\/div>\n","protected":false},"excerpt":{"rendered":"<p>DO. Animales Ponzo\u00f1osos Alacranismo Accidente Of\u00eddico Bothr\u00f3pico Latrodectismo Accidente Of\u00eddico Crot\u00e1lico Accidente por himen\u00f3ptero (hormigas) DO. Medicamentos Intoxicaci\u00f3n por Benzodiacepinas<\/p>\n","protected":false},"author":15,"featured_media":0,"parent":0,"menu_order":0,"comment_status":"closed","ping_status":"closed","template":"","meta":{"colormag_page_container_layout":"default_layout","colormag_page_sidebar_layout":"default_layout","footnotes":""},"class_list":["post-554","page","type-page","status-publish","hentry"],"_links":{"self":[{"href":"https:\/\/www.ssaver.gob.mx\/citver\/wp-json\/wp\/v2\/pages\/554","targetHints":{"allow":["GET"]}}],"collection":[{"href":"https:\/\/www.ssaver.gob.mx\/citver\/wp-json\/wp\/v2\/pages"}],"about":[{"href":"https:\/\/www.ssaver.gob.mx\/citver\/wp-json\/wp\/v2\/types\/page"}],"author":[{"embeddable":true,"href":"https:\/\/www.ssaver.gob.mx\/citver\/wp-json\/wp\/v2\/users\/15"}],"replies":[{"embeddable":true,"href":"https:\/\/www.ssaver.gob.mx\/citver\/wp-json\/wp\/v2\/comments?post=554"}],"version-history":[{"count":17,"href":"https:\/\/www.ssaver.gob.mx\/citver\/wp-json\/wp\/v2\/pages\/554\/revisions"}],"predecessor-version":[{"id":665,"href":"https:\/\/www.ssaver.gob.mx\/citver\/wp-json\/wp\/v2\/pages\/554\/revisions\/665"}],"wp:attachment":[{"href":"https:\/\/www.ssaver.gob.mx\/citver\/wp-json\/wp\/v2\/media?parent=554"}],"curies":[{"name":"wp","href":"https:\/\/api.w.org\/{rel}","templated":true}]}}