{"id":617,"date":"2022-12-19T09:07:31","date_gmt":"2022-12-19T15:07:31","guid":{"rendered":"https:\/\/www.ssaver.gob.mx\/citver\/?page_id=617"},"modified":"2023-06-12T14:00:37","modified_gmt":"2023-06-12T19:00:37","slug":"asesoria-y-atencion-medica","status":"publish","type":"page","link":"https:\/\/www.ssaver.gob.mx\/citver\/asesoria-y-atencion-medica\/","title":{"rendered":""},"content":{"rendered":"\n<figure class=\"wp-block-gallery aligncenter has-nested-images columns-default is-cropped wp-block-gallery-1 is-layout-flex wp-block-gallery-is-layout-flex\">\n<figure class=\"wp-block-image size-large\"><img loading=\"lazy\" decoding=\"async\" width=\"1024\" height=\"298\" data-id=\"674\" src=\"https:\/\/www.ssaver.gob.mx\/citver\/wp-content\/uploads\/sites\/37\/2023\/06\/CITVER-Diseno-Web-30-1024x298.png\" alt=\"\" class=\"wp-image-674\" srcset=\"https:\/\/www.ssaver.gob.mx\/citver\/wp-content\/uploads\/sites\/37\/2023\/06\/CITVER-Diseno-Web-30-1024x298.png 1024w, https:\/\/www.ssaver.gob.mx\/citver\/wp-content\/uploads\/sites\/37\/2023\/06\/CITVER-Diseno-Web-30-300x87.png 300w, https:\/\/www.ssaver.gob.mx\/citver\/wp-content\/uploads\/sites\/37\/2023\/06\/CITVER-Diseno-Web-30-768x223.png 768w, https:\/\/www.ssaver.gob.mx\/citver\/wp-content\/uploads\/sites\/37\/2023\/06\/CITVER-Diseno-Web-30-1536x446.png 1536w, https:\/\/www.ssaver.gob.mx\/citver\/wp-content\/uploads\/sites\/37\/2023\/06\/CITVER-Diseno-Web-30-2048x595.png 2048w\" sizes=\"auto, (max-width: 1024px) 100vw, 1024px\" \/><\/figure>\n<\/figure>\n\n\n\n<hr class=\"wp-block-separator has-alpha-channel-opacity is-style-wide\" \/>\n\n\n\n<p style=\"font-size:15px\">El Centro de Informaci\u00f3n Toxicol\u00f3gica ofrece asesor\u00eda a m\u00e9dicos en relaci\u00f3n con el tratamiento de pacientes intoxicados v\u00eda telef\u00f3nica, correo electr\u00f3nico o de manera presencial en las instalaciones del CITVER.<\/p>\n\n\n\n<p style=\"font-size:15px\">As\u00ed mismo, cuando se le requiere, ofrece atenci\u00f3n m\u00e9dica a pacientes intoxicados que ingresen al \u00c1rea de Urgencias del Hospital Regional de Alta Especialidad de Veracruz.<\/p>\n\n\n\n<p style=\"font-size:15px\">Adem\u00e1s, CITVER cuenta con Gu\u00edas que est\u00e1n dirigidas a m\u00e9dicos y que les sirve de apoyo en el diagn\u00f3stico y manejo de pacientes intoxicados, las cuales se encuentran disponibles en formato electr\u00f3nico para su descarga e impresi\u00f3n en este micrositio.<\/p>\n\n\n\n<p style=\"font-size:15px\">Para solicitar una consulta o asesor\u00eda, puede hacerlo por los siguientes medios:<\/p>\n\n\n\n<ul class=\"wp-block-list\" style=\"font-size:15px\">\n<li>Tel\u00e9fono directo: (229) 932 9753.<\/li>\n\n\n\n<li>V\u00eda correo electr\u00f3nico: <a href=\"mailto:dra.caroaleman@hotmail.com\">dra.caroaleman@hotmail.com<\/a><\/li>\n\n\n\n<li>De forma personal en las instalaciones del HAEV \u201cCITVER\u201d.<\/li>\n<\/ul>\n\n\n\n<p style=\"font-size:15px\"><strong>Todos nuestros servicios son gratuitos.<\/strong><\/p>\n\n\n\n<figure class=\"wp-block-gallery has-nested-images columns-default is-cropped wp-block-gallery-2 is-layout-flex wp-block-gallery-is-layout-flex\"><\/figure>\n","protected":false},"excerpt":{"rendered":"<p>El Centro de Informaci\u00f3n Toxicol\u00f3gica ofrece asesor\u00eda a m\u00e9dicos en relaci\u00f3n con el tratamiento de pacientes intoxicados v\u00eda telef\u00f3nica, correo<\/p>\n","protected":false},"author":15,"featured_media":0,"parent":0,"menu_order":0,"comment_status":"closed","ping_status":"closed","template":"","meta":{"colormag_page_container_layout":"default_layout","colormag_page_sidebar_layout":"default_layout","footnotes":""},"class_list":["post-617","page","type-page","status-publish","hentry"],"_links":{"self":[{"href":"https:\/\/www.ssaver.gob.mx\/citver\/wp-json\/wp\/v2\/pages\/617","targetHints":{"allow":["GET"]}}],"collection":[{"href":"https:\/\/www.ssaver.gob.mx\/citver\/wp-json\/wp\/v2\/pages"}],"about":[{"href":"https:\/\/www.ssaver.gob.mx\/citver\/wp-json\/wp\/v2\/types\/page"}],"author":[{"embeddable":true,"href":"https:\/\/www.ssaver.gob.mx\/citver\/wp-json\/wp\/v2\/users\/15"}],"replies":[{"embeddable":true,"href":"https:\/\/www.ssaver.gob.mx\/citver\/wp-json\/wp\/v2\/comments?post=617"}],"version-history":[{"count":3,"href":"https:\/\/www.ssaver.gob.mx\/citver\/wp-json\/wp\/v2\/pages\/617\/revisions"}],"predecessor-version":[{"id":676,"href":"https:\/\/www.ssaver.gob.mx\/citver\/wp-json\/wp\/v2\/pages\/617\/revisions\/676"}],"wp:attachment":[{"href":"https:\/\/www.ssaver.gob.mx\/citver\/wp-json\/wp\/v2\/media?parent=617"}],"curies":[{"name":"wp","href":"https:\/\/api.w.org\/{rel}","templated":true}]}}