{"id":534,"date":"2022-11-29T18:45:23","date_gmt":"2022-11-30T00:45:23","guid":{"rendered":"https:\/\/www.ssaver.gob.mx\/daga\/?page_id=534"},"modified":"2026-04-17T13:24:14","modified_gmt":"2026-04-17T19:24:14","slug":"manuales","status":"publish","type":"page","link":"https:\/\/www.ssaver.gob.mx\/daga\/manuales\/","title":{"rendered":"Manuales"},"content":{"rendered":"\n<div class=\"wp-block-group is-layout-constrained wp-container-core-group-is-layout-9517baca wp-block-group-is-layout-constrained\">\n<div class=\"wp-block-columns is-layout-flex wp-container-core-columns-is-layout-28f84493 wp-block-columns-is-layout-flex\">\n<div class=\"wp-block-column is-layout-flow wp-block-column-is-layout-flow\" style=\"flex-basis:100%\">\n<hr class=\"wp-block-separator aligncenter has-text-color has-alpha-channel-opacity has-background is-style-wide\" style=\"background-color:#d8bf31;color:#d8bf31\" \/>\n\n\n\n<ul style=\"color:#5b4c0d;background-color:#fff4e0\" class=\"wp-block-list has-text-color has-background has-medium-font-size\">\n<li><a href=\"https:\/\/www.ssaver.gob.mx\/daga\/wp-content\/uploads\/sites\/36\/2022\/11\/MANUAL-GRAL.-DE-ORGANIZACION-DE-SESVER.pdf\" target=\"_blank\" rel=\"noreferrer noopener\"><strong>Manual General de Organizaci\u00f3n de SESVER (Junio 2016)<\/strong><\/a><\/li>\n\n\n\n<li><a href=\"https:\/\/www.ssaver.gob.mx\/daga\/wp-content\/uploads\/sites\/36\/2022\/11\/MANUAL-ESPECIFICO-DE-ORGANIZACION-DE-LA-DA.pdf\" target=\"_blank\" rel=\"noreferrer noopener\"><strong>Manual Espec\u00edfico de Organizaci\u00f3n de la Direcci\u00f3n Administrativa (Abril 2017)<\/strong><\/a><\/li>\n\n\n\n<li><a href=\"https:\/\/www.ssaver.gob.mx\/daga\/wp-content\/uploads\/sites\/36\/2022\/11\/MANUAL-ESPECIFICO-DE-PROCEDIMIENTOS-DEL-DAGA.pdf\" target=\"_blank\" rel=\"noreferrer noopener\"><strong>Manual Espec\u00edfico de Procedimientos del Departamento de Apoyo a la Gesti\u00f3n Administrativa (Noviembre 2016)<\/strong><\/a><\/li>\n<\/ul>\n<\/div>\n<\/div>\n<\/div>\n","protected":false},"excerpt":{"rendered":"","protected":false},"author":2,"featured_media":0,"parent":0,"menu_order":2,"comment_status":"closed","ping_status":"closed","template":"","meta":{"colormag_page_container_layout":"default_layout","colormag_page_sidebar_layout":"default_layout","footnotes":""},"class_list":["post-534","page","type-page","status-publish","hentry"],"_links":{"self":[{"href":"https:\/\/www.ssaver.gob.mx\/daga\/wp-json\/wp\/v2\/pages\/534","targetHints":{"allow":["GET"]}}],"collection":[{"href":"https:\/\/www.ssaver.gob.mx\/daga\/wp-json\/wp\/v2\/pages"}],"about":[{"href":"https:\/\/www.ssaver.gob.mx\/daga\/wp-json\/wp\/v2\/types\/page"}],"author":[{"embeddable":true,"href":"https:\/\/www.ssaver.gob.mx\/daga\/wp-json\/wp\/v2\/users\/2"}],"replies":[{"embeddable":true,"href":"https:\/\/www.ssaver.gob.mx\/daga\/wp-json\/wp\/v2\/comments?post=534"}],"version-history":[{"count":6,"href":"https:\/\/www.ssaver.gob.mx\/daga\/wp-json\/wp\/v2\/pages\/534\/revisions"}],"predecessor-version":[{"id":1124,"href":"https:\/\/www.ssaver.gob.mx\/daga\/wp-json\/wp\/v2\/pages\/534\/revisions\/1124"}],"wp:attachment":[{"href":"https:\/\/www.ssaver.gob.mx\/daga\/wp-json\/wp\/v2\/media?parent=534"}],"curies":[{"name":"wp","href":"https:\/\/api.w.org\/{rel}","templated":true}]}}