{"id":986,"date":"2025-07-23T17:49:42","date_gmt":"2025-07-23T23:49:42","guid":{"rendered":"https:\/\/www.ssaver.gob.mx\/daga\/?page_id=986"},"modified":"2026-04-15T19:37:40","modified_gmt":"2026-04-16T01:37:40","slug":"daga","status":"publish","type":"page","link":"https:\/\/www.ssaver.gob.mx\/daga\/","title":{"rendered":""},"content":{"rendered":"\n<div class=\"wp-block-cover is-light\" style=\"padding-right:var(--wp--preset--spacing--30);padding-left:var(--wp--preset--spacing--30)\"><img loading=\"lazy\" decoding=\"async\" width=\"1024\" height=\"663\" class=\"wp-block-cover__image-background wp-image-991 size-large\" alt=\"\" src=\"https:\/\/www.ssaver.gob.mx\/daga\/wp-content\/uploads\/sites\/36\/2025\/07\/Textura-varias_page-0003-1024x663.jpg\" data-object-fit=\"cover\" srcset=\"https:\/\/www.ssaver.gob.mx\/daga\/wp-content\/uploads\/sites\/36\/2025\/07\/Textura-varias_page-0003-1024x663.jpg 1024w, https:\/\/www.ssaver.gob.mx\/daga\/wp-content\/uploads\/sites\/36\/2025\/07\/Textura-varias_page-0003-300x194.jpg 300w, https:\/\/www.ssaver.gob.mx\/daga\/wp-content\/uploads\/sites\/36\/2025\/07\/Textura-varias_page-0003-768x497.jpg 768w, https:\/\/www.ssaver.gob.mx\/daga\/wp-content\/uploads\/sites\/36\/2025\/07\/Textura-varias_page-0003-1536x994.jpg 1536w, https:\/\/www.ssaver.gob.mx\/daga\/wp-content\/uploads\/sites\/36\/2025\/07\/Textura-varias_page-0003-2048x1325.jpg 2048w\" sizes=\"auto, (max-width: 1024px) 100vw, 1024px\" \/><span aria-hidden=\"true\" class=\"wp-block-cover__background has-background-dim-0 has-background-dim\"><\/span><div class=\"wp-block-cover__inner-container is-layout-flow wp-container-core-cover-is-layout-fc6d8664 wp-block-cover-is-layout-flow\">\n<div class=\"wp-block-group is-layout-constrained wp-container-core-group-is-layout-9517baca wp-block-group-is-layout-constrained\">\n<div class=\"wp-block-columns is-layout-flex wp-container-core-columns-is-layout-2d7698b3 wp-block-columns-is-layout-flex\" style=\"padding-right:0;padding-left:0\">\n<div class=\"wp-block-column is-layout-flow wp-block-column-is-layout-flow\" style=\"flex-basis:100%\">\n<hr class=\"wp-block-separator aligncenter has-text-color has-alpha-channel-opacity has-background is-style-wide\" style=\"margin-top:0;margin-bottom:0;background-color:#dac195;color:#dac195\" \/>\n\n\n\n<p class=\"has-text-align-center has-medium-font-size\">Coordina las actividades de supervisi\u00f3n que, en materia de Recursos Financieros, Humanos, Materiales, Servicios Generales y de Tecnolog\u00edas de la Informaci\u00f3n, se realizan en las distintas \u00e1reas administrativas de Oficinas Centrales, en los Hospitales, Jurisdicciones Sanitarias, Centros de Salud, as\u00ed como en los \u00d3rganos Desconcentrados de Servicios de Salud de Veracruz.<\/p>\n\n\n\n<hr class=\"wp-block-separator aligncenter has-text-color has-alpha-channel-opacity has-background is-style-wide\" style=\"margin-top:0;margin-bottom:0;background-color:#dac195;color:#dac195\" \/>\n\n\n\n<p class=\"has-text-align-center has-text-color has-link-color has-large-font-size wp-elements-f4b0a5289a16077d972f80c289bab7b4\" style=\"color:#7a1737;margin-top:0;margin-bottom:0\"><strong>SECCIONES<\/strong><\/p>\n\n\n\n<hr class=\"wp-block-separator aligncenter has-text-color has-alpha-channel-opacity has-background is-style-wide\" style=\"margin-top:0;margin-bottom:0;background-color:#dac195;color:#dac195\" \/>\n\n\n\n<div class=\"wp-block-columns is-layout-flex wp-container-core-columns-is-layout-28f84493 wp-block-columns-is-layout-flex\">\n<div class=\"wp-block-column is-layout-flow wp-block-column-is-layout-flow\">\n<a href=\"https:\/\/www.ssaver.gob.mx\/daga\/leyes-y-codigos\/\" target=\"_blank\" rel=\"noopener noreferrer\" class=\"banner-container\">\n  <div class=\"banner-left\">\n    <img decoding=\"async\" src=\"https:\/\/www.ssaver.gob.mx\/daga\/wp-content\/uploads\/sites\/36\/2025\/07\/DAGAB_leyes1.png\" class=\"base\" alt=\"Bot\u00f3n para abrir sitio Leyes y C\u00f3digos\">\n    <img decoding=\"async\" src=\"https:\/\/www.ssaver.gob.mx\/daga\/wp-content\/uploads\/sites\/36\/2025\/07\/DAGAB_leyes2.png\" class=\"hover\" alt=\"\">\n  <\/div>\n  <div class=\"banner-right\">\n    <span style=\"font-size: 18px;font-weight: bold\">LEYES Y C\u00d3DIGOS<\/span>\n  <\/div>\n<\/a>\n<\/div>\n\n\n\n<div class=\"wp-block-column is-layout-flow wp-block-column-is-layout-flow\"><\/div>\n\n\n\n<div class=\"wp-block-column is-layout-flow wp-block-column-is-layout-flow\">\n<a href=\"https:\/\/www.ssaver.gob.mx\/daga\/manuales\/\" target=\"_blank\" rel=\"noopener noreferrer\" class=\"banner-container\">\n  <div class=\"banner-left\">\n    <img decoding=\"async\" src=\"https:\/\/www.ssaver.gob.mx\/daga\/wp-content\/uploads\/sites\/36\/2025\/07\/DAGAB_manuales1.png\" class=\"base\" alt=\"Bot\u00f3n para abrir sitio Oficina de Manuales\">\n    <img decoding=\"async\" src=\"https:\/\/www.ssaver.gob.mx\/daga\/wp-content\/uploads\/sites\/36\/2025\/07\/DAGAB_manuales2.png\" class=\"hover\" alt=\"\">\n  <\/div>\n  <div class=\"banner-right\">\n    <span style=\"font-size: 18px;font-weight: bold\">MANUALES<\/span>\n  <\/div>\n<\/a>\n<\/div>\n<\/div>\n\n\n\n<div class=\"wp-block-columns is-layout-flex wp-container-core-columns-is-layout-28f84493 wp-block-columns-is-layout-flex\">\n<div class=\"wp-block-column is-layout-flow wp-block-column-is-layout-flow\">\n<a href=\"https:\/\/www.ssaver.gob.mx\/daga\/oficios-y-circulares\/\" target=\"_blank\" rel=\"noopener noreferrer\" class=\"banner-container\">\n  <div class=\"banner-left\">\n    <img decoding=\"async\" src=\"https:\/\/www.ssaver.gob.mx\/daga\/wp-content\/uploads\/sites\/36\/2025\/07\/DAGAB_oficios1.png\" class=\"base\" alt=\"Bot\u00f3n para abrir sitio Oficios y Circulares\">\n    <img decoding=\"async\" src=\"https:\/\/www.ssaver.gob.mx\/daga\/wp-content\/uploads\/sites\/36\/2025\/07\/DAGAB_oficios2.png\" class=\"hover\" alt=\"\">\n  <\/div>\n  <div class=\"banner-right\">\n    <span style=\"font-size: 16px;font-weight: bold\">OFICIOS Y CIRCULARES<\/span>\n  <\/div>\n<\/a>\n<\/div>\n\n\n\n<div class=\"wp-block-column is-layout-flow wp-block-column-is-layout-flow\">\n<a href=\"https:\/\/www.ssaver.gob.mx\/daga\/reglamentos\/\" target=\"_blank\" rel=\"noopener noreferrer\" class=\"banner-container\">\n  <div class=\"banner-left\">\n    <img decoding=\"async\" src=\"https:\/\/www.ssaver.gob.mx\/daga\/wp-content\/uploads\/sites\/36\/2025\/07\/DAGAB_reglamentos1.png\" class=\"base\" alt=\"Bot\u00f3n para abrir sitio Reglamentos\">\n    <img decoding=\"async\" src=\"https:\/\/www.ssaver.gob.mx\/daga\/wp-content\/uploads\/sites\/36\/2025\/07\/DAGAB_reglamentos2.png\" class=\"hover\" alt=\"\">\n  <\/div>\n  <div class=\"banner-right\">\n    <span style=\"font-size: 16px;font-weight: bold\">REGLAMENTOS<\/span>\n  <\/div>\n<\/a>\n<\/div>\n\n\n\n<div class=\"wp-block-column is-layout-flow wp-block-column-is-layout-flow\">\n<a href=\"https:\/\/www.ssaver.gob.mx\/daga\/formatos\/\" target=\"_blank\" rel=\"noopener noreferrer\" class=\"banner-container\">\n  <div class=\"banner-left\">\n    <img decoding=\"async\" src=\"https:\/\/www.ssaver.gob.mx\/daga\/wp-content\/uploads\/sites\/36\/2025\/07\/DAGAB_formatos1.png\" class=\"base\" alt=\"Bot\u00f3n para abrir sitio Oficina de Formatos\">\n    <img decoding=\"async\" src=\"https:\/\/www.ssaver.gob.mx\/daga\/wp-content\/uploads\/sites\/36\/2025\/07\/DAGAB_formatos2.png\" class=\"hover\" alt=\"\">\n  <\/div>\n  <div class=\"banner-right\">\n    <span style=\"font-size: 18px;font-weight: bold\">FORMATOS<\/span>\n  <\/div>\n<\/a>\n<\/div>\n<\/div>\n\n\n\n<div class=\"wp-block-columns is-layout-flex wp-container-core-columns-is-layout-28f84493 wp-block-columns-is-layout-flex\">\n<div class=\"wp-block-column is-layout-flow wp-block-column-is-layout-flow\">\n<a href=\"https:\/\/www.ssaver.gob.mx\/daga\/guias-instructivos-y-lineamientos\/\" target=\"_blank\" rel=\"noopener noreferrer\" class=\"banner-container\">\n  <div class=\"banner-left\">\n    <img decoding=\"async\" src=\"https:\/\/www.ssaver.gob.mx\/daga\/wp-content\/uploads\/sites\/36\/2025\/07\/DAGAB_guias1.png\" class=\"base\" alt=\"Bot\u00f3n para abrir sitio Gu\u00edas, Instructivos y Lineamientos\">\n    <img decoding=\"async\" src=\"https:\/\/www.ssaver.gob.mx\/daga\/wp-content\/uploads\/sites\/36\/2025\/07\/DAGAB_guias2.png\" class=\"hover\" alt=\"\">\n  <\/div>\n  <div class=\"banner-right\">\n    <span style=\"font-size: 15px;font-weight: bold\">GU\u00cdAS, INSTRUCTIVOS, LINEAMIENTOS<\/span>\n  <\/div>\n<\/a>\n<\/div>\n\n\n\n<div class=\"wp-block-column is-layout-flow wp-block-column-is-layout-flow\"><\/div>\n\n\n\n<div class=\"wp-block-column is-layout-flow wp-block-column-is-layout-flow\">\n<a href=\"https:\/\/www.ssaver.gob.mx\/pae\/\" target=\"_blank\" rel=\"noopener noreferrer\" class=\"banner-container\">\n  <div class=\"banner-left\">\n    <img decoding=\"async\" src=\"https:\/\/www.ssaver.gob.mx\/daga\/wp-content\/uploads\/sites\/36\/2025\/07\/DAGAB_programa1.png\" class=\"base\" alt=\"Bot\u00f3n para abrir sitio Programa Anual de Evaluaci\u00f3n\">\n    <img decoding=\"async\" src=\"https:\/\/www.ssaver.gob.mx\/daga\/wp-content\/uploads\/sites\/36\/2025\/07\/DAGAB_programa2.png\" class=\"hover\" alt=\"\">\n  <\/div>\n  <div class=\"banner-right\">\n    <span style=\"font-size: 16px;font-weight: bold\">PROGRAMA ANUAL DE EVALUACI\u00d3N<\/span>\n  <\/div>\n<\/a>\n<\/div>\n<\/div>\n<\/div>\n<\/div>\n<\/div>\n<\/div><\/div>\n","protected":false},"excerpt":{"rendered":"","protected":false},"author":2,"featured_media":0,"parent":0,"menu_order":0,"comment_status":"closed","ping_status":"closed","template":"","meta":{"colormag_page_container_layout":"default_layout","colormag_page_sidebar_layout":"default_layout","footnotes":""},"class_list":["post-986","page","type-page","status-publish","hentry"],"_links":{"self":[{"href":"https:\/\/www.ssaver.gob.mx\/daga\/wp-json\/wp\/v2\/pages\/986","targetHints":{"allow":["GET"]}}],"collection":[{"href":"https:\/\/www.ssaver.gob.mx\/daga\/wp-json\/wp\/v2\/pages"}],"about":[{"href":"https:\/\/www.ssaver.gob.mx\/daga\/wp-json\/wp\/v2\/types\/page"}],"author":[{"embeddable":true,"href":"https:\/\/www.ssaver.gob.mx\/daga\/wp-json\/wp\/v2\/users\/2"}],"replies":[{"embeddable":true,"href":"https:\/\/www.ssaver.gob.mx\/daga\/wp-json\/wp\/v2\/comments?post=986"}],"version-history":[{"count":35,"href":"https:\/\/www.ssaver.gob.mx\/daga\/wp-json\/wp\/v2\/pages\/986\/revisions"}],"predecessor-version":[{"id":1110,"href":"https:\/\/www.ssaver.gob.mx\/daga\/wp-json\/wp\/v2\/pages\/986\/revisions\/1110"}],"wp:attachment":[{"href":"https:\/\/www.ssaver.gob.mx\/daga\/wp-json\/wp\/v2\/media?parent=986"}],"curies":[{"name":"wp","href":"https:\/\/api.w.org\/{rel}","templated":true}]}}