{"id":582,"date":"2022-07-11T15:03:23","date_gmt":"2022-07-11T20:03:23","guid":{"rendered":"https:\/\/www.ssaver.gob.mx\/direccionjuridica\/?page_id=582"},"modified":"2026-03-25T11:29:16","modified_gmt":"2026-03-25T17:29:16","slug":"leyes-federales","status":"publish","type":"page","link":"https:\/\/www.ssaver.gob.mx\/direccionjuridica\/normatividad-federal\/leyes-federales\/","title":{"rendered":"Leyes Federales"},"content":{"rendered":"\n<hr class=\"wp-block-separator has-text-color has-alpha-channel-opacity has-background is-style-wide\" style=\"background-color:#d8bf31;color:#d8bf31\" \/>\n\n\n\n<div class=\"wp-block-group is-layout-constrained wp-container-core-group-is-layout-2ba5b490 wp-block-group-is-layout-constrained\">\n<div class=\"wp-block-columns is-layout-flex wp-container-core-columns-is-layout-28f84493 wp-block-columns-is-layout-flex\">\n<div class=\"wp-block-column is-layout-flow wp-block-column-is-layout-flow\" style=\"flex-basis:100%\">\n<div class=\"wp-block-cover has-aspect-ratio\" style=\"margin-top:0;margin-bottom:0;padding-top:0;padding-bottom:0;aspect-ratio:auto;min-height:unset;\"><img decoding=\"async\" class=\"wp-block-cover__image-background wp-image-3976 size-full\" alt=\"\" src=\"https:\/\/www.ssaver.gob.mx\/funcionario\/wp-content\/uploads\/sites\/3\/2025\/10\/micrositios_encabezado_textura_-scaled.png\" data-object-fit=\"cover\" \/><span aria-hidden=\"true\" class=\"wp-block-cover__background has-background-dim-100 has-background-dim\" style=\"background-color:#720f37\"><\/span><div class=\"wp-block-cover__inner-container is-layout-constrained wp-block-cover-is-layout-constrained\">\n<p class=\"has-text-align-center\" style=\"font-size:28px\"><strong>Leyes Federales<\/strong><\/p>\n<\/div><\/div>\n<\/div>\n<\/div>\n\n\n\n<div class=\"wp-block-columns has-background is-layout-flex wp-container-core-columns-is-layout-28f84493 wp-block-columns-is-layout-flex\" style=\"background:linear-gradient(180deg,rgb(233,231,225) 41%,rgba(232,230,225,0) 100%)\">\n<div class=\"wp-block-column is-layout-flow wp-block-column-is-layout-flow\" style=\"flex-basis:100%\">\n<ul class=\"wp-block-list has-medium-font-size\">\n<li><strong><a href=\"http:\/\/intranet.veracruz.gob.mx\/estandares-y-normativa\/politicas-para-la-seguridad-de-la-informacion-seguridad-informatica-y-desarrollo-de-software\/\" target=\"_blank\" rel=\"noreferrer noopener\"><\/a><a href=\"https:\/\/www.ssaver.gob.mx\/prestacionessociales\/wp-content\/uploads\/sites\/13\/2022\/07\/CGT-2016-2019-2017-03-29.pdf\" target=\"_blank\" rel=\"noreferrer noopener\"><\/a><a href=\"https:\/\/www.diputados.gob.mx\/LeyesBiblio\/ref\/laassp.htm\" data-type=\"URL\" data-id=\"https:\/\/tinyurl.com\/27lt4rsm\">Ley de Adquisiciones, Arrendamientos y Servicios del Sector P\u00fablico<\/a><\/strong><\/li>\n\n\n\n<li><strong><a href=\"https:\/\/www.diputados.gob.mx\/LeyesBiblio\/ref\/lamp.htm\">Ley de Amparo<\/a><\/strong><\/li>\n\n\n\n<li><strong><a href=\"https:\/\/www.diputados.gob.mx\/LeyesBiblio\/ref\/lasoc.htm\">Ley de Asistencia Social<\/a><\/strong><\/li>\n\n\n\n<li><strong><a href=\"https:\/\/www.diputados.gob.mx\/LeyesBiblio\/ref\/lcf.htm\">Ley de Coordinaci\u00f3n Fiscal<\/a><\/strong><\/li>\n\n\n\n<li><strong><a href=\"https:\/\/www.diputados.gob.mx\/LeyesBiblio\/ref\/ldfefm.htm\">Ley de Disciplina Financiera de las Entidades Federativas y los Municipios<\/a><\/strong><\/li>\n\n\n\n<li><strong><a href=\"https:\/\/www.diputados.gob.mx\/LeyesBiblio\/ref\/lisf.htm\">Ley de Instituciones de Seguros y de Fianzas<\/a><\/strong><\/li>\n\n\n\n<li><strong><a href=\"https:\/\/www.diputados.gob.mx\/LeyesBiblio\/ref\/lcndh.htm\">Ley de la Comisi\u00f3n Nacional de los Derechos Humanos<\/a><\/strong><\/li>\n\n\n\n<li><strong><a href=\"https:\/\/www.diputados.gob.mx\/LeyesBiblio\/ref\/ldpam.htm\">Ley de los Derechos de las Personas Adultas Mayores<\/a><\/strong><\/li>\n\n\n\n<li><strong><a href=\"https:\/\/www.diputados.gob.mx\/LeyesBiblio\/ref\/lins.htm\">Ley de los Institutos Nacionales de Salud<\/a><\/strong><\/li>\n\n\n\n<li><strong><a href=\"https:\/\/www.diputados.gob.mx\/LeyesBiblio\/ref\/lopsrm.htm\">Ley de Obras P\u00fablicas y los servicios relacionados con las mismas<\/a><\/strong><\/li>\n\n\n\n<li><strong><a href=\"https:\/\/www.diputados.gob.mx\/LeyesBiblio\/ref\/lfdeapd.htm\">Ley Federal de Declaraci\u00f3n de Ausencia para Personas Desaparecidas<\/a><\/strong><\/li>\n\n\n\n<li><strong><a href=\"https:\/\/www.diputados.gob.mx\/LeyesBiblio\/ref\/lftse.htm\">Ley Federal de los Trabajadores al Servicio del Estado, Reglamentaria Apartado B del Art\u00edculo 123 Constitucional<\/a><\/strong><\/li>\n\n\n\n<li><strong><a href=\"https:\/\/www.diputados.gob.mx\/LeyesBiblio\/ref\/lfpa.htm\">Ley Federal del Procedimiento Administrativo<\/a><\/strong><\/li>\n\n\n\n<li><strong><a href=\"https:\/\/www.diputados.gob.mx\/LeyesBiblio\/ref\/lfpca.htm\">Ley Federal del Procedimiento Contencioso Administrativo<\/a><\/strong><\/li>\n\n\n\n<li><strong><a href=\"\/\/www.diputados.gob.mx\/LeyesBiblio\/ref\/lft.htm\">Ley Federal del Trabajo<\/a><\/strong><\/li>\n\n\n\n<li><strong><a href=\"https:\/\/www.diputados.gob.mx\/LeyesBiblio\/ref\/lga.htm\">Ley General de Archivos<\/a><\/strong><\/li>\n\n\n\n<li><strong><a href=\"https:\/\/www.diputados.gob.mx\/LeyesBiblio\/ref\/lgcg.htm\">Ley General de Contabilidad Gubernamental<\/a><\/strong><\/li>\n\n\n\n<li><strong><a href=\"https:\/\/www.diputados.gob.mx\/LeyesBiblio\/ref\/lgdnna.htm\">Ley General de los Derechos de Ni\u00f1as, Ni\u00f1os y Adolescentes<\/a><\/strong><\/li>\n\n\n\n<li><strong><a href=\"https:\/\/www.diputados.gob.mx\/LeyesBiblio\/ref\/lgpc.htm\">Ley General de Protecci\u00f3n Civil<\/a><\/strong><\/li>\n\n\n\n<li><strong><a href=\"https:\/\/www.diputados.gob.mx\/LeyesBiblio\/ref\/lgpdppso.htm\" target=\"_blank\" rel=\"noreferrer noopener\">Ley General de Protecci\u00f3n de Datos Personales en Posesi\u00f3n de Sujetos Obligados<\/a><\/strong><\/li>\n\n\n\n<li><strong><a href=\"https:\/\/www.diputados.gob.mx\/LeyesBiblio\/ref\/lgra.htm\">Ley General de Responsabilidades Administrativas<\/a><\/strong><\/li>\n\n\n\n<li><strong><a href=\"https:\/\/www.diputados.gob.mx\/LeyesBiblio\/ref\/lgs.htm\">Ley General de Salud<\/a><\/strong><\/li>\n\n\n\n<li><strong><a href=\"https:\/\/www.diputados.gob.mx\/LeyesBiblio\/ref\/lgtaip.htm\">Ley General de Transparencia y Acceso a la Informaci\u00f3n P\u00fablica<\/a><\/strong><\/li>\n\n\n\n<li><strong><a href=\"https:\/\/www.diputados.gob.mx\/LeyesBiblio\/ref\/lgv.htm\">Ley General de V\u00edctimas<\/a><\/strong><\/li>\n\n\n\n<li><strong><a href=\"https:\/\/www.diputados.gob.mx\/LeyesBiblio\/ref\/lgsna.htm\">Ley General de Sistema Nacional Anticorrupci\u00f3n<\/a><\/strong><\/li>\n\n\n\n<li><strong><a href=\"https:\/\/www.diputados.gob.mx\/LeyesBiblio\/ref\/lgct.htm\">Ley General para el Control del Tabaco<\/a><\/strong><\/li>\n\n\n\n<li><strong><a href=\"https:\/\/www.diputados.gob.mx\/LeyesBiblio\/ref\/lgappcea.htm\">Ley General para la Atenci\u00f3n de Personas con la Condici\u00f3n del Espectro Autista<\/a><\/strong><\/li>\n\n\n\n<li><strong><a href=\"https:\/\/www.diputados.gob.mx\/LeyesBiblio\/ref\/lgdocia.htm\">Ley General para la Atenci\u00f3n Oportuna del C\u00e1ncer en la Infancia y la Adolescencia<\/a><\/strong><\/li>\n\n\n\n<li><a href=\"https:\/\/www.diputados.gob.mx\/LeyesBiblio\/ref\/lgimh.htm\"><strong>Ley General para la Igualdad entre Mujeres y Hombres<\/strong><\/a><\/li>\n\n\n\n<li><strong><a href=\"https:\/\/www.diputados.gob.mx\/LeyesBiblio\/ref\/lgipd.htm\">Ley General para la Inclusi\u00f3n de las Personas con Discapacidad<\/a><\/strong><\/li>\n\n\n\n<li><a href=\"https:\/\/www.diputados.gob.mx\/LeyesBiblio\/ref\/lnetb.htm\"><strong>Ley Nacional para Eliminar Tr\u00e1mites Burocr\u00e1ticos<\/strong><\/a><\/li>\n\n\n\n<li><strong><a href=\"https:\/\/www.diputados.gob.mx\/LeyesBiblio\/ref\/loapf.htm\" target=\"_blank\" rel=\"noreferrer noopener\">Ley Org\u00e1nica de la Administraci\u00f3n P\u00fablica Federal<\/a><\/strong><\/li>\n\n\n\n<li><strong><a href=\"https:\/\/www.diputados.gob.mx\/LeyesBiblio\/ref\/lopjf.htm\">Ley Org\u00e1nica del Poder Judicial de la Federaci\u00f3n<\/a><\/strong><\/li>\n\n\n\n<li><strong><a href=\"https:\/\/www.diputados.gob.mx\/LeyesBiblio\/ref\/lotfja.htm\">Ley Org\u00e1nica del Tribunal Federal de Justicia Administrativa<\/a><\/strong><\/li>\n<\/ul>\n<\/div>\n<\/div>\n<\/div>\n","protected":false},"excerpt":{"rendered":"","protected":false},"author":2,"featured_media":0,"parent":529,"menu_order":2,"comment_status":"closed","ping_status":"closed","template":"","meta":{"colormag_page_container_layout":"default_layout","colormag_page_sidebar_layout":"default_layout","footnotes":""},"class_list":["post-582","page","type-page","status-publish","hentry"],"_links":{"self":[{"href":"https:\/\/www.ssaver.gob.mx\/direccionjuridica\/wp-json\/wp\/v2\/pages\/582","targetHints":{"allow":["GET"]}}],"collection":[{"href":"https:\/\/www.ssaver.gob.mx\/direccionjuridica\/wp-json\/wp\/v2\/pages"}],"about":[{"href":"https:\/\/www.ssaver.gob.mx\/direccionjuridica\/wp-json\/wp\/v2\/types\/page"}],"author":[{"embeddable":true,"href":"https:\/\/www.ssaver.gob.mx\/direccionjuridica\/wp-json\/wp\/v2\/users\/2"}],"replies":[{"embeddable":true,"href":"https:\/\/www.ssaver.gob.mx\/direccionjuridica\/wp-json\/wp\/v2\/comments?post=582"}],"version-history":[{"count":81,"href":"https:\/\/www.ssaver.gob.mx\/direccionjuridica\/wp-json\/wp\/v2\/pages\/582\/revisions"}],"predecessor-version":[{"id":1673,"href":"https:\/\/www.ssaver.gob.mx\/direccionjuridica\/wp-json\/wp\/v2\/pages\/582\/revisions\/1673"}],"up":[{"embeddable":true,"href":"https:\/\/www.ssaver.gob.mx\/direccionjuridica\/wp-json\/wp\/v2\/pages\/529"}],"wp:attachment":[{"href":"https:\/\/www.ssaver.gob.mx\/direccionjuridica\/wp-json\/wp\/v2\/media?parent=582"}],"curies":[{"name":"wp","href":"https:\/\/api.w.org\/{rel}","templated":true}]}}