{"id":822,"date":"2022-08-08T09:54:22","date_gmt":"2022-08-08T14:54:22","guid":{"rendered":"https:\/\/www.ssaver.gob.mx\/direccionjuridica\/?page_id=822"},"modified":"2026-04-14T20:19:03","modified_gmt":"2026-04-15T02:19:03","slug":"otras-disposiciones-legales","status":"publish","type":"page","link":"https:\/\/www.ssaver.gob.mx\/direccionjuridica\/normatividad-federal\/otras-disposiciones-legales\/","title":{"rendered":"OTRAS DISPOSICIONES"},"content":{"rendered":"\n<hr class=\"wp-block-separator has-text-color has-alpha-channel-opacity has-background is-style-wide\" style=\"background-color:#d8bf31;color:#d8bf31\" \/>\n\n\n\n<div class=\"wp-block-group is-layout-constrained wp-container-core-group-is-layout-2ba5b490 wp-block-group-is-layout-constrained\">\n<div class=\"wp-block-columns is-layout-flex wp-container-core-columns-is-layout-28f84493 wp-block-columns-is-layout-flex\">\n<div class=\"wp-block-column is-layout-flow wp-block-column-is-layout-flow\" style=\"flex-basis:100%\">\n<div class=\"wp-block-cover has-aspect-ratio\" style=\"margin-top:0;margin-bottom:0;padding-top:0;padding-bottom:0;aspect-ratio:auto;min-height:unset;\"><img decoding=\"async\" class=\"wp-block-cover__image-background wp-image-3976 size-full\" alt=\"\" src=\"https:\/\/www.ssaver.gob.mx\/funcionario\/wp-content\/uploads\/sites\/3\/2025\/10\/micrositios_encabezado_textura_-scaled.png\" data-object-fit=\"cover\" \/><span aria-hidden=\"true\" class=\"wp-block-cover__background has-background-dim-100 has-background-dim\" style=\"background-color:#720f37\"><\/span><div class=\"wp-block-cover__inner-container is-layout-constrained wp-block-cover-is-layout-constrained\">\n<p class=\"has-text-align-center\" style=\"font-size:28px\"><strong>OTRAS DISPOSICIONES<\/strong><\/p>\n<\/div><\/div>\n<\/div>\n<\/div>\n\n\n\n<div class=\"wp-block-columns has-background is-layout-flex wp-container-core-columns-is-layout-28f84493 wp-block-columns-is-layout-flex\" style=\"background:linear-gradient(180deg,rgb(233,231,225) 44%,rgba(232,230,225,0) 99%)\">\n<div class=\"wp-block-column is-layout-flow wp-block-column-is-layout-flow\" style=\"flex-basis:100%\">\n<ul class=\"wp-block-list has-medium-font-size\">\n<li class=\"has-text-color has-link-color wp-elements-b0f22ba1331ec9fdfa219c8f06c284cc\" style=\"color:#7a1737\"><strong><a rel=\"noreferrer noopener\" href=\"http:\/\/intranet.veracruz.gob.mx\/estandares-y-normativa\/politicas-para-la-seguridad-de-la-informacion-seguridad-informatica-y-desarrollo-de-software\/\" target=\"_blank\"><\/a><a rel=\"noreferrer noopener\" href=\"https:\/\/www.ssaver.gob.mx\/prestacionessociales\/wp-content\/uploads\/sites\/13\/2022\/07\/CGT-2016-2019-2017-03-29.pdf\" target=\"_blank\"><\/a><a href=\"https:\/\/www.ssaver.gob.mx\/prestacionessociales\/wp-content\/uploads\/sites\/13\/2022\/07\/CGT-2016-2019-2017-03-29.pdf\">CONDICIONES GENERALES DE TRABAJO DE LA SECRETARIA DE SALUD<\/a><\/strong><\/li>\n\n\n\n<li class=\"has-text-color has-link-color wp-elements-b5016040a28eb06152548814c40c7b85\" style=\"color:#7a1737\"><strong><a href=\"https:\/\/www.ssaver.gob.mx\/direccionjuridica\/wp-content\/uploads\/sites\/19\/2025\/02\/Convenio-de-colaboracion-E001.pdf\" target=\"_blank\" rel=\"noreferrer noopener\">CONVENIO DE COORDINACI\u00d3N EN MATERIA DE TRANSFERENCIA DE RECURSOS PRESUPUESTARIOS FEDERALES CON EL CAR\u00c1CTER DE SUBSIDIOS, CON CARGO A LOS RECURSOS DEL PROGRAMA PRESUPUESTARIO E001 \u00abATENCION A LA SALUD DE PERSONAS SIN SEGURIDAD SOCIAL\u00bb, PARA EL EJERCICIO FISCAL 2024.<\/a><\/strong><\/li>\n\n\n\n<li class=\"has-text-color has-link-color wp-elements-c5a210cd4ac507fb6b607c79678b38bf\" style=\"color:#7a1737\"><strong><a href=\"https:\/\/www.ssaver.gob.mx\/direccionjuridica\/wp-content\/uploads\/sites\/19\/2025\/04\/Convenio-E001-001-Infraestructura-2.7-MDP.pdf\">CONVENIO DE COORDINACI\u00d3N EN MATERIA DE TRANSFERENCIA DE RECURSOS PRESUPUESTARIOS FEDERALES CON EL CAR\u00c1CTER  DE SUBSIDIOS PARA LLEVAR  A CABO ACCIONES DE INFRAESTRUCTURA, EN LA MODALIDAD DE MODIFICACI\u00d3N Y ADECUACI\u00d3N DE INFRAESTRUCTURA CON CARGO A LOS RECURSOS DEL PROGRAMA PRESUPUESTARIO E001&#8243;ATENCI\u00d3N A LA SALUD DE PERSONAS SIN SEGURIDAD SOCIAL\u00bb, PARA EL EJERCICIO FISCAL 2024. (PMA-E001-2024-VERACRUZ-30)<\/a><\/strong><\/li>\n\n\n\n<li class=\"has-text-color has-link-color wp-elements-3f92763210811172ce5f58d848deba60\" style=\"color:#7a1737\"><a href=\"https:\/\/drive.google.com\/file\/d\/1ZPJJ6Z89AHihSPF5J5-4XHXybVU27V6C\/view\"><strong>CONVENIO ESPEC\u00cdFICO EN MATERIA DE TRANSFERENCIA DE RECURSOS PRESUPUESTARIOS FEDERALES CON EL CAR\u00c1CTER DE SUBSIDIOS PARA REALIZAR ACCIONES EN MATERIA DE PREVENCI\u00d3N Y CONTROL DE LAS ADICCIONES Y SALUD MENTAL<\/strong><\/a><\/li>\n\n\n\n<li class=\"has-text-color has-link-color wp-elements-cf8dab012fa07577e85954e348e982b0\" style=\"color:#7a1737\"><a href=\"https:\/\/www.dof.gob.mx\/nota_detalle.php?codigo=5783677&amp;fecha=31\/03\/2026#gsc.tab=0\"><strong>AVISO POR EL QUE SE DAN A CONOCER LAS LIGAS PARA CONSULTA DE LOS MANUALES DEL MODELO DE CERTIFICACI\u00d3N Y ESTANDARIZACI\u00d3N DE BUENAS PR\u00c1CTICAS EN ATENCI\u00d3N DE SERVICIOS DE SALUD PARA UNIDADES DE HEMODI\u00c1LISIS, HOSPITALES Y 1ER. NIVEL DE ATENCI\u00d3N; CRITERIOS PARA LA INSCRIPCI\u00d3N, SELECCI\u00d3N, FORMACI\u00d3N Y EVALUACI\u00d3N DE DESEMPE\u00d1O DE PERSONAS AUDITORAS DEL MOCEBPASS, Y REGLAS DE USO DEL LOGOTIPO PARA IDENTIFICAR A LOS ESTABLECIMIENTOS DE ATENCI\u00d3N M\u00c9DICA CERTIFICADOS POR EL CONSEJO DE SALUBRIDAD GENERAL.<\/strong><\/a><\/li>\n\n\n\n<li class=\"has-text-color has-link-color wp-elements-58dcb94c207888ccf86760f83f03f920\" style=\"color:#7a1737\"><a href=\"http:\/\/www.dof.gob.mx\/2026\/CSG\/Manual_Hemodialisis_MOCEBPASS.pdf\"><strong>MANUAL DEL MODELO DE CERTIFICACI\u00d3N Y ESTANDARIZACI\u00d3N DE BUENAS PR\u00c1CTICAS EN ATENCI\u00d3N DE SERVICIOS DE SALUD PARA UNIDADES DE HEMODI\u00c1LISIS<\/strong><\/a><\/li>\n\n\n\n<li class=\"has-text-color has-link-color wp-elements-00564ca331ab769b2ad94fe31f8680a7\" style=\"color:#7a1737\"><a href=\"http:\/\/www.dof.gob.mx\/2026\/CSG\/Manual_Hospitales_MOCEBPASS.pdf\"><strong>MANUAL DEL MODELO DE CERTIFICACI\u00d3N Y ESTANDARIZACI\u00d3N DE BUENAS PR\u00c1CTICAS EN ATENCI\u00d3N DE SERVICIOS DE SALUD PARA HOSPITALES.<\/strong><\/a><\/li>\n\n\n\n<li class=\"has-text-color has-link-color wp-elements-f1afeae3d7a1d0bf0ea3fce4b68e0fd0\" style=\"color:#7a1737\"><a href=\"http:\/\/www.dof.gob.mx\/2026\/CSG\/Manual_Pimer_nivel_MOCEBPASS.pdf\"><strong>MANUAL DEL MODELO DE CERTIFICACI\u00d3N Y ESTANDARIZACI\u00d3N DE BUENAS PR\u00c1CTICAS EN ATENCI\u00d3N DE SERVICIOS DE SALUD PARA 1ER. NIVEL DE ATENCI\u00d3N.<\/strong><\/a><\/li>\n\n\n\n<li class=\"has-text-color has-link-color wp-elements-3e8c7a1614e9e63cdcccc67e73839e5c\" style=\"color:#7a1737\"><a href=\"http:\/\/www.dof.gob.mx\/2026\/CSG\/Criterios_auditores_MOCEBPASS.pdf\"><strong>CRITERIOS PARA LA \u00abINSCRIPCI\u00d3N, SELECCI\u00d3N, FORMACI\u00d3N Y EVALUACI\u00d3N DE DESEMPE\u00d1O DE PERSONAS AUDITORAS DEL MOCEBPASS\u00bb.<\/strong><\/a><\/li>\n\n\n\n<li class=\"has-text-color has-link-color wp-elements-f8dc6c9b6dbc5b4a80b3ad40553bd4d6\" style=\"color:#7a1737\"><a href=\"http:\/\/www.dof.gob.mx\/2026\/CSG\/Reglas_logotipo_MOCEBPASS.pdf\"><strong>REGLAS DE USO DEL LOGOTIPO PARA IDENTIFICAR A LOS ESTABLECIMIENTOS DE ATENCI\u00d3N M\u00c9DICA CERTIFICADOS POR EL CONSEJO DE SALUBRIDAD GENERAL.<\/strong><\/a><\/li>\n<\/ul>\n<\/div>\n<\/div>\n<\/div>\n\n\n\n<p><\/p>\n","protected":false},"excerpt":{"rendered":"","protected":false},"author":2,"featured_media":0,"parent":529,"menu_order":5,"comment_status":"closed","ping_status":"closed","template":"","meta":{"colormag_page_container_layout":"default_layout","colormag_page_sidebar_layout":"default_layout","footnotes":""},"class_list":["post-822","page","type-page","status-publish","hentry"],"_links":{"self":[{"href":"https:\/\/www.ssaver.gob.mx\/direccionjuridica\/wp-json\/wp\/v2\/pages\/822","targetHints":{"allow":["GET"]}}],"collection":[{"href":"https:\/\/www.ssaver.gob.mx\/direccionjuridica\/wp-json\/wp\/v2\/pages"}],"about":[{"href":"https:\/\/www.ssaver.gob.mx\/direccionjuridica\/wp-json\/wp\/v2\/types\/page"}],"author":[{"embeddable":true,"href":"https:\/\/www.ssaver.gob.mx\/direccionjuridica\/wp-json\/wp\/v2\/users\/2"}],"replies":[{"embeddable":true,"href":"https:\/\/www.ssaver.gob.mx\/direccionjuridica\/wp-json\/wp\/v2\/comments?post=822"}],"version-history":[{"count":30,"href":"https:\/\/www.ssaver.gob.mx\/direccionjuridica\/wp-json\/wp\/v2\/pages\/822\/revisions"}],"predecessor-version":[{"id":1725,"href":"https:\/\/www.ssaver.gob.mx\/direccionjuridica\/wp-json\/wp\/v2\/pages\/822\/revisions\/1725"}],"up":[{"embeddable":true,"href":"https:\/\/www.ssaver.gob.mx\/direccionjuridica\/wp-json\/wp\/v2\/pages\/529"}],"wp:attachment":[{"href":"https:\/\/www.ssaver.gob.mx\/direccionjuridica\/wp-json\/wp\/v2\/media?parent=822"}],"curies":[{"name":"wp","href":"https:\/\/api.w.org\/{rel}","templated":true}]}}